{"id":106,"date":"2024-01-30T15:55:35","date_gmt":"2024-01-30T14:55:35","guid":{"rendered":"https:\/\/1ko.it\/people\/faq\/"},"modified":"2024-01-30T15:55:35","modified_gmt":"2024-01-30T14:55:35","slug":"faq","status":"publish","type":"page","link":"https:\/\/tuttostore.com\/de\/faq\/","title":{"rendered":"FAQ"},"content":{"rendered":"<div data-elementor-type=\"wp-post\" data-elementor-id=\"106\" class=\"elementor elementor-106\">\n\t\t\t\t\t\t<section class=\"elementor-section elementor-top-section elementor-element elementor-element-193924f8 elementor-section-content-middle elementor-section-boxed elementor-section-height-default elementor-section-height-default\" data-id=\"193924f8\" data-element_type=\"section\">\n\t\t\t\t\t\t<div class=\"elementor-container elementor-column-gap-no\">\n\t\t\t\t\t<div class=\"elementor-column elementor-col-100 elementor-top-column elementor-element elementor-element-5e6fe82\" data-id=\"5e6fe82\" data-element_type=\"column\">\n\t\t\t<div class=\"elementor-column-wrap--5e6fe82 elementor-widget-wrap elementor-element-populated\">\n\t\t\t\t\t\t<div class=\"elementor-element elementor-element-794ea9b6 elementor-widget elementor-widget-heading\" data-id=\"794ea9b6\" data-element_type=\"widget\" data-widget_type=\"heading.default\">\n\t\t\t\t<div class=\"elementor-widget-container\">\n\t\t\t<h2 class=\"elementor-heading-title elementor-size-default\">H\u00e4ufig gestellte Fragen<\/h2>\t\t<\/div>\n\t\t\t\t<\/div>\n\t\t\t\t<div class=\"elementor-element elementor-element-a125170 elementor-widget elementor-widget-heading\" data-id=\"a125170\" data-element_type=\"widget\" data-widget_type=\"heading.default\">\n\t\t\t\t<div class=\"elementor-widget-container\">\n\t\t\t<h5 class=\"elementor-heading-title elementor-size-default\">H\u00e4ufigste Fragen und Antworten<\/h5>\t\t<\/div>\n\t\t\t\t<\/div>\n\t\t\t\t<section class=\"elementor-section elementor-inner-section elementor-element elementor-element-5f31ff7 elementor-section-boxed elementor-section-height-default elementor-section-height-default\" data-id=\"5f31ff7\" data-element_type=\"section\">\n\t\t\t\t\t\t<div class=\"elementor-container elementor-column-gap-no\">\n\t\t\t\t\t<div class=\"elementor-column elementor-col-50 elementor-inner-column elementor-element elementor-element-332fd003\" data-id=\"332fd003\" data-element_type=\"column\">\n\t\t\t<div class=\"elementor-column-wrap--332fd003 elementor-widget-wrap elementor-element-populated\">\n\t\t\t\t\t\t<div class=\"elementor-element elementor-element-3ee227a4 elementor-widget elementor-widget-heading\" data-id=\"3ee227a4\" data-element_type=\"widget\" data-widget_type=\"heading.default\">\n\t\t\t\t<div class=\"elementor-widget-container\">\n\t\t\t<h4 class=\"elementor-heading-title elementor-size-default\">Kann ich die Dateien bearbeiten?<\/h4>\t\t<\/div>\n\t\t\t\t<\/div>\n\t\t\t\t<div class=\"elementor-element elementor-element-2ac4c423 elementor-widget elementor-widget-text-editor\" data-id=\"2ac4c423\" data-element_type=\"widget\" data-widget_type=\"text-editor.default\">\n\t\t\t\t<div class=\"elementor-widget-container\">\n\t\t\t\t\t\t\t<p>Ich bin Textblock. Klicken Sie auf die Schaltfl\u00e4che \u201eBearbeiten\u201c, um diesen Text zu \u00e4ndern. Lorem ipsum dolor sit amet, consectetur adipiscing elit. Ut elit tellus, luctus nec ullamcorper mattis, pulvinar dapibus leo.<\/p>\t\t\t\t\t\t<\/div>\n\t\t\t\t<\/div>\n\t\t\t\t<div class=\"elementor-element elementor-element-352b3ad elementor-widget elementor-widget-heading\" data-id=\"352b3ad\" data-element_type=\"widget\" data-widget_type=\"heading.default\">\n\t\t\t\t<div class=\"elementor-widget-container\">\n\t\t\t<h4 class=\"elementor-heading-title elementor-size-default\">Wie kann ich die Masken bearbeiten?<span style=\"font-style: inherit;\"><\/span><br><\/h4>\t\t<\/div>\n\t\t\t\t<\/div>\n\t\t\t\t<div class=\"elementor-element elementor-element-4ca00ea5 elementor-widget elementor-widget-text-editor\" data-id=\"4ca00ea5\" data-element_type=\"widget\" data-widget_type=\"text-editor.default\">\n\t\t\t\t<div class=\"elementor-widget-container\">\n\t\t\t\t\t\t\t<p>Alle Lorem-Ipsum-Generatoren im Internet neigen dazu, vordefinierte Abschnitte nach Bedarf zu wiederholen. Dies macht diesen Generator zum ersten echten Generator im Internet. Er verwendet ein W\u00f6rterbuch mit \u00fcber 200 lateinischen W\u00f6rtern, kombiniert mit einer Handvoll Mustersatzstrukturen, um ein Lorem-Ipsum zu generieren, das verst\u00e4ndlich aussieht. Das generierte Lorem-Ipsum ist daher stets frei von Wiederholungen, eingef\u00fcgtem Humor oder untypischen W\u00f6rtern usw.<\/p>\t\t\t\t\t\t<\/div>\n\t\t\t\t<\/div>\n\t\t\t\t<div class=\"elementor-element elementor-element-4554752 elementor-widget elementor-widget-heading\" data-id=\"4554752\" data-element_type=\"widget\" data-widget_type=\"heading.default\">\n\t\t\t\t<div class=\"elementor-widget-container\">\n\t\t\t<h4 class=\"elementor-heading-title elementor-size-default\">Wie kann ich Smartobjekte bearbeiten?<span style=\"font-style: inherit;\"><\/span><br><\/h4>\t\t<\/div>\n\t\t\t\t<\/div>\n\t\t\t\t<div class=\"elementor-element elementor-element-12c3db40 elementor-widget elementor-widget-text-editor\" data-id=\"12c3db40\" data-element_type=\"widget\" data-widget_type=\"text-editor.default\">\n\t\t\t\t<div class=\"elementor-widget-container\">\n\t\t\t\t\t\t\t<p>Der seit dem 16. Jahrhundert verwendete Standardabschnitt von Lorem Ipsum ist unten f\u00fcr Interessierte wiedergegeben. Die Abschnitte 1.10.32 und 1.10.33 aus \u201ede Finibus Bonorum et Malorum\u201c von Cicero sind ebenfalls in ihrer exakten Originalform wiedergegeben, begleitet von englischen Versionen der \u00dcbersetzung von 1914.<\/p>\t\t\t\t\t\t<\/div>\n\t\t\t\t<\/div>\n\t\t\t\t\t<\/div>\n\t\t<\/div>\n\t\t\t\t<div class=\"elementor-column elementor-col-50 elementor-inner-column elementor-element elementor-element-29ca2d14\" data-id=\"29ca2d14\" data-element_type=\"column\">\n\t\t\t<div class=\"elementor-column-wrap--29ca2d14 elementor-widget-wrap elementor-element-populated\">\n\t\t\t\t\t\t<div class=\"elementor-element elementor-element-2527a4ea elementor-widget elementor-widget-heading\" data-id=\"2527a4ea\" data-element_type=\"widget\" data-widget_type=\"heading.default\">\n\t\t\t\t<div class=\"elementor-widget-container\">\n\t\t\t<h4 class=\"elementor-heading-title elementor-size-default\">Ist es geschichtet?<\/h4>\t\t<\/div>\n\t\t\t\t<\/div>\n\t\t\t\t<div class=\"elementor-element elementor-element-44b76d58 elementor-widget elementor-widget-text-editor\" data-id=\"44b76d58\" data-element_type=\"widget\" data-widget_type=\"text-editor.default\">\n\t\t\t\t<div class=\"elementor-widget-container\">\n\t\t\t\t\t\t\t<p>Es gibt viele Variationen von Lorem-Ipsum-Abschnitten, aber die meisten wurden in irgendeiner Form ver\u00e4ndert, beispielsweise durch Humor oder zuf\u00e4llige W\u00f6rter, die nicht einmal ann\u00e4hernd glaubw\u00fcrdig wirken. Wenn Sie einen Lorem-Ipsum-Abschnitt verwenden, m\u00fcssen Sie sicherstellen, dass sich im Text nichts Peinliches verbirgt.<\/p>\t\t\t\t\t\t<\/div>\n\t\t\t\t<\/div>\n\t\t\t\t<div class=\"elementor-element elementor-element-32777526 elementor-widget elementor-widget-heading\" data-id=\"32777526\" data-element_type=\"widget\" data-widget_type=\"heading.default\">\n\t\t\t\t<div class=\"elementor-widget-container\">\n\t\t\t<h4 class=\"elementor-heading-title elementor-size-default\">Was ben\u00f6tige ich zum \u00d6ffnen der Dateien?<span style=\"font-style: inherit;\"><\/span><br><\/h4>\t\t<\/div>\n\t\t\t\t<\/div>\n\t\t\t\t<div class=\"elementor-element elementor-element-2d5baece elementor-widget elementor-widget-text-editor\" data-id=\"2d5baece\" data-element_type=\"widget\" data-widget_type=\"text-editor.default\">\n\t\t\t\t<div class=\"elementor-widget-container\">\n\t\t\t\t\t\t\t<p>Entgegen der landl\u00e4ufigen Meinung ist Lorem Ipsum kein beliebiger Text. Es hat seine Wurzeln in einem St\u00fcck klassischer lateinischer Literatur aus dem Jahr 45 v. Chr. und ist damit \u00fcber 2000 Jahre alt. Richard McClintock, Lateinprofessor am Hampden-Sydney College in Virginia, suchte nach einem der obskursten lateinischen W\u00f6rter<\/p>\t\t\t\t\t\t<\/div>\n\t\t\t\t<\/div>\n\t\t\t\t<div class=\"elementor-element elementor-element-bd4467c elementor-widget elementor-widget-heading\" data-id=\"bd4467c\" data-element_type=\"widget\" data-widget_type=\"heading.default\">\n\t\t\t\t<div class=\"elementor-widget-container\">\n\t\t\t<h4 class=\"elementor-heading-title elementor-size-default\">Ist Lorem Ipsum nicht einfach zuf\u00e4lliger Text?<\/h4>\t\t<\/div>\n\t\t\t\t<\/div>\n\t\t\t\t<div class=\"elementor-element elementor-element-2b9b299d elementor-widget elementor-widget-text-editor\" data-id=\"2b9b299d\" data-element_type=\"widget\" data-widget_type=\"text-editor.default\">\n\t\t\t\t<div class=\"elementor-widget-container\">\n\t\t\t\t\t\t\t<p>Entgegen der landl\u00e4ufigen Meinung ist Lorem Ipsum kein beliebiger Text. Es hat seine Wurzeln in einem St\u00fcck klassischer lateinischer Literatur aus dem Jahr 45 v. Chr. und ist damit \u00fcber 2000 Jahre alt. Richard McClintock, Lateinprofessor am Hampden-Sydney College in Virginia, suchte nach einem der obskursten lateinischen W\u00f6rter: consectetur.<\/p>\t\t\t\t\t\t<\/div>\n\t\t\t\t<\/div>\n\t\t\t\t\t<\/div>\n\t\t<\/div>\n\t\t\t\t\t<\/div>\n\t\t<\/section>\n\t\t\t\t\t<\/div>\n\t\t<\/div>\n\t\t\t\t\t<\/div>\n\t\t<\/section>\n\t\t\t\t<\/div>","protected":false},"excerpt":{"rendered":"","protected":false},"author":1,"featured_media":0,"parent":0,"menu_order":0,"comment_status":"closed","ping_status":"closed","template":"template-builder.php","meta":{"_acf_changed":false,"footnotes":""},"class_list":["post-106","page","type-page","status-publish","hentry"],"acf":[],"_links":{"self":[{"href":"https:\/\/tuttostore.com\/de\/wp-json\/wp\/v2\/pages\/106","targetHints":{"allow":["GET"]}}],"collection":[{"href":"https:\/\/tuttostore.com\/de\/wp-json\/wp\/v2\/pages"}],"about":[{"href":"https:\/\/tuttostore.com\/de\/wp-json\/wp\/v2\/types\/page"}],"author":[{"embeddable":true,"href":"https:\/\/tuttostore.com\/de\/wp-json\/wp\/v2\/users\/1"}],"replies":[{"embeddable":true,"href":"https:\/\/tuttostore.com\/de\/wp-json\/wp\/v2\/comments?post=106"}],"version-history":[{"count":0,"href":"https:\/\/tuttostore.com\/de\/wp-json\/wp\/v2\/pages\/106\/revisions"}],"wp:attachment":[{"href":"https:\/\/tuttostore.com\/de\/wp-json\/wp\/v2\/media?parent=106"}],"curies":[{"name":"wp","href":"https:\/\/api.w.org\/{rel}","templated":true}]}}