{"id":110,"date":"2024-01-30T15:55:35","date_gmt":"2024-01-30T14:55:35","guid":{"rendered":"https:\/\/1ko.it\/people\/discover-us\/"},"modified":"2024-09-05T12:33:19","modified_gmt":"2024-09-05T10:33:19","slug":"discover-us","status":"publish","type":"page","link":"https:\/\/tuttostore.com\/de\/discover-us\/","title":{"rendered":"Discover us"},"content":{"rendered":"<div data-elementor-type=\"wp-post\" data-elementor-id=\"110\" class=\"elementor elementor-110\">\n\t\t\t\t<div class=\"e-con-top elementor-element elementor-element-3c5450c1 rey-section-stretched e-con-full e-flex e-con e-parent\" data-id=\"3c5450c1\" data-element_type=\"container\" data-settings=\"{&quot;background_background&quot;:&quot;classic&quot;}\">\n\t\t\t\t<div class=\"elementor-element elementor-element-3be16df4 elementor-widget elementor-widget-heading\" data-id=\"3be16df4\" data-element_type=\"widget\" data-widget_type=\"heading.default\">\n\t\t\t\t<div class=\"elementor-widget-container\">\n\t\t\t<h1 class=\"elementor-heading-title elementor-size-default\">\u00dcber uns<\/h1>\t\t<\/div>\n\t\t\t\t<\/div>\n\t\t\t\t<\/div>\n\t\t\t\t<section class=\"elementor-section elementor-top-section elementor-element elementor-element-d313e25 elementor-section-boxed elementor-section-height-default elementor-section-height-default\" data-id=\"d313e25\" data-element_type=\"section\">\n\t\t\t\t\t\t<div class=\"elementor-container elementor-column-gap-default\">\n\t\t\t\t\t<div class=\"elementor-column elementor-col-100 elementor-top-column elementor-element elementor-element-08b5b07\" data-id=\"08b5b07\" data-element_type=\"column\">\n\t\t\t<div class=\"elementor-column-wrap--08b5b07 elementor-widget-wrap elementor-element-populated\">\n\t\t\t\t\t\t<div class=\"elementor-element elementor-element-86d8ae9 elementor-widget elementor-widget-image\" data-id=\"86d8ae9\" data-element_type=\"widget\" data-widget_type=\"image.default\">\n\t\t\t\t<div class=\"elementor-widget-container\">\n\t\t\t\t\t\t\t\t\t\t\t\t\t<img fetchpriority=\"high\" decoding=\"async\" width=\"1024\" height=\"200\" src=\"https:\/\/tuttostore.com\/wp-content\/uploads\/2024\/08\/cropped-Logo-Tuttostore-4-1024x200.png\" class=\"attachment-large size-large wp-image-11886\" alt=\"\" srcset=\"https:\/\/tuttostore.com\/wp-content\/uploads\/2024\/08\/cropped-Logo-Tuttostore-4-1024x200.png 1024w, https:\/\/tuttostore.com\/wp-content\/uploads\/2024\/08\/cropped-Logo-Tuttostore-4-2000x390.png 2000w, https:\/\/tuttostore.com\/wp-content\/uploads\/2024\/08\/cropped-Logo-Tuttostore-4-300x58.png 300w, https:\/\/tuttostore.com\/wp-content\/uploads\/2024\/08\/cropped-Logo-Tuttostore-4-768x150.png 768w, https:\/\/tuttostore.com\/wp-content\/uploads\/2024\/08\/cropped-Logo-Tuttostore-4-1536x299.png 1536w, https:\/\/tuttostore.com\/wp-content\/uploads\/2024\/08\/cropped-Logo-Tuttostore-4-2048x399.png 2048w\" sizes=\"(max-width: 1024px) 100vw, 1024px\" \/>\t\t\t\t\t\t\t\t\t\t\t\t\t<\/div>\n\t\t\t\t<\/div>\n\t\t\t\t<div class=\"elementor-element elementor-element-d937d63 elementor-widget elementor-widget-heading\" data-id=\"d937d63\" data-element_type=\"widget\" data-widget_type=\"heading.default\">\n\t\t\t\t<div class=\"elementor-widget-container\">\n\t\t\t<h1 class=\"elementor-heading-title elementor-size-default\">TuttoStore<\/h1>\t\t<\/div>\n\t\t\t\t<\/div>\n\t\t\t\t<div class=\"elementor-element elementor-element-76b6e58 elementor-widget elementor-widget-text-editor\" data-id=\"76b6e58\" data-element_type=\"widget\" data-widget_type=\"text-editor.default\">\n\t\t\t\t<div class=\"elementor-widget-container\">\n\t\t\t\t\t\t\t<p>Willkommen im Tutto Store, Ihrem ultimativen Ziel f\u00fcr die Entdeckung und den Kauf der besten Produkte renommierter und vertrauensw\u00fcrdiger Marken. Der Tutto Store entstand aus der Idee, einen One-Stop-Shop f\u00fcr die vielf\u00e4ltigen Einkaufsbed\u00fcrfnisse unserer Kunden zu schaffen und bietet ein unvergleichliches Einkaufserlebnis.<\/p>\t\t\t\t\t\t<\/div>\n\t\t\t\t<\/div>\n\t\t\t\t<div class=\"elementor-element elementor-element-563ac82 elementor-widget elementor-widget-heading\" data-id=\"563ac82\" data-element_type=\"widget\" data-widget_type=\"heading.default\">\n\t\t\t\t<div class=\"elementor-widget-container\">\n\t\t\t<h1 class=\"elementor-heading-title elementor-size-default\">Unsere Geschichte<\/h1>\t\t<\/div>\n\t\t\t\t<\/div>\n\t\t\t\t<div class=\"elementor-element elementor-element-fa9798d elementor-widget elementor-widget-text-editor\" data-id=\"fa9798d\" data-element_type=\"widget\" data-widget_type=\"text-editor.default\">\n\t\t\t\t<div class=\"elementor-widget-container\">\n\t\t\t\t\t\t\t<p>Gegr\u00fcndet 2014, war unsere Vision einfach: Online-Shopping zug\u00e4nglich, bequem und zufriedenstellend zu machen. Mit dem Anspruch an Exzellenz und Innovation haben wir eine Auswahl zusammengestellt, die von der hochwertigen Handwerkskunst von Arti e Mestieri \u00fcber die Pr\u00e4zisionswerkzeuge von Gamma + bis hin zu den Gourmet-K\u00f6stlichkeiten von Freddi Dolciaria reicht. Unser Katalog umfasst au\u00dferdem innovative L\u00f6sungen von Sabaf, Produkte von Fimo, authentische Zutaten von Molino und die eleganten und erlesenen Weine von Mustache Noir.<\/p>\t\t\t\t\t\t<\/div>\n\t\t\t\t<\/div>\n\t\t\t\t<div class=\"elementor-element elementor-element-1de97cc elementor-widget elementor-widget-image\" data-id=\"1de97cc\" data-element_type=\"widget\" data-widget_type=\"image.default\">\n\t\t\t\t<div class=\"elementor-widget-container\">\n\t\t\t\t\t\t\t\t\t\t<figure class=\"wp-caption\">\n\t\t\t\t\t\t\t\t\t\t<img decoding=\"async\" width=\"2560\" height=\"1359\" src=\"https:\/\/tuttostore.com\/wp-content\/uploads\/2024\/08\/Pirondini-122_d-scaled-2.jpg\" class=\"attachment-full size-full wp-image-11812\" alt=\"\" srcset=\"https:\/\/tuttostore.com\/wp-content\/uploads\/2024\/08\/Pirondini-122_d-scaled-2.jpg 2560w, https:\/\/tuttostore.com\/wp-content\/uploads\/2024\/08\/Pirondini-122_d-scaled-2-2000x1062.jpg 2000w, https:\/\/tuttostore.com\/wp-content\/uploads\/2024\/08\/Pirondini-122_d-scaled-2-300x159.jpg 300w, https:\/\/tuttostore.com\/wp-content\/uploads\/2024\/08\/Pirondini-122_d-scaled-2-1024x544.jpg 1024w, https:\/\/tuttostore.com\/wp-content\/uploads\/2024\/08\/Pirondini-122_d-scaled-2-768x408.jpg 768w, https:\/\/tuttostore.com\/wp-content\/uploads\/2024\/08\/Pirondini-122_d-scaled-2-1536x815.jpg 1536w, https:\/\/tuttostore.com\/wp-content\/uploads\/2024\/08\/Pirondini-122_d-scaled-2-2048x1087.jpg 2048w\" sizes=\"(max-width: 2560px) 100vw, 2560px\" \/>\t\t\t\t\t\t\t\t\t\t\t<figcaption class=\"widget-image-caption wp-caption-text\">Eines der Produkte in unserem Shop der Marke \u201eArts and Crafts\u201c.<\/figcaption>\n\t\t\t\t\t\t\t\t\t\t<\/figure>\n\t\t\t\t\t\t\t<\/div>\n\t\t\t\t<\/div>\n\t\t\t\t<div class=\"elementor-element elementor-element-43205b5 elementor-widget elementor-widget-heading\" data-id=\"43205b5\" data-element_type=\"widget\" data-widget_type=\"heading.default\">\n\t\t\t\t<div class=\"elementor-widget-container\">\n\t\t\t<h1 class=\"elementor-heading-title elementor-size-default\">Warum uns w\u00e4hlen<\/h1>\t\t<\/div>\n\t\t\t\t<\/div>\n\t\t\t\t<div class=\"elementor-element elementor-element-54ee64a elementor-widget elementor-widget-text-editor\" data-id=\"54ee64a\" data-element_type=\"widget\" data-widget_type=\"text-editor.default\">\n\t\t\t\t<div class=\"elementor-widget-container\">\n\t\t\t\t\t\t\t<p>Mit Tutto Store wird jeder Einkauf zu einem Erlebnis, das speziell f\u00fcr Sie entwickelt wurde. Unsere sorgf\u00e4ltige Auswahl, unser aufmerksamer Kundenservice und unsere flexiblen R\u00fcckgabebedingungen sind nur einige der Gr\u00fcnde, warum unsere Kunden gerne wiederkommen. Wir pflegen enge Beziehungen zu unseren Lieferanten, um nicht nur Qualit\u00e4t, sondern auch Originalit\u00e4t und Innovation unserer Produkte zu gew\u00e4hrleisten.<\/p>\t\t\t\t\t\t<\/div>\n\t\t\t\t<\/div>\n\t\t\t\t<div class=\"elementor-element elementor-element-cfacf1b elementor-widget elementor-widget-heading\" data-id=\"cfacf1b\" data-element_type=\"widget\" data-widget_type=\"heading.default\">\n\t\t\t\t<div class=\"elementor-widget-container\">\n\t\t\t<h1 class=\"elementor-heading-title elementor-size-default\">begleiten Sie uns<\/h1>\t\t<\/div>\n\t\t\t\t<\/div>\n\t\t\t\t<div class=\"elementor-element elementor-element-5f3af67 elementor-widget elementor-widget-text-editor\" data-id=\"5f3af67\" data-element_type=\"widget\" data-widget_type=\"text-editor.default\">\n\t\t\t\t<div class=\"elementor-widget-container\">\n\t\t\t\t\t\t\t<p>Entdecken Sie unsere Website und unser breites Produktsortiment. Wir begleiten Sie gerne bei Ihrem Einkauf. F\u00fcr weitere Informationen, Beratung oder Unterst\u00fctzung stehen wir Ihnen gerne zur Verf\u00fcgung. Ihre Zufriedenheit ist unsere Priorit\u00e4t!<\/p>\t\t\t\t\t\t<\/div>\n\t\t\t\t<\/div>\n\t\t\t\t\t<\/div>\n\t\t<\/div>\n\t\t\t\t\t<\/div>\n\t\t<\/section>\n\t\t\t\t<section class=\"elementor-section elementor-top-section elementor-element elementor-element-1394d78 elementor-hidden-desktop elementor-hidden-tablet elementor-hidden-mobile elementor-section-boxed elementor-section-height-default elementor-section-height-default\" data-id=\"1394d78\" data-element_type=\"section\">\n\t\t\t\t\t\t<div class=\"elementor-container elementor-column-gap-default\">\n\t\t\t\t\t<div class=\"elementor-column elementor-col-50 elementor-top-column elementor-element elementor-element-d60a9ad\" data-id=\"d60a9ad\" data-element_type=\"column\">\n\t\t\t<div class=\"elementor-column-wrap--d60a9ad elementor-widget-wrap elementor-element-populated\">\n\t\t\t\t\t\t<div class=\"elementor-element elementor-element-e09c5c4 elementor-widget elementor-widget-image\" data-id=\"e09c5c4\" data-element_type=\"widget\" data-widget_type=\"image.default\">\n\t\t\t\t<div class=\"elementor-widget-container\">\n\t\t\t\t\t\t\t\t\t\t\t\t\t<img decoding=\"async\" width=\"1024\" height=\"792\" src=\"https:\/\/tuttostore.com\/wp-content\/uploads\/2019\/05\/about-1.jpg\" class=\"attachment-large size-large wp-image-31\" alt=\"\" \/>\t\t\t\t\t\t\t\t\t\t\t\t\t<\/div>\n\t\t\t\t<\/div>\n\t\t\t\t\t<\/div>\n\t\t<\/div>\n\t\t\t\t<div class=\"elementor-column elementor-col-50 elementor-top-column elementor-element elementor-element-37eb060\" data-id=\"37eb060\" data-element_type=\"column\">\n\t\t\t<div class=\"elementor-column-wrap--37eb060 elementor-widget-wrap elementor-element-populated\">\n\t\t\t\t\t\t<div class=\"elementor-element elementor-element-986fc69 elementor-widget elementor-widget-text-editor\" data-id=\"986fc69\" data-element_type=\"widget\" data-widget_type=\"text-editor.default\">\n\t\t\t\t<div class=\"elementor-widget-container\">\n\t\t\t\t\t\t\t<p>Entwickeln Sie hochwertige Schnittstellen f\u00fcr granulare E-M\u00e4rkte. Integrieren Sie weltweit pr\u00e4zise Zusammenarbeit und Ideenaustausch nach effektiven Webservices. Optimieren Sie nahtlos modernste Paradigmen f\u00fcr einen technisch fundierten ROI.&nbsp;<\/p><p>Integrieren Sie pr\u00e4zise Zusammenarbeit und Ideenaustausch weltweit nach effektiven Webdiensten. Optimieren Sie nahtlos modernste Paradigmen f\u00fcr einen technisch fundierten ROI.<\/p>\t\t\t\t\t\t<\/div>\n\t\t\t\t<\/div>\n\t\t\t\t<div class=\"elementor-element elementor-element-2e955d0 elementor-widget elementor-widget-image\" data-id=\"2e955d0\" data-element_type=\"widget\" data-widget_type=\"image.default\">\n\t\t\t\t<div class=\"elementor-widget-container\">\n\t\t\t\t\t\t\t\t\t\t\t\t\t<img loading=\"lazy\" decoding=\"async\" width=\"211\" height=\"105\" src=\"https:\/\/tuttostore.com\/wp-content\/uploads\/2019\/07\/signature.svg\" class=\"attachment-full size-full wp-image-23\" alt=\"\" \/>\t\t\t\t\t\t\t\t\t\t\t\t\t<\/div>\n\t\t\t\t<\/div>\n\t\t\t\t\t<\/div>\n\t\t<\/div>\n\t\t\t\t\t<\/div>\n\t\t<\/section>\n\t\t<div class=\"e-con-top elementor-element elementor-element-52cdfef8 rey-section-stretched e-flex e-con-boxed e-con e-parent\" data-id=\"52cdfef8\" data-element_type=\"container\" data-settings=\"{&quot;background_background&quot;:&quot;classic&quot;}\">\n\t\t\t\t\t<div class=\"e-con-inner\">\n\t\t\t\t<div class=\"elementor-element elementor-element-71015e36 elementor-widget elementor-widget-heading\" data-id=\"71015e36\" data-element_type=\"widget\" data-widget_type=\"heading.default\">\n\t\t\t\t<div class=\"elementor-widget-container\">\n\t\t\t<h2 class=\"elementor-heading-title elementor-size-small\">Betreten Sie unseren Shop und beginnen Sie mit der Suche!<\/h2>\t\t<\/div>\n\t\t\t\t<\/div>\n\t\t\t\t<div class=\"elementor-element elementor-element-4c9eb862 elementor-widget elementor-widget-text-editor\" data-id=\"4c9eb862\" data-element_type=\"widget\" data-widget_type=\"text-editor.default\">\n\t\t\t\t<div class=\"elementor-widget-container\">\n\t\t\t\t\t\t\t<p>In unserem Shop stehen Ihnen hunderte Produkte aller Art zur Verf\u00fcgung, von M\u00f6beln \u00fcber Lebensmittel bis hin zu Alltagsgegenst\u00e4nden.<br>Entdecken Sie jetzt die in unserem Shop verf\u00fcgbaren Produkte!<\/p>\t\t\t\t\t\t<\/div>\n\t\t\t\t<\/div>\n\t\t\t\t<div class=\"elementor-element elementor-element-3ec6ffe9 elementor-align-center elementor-widget elementor-widget-button\" data-id=\"3ec6ffe9\" data-element_type=\"widget\" data-widget_type=\"button.default\">\n\t\t\t\t<div class=\"elementor-widget-container\">\n\t\t\t\t\t<div class=\"elementor-button-wrapper\">\n\t\t\t<a class=\"elementor-button elementor-button-link elementor-size-md\" href=\"https:\/\/tuttostore.com\/de\/shop\/\">\n\t\t\t\t\t\t<span class=\"elementor-button-content-wrapper\">\n\t\t\t\t\t\t\t\t\t<span class=\"elementor-button-text\">ZUM SHOP<\/span>\n\t\t\t\t\t<\/span>\n\t\t\t\t\t<\/a>\n\t\t<\/div>\n\t\t\t\t<\/div>\n\t\t\t\t<\/div>\n\t\t\t\t\t<\/div>\n\t\t\t\t<\/div>\n\t\t\t\t<\/div>","protected":false},"excerpt":{"rendered":"<p>Chi Siamo TuttoStore Benvenuti in Tutto Store, la tua destinazione definitiva per scoprire e acquistare i migliori prodotti di brand rinomati e affidabili. Nato dall&#8217;idea di creare un unico punto di riferimento per le esigenze di shopping diversificate dei nostri clienti, Tutto Store si impegna a offrire un&#8217;esperienza di acquisto senza pari. La nostra storia [&hellip;]<\/p>","protected":false},"author":1,"featured_media":0,"parent":0,"menu_order":0,"comment_status":"closed","ping_status":"closed","template":"template-builder.php","meta":{"_acf_changed":false,"footnotes":""},"class_list":["post-110","page","type-page","status-publish","hentry"],"acf":[],"_links":{"self":[{"href":"https:\/\/tuttostore.com\/de\/wp-json\/wp\/v2\/pages\/110","targetHints":{"allow":["GET"]}}],"collection":[{"href":"https:\/\/tuttostore.com\/de\/wp-json\/wp\/v2\/pages"}],"about":[{"href":"https:\/\/tuttostore.com\/de\/wp-json\/wp\/v2\/types\/page"}],"author":[{"embeddable":true,"href":"https:\/\/tuttostore.com\/de\/wp-json\/wp\/v2\/users\/1"}],"replies":[{"embeddable":true,"href":"https:\/\/tuttostore.com\/de\/wp-json\/wp\/v2\/comments?post=110"}],"version-history":[{"count":18,"href":"https:\/\/tuttostore.com\/de\/wp-json\/wp\/v2\/pages\/110\/revisions"}],"predecessor-version":[{"id":12300,"href":"https:\/\/tuttostore.com\/de\/wp-json\/wp\/v2\/pages\/110\/revisions\/12300"}],"wp:attachment":[{"href":"https:\/\/tuttostore.com\/de\/wp-json\/wp\/v2\/media?parent=110"}],"curies":[{"name":"wp","href":"https:\/\/api.w.org\/{rel}","templated":true}]}}