{"id":12,"date":"2025-07-01T11:40:34","date_gmt":"2025-07-01T09:40:34","guid":{"rendered":"https:\/\/1ko.it\/people\/?page_id=12"},"modified":"2025-07-01T11:40:34","modified_gmt":"2025-07-01T09:40:34","slug":"termini-e-condizioni","status":"publish","type":"page","link":"https:\/\/tuttostore.com\/de\/termini-e-condizioni\/","title":{"rendered":"Gesch\u00e4ftsbedingungen"},"content":{"rendered":"<p class=\"p1\">ALLGEMEINE VERKAUFSBEDINGUNGEN<\/p>\r\n<p class=\"p1\">Letzte Aktualisierung: 1. Juli 2025<\/p>\r\n<ol start=\"1\">\r\n<li>\r\n<p class=\"p1\">DEFINITIONEN<\/p>\r\n<p class=\"p1\">In diesem Dokument gelten die folgenden Begriffe:<\/p>\r\n<\/li>\r\n<\/ol>\r\n<ul>\r\n<li>\r\n<p class=\"p1\"><span class=\"s1\"><b>Verk\u00e4ufer<\/b><\/span>Rosmeri Srl, mit Sitz in Via Iseo, 6\/A, 25030 Erbusco (BS), USt-IdNr. 03608770982, Tel. 030\/7281652, E-Mail: info@tuttostore.com.<\/p>\r\n<\/li>\r\n<li>\r\n<p class=\"p1\"><span class=\"s1\"><b>Webseite<\/b><\/span>: die Website www.tuttostore.com, Eigentum des Verk\u00e4ufers.<\/p>\r\n<\/li>\r\n<li>\r\n<p class=\"p1\"><span class=\"s1\"><b>Benutzer<\/b><\/span>: jeder Besucher der Site, ob registriert oder nicht.<\/p>\r\n<\/li>\r\n<li>\r\n<p class=\"p1\"><span class=\"s1\"><b>Kunde<\/b><\/span>: jeder, der auf der Site einen Kauf t\u00e4tigt, sei es ein Verbraucher oder ein Fachmann.<\/p>\r\n<\/li>\r\n<li>\r\n<p class=\"p1\"><span class=\"s1\"><b>Verbraucher<\/b><\/span>: nat\u00fcrliche Person, die zu anderen als gesch\u00e4ftlichen Zwecken handelt.<\/p>\r\n<\/li>\r\n<li>\r\n<p class=\"p1\"><span class=\"s1\"><b>Professional<\/b><\/span>: nat\u00fcrliche oder juristische Person, die im Rahmen ihrer gesch\u00e4ftlichen oder beruflichen T\u00e4tigkeit handelt.<\/p>\r\n<\/li>\r\n<li>\r\n<p class=\"p1\"><span class=\"s1\"><b>Befehl<\/b><\/span>: der vom Kunden \u00fcber die Site gesendete Kaufvorschlag.<\/p>\r\n<\/li>\r\n<li>\r\n<p class=\"p1\"><span class=\"s1\"><b>Auftragsbest\u00e4tigung<\/b><\/span>: die Annahme der Bestellung durch den Verk\u00e4ufer.<\/p>\r\n<\/li>\r\n<li>\r\n<p class=\"p1\"><span class=\"s1\"><b>Produkte<\/b><\/span>: \u00fcber die Site verkaufte materielle G\u00fcter.<\/p>\r\n<\/li>\r\n<\/ul>\r\n<ol start=\"2\">\r\n<li>\r\n<p class=\"p1\">Vertragsgegenstand<\/p>\r\n<p class=\"p1\">Diese Allgemeinen Gesch\u00e4ftsbedingungen regeln den Verkauf von Produkten \u00fcber die Website durch Rosmeri Srl und regeln die vertraglichen Beziehungen zwischen dem Verk\u00e4ufer und dem Kunden.<\/p>\r\n<\/li>\r\n<li>\r\n<p class=\"p1\">ANMELDUNG<\/p>\r\n<p class=\"p1\">Der Benutzer kann sich auf der Website registrieren oder als Gast einkaufen. Mit der Registrierung garantiert der Benutzer die Richtigkeit der bereitgestellten Informationen und akzeptiert diese Bedingungen vollst\u00e4ndig.<\/p>\r\n<\/li>\r\n<li>\r\n<p class=\"p1\">PRODUKTINFORMATIONEN<\/p>\r\n<p class=\"p1\">Produktinformationen finden Sie in den jeweiligen Produktbl\u00e4ttern. Abbildungen dienen ausschlie\u00dflich der Veranschaulichung. Produkte sind verf\u00fcgbar, solange der Vorrat reicht. Der Verk\u00e4ufer beh\u00e4lt sich das Recht vor, die Inhalte der Website jederzeit zu aktualisieren.<\/p>\r\n<\/li>\r\n<li>\r\n<p class=\"p1\">KAUFVERFAHREN<\/p>\r\n<p class=\"p1\">Die \u00fcber die Website \u00fcbermittelte Bestellung stellt ein Vertragsangebot dar. Der Vertrag gilt erst mit der Annahme durch den Verk\u00e4ufer als abgeschlossen, die per E-Mail durch eine Auftragsbest\u00e4tigung formalisiert wird.<\/p>\r\n<\/li>\r\n<li>\r\n<p class=\"p1\">PREISE UND ZAHLUNGEN<\/p>\r\n<p class=\"p1\">Die Preise sind in Euro angegeben und enthalten die gesetzliche Mehrwertsteuer. Versandkosten und sonstige zus\u00e4tzliche Kosten werden vor der Best\u00e4tigung der Bestellung deutlich angezeigt. Die Zahlung erfolgt zum Zeitpunkt des Kaufs und kann per Kreditkarte, PayPal oder anderen auf der Website angegebenen Zahlungsmethoden erfolgen.<\/p>\r\n<\/li>\r\n<li>\r\n<p class=\"p1\">LIEFERUNG<\/p>\r\n<p class=\"p1\">Die Produkte werden an die vom Kunden in der Bestellung angegebene Adresse geliefert. Die Lieferzeiten sind auf der Website oder in der Auftragsbest\u00e4tigung angegeben. Etwaige Verz\u00f6gerungen oder Probleme m\u00fcssen dem Verk\u00e4ufer unverz\u00fcglich gemeldet werden.<\/p>\r\n<\/li>\r\n<li>\r\n<p class=\"p1\">WIDERRUFSRECHT<\/p>\r\n<p class=\"p1\">Der Verbraucher hat das Recht, innerhalb von 14 Tagen nach Erhalt des Produkts vom Vertrag zur\u00fcckzutreten. Der Widerruf kann durch eine Mitteilung an Rosmeri Srl, Via Iseo, 6\/A, 25030 Erbusco (BS), oder per E-Mail an info@tuttostore.com erfolgen. Die Produkte m\u00fcssen unbesch\u00e4digt und auf Kosten des Kunden zur\u00fcckgesandt werden. Die R\u00fcckerstattung erfolgt innerhalb von 14 Tagen nach Erhalt der zur\u00fcckgesandten Produkte.<\/p>\r\n<\/li>\r\n<li>\r\n<p class=\"p1\">GARANTIE<\/p>\r\n<p class=\"p1\">F\u00fcr Verbraucher gilt die gesetzliche Konformit\u00e4tsgarantie von 24 Monaten. F\u00fcr Unternehmer gelten die Bestimmungen des B\u00fcrgerlichen Gesetzbuches. Im Falle von M\u00e4ngeln ist der Kunde verpflichtet, den Verk\u00e4ufer unverz\u00fcglich zu benachrichtigen.<\/p>\r\n<\/li>\r\n<li>\r\n<p class=\"p1\">VERARBEITUNG PERSONENBEZOGENER DATEN<\/p>\r\n<p class=\"p1\">Die Verarbeitung personenbezogener Daten erfolgt gem\u00e4\u00df der Verordnung (EU) 2016\/679 (DSGVO). Weitere Informationen finden Sie in der Datenschutzerkl\u00e4rung, die auf der Website verf\u00fcgbar ist.<\/p>\r\n<\/li>\r\n<li>\r\n<p class=\"p1\">ANWENDBARES RECHT UND GERICHTSSTAND<\/p>\r\n<p class=\"p1\">Der Vertrag unterliegt italienischem Recht. Im Streitfall ist, wenn der Kunde ein Verbraucher ist, das Gericht seines Wohnsitzes zust\u00e4ndig. Wenn der Kunde ein Gewerbetreibender ist, ist ausschlie\u00dflicher Gerichtsstand das Gericht von Brescia.<\/p>\r\n<\/li>\r\n<li>\r\n<p class=\"p1\">KONTAKTE UND BESCHWERDEN<\/p>\r\n<p class=\"p1\">Bei Fragen wenden Sie sich bitte an Rosmeri Srl unter den folgenden Nummern:<\/p>\r\n<p class=\"p1\">Rosmeri Srl \u2013 Via Iseo, 6\/A, 25030 Erbusco (BS)<\/p>\r\n<p class=\"p1\">E-Mail: info@tuttostore.com \u2013 Tel. 030\/7281652<\/p>\r\n<\/li>\r\n<\/ol>","protected":false},"excerpt":{"rendered":"<p>CONDIZIONI GENERALI DI VENDITA Ultimo aggiornamento: 1\/7\/2025 DEFINIZIONI Nel presente documento si intende per: Venditore: Rosmeri S.r.l., con sede legale in Via Iseo, 6\/A, 25030 Erbusco (BS), P.IVA 03608770982, tel. 030\/7281652, email: info@tuttostore.com. Sito: il sito web www.tuttostore.com, di propriet\u00e0 del Venditore. Utente: qualsiasi visitatore del Sito, registrato o non registrato. Cliente: chiunque effettui un [&hellip;]<\/p>","protected":false},"author":1,"featured_media":0,"parent":0,"menu_order":0,"comment_status":"closed","ping_status":"closed","template":"","meta":{"_acf_changed":false,"footnotes":""},"class_list":["post-12","page","type-page","status-publish","hentry"],"acf":[],"_links":{"self":[{"href":"https:\/\/tuttostore.com\/de\/wp-json\/wp\/v2\/pages\/12","targetHints":{"allow":["GET"]}}],"collection":[{"href":"https:\/\/tuttostore.com\/de\/wp-json\/wp\/v2\/pages"}],"about":[{"href":"https:\/\/tuttostore.com\/de\/wp-json\/wp\/v2\/types\/page"}],"author":[{"embeddable":true,"href":"https:\/\/tuttostore.com\/de\/wp-json\/wp\/v2\/users\/1"}],"replies":[{"embeddable":true,"href":"https:\/\/tuttostore.com\/de\/wp-json\/wp\/v2\/comments?post=12"}],"version-history":[{"count":1,"href":"https:\/\/tuttostore.com\/de\/wp-json\/wp\/v2\/pages\/12\/revisions"}],"predecessor-version":[{"id":18935,"href":"https:\/\/tuttostore.com\/de\/wp-json\/wp\/v2\/pages\/12\/revisions\/18935"}],"wp:attachment":[{"href":"https:\/\/tuttostore.com\/de\/wp-json\/wp\/v2\/media?parent=12"}],"curies":[{"name":"wp","href":"https:\/\/api.w.org\/{rel}","templated":true}]}}