{"id":18908,"date":"2025-06-30T18:55:17","date_gmt":"2025-06-30T16:55:17","guid":{"rendered":"https:\/\/tuttostore.com\/dichiarazione-sulla-privacy-ue\/"},"modified":"2025-06-30T18:55:17","modified_gmt":"2025-06-30T16:55:17","slug":"dichiarazione-sulla-privacy-ue","status":"publish","type":"page","link":"https:\/\/tuttostore.com\/de\/dichiarazione-sulla-privacy-ue\/","title":{"rendered":"Datenschutzerkl\u00e4rung (EU)"},"content":{"rendered":"<!-- Legal document generated by Complianz | GDPR\/CCPA Cookie Consent https:\/\/wordpress.org\/plugins\/complianz-gdpr -->\n<div id=\"cmplz-document\" class=\"cmplz-document privacy-statement cmplz-document-eu\"><p><i>Diese Datenschutzerkl\u00e4rung wurde zuletzt am 30 Juni 2025 aktualisiert und gilt f\u00fcr B\u00fcrger und Personen mit st\u00e4ndigem Wohnsitz im Europ\u00e4ischen Wirtschaftsraum und der Schweiz.<\/i><br \/><br \/><\/p><p><p>In dieser Datenschutzerkl\u00e4rung erl\u00e4utern wir, was wir mit den Daten, die wir \u00fcber dich tun, erkl\u00e4ren <a href=\"https:\/\/tuttostore.com\/de\">https:\/\/tuttostore.com\/de<\/a> gesammelt haben, tun. Wir empfehlen Ihnen, dieses Dokument sorgf\u00e4ltig zu lesen. W\u00e4hrend unserer Verarbeitung entsprechen wir den gesetzlichen Anforderungen. Dies bedeutet unter anderem:<\/p><ul>\n                <li>Wir m\u00f6chten die Unterschiede f\u00fcr unsere Mitarbeiter kennenlernen. Dies geschieht durch diese Datenschutzerkl\u00e4rung.<\/li>\n                <li>Wir m\u00f6chten Ihnen Informationen \u00fcber die Informationen geben, die Sie von den Menschen erhalten, die f\u00fcr Sie von Interesse sind und die in Ihrem Leben einen berechtigten Platz haben.<\/li>\n                <li>Sollten Sie an einer der von Ihnen gew\u00fcnschten Personen kein Interesse haben, bitten wir Sie, die Einzelheiten der L\u00fccke zu erl\u00e4utern.<\/li>\n                <li>Wir werden angemessene Sicherheitsma\u00dfnahmen ergreifen, um Ihre personenbezogenen Daten zu sch\u00fctzen und dies ebenso von Parteien zu verlangen, die personenbezogene Daten in unserem Auftrag verarbeiten.<\/li>\n                <li>F\u00fcr die Auskunft \u00fcber das Recht, die Rechtsauskunft oder die Auskunft \u00fcber betroffene Personen sind wir verantwortlich.<\/li>\n            <\/ul><p>Wenn Sie Fragen haben oder wissen m\u00f6chten, welche pers\u00f6nlichen Daten \u00fcber Sie verf\u00fcgen, kontaktieren Sie uns bitte.<\/p><\/p><h2>1. Zweck, Daten und Aufbewahrungsfrist<\/h2>Wir wissen, dass den Menschen in Zukunft folgende Informationen \u00fcber ihr Leben gegeben werden sollten: (siehe unten)<details class=\"cmplz-dropdown dropdown-privacy-statement\"><summary><div><h3>1.1 Kontaktaufnahme \u2013 per Telefon, Post, E-Mail und\/oder Webformat<\/h3><\/div><\/summary><p class=\"cmplz-subtitle\">Dies ist das erste Mal, dass wir die folgenden Daten sehen:<\/p><p><ul><li>Ein Vor- und Nachname<\/li><li>Eine E-Mail-Adresse<\/li><li>Eine Telefonnummer<\/li><li>IP-Adresse<\/li><\/ul><\/p><p class=\"cmplz-subtitle\">Die Grundlage, auf der diese Daten verarbeitet werden k\u00f6nnen, ist:<\/p><p><a target=\"_blank\" rel=\"noopener noreferrer nofollow\" href=\"https:\/\/cookiedatabase.org\/legal-bases\/#consent\">N\u00e4chste Erkl\u00e4rung der Zustimmung.<\/a><\/p><p class=\"cmplz-subtitle\">Aufbewahrungsfrist<\/p><p>Wir speichern diese Daten bis zur Best\u00e4tigung des Dienstes.<\/p><\/details><details class=\"cmplz-dropdown dropdown-privacy-statement\"><summary><div><h3>1.2 Zahlungen<\/h3><\/div><\/summary><p class=\"cmplz-subtitle\">Dies ist das erste Mal, dass wir die folgenden Daten sehen:<\/p><p><ul><li>Ein Vor- und Nachname<\/li><li>Name oder Pseudonym des Kontos<\/li><li>In Zuhause oder andere physische Adresse, einschlie\u00dflich Stra\u00dfenname und Name der Stadt\/Ort<\/li><li>Eine E-Mail-Adresse<\/li><li>Eine Telefonnummer<\/li><li>IP-Adresse<\/li><\/ul><\/p><p class=\"cmplz-subtitle\">Die Grundlage, auf der diese Daten verarbeitet werden k\u00f6nnen, ist:<\/p><p><a target=\"_blank\" rel=\"noopener noreferrer nofollow\" href=\"https:\/\/cookiedatabase.org\/legal-bases\/#consent\">N\u00e4chste Erkl\u00e4rung der Zustimmung.<\/a><\/p><p class=\"cmplz-subtitle\">Aufbewahrungsfrist<\/p><p>Wir speichern diese Daten bis zur Best\u00e4tigung des Dienstes.<\/p><\/details><details class=\"cmplz-dropdown dropdown-privacy-statement\"><summary><div><h3>1.3 Registrierung eines Kontos<\/h3><\/div><\/summary><p class=\"cmplz-subtitle\">Dies ist das erste Mal, dass wir die folgenden Daten sehen:<\/p><p><ul><li>Ein Vor- und Nachname<\/li><li>Name oder Pseudonym des Kontos<\/li><li>In Zuhause oder andere physische Adresse, einschlie\u00dflich Stra\u00dfenname und Name der Stadt\/Ort<\/li><li>Eine E-Mail-Adresse<\/li><li>Eine Telefonnummer<\/li><li>IP-Adresse<\/li><\/ul><\/p><p class=\"cmplz-subtitle\">Die Grundlage, auf der diese Daten verarbeitet werden k\u00f6nnen, ist:<\/p><p><a target=\"_blank\" rel=\"noopener noreferrer nofollow\" href=\"https:\/\/cookiedatabase.org\/legal-bases\/#consent\">N\u00e4chste Erkl\u00e4rung der Zustimmung.<\/a><\/p><p class=\"cmplz-subtitle\">Aufbewahrungsfrist<\/p><p>Wir speichern diese Daten bis zur Best\u00e4tigung des Dienstes.<\/p><\/details><h2>2. Cookies<\/h2><p>Unsere Website begr\u00fc\u00dft Cookies. F\u00fcr weitere Informationen \u00fcber Cookies, lassen Sie sie bitte <a href=\"https:\/\/tuttostore.com\/de\/cookie-policy-ue\/\">Cookie-Richtlinie<\/a> nach.&nbsp;<\/p><h2>3. Offenlegungspraktiken<\/h2><p><p>Wir legen personenbezogene Daten offen, wenn wir gesetzlich oder per Gerichtsbeschluss dazu verpflichtet sind, z. B. auf Anforderung einer Strafverfolgungsbeh\u00f6rde, soweit dies im Rahmen der gesetzlichen Bestimmungen zul\u00e4ssig ist, um Ausk\u00fcnfte zu erteilen, oder f\u00fcr eine Untersuchung in einer Angelegenheit, die die \u00f6ffentliche Sicherheit betrifft.<\/p><p>Wir unsere Website oder unser Unternehmen im Rahmen einer Fusion oder \u00dcbernahme \u00fcbernommen oder verkauft wird, k\u00f6nnen Ihre Daten unseren Beratern und potenziellen K\u00e4ufern \u00fcbermittelt und den neuen Eigent\u00fcmern \u00fcbermittelt werden.<\/p><\/p><p>Bitte pr\u00fcfen Sie die bei Google verf\u00fcgbaren Daten.<\/p><p>Google darf die Daten nicht f\u00fcr andere Google-Dienste verwenden.<\/p><p>Die Einbindung der vollst\u00e4ndigen IP-Adresse ist unterbunden.<\/p><h2>4. Sicherheit<\/h2><p>Wir sind die sichersten Menschen, die wir kennen. Wir unternehmen entsprechende Sicherheitsma\u00dfnahmen, um Missbrauch und unbefugten Zugriff auf personenbezogene Daten zu begrenzen. Solange Sie in Sicherheit sind, hat nur eine Person im Zugriff ein Recht auf ihr Leben, diese Person im Zugriff ist es, und das ist eine der wichtigsten Sicherheitsma\u00dfnahmen der Welt.<\/p><h2>5. Websites von Drittanbietern<\/h2><p>Diese Datenschutzinformationen sind nicht f\u00fcr Websites von Dritten verf\u00fcgbar, die \u00fcber Links mit unserer Website verbunden sind. Wir sind uns bewusst, dass es keine Garantie daf\u00fcr gibt, dass den betroffenen Personen dieses Recht gew\u00e4hrt wird oder dass sie sicher sind. Wir m\u00f6chten Sie daher \u00fcber die Datenschutzinformationen auf diesen Websites informieren, um weitere Informationen zu erhalten.<\/p><h2>6. Erg\u00e4nzungen zu dieser Datenschutzerkl\u00e4rung<\/h2><p>Wir sind auf der Suche nach dem Richtigen, gehen Sie zu dieser Datenschutzerkl\u00e4rung. Das hei\u00dft, diese Datenschutzerkl\u00e4rung regelm\u00e4\u00dfig zu lesen, um sich \u00fcber \u00c4nderungen zu informieren. Dar\u00fcber hinaus informieren wir dich wo immer m\u00f6glich.<\/p><h2>7. Zugriff und Ihre Bearbeitungsdaten<\/h2><p>Wenn Sie Fragen haben oder wissen m\u00f6chten, welche pers\u00f6nlichen Daten \u00fcber Sie verf\u00fcgen, kontaktieren Sie uns bitte. Hier finden Sie alle Informationen, die Sie ben\u00f6tigen. Haben Sie gerade Folgendes gesehen:<\/p><ul>\n                <li>Sobald Sie Recht hatten, m\u00f6chten Sie etwas \u00fcber die Menschen erfahren, die geboren wurden, die bei Ihnen waren und wie lange diese Menschen Sie gesehen haben.<\/li>\n                <li>Zugriffsrecht: Du hast das Recht deine uns bekannten pers\u00f6nlichen Daten einzusehen.<\/li>\n                <li>Recht auf Meldung: Du hast das Recht wann immer du w\u00fcnschst, deine pers\u00f6nlichen Daten zu erg\u00e4nzen, zu korrigieren sowie zu l\u00f6schen oder zu blockieren.<\/li>\n                <li>Wenn du uns dein Unverst\u00e4ndnis zur Verarbeitung deiner Daten gegeben hast, hast du das Recht dieses Unverst\u00e4ndnis zu widerrufen und deine pers\u00f6nlichen Daten l\u00f6schen zu lassen.<\/li>\n                <li>Recht auf Datentransfer deiner Daten: Du hast das Recht, alle deine pers\u00f6nlichen Daten von einem Verantwortlichen anzufordern und in ihrer Gesamtheit an einen anderen Verantwortlichen zu \u00fcbertragen.<\/li>\n                <li>Widerspruchsrecht: Du kannst der Verarbeitung deiner Daten widersprechen. Wir entsprechen dem, es sind sechs, denn es gibt berechtigte Gr\u00fcnde f\u00fcr die Verarbeitung.<\/li>\n            <\/ul><p>Bitte stellen Sie sicher, dass Sie sich immer dar\u00fcber im Klaren sind, wer Sie sind, sodass wir sicher sein k\u00f6nnen, dass die Daten der falschen Person nicht bearbeitet oder gel\u00f6scht werden k\u00f6nnen.<\/p><h2>8. Eine Beschwerde \u00fcbermitteln<\/h2><p>Wenn Sie mit der Art und Weise nicht zufrieden sind, in der wir (Ihre Beschwerde) die Verarbeitung Ihrer personenbezogenen Daten handhaben, haben Sie das Recht, eine Beschwerde an die Datenschutzbeh\u00f6rde zu richten.<\/p><h2>9. Kontaktdaten<\/h2><p>Rosmeri Srl<br \/>\n        Via Iseo 6\/A<br \/>\nErbusco<br \/>\n        Italien<br \/>\n        Webseite: <a href=\"https:\/\/tuttostore.com\/de\">https:\/\/tuttostore.com\/de<\/a> <br \/>\n        E-Mail: <span class=\"cmplz-obfuscate\">Info@<span class=\"cmplz-fmail-domain\">ex.com<\/span>tu&#116;to&#115;&#116;o&#114;e&#046;c&#111;&#109;<\/span> <br \/>\n        <\/p><\/div>","protected":false},"excerpt":{"rendered":"","protected":false},"author":1,"featured_media":0,"parent":0,"menu_order":0,"comment_status":"closed","ping_status":"closed","template":"","meta":{"_acf_changed":false,"footnotes":""},"class_list":["post-18908","page","type-page","status-publish","hentry"],"acf":[],"_links":{"self":[{"href":"https:\/\/tuttostore.com\/de\/wp-json\/wp\/v2\/pages\/18908","targetHints":{"allow":["GET"]}}],"collection":[{"href":"https:\/\/tuttostore.com\/de\/wp-json\/wp\/v2\/pages"}],"about":[{"href":"https:\/\/tuttostore.com\/de\/wp-json\/wp\/v2\/types\/page"}],"author":[{"embeddable":true,"href":"https:\/\/tuttostore.com\/de\/wp-json\/wp\/v2\/users\/1"}],"replies":[{"embeddable":true,"href":"https:\/\/tuttostore.com\/de\/wp-json\/wp\/v2\/comments?post=18908"}],"version-history":[{"count":0,"href":"https:\/\/tuttostore.com\/de\/wp-json\/wp\/v2\/pages\/18908\/revisions"}],"wp:attachment":[{"href":"https:\/\/tuttostore.com\/de\/wp-json\/wp\/v2\/media?parent=18908"}],"curies":[{"name":"wp","href":"https:\/\/api.w.org\/{rel}","templated":true}]}}