{"id":14434,"date":"2018-10-31T16:24:21","date_gmt":"2018-10-31T15:24:21","guid":{"rendered":"https:\/\/tuttostore.com\/prodotto\/pasta-spaghetti-al-nero-di-seppia\/"},"modified":"2025-05-30T14:55:52","modified_gmt":"2025-05-30T12:55:52","slug":"pasta-spaghetti-al-nero-di-seppia","status":"publish","type":"product","link":"https:\/\/tuttostore.com\/de\/produkt\/pasta-spaghetti-al-nero-di-seppia\/","title":{"rendered":"Spaghetti mit Tintenfischtinte"},"content":{"rendered":"<h1>Spaghetti mit Tintenfischtinte<\/h1>\n<section id=\"descriptionTab\" class=\"page-product-box tab-pane fade in active\">\n<div class=\"rte\">\n<section id=\"descriptionTab\" class=\"page-product-box tab-pane fade in active\">\n<div class=\"rte\">\n<section id=\"descriptionTab\" class=\"page-product-box tab-pane fade in active\">\n<div class=\"rte\">\n<section id=\"descriptionTab\" class=\"page-product-box tab-pane fade in active\">\n<div class=\"rte\">\n<section id=\"descriptionTab\" class=\"page-product-box tab-pane fade in active\">\n<div class=\"rte\">\n<section id=\"descriptionTab\" class=\"page-product-box tab-pane fade in active\">\n<div class=\"rte\">\n<section id=\"descriptionTab\" class=\"page-product-box tab-pane fade in active\">\n<div class=\"rte\">\n<section id=\"descriptionTab\" class=\"page-product-box tab-pane fade in active\">\n<div class=\"rte\">\n<section id=\"descriptionTab\" class=\"page-product-box tab-pane fade in active\">\n<div class=\"rte\">\n<section id=\"descriptionTab\" class=\"page-product-box tab-pane fade in active\">\n<div class=\"rte\">\n<section id=\"descriptionTab\" class=\"page-product-box tab-pane fade in active\">\n<div class=\"rte\">\n<section id=\"descriptionTab\" class=\"page-product-box tab-pane fade in active\">\n<div class=\"rte\">\n<section id=\"descriptionTab\" class=\"page-product-box tab-pane fade in active\">\n<div class=\"rte\">\n<section id=\"descriptionTab\" class=\"page-product-box tab-pane fade in active\">\n<div class=\"rte\">\n<section id=\"descriptionTab\" class=\"page-product-box tab-pane fade in active\">\n<div class=\"rte\">\n<section id=\"descriptionTab\" class=\"page-product-box tab-pane fade in active\">\n<div class=\"rte\">\n<section id=\"descriptionTab\" class=\"page-product-box tab-pane fade in active\">\n<div class=\"rte\">\n<section id=\"descriptionTab\" class=\"page-product-box tab-pane fade in active\">\n<div class=\"rte\">\n<section id=\"descriptionTab\" class=\"page-product-box tab-pane fade in active\">\n<div class=\"rte\">\n<section id=\"descriptionTab\" class=\"page-product-box tab-pane fade in active\">\n<div class=\"rte\">\n<section id=\"descriptionTab\" class=\"page-product-box tab-pane fade in active\">\n<div class=\"rte\">\n<section id=\"descriptionTab\" class=\"page-product-box tab-pane fade in active\">\n<div class=\"rte\">\n<section id=\"descriptionTab\" class=\"page-product-box tab-pane fade in active\">\n<div class=\"rte\">\n<section id=\"descriptionTab\" class=\"page-product-box tab-pane fade in active\">\n<div class=\"rte\">\n<section id=\"descriptionTab\" class=\"page-product-box tab-pane fade in active\">\n<div class=\"rte\">\n<section id=\"descriptionTab\" class=\"page-product-box tab-pane fade in active\">\n<div class=\"rte\">\n<section id=\"descriptionTab\" class=\"page-product-box tab-pane fade in active\">\n<div class=\"rte\">\n<section id=\"descriptionTab\" class=\"page-product-box tab-pane fade in active\">\n<div class=\"rte\">\n<section id=\"descriptionTab\" class=\"page-product-box tab-pane fade in active\">\n<div class=\"rte\">\n<section id=\"descriptionTab\" class=\"page-product-box tab-pane fade in active\">\n<div class=\"rte\">\n<section id=\"descriptionTab\" class=\"page-product-box tab-pane fade in active\">\n<div class=\"rte\">\n<section id=\"descriptionTab\" class=\"page-product-box tab-pane fade in active\">\n<div class=\"rte\">\n<section id=\"descriptionTab\" class=\"page-product-box tab-pane fade in active\">\n<div class=\"rte\">\n<section id=\"descriptionTab\" class=\"page-product-box tab-pane fade in active\">\n<div class=\"rte\">\n<section id=\"descriptionTab\" class=\"page-product-box tab-pane fade in active\">\n<div class=\"rte\">\n<section id=\"descriptionTab\" class=\"page-product-box tab-pane fade in active\">\n<div class=\"rte\">\n<section id=\"descriptionTab\" class=\"page-product-box tab-pane fade in active\">\n<div class=\"rte\">\n<section id=\"descriptionTab\" class=\"page-product-box tab-pane fade in active\">\n<div class=\"rte\">\n<section id=\"descriptionTab\" class=\"page-product-box tab-pane fade in active\">\n<div class=\"rte\">\n<section id=\"descriptionTab\" class=\"page-product-box tab-pane fade in active\">\n<div class=\"rte\">\n<section id=\"descriptionTab\" class=\"page-product-box tab-pane fade in active\">\n<div class=\"rte\">\n<section id=\"descriptionTab\" class=\"page-product-box tab-pane fade in active\">\n<div class=\"rte\">\n<section id=\"descriptionTab\" class=\"page-product-box tab-pane fade in active\">\n<div class=\"rte\">\n<section id=\"descriptionTab\" class=\"page-product-box tab-pane fade in active\">\n<div class=\"rte\">\n<section id=\"descriptionTab\" class=\"page-product-box tab-pane fade in active\">\n<div class=\"rte\">\n<section id=\"descriptionTab\" class=\"page-product-box tab-pane fade in active\">\n<div class=\"rte\">\n<section id=\"descriptionTab\" class=\"page-product-box tab-pane fade in active\">\n<div class=\"rte\">\n<section id=\"descriptionTab\" class=\"page-product-box tab-pane fade in active\">\n<div class=\"rte\">\n<section id=\"descriptionTab\" class=\"page-product-box tab-pane fade in active\">\n<div class=\"rte\">\n<section id=\"descriptionTab\" class=\"page-product-box tab-pane fade in active\">\n<div class=\"rte\">\n<section id=\"descriptionTab\" class=\"page-product-box tab-pane fade in active\">\n<div class=\"rte\">\n<section id=\"descriptionTab\" class=\"page-product-box tab-pane fade in active\">\n<div class=\"rte\">\n<section id=\"descriptionTab\" class=\"page-product-box tab-pane fade in active\">\n<div class=\"rte\">\n<section id=\"descriptionTab\" class=\"page-product-box tab-pane fade in active\">\n<div class=\"rte\">\n<section id=\"descriptionTab\" class=\"page-product-box tab-pane fade in active\">\n<div class=\"rte\">\n<section id=\"descriptionTab\" class=\"page-product-box tab-pane fade in active\">\n<div class=\"rte\">\n<section id=\"descriptionTab\" class=\"page-product-box tab-pane fade in active\">\n<div class=\"rte\">\n<section id=\"descriptionTab\" class=\"page-product-box tab-pane fade in active\">\n<div class=\"rte\">\n<section id=\"descriptionTab\" class=\"page-product-box tab-pane fade in active\">\n<div class=\"rte\">\n<section id=\"descriptionTab\" class=\"page-product-box tab-pane fade in active\">\n<div class=\"rte\">\n<section id=\"descriptionTab\" class=\"page-product-box tab-pane fade in active\">\n<div class=\"rte\">\n<section id=\"descriptionTab\" class=\"page-product-box tab-pane fade in active\">\n<section id=\"descriptionTab\" class=\"page-product-box tab-pane fade in active\">\n<div class=\"rte\"><strong>Zutatenliste:<\/strong><br \/>\nHartweizengrie\u00dfnudeln 75%, Palm\u00f6lpulver (Palm\u00f6l, Glukosesirup, Milchproteine), Maltodextrin, Tintenfischtintenpulver 4,3%, Salz, Kartoffelst\u00e4rke, Aromen (enthalten Fisch und Schalentiere), Hefeextrakt, Geschmacksverst\u00e4rker: Mononatriumglutamat, Zwiebel, Knoblauch, Pfeffer. <strong>Frei von Konservierungsstoffen<\/strong><strong>Kochanleitung<\/strong><br \/>\nIn einem Topf mit 20\u201322 cm Durchmesser 500 ml ungesalzenes Wasser zum Kochen bringen. Den Beutelinhalt in das kochende Wasser geben und bei mittlerer Hitze ohne Deckel ca. 7\u20139 Minuten kochen lassen, dabei gelegentlich umr\u00fchren, bis das Wasser aufgesogen ist.<strong>Zubereitung in der Mikrowelle<\/strong><br \/>\nDen Inhalt des Beutels in 400 ml kochendes Wasser (850 W) geben und 10\u201312 Minuten kochen lassen, bis das Wasser aufgesogen ist. Umr\u00fchren und servieren.<strong>Organoleptische Eigenschaften<\/strong><br \/>\nDas fertige Gericht weist die typischen Eigenschaften und das Aroma von Pasta mit Tintenfischtinte auf, was sich beim Verkosten durch die reichlich vorhandene Tintenfischtinte best\u00e4tigt. Die Sauce ist reichhaltig und cremig und wird durch die aromatischen Kr\u00e4uter zus\u00e4tzlich verfeinert.<\/div>\n<div><\/div>\n<div class=\"rte\"><strong>Durchschnittliche N\u00e4hrwerte:\u00a0 <\/strong>Energiewert, Gesamtfett, davon ges\u00e4ttigtes Fett, Kohlenhydrate, davon Zucker, Ballaststoffe, Eiwei\u00df, Salz<\/div>\n<div><strong>Pro 100 g dehydriertes Produkt<\/strong>: 392 kcal (1655 kJ), 7,4 g, 3,2 g, 69 g, 4,4 g, 3,5 g, 11 g, 3,2 g<\/div>\n<div class=\"rte\">\n<p><strong>Haltbarkeit: 18 Monate ab Produktionsdatum<\/strong><\/p>\n<\/div>\n<\/section>\n<\/section>\n<\/div>\n<\/section>\n<\/div>\n<\/section>\n<\/div>\n<\/section>\n<\/div>\n<\/section>\n<\/div>\n<\/section>\n<\/div>\n<\/section>\n<\/div>\n<\/section>\n<\/div>\n<\/section>\n<\/div>\n<\/section>\n<\/div>\n<\/section>\n<\/div>\n<\/section>\n<\/div>\n<\/section>\n<\/div>\n<\/section>\n<\/div>\n<\/section>\n<\/div>\n<\/section>\n<\/div>\n<\/section>\n<\/div>\n<\/section>\n<\/div>\n<\/section>\n<\/div>\n<\/section>\n<\/div>\n<\/section>\n<\/div>\n<\/section>\n<\/div>\n<\/section>\n<\/div>\n<\/section>\n<\/div>\n<\/section>\n<\/div>\n<\/section>\n<\/div>\n<\/section>\n<\/div>\n<\/section>\n<\/div>\n<\/section>\n<\/div>\n<\/section>\n<\/div>\n<\/section>\n<\/div>\n<\/section>\n<\/div>\n<\/section>\n<\/div>\n<\/section>\n<\/div>\n<\/section>\n<\/div>\n<\/section>\n<\/div>\n<\/section>\n<\/div>\n<\/section>\n<\/div>\n<\/section>\n<\/div>\n<\/section>\n<\/div>\n<\/section>\n<\/div>\n<\/section>\n<\/div>\n<\/section>\n<\/div>\n<\/section>\n<\/div>\n<\/section>\n<\/div>\n<\/section>\n<\/div>\n<\/section>\n<\/div>\n<\/section>\n<\/div>\n<\/section>\n<\/div>\n<\/section>\n<\/div>\n<\/section>\n<\/div>\n<\/section>\n<\/div>\n<\/section>\n<\/div>\n<\/section>\n<\/div>\n<\/section>\n<\/div>\n<\/section>\n<\/div>\n<\/section>\n<\/div>\n<\/section>\n<\/div>\n<\/section>\n<\/div>\n<\/section>\n<\/div>\n<\/section>\n<\/div>\n<\/section>\n<p><strong>SIGN ITALIEN<\/strong> produziert eine gro\u00dfe Auswahl an dehydrierten Fertiggerichten mit typisch italienischen Rezepten: Risottos, Pasta, Spaghetti, Gnocchi, Tortellini, Suppen, Saucen, Polenta usw.<\/p>\n<div>\n<div>Klicken <a href=\"https:\/\/tuttostore.com\/de\/vendor\/firma-italia-s-p-a\/\">Hier <\/a>um alle Produkte von FIRMA ITALIA zu entdecken<\/div>\n<div>Klicken <a href=\"https:\/\/firmaitalia.it\/\">Hier <\/a>um die Homepage von FIRMA ITALIA zu besuchen<\/div>\n<\/div>","protected":false},"excerpt":{"rendered":"<div id=\"short_description_content\" class=\"rte align_justify\">\n<p><strong>Mindestbestellmenge: zehn Produkte zur Auswahl im Firma Italia Store<\/strong><\/p>\n<p><strong>Anzahl der Portionen<\/strong> 2<br \/>\n<strong>Allergene:<\/strong>\u00a0Weizen, Krebstiere, Fisch, Weichtiere und Milch. Kann Spuren von Sellerie, Eiern und Soja enthalten.<br \/>\n<strong>Nettogewicht:<\/strong> g 170<\/p>\n<\/div>","protected":false},"featured_media":16205,"comment_status":"open","ping_status":"closed","template":"","meta":{"_acf_changed":false},"product_brand":[],"product_cat":[3887],"product_tag":[202],"class_list":{"0":"post-14434","1":"product","2":"type-product","3":"status-publish","4":"has-post-thumbnail","6":"product_cat-alimentazione","7":"product_tag-pasta-spaghetti-al-nero-di-seppia","8":"product_shipping_class-firma-italia","9":"pa_vendors-firma-italia-s-p-a","11":"first","12":"outofstock","13":"taxable","14":"shipping-taxable","15":"purchasable","16":"product-type-simple","swatches":"rey-swatches","show_selected":""},"acf":[],"_links":{"self":[{"href":"https:\/\/tuttostore.com\/de\/wp-json\/wp\/v2\/product\/14434","targetHints":{"allow":["GET"]}}],"collection":[{"href":"https:\/\/tuttostore.com\/de\/wp-json\/wp\/v2\/product"}],"about":[{"href":"https:\/\/tuttostore.com\/de\/wp-json\/wp\/v2\/types\/product"}],"replies":[{"embeddable":true,"href":"https:\/\/tuttostore.com\/de\/wp-json\/wp\/v2\/comments?post=14434"}],"wp:featuredmedia":[{"embeddable":true,"href":"https:\/\/tuttostore.com\/de\/wp-json\/wp\/v2\/media\/16205"}],"wp:attachment":[{"href":"https:\/\/tuttostore.com\/de\/wp-json\/wp\/v2\/media?parent=14434"}],"wp:term":[{"taxonomy":"product_brand","embeddable":true,"href":"https:\/\/tuttostore.com\/de\/wp-json\/wp\/v2\/product_brand?post=14434"},{"taxonomy":"product_cat","embeddable":true,"href":"https:\/\/tuttostore.com\/de\/wp-json\/wp\/v2\/product_cat?post=14434"},{"taxonomy":"product_tag","embeddable":true,"href":"https:\/\/tuttostore.com\/de\/wp-json\/wp\/v2\/product_tag?post=14434"}],"curies":[{"name":"wp","href":"https:\/\/api.w.org\/{rel}","templated":true}]}}