{"id":14445,"date":"2018-11-05T09:11:32","date_gmt":"2018-11-05T08:11:32","guid":{"rendered":"https:\/\/tuttostore.com\/?post_type=product&#038;p=14445"},"modified":"2025-05-22T09:28:10","modified_gmt":"2025-05-22T07:28:10","slug":"riso-cantonese","status":"publish","type":"product","link":"https:\/\/tuttostore.com\/de\/produkt\/riso-cantonese\/","title":{"rendered":"Kantonesischer Reis"},"content":{"rendered":"<h1>Kantonesischer Reis<\/h1>\n<section id=\"descriptionTab\" class=\"page-product-box tab-pane fade in active\">\n<div class=\"rte\">\n<section id=\"descriptionTab\" class=\"page-product-box tab-pane fade in active\">\n<div class=\"rte\">\n<section id=\"descriptionTab\" class=\"page-product-box tab-pane fade in active\">\n<div class=\"rte\">\n<section id=\"descriptionTab\" class=\"page-product-box tab-pane fade in active\">\n<div class=\"rte\">\n<section id=\"descriptionTab\" class=\"page-product-box tab-pane fade in active\">\n<div class=\"rte\">\n<section id=\"descriptionTab\" class=\"page-product-box tab-pane fade in active\">\n<div class=\"rte\">\n<section id=\"descriptionTab\" class=\"page-product-box tab-pane fade in active\">\n<div class=\"rte\">\n<section id=\"descriptionTab\" class=\"page-product-box tab-pane fade in active\">\n<div class=\"rte\">\n<section id=\"descriptionTab\" class=\"page-product-box tab-pane fade in active\">\n<div class=\"rte\">\n<section id=\"descriptionTab\" class=\"page-product-box tab-pane fade in active\">\n<div class=\"rte\">\n<section id=\"descriptionTab\" class=\"page-product-box tab-pane fade in active\">\n<div class=\"rte\">\n<section id=\"descriptionTab\" class=\"page-product-box tab-pane fade in active\">\n<div class=\"rte\">\n<section id=\"descriptionTab\" class=\"page-product-box tab-pane fade in active\">\n<div class=\"rte\">\n<section id=\"descriptionTab\" class=\"page-product-box tab-pane fade in active\">\n<div class=\"rte\">\n<section id=\"descriptionTab\" class=\"page-product-box tab-pane fade in active\">\n<div class=\"rte\">\n<section id=\"descriptionTab\" class=\"page-product-box tab-pane fade in active\">\n<div class=\"rte\">\n<section id=\"descriptionTab\" class=\"page-product-box tab-pane fade in active\">\n<div class=\"rte\">\n<section id=\"descriptionTab\" class=\"page-product-box tab-pane fade in active\">\n<div class=\"rte\">\n<section id=\"descriptionTab\" class=\"page-product-box tab-pane fade in active\">\n<div class=\"rte\">\n<section id=\"descriptionTab\" class=\"page-product-box tab-pane fade in active\">\n<div class=\"rte\">\n<section id=\"descriptionTab\" class=\"page-product-box tab-pane fade in active\">\n<div class=\"rte\">\n<section id=\"descriptionTab\" class=\"page-product-box tab-pane fade in active\">\n<div class=\"rte\">\n<section id=\"descriptionTab\" class=\"page-product-box tab-pane fade in active\">\n<div class=\"rte\">\n<section id=\"descriptionTab\" class=\"page-product-box tab-pane fade in active\">\n<div class=\"rte\">\n<section id=\"descriptionTab\" class=\"page-product-box tab-pane fade in active\">\n<div class=\"rte\">\n<section id=\"descriptionTab\" class=\"page-product-box tab-pane fade in active\">\n<div class=\"rte\">\n<section id=\"descriptionTab\" class=\"page-product-box tab-pane fade in active\">\n<div class=\"rte\">\n<section id=\"descriptionTab\" class=\"page-product-box tab-pane fade in active\">\n<div class=\"rte\">\n<section id=\"descriptionTab\" class=\"page-product-box tab-pane fade in active\">\n<div class=\"rte\">\n<section id=\"descriptionTab\" class=\"page-product-box tab-pane fade in active\">\n<div class=\"rte\">\n<section id=\"descriptionTab\" class=\"page-product-box tab-pane fade in active\">\n<div class=\"rte\">\n<section id=\"descriptionTab\" class=\"page-product-box tab-pane fade in active\">\n<div class=\"rte\">\n<section id=\"descriptionTab\" class=\"page-product-box tab-pane fade in active\">\n<div class=\"rte\">\n<section id=\"descriptionTab\" class=\"page-product-box tab-pane fade in active\">\n<div class=\"rte\">\n<section id=\"descriptionTab\" class=\"page-product-box tab-pane fade in active\">\n<div class=\"rte\">\n<section id=\"descriptionTab\" class=\"page-product-box tab-pane fade in active\">\n<div class=\"rte\">\n<section id=\"descriptionTab\" class=\"page-product-box tab-pane fade in active\">\n<div class=\"rte\">\n<section id=\"descriptionTab\" class=\"page-product-box tab-pane fade in active\">\n<div class=\"rte\">\n<section id=\"descriptionTab\" class=\"page-product-box tab-pane fade in active\">\n<div class=\"rte\">\n<section id=\"descriptionTab\" class=\"page-product-box tab-pane fade in active\">\n<div class=\"rte\">\n<section id=\"descriptionTab\" class=\"page-product-box tab-pane fade in active\">\n<div class=\"rte\">\n<section id=\"descriptionTab\" class=\"page-product-box tab-pane fade in active\">\n<div class=\"rte\">\n<section id=\"descriptionTab\" class=\"page-product-box tab-pane fade in active\">\n<div class=\"rte\">\n<section id=\"descriptionTab\" class=\"page-product-box tab-pane fade in active\">\n<div class=\"rte\">\n<section id=\"descriptionTab\" class=\"page-product-box tab-pane fade in active\">\n<div class=\"rte\">\n<section id=\"descriptionTab\" class=\"page-product-box tab-pane fade in active\">\n<div class=\"rte\">\n<section id=\"descriptionTab\" class=\"page-product-box tab-pane fade in active\">\n<div class=\"rte\">\n<section id=\"descriptionTab\" class=\"page-product-box tab-pane fade in active\">\n<div class=\"rte\">\n<section id=\"descriptionTab\" class=\"page-product-box tab-pane fade in active\">\n<div class=\"rte\">\n<section id=\"descriptionTab\" class=\"page-product-box tab-pane fade in active\">\n<div class=\"rte\">\n<section id=\"descriptionTab\" class=\"page-product-box tab-pane fade in active\">\n<div class=\"rte\">\n<section id=\"descriptionTab\" class=\"page-product-box tab-pane fade in active\">\n<div class=\"rte\">\n<section id=\"descriptionTab\" class=\"page-product-box tab-pane fade in active\">\n<div class=\"rte\">\n<section id=\"descriptionTab\" class=\"page-product-box tab-pane fade in active\">\n<div class=\"rte\">\n<section id=\"descriptionTab\" class=\"page-product-box tab-pane fade in active\">\n<div class=\"rte\">\n<section id=\"descriptionTab\" class=\"page-product-box tab-pane fade in active\">\n<div class=\"rte\">\n<section id=\"descriptionTab\" class=\"page-product-box tab-pane fade in active\">\n<div class=\"rte\">\n<section id=\"descriptionTab\" class=\"page-product-box tab-pane fade in active\">\n<div class=\"rte\">\n<section id=\"descriptionTab\" class=\"page-product-box tab-pane fade in active\">\n<div class=\"rte\">\n<section id=\"descriptionTab\" class=\"page-product-box tab-pane fade in active\">\n<div class=\"rte\">\n<section id=\"descriptionTab\" class=\"page-product-box tab-pane fade in active\">\n<div class=\"rte\">\n<section id=\"descriptionTab\" class=\"page-product-box tab-pane fade in active\">\n<section id=\"descriptionTab\" class=\"page-product-box tab-pane fade in active\">\n<section id=\"descriptionTab\" class=\"page-product-box tab-pane fade in active\">\n<div class=\"rte\">\n<section id=\"descriptionTab\" class=\"page-product-box tab-pane fade in active\">\n<div class=\"rte\">\n<section id=\"descriptionTab\" class=\"page-product-box tab-pane fade in active\">\n<div class=\"rte\">\n<p><strong>Zutatenliste:<\/strong><br \/>\nZutaten der dehydrierten Zubereitung: Reis 82%, Gem\u00fcse 6,6% (Erbsen, Karotten, rote Paprika, Zwiebeln, Lauch), Salz, Laktose, chinesische schwarze Champignons 1,8% (Auricularia auricula), Geschmacksverst\u00e4rker: Mononatriumglutamat, Pflanzenfett, hydrolysierte Pflanzenproteine, Knoblauch, Milchproteine, Glukosesirup, Pfeffer, Weizenmehl. <strong>Frei von Konservierungsstoffen<\/strong><\/p>\n<p><strong>Kochanleitung:<\/strong><br \/>\nGeben Sie den Inhalt des Beutels in einen Topf (20\u201322 cm Durchmesser) und 500 ml kaltes Wasser. Geben Sie 2 Essl\u00f6ffel \u00d6l hinzu und kochen Sie alles bei mittlerer Hitze ohne Deckel etwa 5\u20137 Minuten lang unter gelegentlichem R\u00fchren, bis das Wasser vollst\u00e4ndig aufgesogen ist. Bei starker Hitze etwa 1 Minute unter st\u00e4ndigem R\u00fchren anbraten.<\/p>\n<p><strong>Zubereitung in der Mikrowelle:<\/strong><br \/>\nDen Beutelinhalt in 500 ml kaltes Wasser geben und bei 800 W 13\u201315 Minuten kochen.<\/p>\n<p><strong>Organoleptische Eigenschaften:<\/strong><br \/>\nKantonesischer Reis ist eine ausgezeichnete Beilage zu Fleisch- oder Fischgerichten. Sein delikater Geschmack \u00fcberdeckt die Gerichte, die er begleitet, nicht.<br \/>\nDurch die Anwesenheit von Gem\u00fcse und Pilzen wird die Pr\u00e4sentation des Produkts attraktiv.<\/p>\n<p><strong>Durchschnittliche N\u00e4hrwerte pro 100 g dehydriertes Produkt:<\/strong><br \/>\nEnergiewert 341 kcal (1448 kJ)<br \/>\nEiwei\u00df 9,9 g<br \/>\nKohlenhydrate 72 g<br \/>\nFett 1,5 g<\/p>\n<p><strong>Haltbarkeit:<\/strong> 18 Monate ab Produktionsdatum<\/p>\n<\/div>\n<\/section>\n<\/div>\n<\/section>\n<\/div>\n<\/section>\n<\/section>\n<\/section>\n<\/div>\n<\/section>\n<\/div>\n<\/section>\n<\/div>\n<\/section>\n<\/div>\n<\/section>\n<\/div>\n<\/section>\n<\/div>\n<\/section>\n<\/div>\n<\/section>\n<\/div>\n<\/section>\n<\/div>\n<\/section>\n<\/div>\n<\/section>\n<\/div>\n<\/section>\n<\/div>\n<\/section>\n<\/div>\n<\/section>\n<\/div>\n<\/section>\n<\/div>\n<\/section>\n<\/div>\n<\/section>\n<\/div>\n<\/section>\n<\/div>\n<\/section>\n<\/div>\n<\/section>\n<\/div>\n<\/section>\n<\/div>\n<\/section>\n<\/div>\n<\/section>\n<\/div>\n<\/section>\n<\/div>\n<\/section>\n<\/div>\n<\/section>\n<\/div>\n<\/section>\n<\/div>\n<\/section>\n<\/div>\n<\/section>\n<\/div>\n<\/section>\n<\/div>\n<\/section>\n<\/div>\n<\/section>\n<\/div>\n<\/section>\n<\/div>\n<\/section>\n<\/div>\n<\/section>\n<\/div>\n<\/section>\n<\/div>\n<\/section>\n<\/div>\n<\/section>\n<\/div>\n<\/section>\n<\/div>\n<\/section>\n<\/div>\n<\/section>\n<\/div>\n<\/section>\n<\/div>\n<\/section>\n<\/div>\n<\/section>\n<\/div>\n<\/section>\n<\/div>\n<\/section>\n<\/div>\n<\/section>\n<\/div>\n<\/section>\n<\/div>\n<\/section>\n<\/div>\n<\/section>\n<\/div>\n<\/section>\n<\/div>\n<\/section>\n<\/div>\n<\/section>\n<\/div>\n<\/section>\n<\/div>\n<\/section>\n<\/div>\n<\/section>\n<\/div>\n<\/section>\n<\/div>\n<\/section>\n<\/div>\n<\/section>\n<\/div>\n<\/section>\n<\/div>\n<\/section>\n<\/div>\n<\/section>\n<p><strong>SIGN ITALIEN<\/strong> produziert eine gro\u00dfe Auswahl an dehydrierten Fertiggerichten mit typisch italienischen Rezepten: Risottos, Pasta, Spaghetti, Gnocchi, Tortellini, Suppen, Saucen, Polenta usw.<\/p>\n<div>\n<div>Klicken <a href=\"https:\/\/tuttostore.com\/de\/vendor\/firma-italia-s-p-a\/\">Hier <\/a>um alle Produkte von FIRMA ITALIA zu entdecken<\/div>\n<div>Klicken <a href=\"https:\/\/firmaitalia.it\/\">Hier <\/a>um die Homepage von FIRMA ITALIA zu besuchen<\/div>\n<\/div>","protected":false},"excerpt":{"rendered":"<div id=\"short_description_content\" class=\"rte align_justify\">\n<p><strong>Mindestbestellmenge: zehn Produkte zur Auswahl im Firma Italia Store<\/strong><\/p>\n<p><strong>Anzahl der Portionen:<\/strong> 2<br \/>\n<strong>Allergene:<\/strong> Gluten, Milch.<br \/>\n<strong>Nettogewicht:<\/strong> 165 g<\/p>\n<\/div>","protected":false},"featured_media":15911,"comment_status":"open","ping_status":"closed","template":"","meta":{"_acf_changed":false},"product_brand":[],"product_cat":[3887],"product_tag":[215],"class_list":{"0":"post-14445","1":"product","2":"type-product","3":"status-publish","4":"has-post-thumbnail","6":"product_cat-alimentazione","7":"product_tag-riso-cantonese","8":"product_shipping_class-firma-italia","9":"pa_vendors-firma-italia-s-p-a","11":"first","12":"outofstock","13":"taxable","14":"shipping-taxable","15":"purchasable","16":"product-type-simple","swatches":"rey-swatches","show_selected":""},"acf":[],"_links":{"self":[{"href":"https:\/\/tuttostore.com\/de\/wp-json\/wp\/v2\/product\/14445","targetHints":{"allow":["GET"]}}],"collection":[{"href":"https:\/\/tuttostore.com\/de\/wp-json\/wp\/v2\/product"}],"about":[{"href":"https:\/\/tuttostore.com\/de\/wp-json\/wp\/v2\/types\/product"}],"replies":[{"embeddable":true,"href":"https:\/\/tuttostore.com\/de\/wp-json\/wp\/v2\/comments?post=14445"}],"wp:featuredmedia":[{"embeddable":true,"href":"https:\/\/tuttostore.com\/de\/wp-json\/wp\/v2\/media\/15911"}],"wp:attachment":[{"href":"https:\/\/tuttostore.com\/de\/wp-json\/wp\/v2\/media?parent=14445"}],"wp:term":[{"taxonomy":"product_brand","embeddable":true,"href":"https:\/\/tuttostore.com\/de\/wp-json\/wp\/v2\/product_brand?post=14445"},{"taxonomy":"product_cat","embeddable":true,"href":"https:\/\/tuttostore.com\/de\/wp-json\/wp\/v2\/product_cat?post=14445"},{"taxonomy":"product_tag","embeddable":true,"href":"https:\/\/tuttostore.com\/de\/wp-json\/wp\/v2\/product_tag?post=14445"}],"curies":[{"name":"wp","href":"https:\/\/api.w.org\/{rel}","templated":true}]}}