{"id":14456,"date":"2018-11-05T15:18:04","date_gmt":"2018-11-05T14:18:04","guid":{"rendered":"https:\/\/tuttostore.com\/prodotto\/salsa-ai-funghi\/"},"modified":"2025-05-30T15:16:15","modified_gmt":"2025-05-30T13:16:15","slug":"salsa-ai-funghi","status":"publish","type":"product","link":"https:\/\/tuttostore.com\/de\/produkt\/salsa-ai-funghi\/","title":{"rendered":"Pilzsauce"},"content":{"rendered":"<h1>Pilzsauce<\/h1>\n<section id=\"descriptionTab\" class=\"page-product-box tab-pane fade in active\">\n<div class=\"rte\">\n<section id=\"descriptionTab\" class=\"page-product-box tab-pane fade in active\">\n<div class=\"rte\">\n<section id=\"descriptionTab\" class=\"page-product-box tab-pane fade in active\">\n<div class=\"rte\">\n<section id=\"descriptionTab\" class=\"page-product-box tab-pane fade in active\">\n<div class=\"rte\">\n<section id=\"descriptionTab\" class=\"page-product-box tab-pane fade in active\">\n<div class=\"rte\">\n<section id=\"descriptionTab\" class=\"page-product-box tab-pane fade in active\">\n<div class=\"rte\">\n<section id=\"descriptionTab\" class=\"page-product-box tab-pane fade in active\">\n<div class=\"rte\">\n<section id=\"descriptionTab\" class=\"page-product-box tab-pane fade in active\">\n<div class=\"rte\">\n<section id=\"descriptionTab\" class=\"page-product-box tab-pane fade in active\">\n<div class=\"rte\">\n<section id=\"descriptionTab\" class=\"page-product-box tab-pane fade in active\">\n<div class=\"rte\">\n<section id=\"descriptionTab\" class=\"page-product-box tab-pane fade in active\">\n<div class=\"rte\">\n<section id=\"descriptionTab\" class=\"page-product-box tab-pane fade in active\">\n<div class=\"rte\">\n<section id=\"descriptionTab\" class=\"page-product-box tab-pane fade in active\">\n<div class=\"rte\">\n<section id=\"descriptionTab\" class=\"page-product-box tab-pane fade in active\">\n<div class=\"rte\">\n<section id=\"descriptionTab\" class=\"page-product-box tab-pane fade in active\">\n<div class=\"rte\">\n<section id=\"descriptionTab\" class=\"page-product-box tab-pane fade in active\">\n<div class=\"rte\">\n<section id=\"descriptionTab\" class=\"page-product-box tab-pane fade in active\">\n<div class=\"rte\">\n<section id=\"descriptionTab\" class=\"page-product-box tab-pane fade in active\">\n<div class=\"rte\">\n<section id=\"descriptionTab\" class=\"page-product-box tab-pane fade in active\">\n<div class=\"rte\">\n<section id=\"descriptionTab\" class=\"page-product-box tab-pane fade in active\">\n<div class=\"rte\">\n<section id=\"descriptionTab\" class=\"page-product-box tab-pane fade in active\">\n<div class=\"rte\">\n<section id=\"descriptionTab\" class=\"page-product-box tab-pane fade in active\">\n<div class=\"rte\">\n<section id=\"descriptionTab\" class=\"page-product-box tab-pane fade in active\">\n<div class=\"rte\">\n<section id=\"descriptionTab\" class=\"page-product-box tab-pane fade in active\">\n<div class=\"rte\">\n<section id=\"descriptionTab\" class=\"page-product-box tab-pane fade in active\">\n<div class=\"rte\">\n<section id=\"descriptionTab\" class=\"page-product-box tab-pane fade in active\">\n<div class=\"rte\">\n<section id=\"descriptionTab\" class=\"page-product-box tab-pane fade in active\">\n<div class=\"rte\">\n<section id=\"descriptionTab\" class=\"page-product-box tab-pane fade in active\">\n<div class=\"rte\">\n<section id=\"descriptionTab\" class=\"page-product-box tab-pane fade in active\">\n<div class=\"rte\">\n<section id=\"descriptionTab\" class=\"page-product-box tab-pane fade in active\">\n<div class=\"rte\">\n<section id=\"descriptionTab\" class=\"page-product-box tab-pane fade in active\">\n<div class=\"rte\">\n<section id=\"descriptionTab\" class=\"page-product-box tab-pane fade in active\">\n<div class=\"rte\">\n<section id=\"descriptionTab\" class=\"page-product-box tab-pane fade in active\">\n<div class=\"rte\">\n<section id=\"descriptionTab\" class=\"page-product-box tab-pane fade in active\">\n<div class=\"rte\">\n<section id=\"descriptionTab\" class=\"page-product-box tab-pane fade in active\">\n<div class=\"rte\">\n<section id=\"descriptionTab\" class=\"page-product-box tab-pane fade in active\">\n<div class=\"rte\">\n<section id=\"descriptionTab\" class=\"page-product-box tab-pane fade in active\">\n<div class=\"rte\">\n<section id=\"descriptionTab\" class=\"page-product-box tab-pane fade in active\">\n<div class=\"rte\">\n<section id=\"descriptionTab\" class=\"page-product-box tab-pane fade in active\">\n<div class=\"rte\">\n<section id=\"descriptionTab\" class=\"page-product-box tab-pane fade in active\">\n<div class=\"rte\">\n<section id=\"descriptionTab\" class=\"page-product-box tab-pane fade in active\">\n<div class=\"rte\">\n<section id=\"descriptionTab\" class=\"page-product-box tab-pane fade in active\">\n<div class=\"rte\">\n<section id=\"descriptionTab\" class=\"page-product-box tab-pane fade in active\">\n<div class=\"rte\">\n<section id=\"descriptionTab\" class=\"page-product-box tab-pane fade in active\">\n<div class=\"rte\">\n<section id=\"descriptionTab\" class=\"page-product-box tab-pane fade in active\">\n<div class=\"rte\">\n<section id=\"descriptionTab\" class=\"page-product-box tab-pane fade in active\">\n<div class=\"rte\">\n<section id=\"descriptionTab\" class=\"page-product-box tab-pane fade in active\">\n<div class=\"rte\">\n<section id=\"descriptionTab\" class=\"page-product-box tab-pane fade in active\">\n<div class=\"rte\">\n<section id=\"descriptionTab\" class=\"page-product-box tab-pane fade in active\">\n<div class=\"rte\">\n<section id=\"descriptionTab\" class=\"page-product-box tab-pane fade in active\">\n<div class=\"rte\">\n<section id=\"descriptionTab\" class=\"page-product-box tab-pane fade in active\">\n<div class=\"rte\">\n<section id=\"descriptionTab\" class=\"page-product-box tab-pane fade in active\">\n<div class=\"rte\">\n<section id=\"descriptionTab\" class=\"page-product-box tab-pane fade in active\">\n<div class=\"rte\">\n<section id=\"descriptionTab\" class=\"page-product-box tab-pane fade in active\">\n<div class=\"rte\">\n<section id=\"descriptionTab\" class=\"page-product-box tab-pane fade in active\">\n<div class=\"rte\">\n<section id=\"descriptionTab\" class=\"page-product-box tab-pane fade in active\">\n<div class=\"rte\">\n<section id=\"descriptionTab\" class=\"page-product-box tab-pane fade in active\">\n<div class=\"rte\">\n<section id=\"descriptionTab\" class=\"page-product-box tab-pane fade in active\">\n<div class=\"rte\">\n<section id=\"descriptionTab\" class=\"page-product-box tab-pane fade in active\">\n<div class=\"rte\">\n<section id=\"descriptionTab\" class=\"page-product-box tab-pane fade in active\">\n<div class=\"rte\">\n<section id=\"descriptionTab\" class=\"page-product-box tab-pane fade in active\">\n<div class=\"rte\">\n<section id=\"descriptionTab\" class=\"page-product-box tab-pane fade in active\">\n<section id=\"descriptionTab\" class=\"page-product-box tab-pane fade in active\">\n<section id=\"descriptionTab\" class=\"page-product-box tab-pane fade in active\">\n<div class=\"rte\">\n<section id=\"descriptionTab\" class=\"page-product-box tab-pane fade in active\">\n<div class=\"rte\">\n<section id=\"descriptionTab\" class=\"page-product-box tab-pane fade in active\">\n<div class=\"rte\">\n<section id=\"descriptionTab\" class=\"page-product-box tab-pane fade in active\">\n<div class=\"rte\">\n<p>Die Sauce, wie vorgeschlagen zubereitet, ist hellgelb und gro\u00dfz\u00fcgig mit gehackten Pilzen gef\u00fcllt. Die Konsistenz ist glatt und samtig; der Geschmack ist vollmundig, w\u00fcrzig und typisch f\u00fcr Pilze.<br \/>\nDie Sauce kann zu Pasta, Tortellini, Fleisch, Reis, H\u00fchnchen, Kartoffeln und Gem\u00fcse verwendet werden.\u00a0<strong>Frei von Konservierungsstoffen<\/strong><\/p>\n<p><strong>Zutatenliste:<\/strong><br \/>\nPilze 13% (Champignons: Agaricus bisporus, Steinpilze: Boletus edulis), Weizenst\u00e4rke (enth\u00e4lt Weizen), Pflanzenfett, Kartoffelst\u00e4rke, Laktose, Salz, Milchproteine, hydrolysierte Pflanzenproteine, Hefeextrakt, Geschmacksverst\u00e4rker: Mononatriumglutamat, Zwiebel, Glukosesirup, Aromen, Petersilie, Knoblauch.<\/p>\n<p><strong>Kochanleitung<\/strong><br \/>\nDen Beutelinhalt und ein St\u00fcck Butter oder Margarine in 350 ml kalte Milch geben und gut verr\u00fchren. Unter st\u00e4ndigem R\u00fchren aufkochen und bei schwacher Hitze ca. 2 Minuten kochen lassen.<\/p>\n<p><strong>Durchschnittliche N\u00e4hrwerte pro 100g Produkt:<\/strong><\/p>\n<p>Energiewert 117 kcal (490 kJ)<br \/>\nFett 4,5 g<br \/>\ndavon ges\u00e4ttigte Fetts\u00e4uren 0,6 g<br \/>\nKohlenhydrate 8,9 g<br \/>\ndavon Zucker 6,2 g<br \/>\nEiwei\u00df 4,4 g<br \/>\nNatrium 1,4<\/p>\n<p><strong>Haltbarkeit:<\/strong>\u00a024 Monate ab Produktionsdatum<\/p>\n<\/div>\n<\/section>\n<\/div>\n<\/section>\n<\/div>\n<\/section>\n<\/div>\n<\/section>\n<\/section>\n<\/section>\n<\/div>\n<\/section>\n<\/div>\n<\/section>\n<\/div>\n<\/section>\n<\/div>\n<\/section>\n<\/div>\n<\/section>\n<\/div>\n<\/section>\n<\/div>\n<\/section>\n<\/div>\n<\/section>\n<\/div>\n<\/section>\n<\/div>\n<\/section>\n<\/div>\n<\/section>\n<\/div>\n<\/section>\n<\/div>\n<\/section>\n<\/div>\n<\/section>\n<\/div>\n<\/section>\n<\/div>\n<\/section>\n<\/div>\n<\/section>\n<\/div>\n<\/section>\n<\/div>\n<\/section>\n<\/div>\n<\/section>\n<\/div>\n<\/section>\n<\/div>\n<\/section>\n<\/div>\n<\/section>\n<\/div>\n<\/section>\n<\/div>\n<\/section>\n<\/div>\n<\/section>\n<\/div>\n<\/section>\n<\/div>\n<\/section>\n<\/div>\n<\/section>\n<\/div>\n<\/section>\n<\/div>\n<\/section>\n<\/div>\n<\/section>\n<\/div>\n<\/section>\n<\/div>\n<\/section>\n<\/div>\n<\/section>\n<\/div>\n<\/section>\n<\/div>\n<\/section>\n<\/div>\n<\/section>\n<\/div>\n<\/section>\n<\/div>\n<\/section>\n<\/div>\n<\/section>\n<\/div>\n<\/section>\n<\/div>\n<\/section>\n<\/div>\n<\/section>\n<\/div>\n<\/section>\n<\/div>\n<\/section>\n<\/div>\n<\/section>\n<\/div>\n<\/section>\n<\/div>\n<\/section>\n<\/div>\n<\/section>\n<\/div>\n<\/section>\n<\/div>\n<\/section>\n<\/div>\n<\/section>\n<\/div>\n<\/section>\n<\/div>\n<\/section>\n<\/div>\n<\/section>\n<\/div>\n<\/section>\n<\/div>\n<\/section>\n<\/div>\n<\/section>\n<\/div>\n<\/section>\n<\/div>\n<\/section>\n<p><strong>SIGN ITALIEN<\/strong> produziert eine gro\u00dfe Auswahl an dehydrierten Fertiggerichten mit typisch italienischen Rezepten: Risottos, Pasta, Spaghetti, Gnocchi, Tortellini, Suppen, Saucen, Polenta usw.<\/p>\n<div>\n<div>Klicken <a href=\"https:\/\/tuttostore.com\/de\/vendor\/firma-italia-s-p-a\/\">Hier <\/a>um alle Produkte von FIRMA ITALIA zu entdecken<\/div>\n<div>Klicken <a href=\"https:\/\/firmaitalia.it\/\">Hier <\/a>um die Homepage von FIRMA ITALIA zu besuchen<\/div>\n<\/div>","protected":false},"excerpt":{"rendered":"<p><strong>Mindestbestellmenge: zehn Produkte zur Auswahl im Firma Italia Store<\/strong><\/p>\n<p><strong>Anzahl der Portionen<\/strong>\u00a04<\/p>\n<p><strong>Allergene:<\/strong>\u00a0Enth\u00e4lt Weizen und Milch. Kann Spuren von Sellerie und Eiern enthalten.<\/p>","protected":false},"featured_media":16216,"comment_status":"open","ping_status":"closed","template":"","meta":{"_acf_changed":false},"product_brand":[],"product_cat":[3887],"product_tag":[227],"class_list":{"0":"post-14456","1":"product","2":"type-product","3":"status-publish","4":"has-post-thumbnail","6":"product_cat-alimentazione","7":"product_tag-salsa-ai-funghi","8":"product_shipping_class-firma-italia","9":"pa_vendors-firma-italia-s-p-a","11":"first","12":"outofstock","13":"taxable","14":"shipping-taxable","15":"purchasable","16":"product-type-simple","swatches":"rey-swatches","show_selected":""},"acf":[],"_links":{"self":[{"href":"https:\/\/tuttostore.com\/de\/wp-json\/wp\/v2\/product\/14456","targetHints":{"allow":["GET"]}}],"collection":[{"href":"https:\/\/tuttostore.com\/de\/wp-json\/wp\/v2\/product"}],"about":[{"href":"https:\/\/tuttostore.com\/de\/wp-json\/wp\/v2\/types\/product"}],"replies":[{"embeddable":true,"href":"https:\/\/tuttostore.com\/de\/wp-json\/wp\/v2\/comments?post=14456"}],"wp:featuredmedia":[{"embeddable":true,"href":"https:\/\/tuttostore.com\/de\/wp-json\/wp\/v2\/media\/16216"}],"wp:attachment":[{"href":"https:\/\/tuttostore.com\/de\/wp-json\/wp\/v2\/media?parent=14456"}],"wp:term":[{"taxonomy":"product_brand","embeddable":true,"href":"https:\/\/tuttostore.com\/de\/wp-json\/wp\/v2\/product_brand?post=14456"},{"taxonomy":"product_cat","embeddable":true,"href":"https:\/\/tuttostore.com\/de\/wp-json\/wp\/v2\/product_cat?post=14456"},{"taxonomy":"product_tag","embeddable":true,"href":"https:\/\/tuttostore.com\/de\/wp-json\/wp\/v2\/product_tag?post=14456"}],"curies":[{"name":"wp","href":"https:\/\/api.w.org\/{rel}","templated":true}]}}