{"id":14469,"date":"2018-11-06T16:29:08","date_gmt":"2018-11-06T15:29:08","guid":{"rendered":"https:\/\/tuttostore.com\/prodotto\/block-spray-bloccante-manopole-e-carbonio\/"},"modified":"2025-07-25T09:31:17","modified_gmt":"2025-07-25T07:31:17","slug":"block-spray-bloccante-manopole-e-carbonio","status":"publish","type":"product","link":"https:\/\/tuttostore.com\/de\/produkt\/block-spray-bloccante-manopole-e-carbonio\/","title":{"rendered":"Blockspray f\u00fcr Feststellgriffe und Carbon"},"content":{"rendered":"<div>\n<h1>Blockspray f\u00fcr Feststellgriffe und Carbon<\/h1>\n<div>\n<p>Es h\u00e4lt sowohl Gummi- als auch Schaumstoffgriffe perfekt fest und verhindert so gef\u00e4hrliche und ungewollte Bewegungen. Vor der Installation aufspr\u00fchen und einige Minuten leicht trocknen lassen, damit das Produkt vollst\u00e4ndig trocknen kann.<br \/>\nBLOCK besch\u00e4digt keine Materialien wie Carbon, Leichtmetalle wie spezielle Aluminium-, Titan- und Magnesiumlegierungen und ver\u00e4ndert den Lack nicht. Es ist kein Klebstoff und erm\u00f6glicht so eine einfache, fachgerechte und besch\u00e4digungsfreie Demontage.<\/p>\n<p>INDIKATIVE MERKMALE<br \/>\nPhysikalischer Zustand Spr\u00fchprodukt<br \/>\nTrockenes Schleierbild<br \/>\nGeruch: Leicht alkoholisch<br \/>\npH-Wert Nicht signifikant<br \/>\nFlammpunkt Hochentz\u00fcndlich<br \/>\nWasserl\u00f6slichkeit Unl\u00f6slich<br \/>\n\u00d6ll\u00f6slichkeit Unl\u00f6slich<br \/>\n400 ml Flaschenvorrat<\/p>\n<p>Fimo srl wurde 1976 als Hersteller von industriellen Wartungsprodukten, Schmiermitteln, L\u00f6sungs- und Reinigungsmitteln gegr\u00fcndet. Neben diesem Kerngesch\u00e4ft hat das Unternehmen im Laufe der Jahre dank seiner Erfahrung im industriellen Bereich eine Produktlinie f\u00fcr die Schmierung von Kartketten entwickelt.<\/p>\n<div>\n<div>\n<div>\n<div>\n<p>Klicken <a href=\"https:\/\/tuttostore.com\/de\/vendor\/fimo-srl\/\">Hier<\/a> um alle FIMO Produkte zu entdecken<\/p>\n<\/div>\n<\/div>\n<div>Klicken <a href=\"http:\/\/www.fimo.it\/2016\/it\/\">Hier<\/a> um die FIMO Homepage zu besuchen<\/div>\n<\/div>\n<\/div>\n<\/div>\n<\/div>","protected":false},"excerpt":{"rendered":"<p>Rutschfest f\u00fcr den perfekten Halt von Carbon-Verbindungsst\u00fccken wie Sattelst\u00fctze oder Fahrrad-Lenkervorbau.<\/p>\n<p>400 ml Flasche<\/p>","protected":false},"featured_media":991,"comment_status":"open","ping_status":"closed","template":"","meta":{"_acf_changed":false},"product_brand":[],"product_cat":[3898],"product_tag":[281],"class_list":{"0":"post-14469","1":"product","2":"type-product","3":"status-publish","4":"has-post-thumbnail","6":"product_cat-sport-e-tempo-libero","7":"product_tag-block-spray-bloccante-manopole-e-carbonio","8":"product_shipping_class-fimo-srl","9":"pa_vendors-fimo-srl","11":"first","12":"instock","13":"taxable","14":"shipping-taxable","15":"purchasable","16":"product-type-simple","swatches":"rey-swatches","show_selected":""},"acf":[],"_links":{"self":[{"href":"https:\/\/tuttostore.com\/de\/wp-json\/wp\/v2\/product\/14469","targetHints":{"allow":["GET"]}}],"collection":[{"href":"https:\/\/tuttostore.com\/de\/wp-json\/wp\/v2\/product"}],"about":[{"href":"https:\/\/tuttostore.com\/de\/wp-json\/wp\/v2\/types\/product"}],"replies":[{"embeddable":true,"href":"https:\/\/tuttostore.com\/de\/wp-json\/wp\/v2\/comments?post=14469"}],"wp:featuredmedia":[{"embeddable":true,"href":"https:\/\/tuttostore.com\/de\/wp-json\/wp\/v2\/media\/991"}],"wp:attachment":[{"href":"https:\/\/tuttostore.com\/de\/wp-json\/wp\/v2\/media?parent=14469"}],"wp:term":[{"taxonomy":"product_brand","embeddable":true,"href":"https:\/\/tuttostore.com\/de\/wp-json\/wp\/v2\/product_brand?post=14469"},{"taxonomy":"product_cat","embeddable":true,"href":"https:\/\/tuttostore.com\/de\/wp-json\/wp\/v2\/product_cat?post=14469"},{"taxonomy":"product_tag","embeddable":true,"href":"https:\/\/tuttostore.com\/de\/wp-json\/wp\/v2\/product_tag?post=14469"}],"curies":[{"name":"wp","href":"https:\/\/api.w.org\/{rel}","templated":true}]}}