{"id":14470,"date":"2018-11-06T16:34:44","date_gmt":"2018-11-06T15:34:44","guid":{"rendered":"https:\/\/tuttostore.com\/prodotto\/carbolux-lucidante-carbonio-spray-400ml\/"},"modified":"2025-05-20T14:13:20","modified_gmt":"2025-05-20T12:13:20","slug":"carbolux-lucidante-carbonio-spray-400ml","status":"publish","type":"product","link":"https:\/\/tuttostore.com\/de\/produkt\/carbolux-lucidante-carbonio-spray-400ml\/","title":{"rendered":"Carbolux Carbon Politur Spray 400ml"},"content":{"rendered":"<div>\n<h1>Carbolux Carbon Politur Spray 400ml<\/h1>\n<div>\n<p>Carbolux eignet sich hervorragend zur Reinigung von Speichen- und Vollcarbonr\u00e4dern. Es greift Kunststoffteile nicht an, sondern belebt und sch\u00fctzt sie.<br \/>\nHervorragend geeignet f\u00fcr Aluminium-, Titan- und Magnesiumlegierungen. Der spezielle Aktiv-Reinigungsschaum von Carbolux reinigt alle Rahmenteile m\u00fchelos und gr\u00fcndlich. Mit Carbolux behandelte Teile bleiben lange gl\u00e4nzend und hell und verf\u00e4rben sich weniger leicht.<br \/>\nEs reinigt und poliert auch Helme gr\u00fcndlich und enth\u00e4lt keine ozonsch\u00e4digenden Substanzen.<\/p>\n<p>Fimo srl wurde 1976 als Hersteller von industriellen Wartungsprodukten, Schmiermitteln, L\u00f6sungs- und Reinigungsmitteln gegr\u00fcndet. Neben diesem Kerngesch\u00e4ft hat das Unternehmen im Laufe der Jahre dank seiner Erfahrung im industriellen Bereich eine Produktlinie f\u00fcr die Schmierung von Kartketten entwickelt.<\/p>\n<div>\n<div>\n<p>Klicken <a href=\"https:\/\/tuttostore.com\/de\/vendor\/fimo-srl\/\">Hier<\/a> um alle FIMO Produkte zu entdecken<\/p>\n<\/div>\n<\/div>\n<div>Klicken <a href=\"http:\/\/www.fimo.it\/2016\/it\/\">Hier<\/a> um die FIMO Homepage zu besuchen<\/div>\n<\/div>\n<\/div>","protected":false},"excerpt":{"rendered":"<p>Spr\u00fch-Reinigungsschaum zur schnellen und einfachen Reinigung von Carbonrahmen und allen anderen hochwertigen Fahrradkomponenten.<\/p>\n<p>400 ml Flasche<\/p>","protected":false},"featured_media":15713,"comment_status":"open","ping_status":"closed","template":"","meta":{"_acf_changed":false},"product_brand":[],"product_cat":[3898],"product_tag":[282],"class_list":{"0":"post-14470","1":"product","2":"type-product","3":"status-publish","4":"has-post-thumbnail","6":"product_cat-sport-e-tempo-libero","7":"product_tag-carbolux-lucidante-carbonio-spray-400ml","8":"product_shipping_class-fimo-srl","9":"pa_vendors-fimo-srl","11":"first","12":"instock","13":"taxable","14":"shipping-taxable","15":"purchasable","16":"product-type-simple","swatches":"rey-swatches","show_selected":""},"acf":[],"_links":{"self":[{"href":"https:\/\/tuttostore.com\/de\/wp-json\/wp\/v2\/product\/14470","targetHints":{"allow":["GET"]}}],"collection":[{"href":"https:\/\/tuttostore.com\/de\/wp-json\/wp\/v2\/product"}],"about":[{"href":"https:\/\/tuttostore.com\/de\/wp-json\/wp\/v2\/types\/product"}],"replies":[{"embeddable":true,"href":"https:\/\/tuttostore.com\/de\/wp-json\/wp\/v2\/comments?post=14470"}],"wp:featuredmedia":[{"embeddable":true,"href":"https:\/\/tuttostore.com\/de\/wp-json\/wp\/v2\/media\/15713"}],"wp:attachment":[{"href":"https:\/\/tuttostore.com\/de\/wp-json\/wp\/v2\/media?parent=14470"}],"wp:term":[{"taxonomy":"product_brand","embeddable":true,"href":"https:\/\/tuttostore.com\/de\/wp-json\/wp\/v2\/product_brand?post=14470"},{"taxonomy":"product_cat","embeddable":true,"href":"https:\/\/tuttostore.com\/de\/wp-json\/wp\/v2\/product_cat?post=14470"},{"taxonomy":"product_tag","embeddable":true,"href":"https:\/\/tuttostore.com\/de\/wp-json\/wp\/v2\/product_tag?post=14470"}],"curies":[{"name":"wp","href":"https:\/\/api.w.org\/{rel}","templated":true}]}}