{"id":14471,"date":"2018-11-06T16:38:09","date_gmt":"2018-11-06T15:38:09","guid":{"rendered":"https:\/\/tuttostore.com\/prodotto\/citrosol-solv-rimoz-colla\/"},"modified":"2025-05-21T14:38:34","modified_gmt":"2025-05-21T12:38:34","slug":"citrosol-solv-rimoz-colla","status":"publish","type":"product","link":"https:\/\/tuttostore.com\/de\/produkt\/citrosol-solv-rimoz-colla\/","title":{"rendered":"Citrosol-Leimentferner"},"content":{"rendered":"<div>\n<h1>Citrosol-Leimentferner<\/h1>\n<div>\n<p>Produkt zum Entfernen von Leim und Klebstoffen im Allgemeinen.<\/p>\n<p>Hervorragend geeignet zum Reinigen von eingetrockneten Kleberflecken bei Klebevorg\u00e4ngen und zur dauerhaften Beseitigung von Kleberesten nach der Demontage von Schalld\u00e4mmungen und Polsterungen im Automobilbereich.<\/p>\n<p>Professionelles Produkt.<\/p>\n<p>In einem gut bel\u00fcfteten Bereich verwenden und geeignete PSA (Handschuhe, Masken) tragen.<\/p>\n<p>Fimo srl wurde 1976 als Hersteller von industriellen Wartungsprodukten, Schmiermitteln, L\u00f6sungs- und Reinigungsmitteln gegr\u00fcndet. Neben diesem Kerngesch\u00e4ft hat das Unternehmen im Laufe der Jahre dank seiner Erfahrung im industriellen Bereich eine Produktlinie f\u00fcr die Schmierung von Kartketten entwickelt.<\/p>\n<div>\n<div>\n<p>Klicken <a href=\"https:\/\/tuttostore.com\/de\/vendor\/fimo-srl\/\">Hier<\/a> um alle FIMO Produkte zu entdecken<\/p>\n<\/div>\n<\/div>\n<div>Klicken <a href=\"http:\/\/www.fimo.it\/2016\/it\/\">Hier<\/a> um die FIMO Homepage zu besuchen<\/div>\n<\/div>\n<\/div>","protected":false},"excerpt":{"rendered":"<p>Produkt zum Entfernen von Leim und Klebstoffen im Allgemeinen.<\/p>\n<p>1-Liter-Eisendose.<\/p>","protected":false},"featured_media":15848,"comment_status":"open","ping_status":"closed","template":"","meta":{"_acf_changed":false},"product_brand":[],"product_cat":[3898],"product_tag":[283],"class_list":{"0":"post-14471","1":"product","2":"type-product","3":"status-publish","4":"has-post-thumbnail","6":"product_cat-sport-e-tempo-libero","7":"product_tag-citrosol-solv-rimoz-colla","8":"product_shipping_class-fimo-srl","9":"pa_vendors-fimo-srl","11":"first","12":"instock","13":"taxable","14":"shipping-taxable","15":"purchasable","16":"product-type-simple","swatches":"rey-swatches","show_selected":""},"acf":[],"_links":{"self":[{"href":"https:\/\/tuttostore.com\/de\/wp-json\/wp\/v2\/product\/14471","targetHints":{"allow":["GET"]}}],"collection":[{"href":"https:\/\/tuttostore.com\/de\/wp-json\/wp\/v2\/product"}],"about":[{"href":"https:\/\/tuttostore.com\/de\/wp-json\/wp\/v2\/types\/product"}],"replies":[{"embeddable":true,"href":"https:\/\/tuttostore.com\/de\/wp-json\/wp\/v2\/comments?post=14471"}],"wp:featuredmedia":[{"embeddable":true,"href":"https:\/\/tuttostore.com\/de\/wp-json\/wp\/v2\/media\/15848"}],"wp:attachment":[{"href":"https:\/\/tuttostore.com\/de\/wp-json\/wp\/v2\/media?parent=14471"}],"wp:term":[{"taxonomy":"product_brand","embeddable":true,"href":"https:\/\/tuttostore.com\/de\/wp-json\/wp\/v2\/product_brand?post=14471"},{"taxonomy":"product_cat","embeddable":true,"href":"https:\/\/tuttostore.com\/de\/wp-json\/wp\/v2\/product_cat?post=14471"},{"taxonomy":"product_tag","embeddable":true,"href":"https:\/\/tuttostore.com\/de\/wp-json\/wp\/v2\/product_tag?post=14471"}],"curies":[{"name":"wp","href":"https:\/\/api.w.org\/{rel}","templated":true}]}}