{"id":14472,"date":"2018-11-06T16:43:33","date_gmt":"2018-11-06T15:43:33","guid":{"rendered":"https:\/\/tuttostore.com\/prodotto\/clean-bike-detergente-specifico\/"},"modified":"2025-05-20T14:16:16","modified_gmt":"2025-05-20T12:16:16","slug":"clean-bike-detergente-specifico","status":"publish","type":"product","link":"https:\/\/tuttostore.com\/de\/produkt\/clean-bike-detergente-specifico\/","title":{"rendered":"Fahrradspezifisches Reinigungsmittel reinigen"},"content":{"rendered":"<div>\n<h1>Fahrradspezifisches Reinigungsmittel reinigen<\/h1>\n<div>\n<p>Das Produkt greift Edelmetalle nicht an und erm\u00f6glicht eine schnelle und einfache Reinigung auch besonders verschmutzter Fahrzeuge.<\/p>\n<p>Durch die Verwendung modernster Rohstoffe in der Rezeptur wird die Umweltbelastung des Produkts reduziert. Das Produkt ist konzentriert und durch die M\u00f6glichkeit, verschiedene Verd\u00fcnnungen anzuwenden, besonders sparsam im Verbrauch.<\/p>\n<p>Denken Sie daran, nach dem Waschen und Trocknen des Fahrzeugs die normale Schmierung wiederherzustellen.<\/p>\n<p>Fimo srl wurde 1976 als Hersteller von industriellen Wartungsprodukten, Schmiermitteln, L\u00f6sungs- und Reinigungsmitteln gegr\u00fcndet. Neben diesem Kerngesch\u00e4ft hat das Unternehmen im Laufe der Jahre dank seiner Erfahrung im industriellen Bereich eine Produktlinie f\u00fcr die Schmierung von Kartketten entwickelt.<\/p>\n<div>\n<div>\n<p>Klicken <a href=\"https:\/\/tuttostore.com\/de\/vendor\/fimo-srl\/\">Hier<\/a> um alle FIMO Produkte zu entdecken<\/p>\n<\/div>\n<\/div>\n<div>Klicken <a href=\"http:\/\/www.fimo.it\/2016\/it\/\">Hier<\/a> um die FIMO Homepage zu besuchen<\/div>\n<\/div>\n<\/div>","protected":false},"excerpt":{"rendered":"<p>Konzentrierter Mehrzweckreiniger zum Reinigen von Rahmen, R\u00e4dern und Kettenr\u00e4dern von Stra\u00dfen- oder Motocross-Motorr\u00e4dern.<\/p>\n<p>5-Liter-Kanister<\/p>","protected":false},"featured_media":15715,"comment_status":"open","ping_status":"closed","template":"","meta":{"_acf_changed":false},"product_brand":[],"product_cat":[3898],"product_tag":[284],"class_list":{"0":"post-14472","1":"product","2":"type-product","3":"status-publish","4":"has-post-thumbnail","6":"product_cat-sport-e-tempo-libero","7":"product_tag-clean-bike-detergente-specifico","8":"product_shipping_class-fimo-srl","9":"pa_vendors-fimo-srl","11":"first","12":"instock","13":"taxable","14":"shipping-taxable","15":"purchasable","16":"product-type-simple","swatches":"rey-swatches","show_selected":""},"acf":[],"_links":{"self":[{"href":"https:\/\/tuttostore.com\/de\/wp-json\/wp\/v2\/product\/14472","targetHints":{"allow":["GET"]}}],"collection":[{"href":"https:\/\/tuttostore.com\/de\/wp-json\/wp\/v2\/product"}],"about":[{"href":"https:\/\/tuttostore.com\/de\/wp-json\/wp\/v2\/types\/product"}],"replies":[{"embeddable":true,"href":"https:\/\/tuttostore.com\/de\/wp-json\/wp\/v2\/comments?post=14472"}],"wp:featuredmedia":[{"embeddable":true,"href":"https:\/\/tuttostore.com\/de\/wp-json\/wp\/v2\/media\/15715"}],"wp:attachment":[{"href":"https:\/\/tuttostore.com\/de\/wp-json\/wp\/v2\/media?parent=14472"}],"wp:term":[{"taxonomy":"product_brand","embeddable":true,"href":"https:\/\/tuttostore.com\/de\/wp-json\/wp\/v2\/product_brand?post=14472"},{"taxonomy":"product_cat","embeddable":true,"href":"https:\/\/tuttostore.com\/de\/wp-json\/wp\/v2\/product_cat?post=14472"},{"taxonomy":"product_tag","embeddable":true,"href":"https:\/\/tuttostore.com\/de\/wp-json\/wp\/v2\/product_tag?post=14472"}],"curies":[{"name":"wp","href":"https:\/\/api.w.org\/{rel}","templated":true}]}}