{"id":14473,"date":"2018-11-06T16:46:44","date_gmt":"2018-11-06T15:46:44","guid":{"rendered":"https:\/\/tuttostore.com\/prodotto\/cleankart-detergente-multiuso-concentrato\/"},"modified":"2025-05-21T14:39:34","modified_gmt":"2025-05-21T12:39:34","slug":"cleankart-detergente-multiuso-concentrato","status":"publish","type":"product","link":"https:\/\/tuttostore.com\/de\/produkt\/cleankart-detergente-multiuso-concentrato\/","title":{"rendered":"Cleankart konzentrierter Mehrzweckreiniger"},"content":{"rendered":"<div>\n<h1>Cleankart konzentrierter Mehrzweckreiniger<\/h1>\n<div>\n<p>Das Produkt greift Edelmetalle nicht an und erm\u00f6glicht eine schnelle und einfache Reinigung auch stark verschmutzter Fahrzeuge.<\/p>\n<p>Durch die Verwendung von Rohstoffen der neuesten Generation in der Formulierung wird die Umweltvertr\u00e4glichkeit des Produkts verbessert.<br \/>\nDas Produkt ist konzentriert und durch die M\u00f6glichkeit der Anwendung unterschiedlicher Verd\u00fcnnungen besonders sparsam im Verbrauch.<\/p>\n<p>Denken Sie daran, nach dem Waschen und Trocknen des Fahrzeugs die normale Schmierung wiederherzustellen.<\/p>\n<p>Fimo srl wurde 1976 als Hersteller von industriellen Wartungsprodukten, Schmiermitteln, L\u00f6sungs- und Reinigungsmitteln gegr\u00fcndet. Neben diesem Kerngesch\u00e4ft hat das Unternehmen im Laufe der Jahre dank seiner Erfahrung im industriellen Bereich eine Produktlinie f\u00fcr die Schmierung von Kartketten entwickelt.<\/p>\n<div>\n<div>\n<p>Klicken <a href=\"https:\/\/tuttostore.com\/de\/vendor\/fimo-srl\/\">Hier<\/a> um alle FIMO Produkte zu entdecken<\/p>\n<\/div>\n<\/div>\n<div>Klicken <a href=\"http:\/\/www.fimo.it\/2016\/it\/\">Hier<\/a> um die FIMO Homepage zu besuchen<\/div>\n<\/div>\n<\/div>","protected":false},"excerpt":{"rendered":"<p>Konzentrierter Mehrzweckreiniger zur Reinigung von Go-Kart-Rahmen, R\u00e4dern und Kettenr\u00e4dern.<\/p>\n<p>5L Kanister<\/p>","protected":false},"featured_media":15849,"comment_status":"open","ping_status":"closed","template":"","meta":{"_acf_changed":false},"product_brand":[],"product_cat":[3898],"product_tag":[285],"class_list":{"0":"post-14473","1":"product","2":"type-product","3":"status-publish","4":"has-post-thumbnail","6":"product_cat-sport-e-tempo-libero","7":"product_tag-cleankart-detergente-multiuso-concentrato","8":"product_shipping_class-fimo-srl","9":"pa_vendors-fimo-srl","11":"first","12":"instock","13":"taxable","14":"shipping-taxable","15":"purchasable","16":"product-type-simple","swatches":"rey-swatches","show_selected":""},"acf":[],"_links":{"self":[{"href":"https:\/\/tuttostore.com\/de\/wp-json\/wp\/v2\/product\/14473","targetHints":{"allow":["GET"]}}],"collection":[{"href":"https:\/\/tuttostore.com\/de\/wp-json\/wp\/v2\/product"}],"about":[{"href":"https:\/\/tuttostore.com\/de\/wp-json\/wp\/v2\/types\/product"}],"replies":[{"embeddable":true,"href":"https:\/\/tuttostore.com\/de\/wp-json\/wp\/v2\/comments?post=14473"}],"wp:featuredmedia":[{"embeddable":true,"href":"https:\/\/tuttostore.com\/de\/wp-json\/wp\/v2\/media\/15849"}],"wp:attachment":[{"href":"https:\/\/tuttostore.com\/de\/wp-json\/wp\/v2\/media?parent=14473"}],"wp:term":[{"taxonomy":"product_brand","embeddable":true,"href":"https:\/\/tuttostore.com\/de\/wp-json\/wp\/v2\/product_brand?post=14473"},{"taxonomy":"product_cat","embeddable":true,"href":"https:\/\/tuttostore.com\/de\/wp-json\/wp\/v2\/product_cat?post=14473"},{"taxonomy":"product_tag","embeddable":true,"href":"https:\/\/tuttostore.com\/de\/wp-json\/wp\/v2\/product_tag?post=14473"}],"curies":[{"name":"wp","href":"https:\/\/api.w.org\/{rel}","templated":true}]}}