{"id":14474,"date":"2018-11-06T16:50:07","date_gmt":"2018-11-06T15:50:07","guid":{"rendered":"https:\/\/tuttostore.com\/prodotto\/crazy-bike-detergente-bike\/"},"modified":"2025-05-20T12:26:03","modified_gmt":"2025-05-20T10:26:03","slug":"crazy-bike-detergente-bike","status":"publish","type":"product","link":"https:\/\/tuttostore.com\/de\/produkt\/crazy-bike-detergente-bike\/","title":{"rendered":"Crazy Bike Fahrradreiniger"},"content":{"rendered":"<div>\n<h1>Crazy Bike Fahrradreiniger<\/h1>\n<div>\n<p>Das Produkt greift Edelmetalle nicht an und erm\u00f6glicht eine schnelle und einfache Reinigung auch besonders verschmutzter Fahrzeuge.<\/p>\n<p>Die Verwendung modernster Rohstoffe in der Formulierung reduziert die Umweltbelastung des Produkts. Das Produkt ist gebrauchsfertig und wird in einer praktischen Spr\u00fchflasche f\u00fcr eine einfache Anwendung geliefert.<\/p>\n<p>Denken Sie daran, nach dem Waschen und Trocknen des Fahrzeugs die normale Schmierung wiederherzustellen.<\/p>\n<p>Fimo srl wurde 1976 als Hersteller von industriellen Wartungsprodukten, Schmiermitteln, L\u00f6sungs- und Reinigungsmitteln gegr\u00fcndet. Neben diesem Kerngesch\u00e4ft hat das Unternehmen im Laufe der Jahre dank seiner Erfahrung im industriellen Bereich eine Produktlinie f\u00fcr die Schmierung von Kartketten entwickelt.<\/p>\n<div>\n<div>\n<p>Klicken <a href=\"https:\/\/tuttostore.com\/de\/vendor\/fimo-srl\/\">Hier<\/a> um alle FIMO Produkte zu entdecken<\/p>\n<\/div>\n<\/div>\n<div>Klicken <a href=\"http:\/\/www.fimo.it\/2016\/it\/\">Hier<\/a> um die FIMO Homepage zu besuchen<\/div>\n<\/div>\n<\/div>","protected":false},"excerpt":{"rendered":"<p>Mehrzweckreiniger zum Reinigen von Rahmen, R\u00e4dern und Kettenr\u00e4dern von Stra\u00dfen- oder Motocross-Motorr\u00e4dern.<\/p>\n<p>750 ml Flasche<\/p>","protected":false},"featured_media":15693,"comment_status":"open","ping_status":"closed","template":"","meta":{"_acf_changed":false},"product_brand":[],"product_cat":[3898],"product_tag":[286],"class_list":{"0":"post-14474","1":"product","2":"type-product","3":"status-publish","4":"has-post-thumbnail","6":"product_cat-sport-e-tempo-libero","7":"product_tag-crazy-bike-detergente-bike","8":"product_shipping_class-fimo-srl","9":"pa_vendors-fimo-srl","11":"first","12":"instock","13":"taxable","14":"shipping-taxable","15":"purchasable","16":"product-type-simple","swatches":"rey-swatches","show_selected":""},"acf":[],"_links":{"self":[{"href":"https:\/\/tuttostore.com\/de\/wp-json\/wp\/v2\/product\/14474","targetHints":{"allow":["GET"]}}],"collection":[{"href":"https:\/\/tuttostore.com\/de\/wp-json\/wp\/v2\/product"}],"about":[{"href":"https:\/\/tuttostore.com\/de\/wp-json\/wp\/v2\/types\/product"}],"replies":[{"embeddable":true,"href":"https:\/\/tuttostore.com\/de\/wp-json\/wp\/v2\/comments?post=14474"}],"wp:featuredmedia":[{"embeddable":true,"href":"https:\/\/tuttostore.com\/de\/wp-json\/wp\/v2\/media\/15693"}],"wp:attachment":[{"href":"https:\/\/tuttostore.com\/de\/wp-json\/wp\/v2\/media?parent=14474"}],"wp:term":[{"taxonomy":"product_brand","embeddable":true,"href":"https:\/\/tuttostore.com\/de\/wp-json\/wp\/v2\/product_brand?post=14474"},{"taxonomy":"product_cat","embeddable":true,"href":"https:\/\/tuttostore.com\/de\/wp-json\/wp\/v2\/product_cat?post=14474"},{"taxonomy":"product_tag","embeddable":true,"href":"https:\/\/tuttostore.com\/de\/wp-json\/wp\/v2\/product_tag?post=14474"}],"curies":[{"name":"wp","href":"https:\/\/api.w.org\/{rel}","templated":true}]}}