{"id":14475,"date":"2018-11-06T16:52:44","date_gmt":"2018-11-06T15:52:44","guid":{"rendered":"https:\/\/tuttostore.com\/prodotto\/dry-lubrificante-asciutto-high-pressure\/"},"modified":"2025-05-21T16:05:07","modified_gmt":"2025-05-21T14:05:07","slug":"dry-lubrificante-asciutto-high-pressure","status":"publish","type":"product","link":"https:\/\/tuttostore.com\/de\/produkt\/dry-lubrificante-asciutto-high-pressure\/","title":{"rendered":"Trockenes Hochdruckschmiermittel"},"content":{"rendered":"<div>\n<h1>Trockenes Hochdruckschmiermittel<\/h1>\n<div>\n<p>Das Produkt widersteht den intensiven Belastungen im Rennsport sowie den kombinierten Auswirkungen von Staub und Feuchtigkeit. Es widersteht Schlamm und Verschlei\u00df und sorgt gleichzeitig f\u00fcr eine ordnungsgem\u00e4\u00dfe Kettenschmierung.<\/p>\n<p>Sein Hauptmerkmal ist die Z\u00e4higkeit, mit der es unter allen Umwelt- und Temperaturbedingungen an Kette, Krone und Kettenrad haftet.<\/p>\n<p>DRY verschmutzt nicht und hat eine sehr lange \u201eLebensdauer\u201c, wodurch die Schmierh\u00e4ufigkeit reduziert wird.<\/p>\n<div>\n<div>\n<p>Klicken <a href=\"https:\/\/tuttostore.com\/de\/vendor\/fimo-srl\/\">Hier<\/a> um alle FIMO Produkte zu entdecken<\/p>\n<\/div>\n<\/div>\n<div>Klicken <a href=\"http:\/\/www.fimo.it\/2016\/it\/\">Hier<\/a> um die FIMO Homepage zu besuchen<\/div>\n<\/div>\n<\/div>","protected":false},"excerpt":{"rendered":"<p>Spezielles trockenes \u201eHochdruck\u201c-Schmiermittel zur Schmierung von Kartketten.<\/p>\n<p>400 ml Packung<\/p>","protected":false},"featured_media":15900,"comment_status":"open","ping_status":"closed","template":"","meta":{"_acf_changed":false},"product_brand":[],"product_cat":[3898],"product_tag":[287],"class_list":{"0":"post-14475","1":"product","2":"type-product","3":"status-publish","4":"has-post-thumbnail","6":"product_cat-sport-e-tempo-libero","7":"product_tag-dry-lubrificante-asciutto-high-pressure","8":"product_shipping_class-fimo-srl","9":"pa_vendors-fimo-srl","11":"first","12":"instock","13":"taxable","14":"shipping-taxable","15":"purchasable","16":"product-type-simple","swatches":"rey-swatches","show_selected":""},"acf":[],"_links":{"self":[{"href":"https:\/\/tuttostore.com\/de\/wp-json\/wp\/v2\/product\/14475","targetHints":{"allow":["GET"]}}],"collection":[{"href":"https:\/\/tuttostore.com\/de\/wp-json\/wp\/v2\/product"}],"about":[{"href":"https:\/\/tuttostore.com\/de\/wp-json\/wp\/v2\/types\/product"}],"replies":[{"embeddable":true,"href":"https:\/\/tuttostore.com\/de\/wp-json\/wp\/v2\/comments?post=14475"}],"wp:featuredmedia":[{"embeddable":true,"href":"https:\/\/tuttostore.com\/de\/wp-json\/wp\/v2\/media\/15900"}],"wp:attachment":[{"href":"https:\/\/tuttostore.com\/de\/wp-json\/wp\/v2\/media?parent=14475"}],"wp:term":[{"taxonomy":"product_brand","embeddable":true,"href":"https:\/\/tuttostore.com\/de\/wp-json\/wp\/v2\/product_brand?post=14475"},{"taxonomy":"product_cat","embeddable":true,"href":"https:\/\/tuttostore.com\/de\/wp-json\/wp\/v2\/product_cat?post=14475"},{"taxonomy":"product_tag","embeddable":true,"href":"https:\/\/tuttostore.com\/de\/wp-json\/wp\/v2\/product_tag?post=14475"}],"curies":[{"name":"wp","href":"https:\/\/api.w.org\/{rel}","templated":true}]}}