{"id":14476,"date":"2018-11-06T16:55:08","date_gmt":"2018-11-06T15:55:08","guid":{"rendered":"https:\/\/tuttostore.com\/prodotto\/e-lube\/"},"modified":"2025-05-22T09:06:18","modified_gmt":"2025-05-22T07:06:18","slug":"e-lube","status":"publish","type":"product","link":"https:\/\/tuttostore.com\/de\/produkt\/e-lube\/","title":{"rendered":"Und Gleitmittel"},"content":{"rendered":"<div>\n<h1>Und Gleitmittel<\/h1>\n<div>\n<p><strong>Spezifisches Schmiermittel f\u00fcr E-BIKES<\/strong><\/p>\n<p>Spezielles Schmiermittel f\u00fcr Fahrr\u00e4der mit Tretunterst\u00fctzung. Das Produkt wurde mit EP-Additiven formuliert, um eine wirksame Schmierung der Antriebskomponenten bei Vorhandensein eines Elektromotors zu gew\u00e4hrleisten, wodurch die auf die Kettenradgruppe \u00fcbertragene Energie erh\u00f6ht wird.<\/p>\n<p><strong>400 ml Spray<\/strong><\/p>\n<div>\n<div>\n<p>Klicken <a href=\"https:\/\/tuttostore.com\/de\/vendor\/fimo-srl\/\">Hier<\/a> um alle FIMO Produkte zu entdecken<\/p>\n<\/div>\n<\/div>\n<div>Klicken <a href=\"http:\/\/www.fimo.it\/2016\/it\/\">Hier<\/a> um die FIMO Homepage zu besuchen<\/div>\n<\/div>\n<\/div>","protected":false},"excerpt":{"rendered":"<p><strong>Spezifisches Schmiermittel f\u00fcr E-BIKES<\/strong><\/p>\n<p>400 ml Spray<\/p>","protected":false},"featured_media":15903,"comment_status":"open","ping_status":"closed","template":"","meta":{"_acf_changed":false},"product_brand":[],"product_cat":[3898],"product_tag":[288],"class_list":{"0":"post-14476","1":"product","2":"type-product","3":"status-publish","4":"has-post-thumbnail","6":"product_cat-sport-e-tempo-libero","7":"product_tag-e-lube","8":"product_shipping_class-fimo-srl","9":"pa_vendors-fimo-srl","11":"first","12":"instock","13":"taxable","14":"shipping-taxable","15":"purchasable","16":"product-type-simple","swatches":"rey-swatches","show_selected":""},"acf":[],"_links":{"self":[{"href":"https:\/\/tuttostore.com\/de\/wp-json\/wp\/v2\/product\/14476","targetHints":{"allow":["GET"]}}],"collection":[{"href":"https:\/\/tuttostore.com\/de\/wp-json\/wp\/v2\/product"}],"about":[{"href":"https:\/\/tuttostore.com\/de\/wp-json\/wp\/v2\/types\/product"}],"replies":[{"embeddable":true,"href":"https:\/\/tuttostore.com\/de\/wp-json\/wp\/v2\/comments?post=14476"}],"wp:featuredmedia":[{"embeddable":true,"href":"https:\/\/tuttostore.com\/de\/wp-json\/wp\/v2\/media\/15903"}],"wp:attachment":[{"href":"https:\/\/tuttostore.com\/de\/wp-json\/wp\/v2\/media?parent=14476"}],"wp:term":[{"taxonomy":"product_brand","embeddable":true,"href":"https:\/\/tuttostore.com\/de\/wp-json\/wp\/v2\/product_brand?post=14476"},{"taxonomy":"product_cat","embeddable":true,"href":"https:\/\/tuttostore.com\/de\/wp-json\/wp\/v2\/product_cat?post=14476"},{"taxonomy":"product_tag","embeddable":true,"href":"https:\/\/tuttostore.com\/de\/wp-json\/wp\/v2\/product_tag?post=14476"}],"curies":[{"name":"wp","href":"https:\/\/api.w.org\/{rel}","templated":true}]}}