{"id":14477,"date":"2018-11-06T16:57:46","date_gmt":"2018-11-06T15:57:46","guid":{"rendered":"https:\/\/tuttostore.com\/prodotto\/extraclean-detergente-multiuso\/"},"modified":"2025-05-22T09:07:22","modified_gmt":"2025-05-22T07:07:22","slug":"extraclean-detergente-multiuso","status":"publish","type":"product","link":"https:\/\/tuttostore.com\/de\/produkt\/extraclean-detergente-multiuso\/","title":{"rendered":"Extraclean Mehrzweckreiniger"},"content":{"rendered":"<div>\n<h1>\u00a0Extraclean Mehrzweckreiniger<\/h1>\n<div>\n<p>Mehrzweckreiniger, geeignet zum Reinigen aller mit wasserbasierten Produkten abwaschbaren Oberfl\u00e4chen.<br \/>\nSeine Vielseitigkeit und Wirksamkeit machen es f\u00fcr jede Art von Anwendung geeignet.<br \/>\nDie Verwendung modernster Rohstoffe in der Rezeptur verbessert die Umweltvertr\u00e4glichkeit des Produkts. Je nach zu entfernender Verschmutzung kann die Verd\u00fcnnung 1:10 bis 1:30 betragen. Durch die M\u00f6glichkeit unterschiedlicher Verd\u00fcnnungen ist das Produkt besonders sparsam im Verbrauch.<br \/>\nVermeiden Sie zu hohe Produktkonzentrationen, um unn\u00f6tige Verschwendung zu vermeiden. Das Produkt kann warm oder kalt angewendet werden. Bei warmer Anwendung ist die Wirkung des Produkts noch st\u00e4rker und die Schmutzentfernung wird erleichtert.<\/p>\n<p>EXTRACLEAN wird mit einem Schwamm oder Lappen oder mit einem Hochdruckreiniger angewendet.<\/p>\n<p>INDIKATIVE MERKMALE<br \/>\nPhysikalischer Zustand: fl\u00fcssig<br \/>\nAussehen Klares Strohgelb<br \/>\nSchwacher Geruch<br \/>\nAlkalischer pH-Wert<br \/>\nVollst\u00e4ndige Wasserl\u00f6slichkeit<br \/>\n\u00d6ll\u00f6slichkeit Unl\u00f6slich<br \/>\nKationische, nichtionische biologisch abbaubare Tenside \u00fcber 90%<br \/>\nPlastikflaschenversorgung<\/p>\n<p>Die Angaben in diesem Datenblatt basieren auf unserem aktuellen Wissensstand. Sie stellen keine Garantie dar. Es liegt in der Verantwortung des Anwenders, die Eignung der hier bereitgestellten Informationen f\u00fcr seinen spezifischen Anwendungszweck zu pr\u00fcfen.<\/p>\n<p>Fimo srl wurde 1976 als Hersteller von industriellen Wartungsprodukten, Schmiermitteln, L\u00f6sungs- und Reinigungsmitteln gegr\u00fcndet. Neben diesem Kerngesch\u00e4ft hat das Unternehmen im Laufe der Jahre dank seiner Erfahrung im industriellen Bereich eine Produktlinie f\u00fcr die Schmierung von Kartketten entwickelt.<\/p>\n<div>\n<div>\n<p>Klicken <a href=\"https:\/\/tuttostore.com\/de\/vendor\/fimo-srl\/\">Hier<\/a> um alle FIMO Produkte zu entdecken<\/p>\n<\/div>\n<\/div>\n<div>Klicken <a href=\"http:\/\/www.fimo.it\/2016\/it\/\">Hier<\/a> um die FIMO Homepage zu besuchen<\/div>\n<\/div>\n<\/div>","protected":false},"excerpt":{"rendered":"<p>Hervorragend geeignet zum einfachen und sicheren Reinigen von Rolll\u00e4den, Jalousien, Gartenm\u00f6beln, Wohnmobilen, Wohnwagen und allen Outdoor-Ger\u00e4ten.<\/p>\n<p>1-Liter-Flasche<\/p>","protected":false},"featured_media":15904,"comment_status":"open","ping_status":"closed","template":"","meta":{"_acf_changed":false},"product_brand":[],"product_cat":[3898],"product_tag":[289],"class_list":{"0":"post-14477","1":"product","2":"type-product","3":"status-publish","4":"has-post-thumbnail","6":"product_cat-sport-e-tempo-libero","7":"product_tag-extraclean-detergente-multiuso","8":"product_shipping_class-fimo-srl","9":"pa_vendors-fimo-srl","11":"first","12":"instock","13":"taxable","14":"shipping-taxable","15":"purchasable","16":"product-type-simple","swatches":"rey-swatches","show_selected":""},"acf":[],"_links":{"self":[{"href":"https:\/\/tuttostore.com\/de\/wp-json\/wp\/v2\/product\/14477","targetHints":{"allow":["GET"]}}],"collection":[{"href":"https:\/\/tuttostore.com\/de\/wp-json\/wp\/v2\/product"}],"about":[{"href":"https:\/\/tuttostore.com\/de\/wp-json\/wp\/v2\/types\/product"}],"replies":[{"embeddable":true,"href":"https:\/\/tuttostore.com\/de\/wp-json\/wp\/v2\/comments?post=14477"}],"wp:featuredmedia":[{"embeddable":true,"href":"https:\/\/tuttostore.com\/de\/wp-json\/wp\/v2\/media\/15904"}],"wp:attachment":[{"href":"https:\/\/tuttostore.com\/de\/wp-json\/wp\/v2\/media?parent=14477"}],"wp:term":[{"taxonomy":"product_brand","embeddable":true,"href":"https:\/\/tuttostore.com\/de\/wp-json\/wp\/v2\/product_brand?post=14477"},{"taxonomy":"product_cat","embeddable":true,"href":"https:\/\/tuttostore.com\/de\/wp-json\/wp\/v2\/product_cat?post=14477"},{"taxonomy":"product_tag","embeddable":true,"href":"https:\/\/tuttostore.com\/de\/wp-json\/wp\/v2\/product_tag?post=14477"}],"curies":[{"name":"wp","href":"https:\/\/api.w.org\/{rel}","templated":true}]}}