{"id":14479,"date":"2018-11-07T07:28:31","date_gmt":"2018-11-07T06:28:31","guid":{"rendered":"https:\/\/tuttostore.com\/prodotto\/good-kart-detergente-multiuso-per-telai\/"},"modified":"2025-05-22T11:23:23","modified_gmt":"2025-05-22T09:23:23","slug":"good-kart-detergente-multiuso-per-telai","status":"publish","type":"product","link":"https:\/\/tuttostore.com\/de\/produkt\/good-kart-detergente-multiuso-per-telai\/","title":{"rendered":"Guter Kart-Mehrzweck-Chassis-Reiniger"},"content":{"rendered":"<div>\n<h1>Guter Kart-Mehrzweck-Chassis-Reiniger<\/h1>\n<div>\n<p>Das Produkt greift Edelmetalle nicht an und erm\u00f6glicht eine schnelle und einfache Reinigung selbst stark verschmutzter Fahrzeuge. Die Verwendung modernster Rohstoffe in der Formulierung reduziert die Umweltbelastung. Das Produkt ist gebrauchsfertig und wird in einer praktischen Spr\u00fchflasche zur einfachen Anwendung geliefert. Denken Sie daran, nach dem Waschen und Trocknen des Fahrzeugs die normale Schmierung wiederherzustellen.<\/p>\n<p>Fimo srl wurde 1976 als Hersteller von industriellen Wartungsprodukten, Schmiermitteln, L\u00f6sungs- und Reinigungsmitteln gegr\u00fcndet. Neben diesem Kerngesch\u00e4ft hat das Unternehmen im Laufe der Jahre dank seiner Erfahrung im industriellen Bereich eine Produktlinie f\u00fcr die Schmierung von Kartketten entwickelt.<\/p>\n<div>\n<div>\n<p>Klicken <a href=\"https:\/\/tuttostore.com\/de\/vendor\/fimo-srl\/\">Hier<\/a> um alle FIMO Produkte zu entdecken<\/p>\n<\/div>\n<\/div>\n<div>Klicken <a href=\"http:\/\/www.fimo.it\/2016\/it\/\">Hier<\/a> um die FIMO Homepage zu besuchen<\/div>\n<\/div>\n<\/div>","protected":false},"excerpt":{"rendered":"<p>Mehrzweckreiniger zum Reinigen von Go-Kart-Rahmen und -Ketten.<\/p>\n<p>750 ml Packung<\/p>","protected":false},"featured_media":15965,"comment_status":"open","ping_status":"closed","template":"","meta":{"_acf_changed":false},"product_brand":[],"product_cat":[3898],"product_tag":[291],"class_list":{"0":"post-14479","1":"product","2":"type-product","3":"status-publish","4":"has-post-thumbnail","6":"product_cat-sport-e-tempo-libero","7":"product_tag-good-kart-detergente-multiuso-per-telai","8":"product_shipping_class-fimo-srl","9":"pa_vendors-fimo-srl","11":"first","12":"instock","13":"taxable","14":"shipping-taxable","15":"purchasable","16":"product-type-simple","swatches":"rey-swatches","show_selected":""},"acf":[],"_links":{"self":[{"href":"https:\/\/tuttostore.com\/de\/wp-json\/wp\/v2\/product\/14479","targetHints":{"allow":["GET"]}}],"collection":[{"href":"https:\/\/tuttostore.com\/de\/wp-json\/wp\/v2\/product"}],"about":[{"href":"https:\/\/tuttostore.com\/de\/wp-json\/wp\/v2\/types\/product"}],"replies":[{"embeddable":true,"href":"https:\/\/tuttostore.com\/de\/wp-json\/wp\/v2\/comments?post=14479"}],"wp:featuredmedia":[{"embeddable":true,"href":"https:\/\/tuttostore.com\/de\/wp-json\/wp\/v2\/media\/15965"}],"wp:attachment":[{"href":"https:\/\/tuttostore.com\/de\/wp-json\/wp\/v2\/media?parent=14479"}],"wp:term":[{"taxonomy":"product_brand","embeddable":true,"href":"https:\/\/tuttostore.com\/de\/wp-json\/wp\/v2\/product_brand?post=14479"},{"taxonomy":"product_cat","embeddable":true,"href":"https:\/\/tuttostore.com\/de\/wp-json\/wp\/v2\/product_cat?post=14479"},{"taxonomy":"product_tag","embeddable":true,"href":"https:\/\/tuttostore.com\/de\/wp-json\/wp\/v2\/product_tag?post=14479"}],"curies":[{"name":"wp","href":"https:\/\/api.w.org\/{rel}","templated":true}]}}