{"id":14480,"date":"2018-11-07T07:35:08","date_gmt":"2018-11-07T06:35:08","guid":{"rendered":"https:\/\/tuttostore.com\/prodotto\/grassolio-lubrificante-cuscinetti\/"},"modified":"2025-05-20T14:06:28","modified_gmt":"2025-05-20T12:06:28","slug":"grassolio-lubrificante-cuscinetti","status":"publish","type":"product","link":"https:\/\/tuttostore.com\/de\/produkt\/grassolio-lubrificante-cuscinetti\/","title":{"rendered":"Fett\u00f6l zum Schmieren von Lagern"},"content":{"rendered":"<div>\n<h1>Fett\u00f6l zum Schmieren von Lagern<\/h1>\n<div>\n<p>Es gew\u00e4hrleistet eine effektive und konstante Lagerschmierung und widersteht Verschlei\u00df und Belastungen bei allen Wetterbedingungen. Schon wenige Tropfen GRASSOLIO schmieren die Lager langfristig, reduzieren st\u00f6rende Ger\u00e4usche deutlich und erh\u00f6hen die Laufruhe. W\u00e4hrend Fett dazu neigt, die Lagerkugeln trocken und ungeschmiert zu lassen und \u00d6l insbesondere bei hohen Temperaturen ausl\u00e4uft, bleibt GRASSOLIO lange Zeit mit den Lagerkugeln in Kontakt und wird von Temperaturschwankungen nicht beeintr\u00e4chtigt. Sein spezielles \u201eExtreme Pressure\u201c-Additiv verleiht ihm au\u00dfergew\u00f6hnliche Widerstandsf\u00e4higkeit gegen Verschlei\u00df und raue Bedingungen.<br \/>\nAus diesem Grund ist GRASSOLIO MEHR ALS EIN \u00d6L, MEHR ALS EIN FETT.<\/p>\n<p>INDIKATIVE MERKMALE<br \/>\nPhysikalischer Zustand Spr\u00fchprodukt<br \/>\nAussehen: Anhaftender \u00d6lschleier<br \/>\n\u00d6liger Geruch<br \/>\npH-Wert Nicht signifikant<br \/>\nFlammpunkt Nicht signifikant<br \/>\nWasserl\u00f6slichkeit Unl\u00f6slich<br \/>\n\u00d6ll\u00f6slichkeit L\u00f6slich<br \/>\n150 ml Flaschenvorrat<\/p>\n<p>Die in diesem Blatt enthaltenen Informationen entsprechen unserem derzeitigen Wissensstand. Nichts in diesem<br \/>\nDer Inhalt dieses Blattes stellt keine Garantie dar. Die Verantwortung hierf\u00fcr liegt beim Benutzer.<br \/>\nBestimmen Sie die Eignung der hier bereitgestellten Informationen f\u00fcr Ihren spezifischen Einsatzzweck.<\/p>\n<p>Fimo srl wurde 1976 als Hersteller von industriellen Wartungsprodukten, Schmiermitteln, L\u00f6sungs- und Reinigungsmitteln gegr\u00fcndet. Neben diesem Kerngesch\u00e4ft hat das Unternehmen im Laufe der Jahre dank seiner Erfahrung im industriellen Bereich eine Produktlinie f\u00fcr die Schmierung von Kartketten entwickelt.<\/p>\n<div>\n<div>\n<p>Klicken <a href=\"https:\/\/tuttostore.com\/de\/vendor\/fimo-srl\/\">Hier<\/a> um alle FIMO Produkte zu entdecken<\/p>\n<\/div>\n<\/div>\n<div>Klicken <a href=\"http:\/\/www.fimo.it\/2016\/it\/\">Hier<\/a> um die FIMO Homepage zu besuchen<\/div>\n<\/div>\n<\/div>","protected":false},"excerpt":{"rendered":"<p>Spezialschmiermittel f\u00fcr Tretlager und Radnaben.<\/p>\n<p>150 ml Packung<\/p>","protected":false},"featured_media":15710,"comment_status":"open","ping_status":"closed","template":"","meta":{"_acf_changed":false},"product_brand":[],"product_cat":[3898],"product_tag":[292],"class_list":{"0":"post-14480","1":"product","2":"type-product","3":"status-publish","4":"has-post-thumbnail","6":"product_cat-sport-e-tempo-libero","7":"product_tag-grassolio-lubrificante-cuscinetti","8":"product_shipping_class-fimo-srl","9":"pa_vendors-fimo-srl","11":"first","12":"instock","13":"taxable","14":"shipping-taxable","15":"purchasable","16":"product-type-simple","swatches":"rey-swatches","show_selected":""},"acf":[],"_links":{"self":[{"href":"https:\/\/tuttostore.com\/de\/wp-json\/wp\/v2\/product\/14480","targetHints":{"allow":["GET"]}}],"collection":[{"href":"https:\/\/tuttostore.com\/de\/wp-json\/wp\/v2\/product"}],"about":[{"href":"https:\/\/tuttostore.com\/de\/wp-json\/wp\/v2\/types\/product"}],"replies":[{"embeddable":true,"href":"https:\/\/tuttostore.com\/de\/wp-json\/wp\/v2\/comments?post=14480"}],"wp:featuredmedia":[{"embeddable":true,"href":"https:\/\/tuttostore.com\/de\/wp-json\/wp\/v2\/media\/15710"}],"wp:attachment":[{"href":"https:\/\/tuttostore.com\/de\/wp-json\/wp\/v2\/media?parent=14480"}],"wp:term":[{"taxonomy":"product_brand","embeddable":true,"href":"https:\/\/tuttostore.com\/de\/wp-json\/wp\/v2\/product_brand?post=14480"},{"taxonomy":"product_cat","embeddable":true,"href":"https:\/\/tuttostore.com\/de\/wp-json\/wp\/v2\/product_cat?post=14480"},{"taxonomy":"product_tag","embeddable":true,"href":"https:\/\/tuttostore.com\/de\/wp-json\/wp\/v2\/product_tag?post=14480"}],"curies":[{"name":"wp","href":"https:\/\/api.w.org\/{rel}","templated":true}]}}