{"id":14481,"date":"2018-11-07T07:41:18","date_gmt":"2018-11-07T06:41:18","guid":{"rendered":"https:\/\/tuttostore.com\/prodotto\/litium-ptfe-corse-grasso-speciale\/"},"modified":"2025-05-20T12:23:26","modified_gmt":"2025-05-20T10:23:26","slug":"litium-ptfe-corse-grasso-speciale","status":"publish","type":"product","link":"https:\/\/tuttostore.com\/de\/produkt\/litium-ptfe-corse-grasso-speciale\/","title":{"rendered":"Lithium-PTFE-Rennsport-Spezialfett"},"content":{"rendered":"<div>\n<h1>Lithium-PTFE-Rennsport-Spezialfett<\/h1>\n<div>\n<p>Wasserfestes Fett aus raffiniertem Mineral\u00f6l mit speziellen Antioxidantien, Hochdruckzus\u00e4tzen f\u00fcr hervorragende Leistung auch unter anspruchsvollen Bedingungen und Antifriktionszus\u00e4tzen zur Verbesserung der Laufruhe. Es enth\u00e4lt au\u00dferdem PTFE als Festschmierstoff, einen besonders hochwertigen Zusatz, der dem Produkt weitaus bessere Eigenschaften verleiht als Standardfetten mit Graphit- oder Molybd\u00e4ndisulfidzus\u00e4tzen. Das Produkt ist mit einer komplexen Lithiumseife formuliert und zeichnet sich durch ein breites Anwendungsspektrum aus, selbst unter anspruchsvollen Arbeitsbedingungen oder widrigen Umgebungen oder bei m\u00e4\u00dfig hohen Betriebstemperaturen, die Spitzenwerte von \u00fcber 300 \u00b0C erreichen k\u00f6nnen. Hervorragend geeignet f\u00fcr die Anwendung auf Buchsen und Kugellagern, Naben und Hebeln, um maximale Leistung und maximalen Schutz vor oxidativen Sch\u00e4den zu erzielen, die die Laufruhe des Fahrzeugs schnell beeintr\u00e4chtigen w\u00fcrden.<\/p>\n<p>INDIKATIVE MERKMALE<br \/>\nK\u00f6rperlicher Zustand Fett<br \/>\nHaselnuss\u00e4hnliches Aussehen<br \/>\nGeruchslos<br \/>\nTropfpunkt &gt; 240\u00b0 C<br \/>\nNLGI-Klasse 2<br \/>\nWasserl\u00f6slichkeit Unl\u00f6slich<br \/>\n\u00d6ll\u00f6slichkeit \u2013<br \/>\n100 ml Glasvorrat<\/p>\n<p>Die Angaben in diesem Datenblatt basieren auf unserem aktuellen Wissensstand. Sie stellen keine Garantie dar. Es liegt in der Verantwortung des Anwenders, die Eignung der hier bereitgestellten Informationen f\u00fcr seinen spezifischen Anwendungszweck zu pr\u00fcfen.<\/p>\n<p>Fimo srl wurde 1976 als Hersteller von industriellen Wartungsprodukten, Schmiermitteln, L\u00f6sungs- und Reinigungsmitteln gegr\u00fcndet. Neben diesem Kerngesch\u00e4ft hat das Unternehmen im Laufe der Jahre dank seiner Erfahrung im industriellen Bereich eine Produktlinie f\u00fcr die Schmierung von Kartketten entwickelt.<\/p>\n<div>\n<div>\n<p>Klicken <a href=\"https:\/\/tuttostore.com\/de\/vendor\/fimo-srl\/\">Hier<\/a> um alle FIMO Produkte zu entdecken<\/p>\n<\/div>\n<\/div>\n<div>Klicken <a href=\"http:\/\/www.fimo.it\/2016\/it\/\">Hier<\/a> um die FIMO Homepage zu besuchen<\/div>\n<\/div>\n<\/div>","protected":false},"excerpt":{"rendered":"<p>100 ml Packung<\/p>","protected":false},"featured_media":15692,"comment_status":"open","ping_status":"closed","template":"","meta":{"_acf_changed":false},"product_brand":[],"product_cat":[3898],"product_tag":[293],"class_list":{"0":"post-14481","1":"product","2":"type-product","3":"status-publish","4":"has-post-thumbnail","6":"product_cat-sport-e-tempo-libero","7":"product_tag-litium-ptfe-corse-grasso-speciale","8":"product_shipping_class-fimo-srl","9":"pa_vendors-fimo-srl","11":"first","12":"instock","13":"taxable","14":"shipping-taxable","15":"purchasable","16":"product-type-simple","swatches":"rey-swatches","show_selected":""},"acf":[],"_links":{"self":[{"href":"https:\/\/tuttostore.com\/de\/wp-json\/wp\/v2\/product\/14481","targetHints":{"allow":["GET"]}}],"collection":[{"href":"https:\/\/tuttostore.com\/de\/wp-json\/wp\/v2\/product"}],"about":[{"href":"https:\/\/tuttostore.com\/de\/wp-json\/wp\/v2\/types\/product"}],"replies":[{"embeddable":true,"href":"https:\/\/tuttostore.com\/de\/wp-json\/wp\/v2\/comments?post=14481"}],"wp:featuredmedia":[{"embeddable":true,"href":"https:\/\/tuttostore.com\/de\/wp-json\/wp\/v2\/media\/15692"}],"wp:attachment":[{"href":"https:\/\/tuttostore.com\/de\/wp-json\/wp\/v2\/media?parent=14481"}],"wp:term":[{"taxonomy":"product_brand","embeddable":true,"href":"https:\/\/tuttostore.com\/de\/wp-json\/wp\/v2\/product_brand?post=14481"},{"taxonomy":"product_cat","embeddable":true,"href":"https:\/\/tuttostore.com\/de\/wp-json\/wp\/v2\/product_cat?post=14481"},{"taxonomy":"product_tag","embeddable":true,"href":"https:\/\/tuttostore.com\/de\/wp-json\/wp\/v2\/product_tag?post=14481"}],"curies":[{"name":"wp","href":"https:\/\/api.w.org\/{rel}","templated":true}]}}