{"id":14482,"date":"2018-11-07T07:49:03","date_gmt":"2018-11-07T06:49:03","guid":{"rendered":"https:\/\/tuttostore.com\/prodotto\/luboil-corse-lubrificante\/"},"modified":"2025-05-20T12:20:54","modified_gmt":"2025-05-20T10:20:54","slug":"luboil-corse-lubrificante","status":"publish","type":"product","link":"https:\/\/tuttostore.com\/de\/produkt\/luboil-corse-lubrificante\/","title":{"rendered":"LUBOIL CORSE Schmiermittel"},"content":{"rendered":"<h1>LUBOIL CORSE Schmiermittel<\/h1>\n<div>\n<p>Das ideale Produkt f\u00fcr die Schmierung unter rauen Bedingungen. Seine spezielle Formel beh\u00e4lt seine Schmiereigenschaften auch bei Wasser und Feuchtigkeit und verhindert effektiv Auswaschungen. Es erm\u00f6glicht lange Fahrten bei N\u00e4sse und gew\u00e4hrleistet maximale Schmierung der Kette und anderer geschmierter Teile. Regelm\u00e4\u00dfige Anwendung von LUBOIL corse und eine effektive, konsequente Reinigung beseitigen Kettenprobleme auch bei starker Beanspruchung.<\/p>\n<p>INDIKATIVE MERKMALE<br \/>\nPhysikalischer Zustand Fl\u00fcssiges Produkt<br \/>\nAussehen Hartn\u00e4ckiger \u00d6lschleier<br \/>\nGeruchloser Geruch<br \/>\npH-Wert Nicht signifikant<br \/>\nFlammpunkt &gt;100\u00b0C<br \/>\nWasserl\u00f6slichkeit Unl\u00f6slich<br \/>\n\u00d6ll\u00f6slichkeit L\u00f6slich<\/p>\n<p>Die Angaben in diesem Datenblatt basieren auf unserem aktuellen Wissensstand. Sie stellen keine Garantie dar. Es liegt in der Verantwortung des Anwenders, die Eignung der hier bereitgestellten Informationen f\u00fcr seinen spezifischen Anwendungszweck zu pr\u00fcfen.<\/p>\n<p>&nbsp;<\/p>\n<p>Fimo srl wurde 1976 als Hersteller von industriellen Wartungsprodukten, Schmiermitteln, L\u00f6sungs- und Reinigungsmitteln gegr\u00fcndet. Neben diesem Kerngesch\u00e4ft hat das Unternehmen im Laufe der Jahre dank seiner Erfahrung im industriellen Bereich eine Produktlinie f\u00fcr die Schmierung von Kartketten entwickelt.<\/p>\n<div>\n<div>\n<p>Klicken <a href=\"https:\/\/tuttostore.com\/de\/vendor\/fimo-srl\/\">Hier<\/a> um alle FIMO Produkte zu entdecken<\/p>\n<\/div>\n<\/div>\n<div>Klicken <a href=\"http:\/\/www.fimo.it\/2016\/it\/\">Hier<\/a> um die FIMO Homepage zu besuchen<\/div>\n<\/div>","protected":false},"excerpt":{"rendered":"<div id=\"short_description_block\">\n<div id=\"short_description_content\" class=\"rte align_justify\">\n<p>Stark demulgierendes Mountainbike-Kettenschmiermittel.<\/p>\n<\/div>\n<\/div>","protected":false},"featured_media":15691,"comment_status":"open","ping_status":"closed","template":"","meta":{"_acf_changed":false},"product_brand":[],"product_cat":[3898],"product_tag":[295],"class_list":{"0":"post-14482","1":"product","2":"type-product","3":"status-publish","4":"has-post-thumbnail","6":"product_cat-sport-e-tempo-libero","7":"product_tag-luboil-corse-lubrificante","8":"product_shipping_class-fimo-srl","9":"pa_confezione-400-ml","10":"pa_vendors-fimo-srl","12":"first","13":"instock","14":"taxable","15":"shipping-taxable","16":"purchasable","17":"product-type-variable","swatches":"rey-swatches","show_selected":""},"acf":[],"_links":{"self":[{"href":"https:\/\/tuttostore.com\/de\/wp-json\/wp\/v2\/product\/14482","targetHints":{"allow":["GET"]}}],"collection":[{"href":"https:\/\/tuttostore.com\/de\/wp-json\/wp\/v2\/product"}],"about":[{"href":"https:\/\/tuttostore.com\/de\/wp-json\/wp\/v2\/types\/product"}],"replies":[{"embeddable":true,"href":"https:\/\/tuttostore.com\/de\/wp-json\/wp\/v2\/comments?post=14482"}],"wp:featuredmedia":[{"embeddable":true,"href":"https:\/\/tuttostore.com\/de\/wp-json\/wp\/v2\/media\/15691"}],"wp:attachment":[{"href":"https:\/\/tuttostore.com\/de\/wp-json\/wp\/v2\/media?parent=14482"}],"wp:term":[{"taxonomy":"product_brand","embeddable":true,"href":"https:\/\/tuttostore.com\/de\/wp-json\/wp\/v2\/product_brand?post=14482"},{"taxonomy":"product_cat","embeddable":true,"href":"https:\/\/tuttostore.com\/de\/wp-json\/wp\/v2\/product_cat?post=14482"},{"taxonomy":"product_tag","embeddable":true,"href":"https:\/\/tuttostore.com\/de\/wp-json\/wp\/v2\/product_tag?post=14482"}],"curies":[{"name":"wp","href":"https:\/\/api.w.org\/{rel}","templated":true}]}}