{"id":14484,"date":"2018-11-07T08:03:09","date_gmt":"2018-11-07T07:03:09","guid":{"rendered":"https:\/\/tuttostore.com\/prodotto\/mudless-antifango-lucidante\/"},"modified":"2025-05-20T12:29:52","modified_gmt":"2025-05-20T10:29:52","slug":"mudless-antifango-lucidante","status":"publish","type":"product","link":"https:\/\/tuttostore.com\/de\/produkt\/mudless-antifango-lucidante\/","title":{"rendered":"Schlammfreies Anti-Schlamm-Polieren"},"content":{"rendered":"<div>\n<h1>Schlammfreies Anti-Schlamm-Polieren<\/h1>\n<div>\n<p>&quot;PREGARA&quot;-Produkt zur Vermeidung von Schlammbildung an Fahrr\u00e4dern und Motorr\u00e4dern. Es entfernt Schlamm vom Rahmen und von beweglichen Teilen und beugt so Funktionsst\u00f6rungen und Br\u00fcchen vor. Tragen Sie eine d\u00fcnne Schicht des Produkts auf, nachdem Sie das Fahrzeug, einschlie\u00dflich der Kette, f\u00fcr die Fahrt vorbereitet und geschmiert haben. Achten Sie besonders darauf, die Bremsscheiben und -s\u00e4ttel nicht zu ber\u00fchren, da dies deren Funktion beeintr\u00e4chtigen k\u00f6nnte. Ideal zum Polieren von Kohlefaser, eloxiertem oder lackiertem Aluminium oder anderen lackierten Materialien. Auch hervorragend geeignet, um ein perfektes Finish auf Kunststoffoberfl\u00e4chen zu erzielen. Es bringt Oberfl\u00e4chen zum Gl\u00e4nzen und verhindert langfristig Staubablagerungen. Es erh\u00f6ht die Laufruhe und verleiht dem Fahrzeug ein angenehmes, gl\u00e4nzendes Aussehen.<br \/>\nGeeignet zum Polieren von Fahrradrahmen sowie Rahmen und Verkleidungen von Motorr\u00e4dern, Go-Karts, Schneemobilen, Jetskis usw. Es sorgt f\u00fcr einen besonders hohen Glanz der behandelten Oberfl\u00e4chen und ein wirklich makelloses und angenehmes \u00e4sthetisches Erscheinungsbild. Spr\u00fchen Sie das Produkt auf ein sauberes Tuch, vorzugsweise aus Wolle, und wischen Sie das Fahrzeug ohne unn\u00f6tigen \u00dcberschuss ab.<\/p>\n<p>INDIKATIVE MERKMALE<br \/>\nPhysikalischer Zustand Spr\u00fchprodukt<br \/>\nAussehen Leicht \u00f6liger Schleier<br \/>\nKein Geruch<br \/>\npH-Wert Nicht signifikant<br \/>\nFlammpunkt Hochentz\u00fcndlich<br \/>\nWasserl\u00f6slichkeit Unl\u00f6slich<br \/>\n\u00d6ll\u00f6slichkeit L\u00f6slich<\/p>\n<p>Die Angaben in diesem Datenblatt basieren auf unserem aktuellen Wissensstand. Sie stellen keine Garantie dar. Es liegt in der Verantwortung des Anwenders, die Eignung der hier bereitgestellten Informationen f\u00fcr seinen spezifischen Anwendungszweck zu pr\u00fcfen.<\/p>\n<p>Fimo srl wurde 1976 als Hersteller von industriellen Wartungsprodukten, Schmiermitteln, L\u00f6sungs- und Reinigungsmitteln gegr\u00fcndet. Neben diesem Kerngesch\u00e4ft hat das Unternehmen im Laufe der Jahre dank seiner Erfahrung im industriellen Bereich eine Produktlinie f\u00fcr die Schmierung von Kartketten entwickelt.<\/p>\n<div>\n<div>\n<p>Klicken <a href=\"https:\/\/tuttostore.com\/de\/vendor\/fimo-srl\/\">Hier<\/a> um alle FIMO Produkte zu entdecken<\/p>\n<\/div>\n<\/div>\n<div>Klicken <a href=\"http:\/\/www.fimo.it\/2016\/it\/\">Hier<\/a> um die FIMO Homepage zu besuchen<\/div>\n<\/div>\n<\/div>","protected":false},"excerpt":{"rendered":"<div id=\"short_description_block\">\n<div id=\"short_description_content\" class=\"rte align_justify\">\n<p>400 ml Wei\u00dfblechflaschen<\/p>\n<\/div>\n<\/div>","protected":false},"featured_media":15694,"comment_status":"open","ping_status":"closed","template":"","meta":{"_acf_changed":false},"product_brand":[],"product_cat":[3898],"product_tag":[297],"class_list":{"0":"post-14484","1":"product","2":"type-product","3":"status-publish","4":"has-post-thumbnail","6":"product_cat-sport-e-tempo-libero","7":"product_tag-mudless-antifango-lucidante","8":"product_shipping_class-fimo-srl","9":"pa_vendors-fimo-srl","11":"first","12":"instock","13":"taxable","14":"shipping-taxable","15":"purchasable","16":"product-type-simple","swatches":"rey-swatches","show_selected":""},"acf":[],"_links":{"self":[{"href":"https:\/\/tuttostore.com\/de\/wp-json\/wp\/v2\/product\/14484","targetHints":{"allow":["GET"]}}],"collection":[{"href":"https:\/\/tuttostore.com\/de\/wp-json\/wp\/v2\/product"}],"about":[{"href":"https:\/\/tuttostore.com\/de\/wp-json\/wp\/v2\/types\/product"}],"replies":[{"embeddable":true,"href":"https:\/\/tuttostore.com\/de\/wp-json\/wp\/v2\/comments?post=14484"}],"wp:featuredmedia":[{"embeddable":true,"href":"https:\/\/tuttostore.com\/de\/wp-json\/wp\/v2\/media\/15694"}],"wp:attachment":[{"href":"https:\/\/tuttostore.com\/de\/wp-json\/wp\/v2\/media?parent=14484"}],"wp:term":[{"taxonomy":"product_brand","embeddable":true,"href":"https:\/\/tuttostore.com\/de\/wp-json\/wp\/v2\/product_brand?post=14484"},{"taxonomy":"product_cat","embeddable":true,"href":"https:\/\/tuttostore.com\/de\/wp-json\/wp\/v2\/product_cat?post=14484"},{"taxonomy":"product_tag","embeddable":true,"href":"https:\/\/tuttostore.com\/de\/wp-json\/wp\/v2\/product_tag?post=14484"}],"curies":[{"name":"wp","href":"https:\/\/api.w.org\/{rel}","templated":true}]}}