{"id":14485,"date":"2018-11-07T08:13:55","date_gmt":"2018-11-07T07:13:55","guid":{"rendered":"https:\/\/tuttostore.com\/prodotto\/quick-brake-solvente-pulizia-e-disincrostazione\/"},"modified":"2025-05-29T18:15:15","modified_gmt":"2025-05-29T16:15:15","slug":"quick-brake-solvente-pulizia-e-disincrostazione","status":"publish","type":"product","link":"https:\/\/tuttostore.com\/de\/produkt\/quick-brake-solvente-pulizia-e-disincrostazione\/","title":{"rendered":"Schneller Bremsenl\u00f6ser zum Reinigen und Entkalken"},"content":{"rendered":"<div>\n<h1>Schneller Bremsenl\u00f6ser zum Reinigen und Entkalken<\/h1>\n<div>\n<p>L\u00f6sungsmittel zum Reinigen und Entkalken von Bremsteilen, Bremsbacken, Bremstrommeln, Bremss\u00e4tteln, Bremsbel\u00e4gen, Zylindern und Federn. Hervorragende Fettl\u00f6sekraft, wirkt in Sekundenschnelle, durchdringt alle verkrusteten Verschmutzungen, \u00d6lr\u00fcckst\u00e4nde, Fett und Oxidation und trocknet schnell. Keine Demontage erforderlich, behandelte Metallteile werden nicht besch\u00e4digt und es hinterl\u00e4sst keine R\u00fcckst\u00e4nde. Achtung: Nicht auf Gummi-, Kunststoff- oder lackierten Oberfl\u00e4chen verwenden. Reinigt schnell Bremsscheiben, Bremskr\u00e4nze, Ritzel, Ketten usw.<\/p>\n<p>Fimo srl wurde 1976 als Hersteller von industriellen Wartungsprodukten, Schmiermitteln, L\u00f6sungs- und Reinigungsmitteln gegr\u00fcndet. Neben diesem Kerngesch\u00e4ft hat das Unternehmen im Laufe der Jahre dank seiner Erfahrung im industriellen Bereich eine Produktlinie f\u00fcr die Schmierung von Kartketten entwickelt.<\/p>\n<div>\n<div>\n<p>Klicken <a href=\"https:\/\/tuttostore.com\/de\/vendor\/fimo-srl\/\">Hier<\/a> um alle FIMO Produkte zu entdecken<\/p>\n<\/div>\n<\/div>\n<div>Klicken <a href=\"http:\/\/www.fimo.it\/2016\/it\/\">Hier<\/a> um die FIMO Homepage zu besuchen<\/div>\n<\/div>\n<\/div>","protected":false},"excerpt":{"rendered":"<div id=\"short_description_block\">\n<div id=\"short_description_content\" class=\"rte align_justify\">\n<p>Entfetter f\u00fcr Bremsen und Kupplungen.<\/p>\n<p>500 ml Packung<\/p>\n<\/div>\n<\/div>","protected":false},"featured_media":16176,"comment_status":"open","ping_status":"closed","template":"","meta":{"_acf_changed":false},"product_brand":[],"product_cat":[3898],"product_tag":[298],"class_list":{"0":"post-14485","1":"product","2":"type-product","3":"status-publish","4":"has-post-thumbnail","6":"product_cat-sport-e-tempo-libero","7":"product_tag-quick-brake-solvente-pulizia-e-disincrostazione","8":"product_shipping_class-fimo-srl","9":"pa_vendors-fimo-srl","11":"first","12":"instock","13":"taxable","14":"shipping-taxable","15":"purchasable","16":"product-type-simple","swatches":"rey-swatches","show_selected":""},"acf":[],"_links":{"self":[{"href":"https:\/\/tuttostore.com\/de\/wp-json\/wp\/v2\/product\/14485","targetHints":{"allow":["GET"]}}],"collection":[{"href":"https:\/\/tuttostore.com\/de\/wp-json\/wp\/v2\/product"}],"about":[{"href":"https:\/\/tuttostore.com\/de\/wp-json\/wp\/v2\/types\/product"}],"replies":[{"embeddable":true,"href":"https:\/\/tuttostore.com\/de\/wp-json\/wp\/v2\/comments?post=14485"}],"wp:featuredmedia":[{"embeddable":true,"href":"https:\/\/tuttostore.com\/de\/wp-json\/wp\/v2\/media\/16176"}],"wp:attachment":[{"href":"https:\/\/tuttostore.com\/de\/wp-json\/wp\/v2\/media?parent=14485"}],"wp:term":[{"taxonomy":"product_brand","embeddable":true,"href":"https:\/\/tuttostore.com\/de\/wp-json\/wp\/v2\/product_brand?post=14485"},{"taxonomy":"product_cat","embeddable":true,"href":"https:\/\/tuttostore.com\/de\/wp-json\/wp\/v2\/product_cat?post=14485"},{"taxonomy":"product_tag","embeddable":true,"href":"https:\/\/tuttostore.com\/de\/wp-json\/wp\/v2\/product_tag?post=14485"}],"curies":[{"name":"wp","href":"https:\/\/api.w.org\/{rel}","templated":true}]}}