{"id":14486,"date":"2018-11-07T08:19:26","date_gmt":"2018-11-07T07:19:26","guid":{"rendered":"https:\/\/tuttostore.com\/prodotto\/rapid-sbloccante-svitante-spray\/"},"modified":"2025-05-19T15:29:52","modified_gmt":"2025-05-19T13:29:52","slug":"rapid-sbloccante-svitante-spray","status":"publish","type":"product","link":"https:\/\/tuttostore.com\/de\/produkt\/rapid-sbloccante-svitante-spray\/","title":{"rendered":"Schnellabschraubspray"},"content":{"rendered":"<div>\n<h1>Schnellabschraubspray<\/h1>\n<div>\n<p>RAPID spart erheblich Zeit und M\u00fche und verhindert Br\u00fcche bei der Demontage. Dank seiner hohen Kriech- und Schmierwirkung eignet es sich f\u00fcr alle Bereiche der Sportwartung. Seine praktische Anwendbarkeit macht es unverzichtbar f\u00fcr den Einsatz auf der Rennstrecke und seine unsch\u00e4tzbare Wirksamkeit in der Werkstatt. Es dringt tief ein, entfettet effektiv, entfernt Schlamm, schmiert und sch\u00fctzt.<\/p>\n<p>INDIKATIVE MERKMALE<br \/>\nPhysikalischer Zustand Spr\u00fchprodukt<br \/>\nAussehen \u00d6liger Schleier<br \/>\nLeichter Geruch<br \/>\npH-Wert Nicht signifikant<br \/>\nFlammpunkt Hochentz\u00fcndlich<br \/>\nWasserl\u00f6slichkeit Unl\u00f6slich<br \/>\n\u00d6ll\u00f6slichkeit L\u00f6slich<\/p>\n<p>Die Angaben in diesem Datenblatt basieren auf unserem aktuellen Wissensstand. Sie stellen keine Garantie dar. Es liegt in der Verantwortung des Anwenders, die Eignung der hier bereitgestellten Informationen f\u00fcr seinen spezifischen Anwendungszweck zu pr\u00fcfen.<\/p>\n<p>Fimo srl wurde 1976 als Hersteller von industriellen Wartungsprodukten, Schmiermitteln, L\u00f6sungs- und Reinigungsmitteln gegr\u00fcndet. Neben diesem Kerngesch\u00e4ft hat das Unternehmen im Laufe der Jahre dank seiner Erfahrung im industriellen Bereich eine Produktlinie f\u00fcr die Schmierung von Kartketten entwickelt.<\/p>\n<div>\n<div>\n<p>Klicken <a href=\"https:\/\/tuttostore.com\/de\/vendor\/fimo-srl\/\">Hier<\/a> um alle FIMO Produkte zu entdecken<\/p>\n<\/div>\n<\/div>\n<div>Klicken <a href=\"http:\/\/www.fimo.it\/2016\/it\/\">Hier<\/a> um die FIMO Homepage zu besuchen<\/div>\n<\/div>\n<\/div>","protected":false},"excerpt":{"rendered":"<div id=\"short_description_block\">\n<div id=\"short_description_content\" class=\"rte align_justify\">\n<p>Sch\u00fctzendes Spr\u00fchpolier- und Abschraubtrennmittel zum schnelleren Entfernen von durch Oxidation oder Zeit blockierten Muttern, Schrauben, Bolzen und Stehbolzen.<\/p>\n<p>400 ml Wei\u00dfblechflaschen<\/p>\n<\/div>\n<\/div>","protected":false},"featured_media":15687,"comment_status":"open","ping_status":"closed","template":"","meta":{"_acf_changed":false},"product_brand":[],"product_cat":[3898],"product_tag":[299],"class_list":{"0":"post-14486","1":"product","2":"type-product","3":"status-publish","4":"has-post-thumbnail","6":"product_cat-sport-e-tempo-libero","7":"product_tag-rapid-sbloccante-svitante-spray","8":"product_shipping_class-fimo-srl","9":"pa_vendors-fimo-srl","11":"first","12":"instock","13":"taxable","14":"shipping-taxable","15":"purchasable","16":"product-type-simple","swatches":"rey-swatches","show_selected":""},"acf":[],"_links":{"self":[{"href":"https:\/\/tuttostore.com\/de\/wp-json\/wp\/v2\/product\/14486","targetHints":{"allow":["GET"]}}],"collection":[{"href":"https:\/\/tuttostore.com\/de\/wp-json\/wp\/v2\/product"}],"about":[{"href":"https:\/\/tuttostore.com\/de\/wp-json\/wp\/v2\/types\/product"}],"replies":[{"embeddable":true,"href":"https:\/\/tuttostore.com\/de\/wp-json\/wp\/v2\/comments?post=14486"}],"wp:featuredmedia":[{"embeddable":true,"href":"https:\/\/tuttostore.com\/de\/wp-json\/wp\/v2\/media\/15687"}],"wp:attachment":[{"href":"https:\/\/tuttostore.com\/de\/wp-json\/wp\/v2\/media?parent=14486"}],"wp:term":[{"taxonomy":"product_brand","embeddable":true,"href":"https:\/\/tuttostore.com\/de\/wp-json\/wp\/v2\/product_brand?post=14486"},{"taxonomy":"product_cat","embeddable":true,"href":"https:\/\/tuttostore.com\/de\/wp-json\/wp\/v2\/product_cat?post=14486"},{"taxonomy":"product_tag","embeddable":true,"href":"https:\/\/tuttostore.com\/de\/wp-json\/wp\/v2\/product_tag?post=14486"}],"curies":[{"name":"wp","href":"https:\/\/api.w.org\/{rel}","templated":true}]}}