{"id":14487,"date":"2018-11-07T08:23:43","date_gmt":"2018-11-07T07:23:43","guid":{"rendered":"https:\/\/tuttostore.com\/prodotto\/ricipot-lubrificante-per-pot-de-suspension\/"},"modified":"2025-05-22T15:04:02","modified_gmt":"2025-05-22T13:04:02","slug":"ricipot-lubrificante-per-pot-de-suspension","status":"publish","type":"product","link":"https:\/\/tuttostore.com\/de\/produkt\/ricipot-lubrificante-per-pot-de-suspension\/","title":{"rendered":"Ricipot-Schmiermittel f\u00fcr H\u00e4nget\u00f6pfe"},"content":{"rendered":"<h1>Ricipot-Schmiermittel f\u00fcr H\u00e4nget\u00f6pfe<\/h1>\n<div>\n<p>Spezifisches Schmiermittel f\u00fcr den Federtopf des Citro\u00ebn 2CV und Derivate. Ausschlie\u00dflich auf Rizinus\u00f6lbasis.<br \/>\nDas Produkt wurde gem\u00e4\u00df den technischen Spezifikationen hergestellt, die der Hersteller zum Zeitpunkt der Produktion der Zweizylindermodelle bereitgestellt hat. Die Anwendung ist durch die spezielle flexible Sonde besonders praktisch, da damit auch mit Ferodo beschichtete Federn und Platten erreicht werden k\u00f6nnen, die mit herk\u00f6mmlichen Methoden nicht richtig geschmiert werden k\u00f6nnten.<br \/>\nEntwickelt dank der unsch\u00e4tzbaren Zusammenarbeit mit Guido Wilhelm, einem historischen Spezialisten im Zweizylindersektor, der eine grundlegende Rolle bei der Entstehung und Vermarktung spielte.<br \/>\nSie k\u00f6nnen sich ein Video ansehen, das die korrekte Verwendung und einfache Anwendung zeigt, indem Sie POT de suspension.mov in die Website eingeben.<br \/>\nGute Schmierung und kein Muhen mehr.<\/p>\n<p>&nbsp;<\/p>\n<p>Fimo srl wurde 1976 als Hersteller von industriellen Wartungsprodukten, Schmiermitteln, L\u00f6sungs- und Reinigungsmitteln gegr\u00fcndet. Neben diesem Kerngesch\u00e4ft hat das Unternehmen im Laufe der Jahre dank seiner Erfahrung im industriellen Bereich eine Produktlinie f\u00fcr die Schmierung von Kartketten entwickelt.<\/p>\n<div>\n<div>\n<p>Klicken <a href=\"https:\/\/tuttostore.com\/de\/vendor\/fimo-srl\/\">Hier<\/a> um alle FIMO Produkte zu entdecken<\/p>\n<\/div>\n<\/div>\n<div>Klicken <a href=\"http:\/\/www.fimo.it\/2016\/it\/\">Hier<\/a> um die FIMO Homepage zu besuchen<\/div>\n<\/div>","protected":false},"excerpt":{"rendered":"<p>Erh\u00e4ltlich in der 400 ml Dose<\/p>","protected":false},"featured_media":16074,"comment_status":"open","ping_status":"closed","template":"","meta":{"_acf_changed":false},"product_brand":[],"product_cat":[3898],"product_tag":[300,301,302],"class_list":{"0":"post-14487","1":"product","2":"type-product","3":"status-publish","4":"has-post-thumbnail","6":"product_cat-sport-e-tempo-libero","7":"product_tag-fimo","8":"product_tag-lubrificante","9":"product_tag-ricipot-lubrificante-per-pot-de-suspension","10":"product_shipping_class-fimo-srl","11":"pa_vendors-fimo-srl","13":"first","14":"instock","15":"taxable","16":"shipping-taxable","17":"purchasable","18":"product-type-simple","swatches":"rey-swatches","show_selected":""},"acf":[],"_links":{"self":[{"href":"https:\/\/tuttostore.com\/de\/wp-json\/wp\/v2\/product\/14487","targetHints":{"allow":["GET"]}}],"collection":[{"href":"https:\/\/tuttostore.com\/de\/wp-json\/wp\/v2\/product"}],"about":[{"href":"https:\/\/tuttostore.com\/de\/wp-json\/wp\/v2\/types\/product"}],"replies":[{"embeddable":true,"href":"https:\/\/tuttostore.com\/de\/wp-json\/wp\/v2\/comments?post=14487"}],"wp:featuredmedia":[{"embeddable":true,"href":"https:\/\/tuttostore.com\/de\/wp-json\/wp\/v2\/media\/16074"}],"wp:attachment":[{"href":"https:\/\/tuttostore.com\/de\/wp-json\/wp\/v2\/media?parent=14487"}],"wp:term":[{"taxonomy":"product_brand","embeddable":true,"href":"https:\/\/tuttostore.com\/de\/wp-json\/wp\/v2\/product_brand?post=14487"},{"taxonomy":"product_cat","embeddable":true,"href":"https:\/\/tuttostore.com\/de\/wp-json\/wp\/v2\/product_cat?post=14487"},{"taxonomy":"product_tag","embeddable":true,"href":"https:\/\/tuttostore.com\/de\/wp-json\/wp\/v2\/product_tag?post=14487"}],"curies":[{"name":"wp","href":"https:\/\/api.w.org\/{rel}","templated":true}]}}