{"id":14488,"date":"2018-11-07T08:30:49","date_gmt":"2018-11-07T07:30:49","guid":{"rendered":"https:\/\/tuttostore.com\/prodotto\/rocket-oil-lubrificante-bike\/"},"modified":"2025-05-20T12:57:39","modified_gmt":"2025-05-20T10:57:39","slug":"rocket-oil-lubrificante-bike","status":"publish","type":"product","link":"https:\/\/tuttostore.com\/de\/produkt\/rocket-oil-lubrificante-bike\/","title":{"rendered":"Rocket Oil Fahrradschmiermittel"},"content":{"rendered":"<div>\n<h1>Rocket Oil Fahrradschmiermittel<\/h1>\n<div>\n<p>Produkt zur allgemeinen Schmierung. Geeignet f\u00fcr Touren- und Rennr\u00e4der, bei denen maximale Laufruhe unter nicht unerschwinglichen Betriebsbedingungen erforderlich ist. Es schmiert die Kette gr\u00fcndlich, ohne R\u00fcckst\u00e4nde oder Ablagerungen zu hinterlassen. Es l\u00e4sst sich leicht durch Abwaschen entfernen und gew\u00e4hrleistet auch bei hohen Geschwindigkeiten eine hervorragende Schmierung. Es sorgt au\u00dferdem f\u00fcr eine verbesserte Schmierung aller Komponenten wie Kurbelgarnituren, Getriebe, Umwerfer, Kettenbl\u00e4tter, Gest\u00e4nge usw. Die au\u00dfergew\u00f6hnlich hochwertigen Basisschmierstoffe garantieren ein Produkt mit besonders guter Laufruhe, das die Reibung im gesamten Fahrrad optimal reduziert.<\/p>\n<p>INDIKATIVE MERKMALE<br \/>\nAussehen \u00d6liger Schleier<br \/>\nPhysikalischer Zustand Fl\u00fcssiges Produkt<br \/>\nLeichter Geruch<br \/>\npH-Wert Nicht signifikant<br \/>\nFlammpunkt &gt;100\u00b0C (Fl\u00fcssigkeit)<br \/>\nHochentz\u00fcndlich (Spr\u00fchdose)<br \/>\n\u00d6ll\u00f6slichkeit L\u00f6slich<\/p>\n<p>Die Angaben in diesem Datenblatt basieren auf unserem aktuellen Wissensstand. Die hierin enthaltenen Informationen stellen keine Garantie dar. Es liegt in der Verantwortung des Benutzers, die Eignung der hier bereitgestellten Informationen f\u00fcr seinen spezifischen Einsatzzweck zu pr\u00fcfen.<\/p>\n<p>Fimo srl wurde 1976 als Hersteller von industriellen Wartungsprodukten, Schmiermitteln, L\u00f6sungs- und Reinigungsmitteln gegr\u00fcndet. Neben diesem Kerngesch\u00e4ft hat das Unternehmen im Laufe der Jahre dank seiner Erfahrung im industriellen Bereich eine Produktlinie f\u00fcr die Schmierung von Kartketten entwickelt.<\/p>\n<div>\n<div>\n<p>Klicken <a href=\"https:\/\/tuttostore.com\/de\/vendor\/fimo-srl\/\">Hier<\/a> um alle FIMO Produkte zu entdecken<\/p>\n<\/div>\n<\/div>\n<div>Klicken <a href=\"http:\/\/www.fimo.it\/2016\/it\/\">Hier<\/a> um die FIMO Homepage zu besuchen<\/div>\n<\/div>\n<\/div>","protected":false},"excerpt":{"rendered":"<p>Erh\u00e4ltlich in der 400 ml Dose<\/p>","protected":false},"featured_media":15707,"comment_status":"open","ping_status":"closed","template":"","meta":{"_acf_changed":false},"product_brand":[],"product_cat":[3898],"product_tag":[303],"class_list":{"0":"post-14488","1":"product","2":"type-product","3":"status-publish","4":"has-post-thumbnail","6":"product_cat-sport-e-tempo-libero","7":"product_tag-rocket-oil-lubrificante-bike","8":"product_shipping_class-fimo-srl","9":"pa_confezione-400-ml","10":"pa_vendors-fimo-srl","12":"first","13":"instock","14":"taxable","15":"shipping-taxable","16":"purchasable","17":"product-type-variable","swatches":"rey-swatches","show_selected":""},"acf":[],"_links":{"self":[{"href":"https:\/\/tuttostore.com\/de\/wp-json\/wp\/v2\/product\/14488","targetHints":{"allow":["GET"]}}],"collection":[{"href":"https:\/\/tuttostore.com\/de\/wp-json\/wp\/v2\/product"}],"about":[{"href":"https:\/\/tuttostore.com\/de\/wp-json\/wp\/v2\/types\/product"}],"replies":[{"embeddable":true,"href":"https:\/\/tuttostore.com\/de\/wp-json\/wp\/v2\/comments?post=14488"}],"wp:featuredmedia":[{"embeddable":true,"href":"https:\/\/tuttostore.com\/de\/wp-json\/wp\/v2\/media\/15707"}],"wp:attachment":[{"href":"https:\/\/tuttostore.com\/de\/wp-json\/wp\/v2\/media?parent=14488"}],"wp:term":[{"taxonomy":"product_brand","embeddable":true,"href":"https:\/\/tuttostore.com\/de\/wp-json\/wp\/v2\/product_brand?post=14488"},{"taxonomy":"product_cat","embeddable":true,"href":"https:\/\/tuttostore.com\/de\/wp-json\/wp\/v2\/product_cat?post=14488"},{"taxonomy":"product_tag","embeddable":true,"href":"https:\/\/tuttostore.com\/de\/wp-json\/wp\/v2\/product_tag?post=14488"}],"curies":[{"name":"wp","href":"https:\/\/api.w.org\/{rel}","templated":true}]}}