{"id":14489,"date":"2018-11-07T08:40:04","date_gmt":"2018-11-07T07:40:04","guid":{"rendered":"https:\/\/tuttostore.com\/prodotto\/smogout-detergente-concentrato\/"},"modified":"2025-05-22T15:21:04","modified_gmt":"2025-05-22T13:21:04","slug":"smogout-detergente-concentrato","status":"publish","type":"product","link":"https:\/\/tuttostore.com\/de\/produkt\/smogout-detergente-concentrato\/","title":{"rendered":"Smogout-Konzentratreiniger"},"content":{"rendered":"<div>\n<h1>Smogout-Konzentratreiniger<\/h1>\n<div>\n<p>Konzentriertes Reinigungsmittel zur gr\u00fcndlichen Reinigung hartn\u00e4ckigster Verschmutzungen.<br \/>\nDurch die hohe Konzentration ist die Anwendung unterschiedlicher Verd\u00fcnnungen m\u00f6glich und das Produkt ist dadurch besonders sparsam im Verbrauch.<\/p>\n<p>Seine hervorragende Entfettungskraft macht es unersetzlich f\u00fcr die Reinigung von Wohnmobilen, Wohnwagen, Booten, Planen aus Kunststoff, lackierten Gartenm\u00f6beln, lackierten Grills, Gartensesseln und Liegest\u00fchlen aus Harz und generell allen stark verschmutzten, abwaschbaren Oberfl\u00e4chen.<\/p>\n<p>Durch die enthaltenen Anti-Reinterpositionsmittel und besonderen Tenside ist es besonders f\u00fcr die Reinigung von Industriefahrzeugen, LKW-Planen, Kisten und Spanten geeignet.<\/p>\n<p>Das Produkt kann mit einem Schwamm oder Lappen und sogar mit einem Hochdruckreiniger verwendet werden und sorgt f\u00fcr eine schnelle und effektive Reinigung. Verd\u00fcnnen Sie das Produkt je nach zu entfernendem Schmutz im Verh\u00e4ltnis 1:10 bis 1:30 mit Wasser. Nach dem Waschen gegebenenfalls mit klarem Wasser absp\u00fclen.<\/p>\n<p>INDIKATIVE MERKMALE<br \/>\nPhysikalischer Zustand: fl\u00fcssig<br \/>\nAussehen Klares Strohgelb<br \/>\nSchwacher Geruch<br \/>\nAlkalischer pH-Wert<br \/>\nFlammpunkt Nicht relevant<br \/>\nVollst\u00e4ndige Wasserl\u00f6slichkeit<br \/>\n\u00d6ll\u00f6slichkeit Unl\u00f6slich<br \/>\nNichtionische Tenside, biologisch abbaubar \u00fcber 90%<br \/>\nPlastikflaschenversorgung<\/p>\n<p>Die Angaben in diesem Datenblatt basieren auf unserem aktuellen Wissensstand. Sie stellen keine Garantie dar. Es liegt in der Verantwortung des Anwenders, die Eignung der hier bereitgestellten Informationen f\u00fcr seinen spezifischen Anwendungszweck zu pr\u00fcfen.<\/p>\n<p>Fimo srl wurde 1976 als Hersteller von industriellen Wartungsprodukten, Schmiermitteln, L\u00f6sungs- und Reinigungsmitteln gegr\u00fcndet. Neben diesem Kerngesch\u00e4ft hat das Unternehmen im Laufe der Jahre dank seiner Erfahrung im industriellen Bereich eine Produktlinie f\u00fcr die Schmierung von Kartketten entwickelt.<\/p>\n<div>\n<div>\n<p>Klicken <a href=\"https:\/\/tuttostore.com\/de\/vendor\/fimo-srl\/\">Hier<\/a> um alle FIMO Produkte zu entdecken<\/p>\n<\/div>\n<\/div>\n<div>Klicken <a href=\"http:\/\/www.fimo.it\/2016\/it\/\">Hier<\/a> um die FIMO Homepage zu besuchen<\/div>\n<\/div>\n<\/div>","protected":false},"excerpt":{"rendered":"<p>1-Liter-Flasche<\/p>","protected":false},"featured_media":16090,"comment_status":"open","ping_status":"closed","template":"","meta":{"_acf_changed":false},"product_brand":[],"product_cat":[3898],"product_tag":[304],"class_list":{"0":"post-14489","1":"product","2":"type-product","3":"status-publish","4":"has-post-thumbnail","6":"product_cat-sport-e-tempo-libero","7":"product_tag-smogout-detergente-concentrato","8":"product_shipping_class-fimo-srl","9":"pa_vendors-fimo-srl","11":"first","12":"instock","13":"taxable","14":"shipping-taxable","15":"purchasable","16":"product-type-simple","swatches":"rey-swatches","show_selected":""},"acf":[],"_links":{"self":[{"href":"https:\/\/tuttostore.com\/de\/wp-json\/wp\/v2\/product\/14489","targetHints":{"allow":["GET"]}}],"collection":[{"href":"https:\/\/tuttostore.com\/de\/wp-json\/wp\/v2\/product"}],"about":[{"href":"https:\/\/tuttostore.com\/de\/wp-json\/wp\/v2\/types\/product"}],"replies":[{"embeddable":true,"href":"https:\/\/tuttostore.com\/de\/wp-json\/wp\/v2\/comments?post=14489"}],"wp:featuredmedia":[{"embeddable":true,"href":"https:\/\/tuttostore.com\/de\/wp-json\/wp\/v2\/media\/16090"}],"wp:attachment":[{"href":"https:\/\/tuttostore.com\/de\/wp-json\/wp\/v2\/media?parent=14489"}],"wp:term":[{"taxonomy":"product_brand","embeddable":true,"href":"https:\/\/tuttostore.com\/de\/wp-json\/wp\/v2\/product_brand?post=14489"},{"taxonomy":"product_cat","embeddable":true,"href":"https:\/\/tuttostore.com\/de\/wp-json\/wp\/v2\/product_cat?post=14489"},{"taxonomy":"product_tag","embeddable":true,"href":"https:\/\/tuttostore.com\/de\/wp-json\/wp\/v2\/product_tag?post=14489"}],"curies":[{"name":"wp","href":"https:\/\/api.w.org\/{rel}","templated":true}]}}