{"id":14490,"date":"2018-11-07T08:55:18","date_gmt":"2018-11-07T07:55:18","guid":{"rendered":"https:\/\/tuttostore.com\/prodotto\/solbike-solvente-di-pulizia\/"},"modified":"2025-05-20T12:13:29","modified_gmt":"2025-05-20T10:13:29","slug":"solbike-solvente-di-pulizia","status":"publish","type":"product","link":"https:\/\/tuttostore.com\/de\/produkt\/solbike-solvente-di-pulizia\/","title":{"rendered":"Solbike-Reinigungsl\u00f6sungsmittel"},"content":{"rendered":"<div>\n<h1>Solbike-Reinigungsl\u00f6sungsmittel<\/h1>\n<div>\n<p>Mittelverdunstendes Produkt zur Reinigung mit B\u00fcrste, Lappen oder Spray. Entfernt Fett, \u00d6l und Schlamm und hinterl\u00e4sst perfekt entfettete Teile. Ein hervorragendes L\u00f6sungsmittel, das m\u00fchelos \u00d6le, Asphalt und Bitumen entfernt. Wenn eine sofortige und vollst\u00e4ndige Trocknung erforderlich ist, wird eine forcierte Trocknung mit Druckluft empfohlen. SOLBIKE ist v\u00f6llig inert gegen\u00fcber Metallteilen und nicht mit Wasser mischbar. Stellt nach der Behandlung die normale Schmierung wieder her. In gut bel\u00fcfteten Bereichen und mit Vorsicht auf lackierten Teilen anwenden.<\/p>\n<p>INDIKATIVE MERKMALE<br \/>\nPhysikalischer Zustand: Klare, durchsichtige Fl\u00fcssigkeit<br \/>\nAussehen Farbloses L\u00f6sungsmittel<br \/>\nLeichter Geruch<br \/>\nFlammpunkt 62\u00b0 C<br \/>\nSpezifisches Gewicht 0,810 20\u00b0 C<br \/>\nWasserl\u00f6slichkeit Unl\u00f6slich<br \/>\n\u00d6ll\u00f6slichkeit L\u00f6slich<\/p>\n<p>Die Angaben in diesem Datenblatt basieren auf unserem aktuellen Wissensstand. Sie stellen keine Garantie dar. Es liegt in der Verantwortung des Anwenders, die Eignung der hier bereitgestellten Informationen f\u00fcr seinen spezifischen Anwendungszweck zu pr\u00fcfen.<\/p>\n<p>Fimo srl wurde 1976 als Hersteller von industriellen Wartungsprodukten, Schmiermitteln, L\u00f6sungs- und Reinigungsmitteln gegr\u00fcndet. Neben diesem Kerngesch\u00e4ft hat das Unternehmen im Laufe der Jahre dank seiner Erfahrung im industriellen Bereich eine Produktlinie f\u00fcr die Schmierung von Kartketten entwickelt.<\/p>\n<div>\n<div>\n<p>Klicken <a href=\"https:\/\/tuttostore.com\/de\/vendor\/fimo-srl\/\">Hier<\/a> um alle FIMO Produkte zu entdecken<\/p>\n<\/div>\n<\/div>\n<div>Klicken <a href=\"http:\/\/www.fimo.it\/2016\/it\/\">Hier<\/a> um die FIMO Homepage zu besuchen<\/div>\n<\/div>\n<\/div>","protected":false},"excerpt":{"rendered":"<p>L\u00f6sungsmittel zum Reinigen und perfekten Entfetten von Ketten, Kurbelgarnituren, Umwerfern, Naben und allen anderen mechanischen Teilen im Fahrrad- und Mountainbikebereich.<\/p>\n<p>1 Liter Dose<\/p>","protected":false},"featured_media":15689,"comment_status":"open","ping_status":"closed","template":"","meta":{"_acf_changed":false},"product_brand":[],"product_cat":[3898],"product_tag":[305],"class_list":{"0":"post-14490","1":"product","2":"type-product","3":"status-publish","4":"has-post-thumbnail","6":"product_cat-sport-e-tempo-libero","7":"product_tag-solbike-solvente-di-pulizia","8":"product_shipping_class-fimo-srl","9":"pa_vendors-fimo-srl","11":"first","12":"instock","13":"taxable","14":"shipping-taxable","15":"purchasable","16":"product-type-simple","swatches":"rey-swatches","show_selected":""},"acf":[],"_links":{"self":[{"href":"https:\/\/tuttostore.com\/de\/wp-json\/wp\/v2\/product\/14490","targetHints":{"allow":["GET"]}}],"collection":[{"href":"https:\/\/tuttostore.com\/de\/wp-json\/wp\/v2\/product"}],"about":[{"href":"https:\/\/tuttostore.com\/de\/wp-json\/wp\/v2\/types\/product"}],"replies":[{"embeddable":true,"href":"https:\/\/tuttostore.com\/de\/wp-json\/wp\/v2\/comments?post=14490"}],"wp:featuredmedia":[{"embeddable":true,"href":"https:\/\/tuttostore.com\/de\/wp-json\/wp\/v2\/media\/15689"}],"wp:attachment":[{"href":"https:\/\/tuttostore.com\/de\/wp-json\/wp\/v2\/media?parent=14490"}],"wp:term":[{"taxonomy":"product_brand","embeddable":true,"href":"https:\/\/tuttostore.com\/de\/wp-json\/wp\/v2\/product_brand?post=14490"},{"taxonomy":"product_cat","embeddable":true,"href":"https:\/\/tuttostore.com\/de\/wp-json\/wp\/v2\/product_cat?post=14490"},{"taxonomy":"product_tag","embeddable":true,"href":"https:\/\/tuttostore.com\/de\/wp-json\/wp\/v2\/product_tag?post=14490"}],"curies":[{"name":"wp","href":"https:\/\/api.w.org\/{rel}","templated":true}]}}