{"id":14491,"date":"2018-11-07T09:03:51","date_gmt":"2018-11-07T08:03:51","guid":{"rendered":"https:\/\/tuttostore.com\/prodotto\/solkart-solvente-per-parti-meccaniche-kart\/"},"modified":"2025-07-25T09:36:46","modified_gmt":"2025-07-25T07:36:46","slug":"solkart-solvente-per-parti-meccaniche-kart","status":"publish","type":"product","link":"https:\/\/tuttostore.com\/de\/produkt\/solkart-solvente-per-parti-meccaniche-kart\/","title":{"rendered":"Solkart-L\u00f6sungsmittel f\u00fcr mechanische Kartteile"},"content":{"rendered":"<div>\n<h1>Solkart-L\u00f6sungsmittel f\u00fcr mechanische Kartteile<\/h1>\n<div>\n<p>Mittelstark verdunstendes Produkt zur Anwendung mit B\u00fcrste, Lappen oder Spray. Entfernt Fett, \u00d6l und Schlamm und hinterl\u00e4sst perfekt entfettete Teile. Hervorragendes L\u00f6sungsmittel f\u00fcr \u00d6le, Asphalt und Bitumen. Zur sofortigen Trocknung wird Druckluft empfohlen. SOLBIKE ist v\u00f6llig inert gegen\u00fcber Metallteilen. Stellt die Schmierung nach der Behandlung wieder her. In gut bel\u00fcfteten R\u00e4umen verwenden.<\/p>\n<p>Fimo srl wurde 1976 als Hersteller von industriellen Wartungsprodukten, Schmiermitteln, L\u00f6sungs- und Reinigungsmitteln gegr\u00fcndet. Neben diesem Kerngesch\u00e4ft hat das Unternehmen im Laufe der Jahre dank seiner Erfahrung im industriellen Bereich eine Produktlinie f\u00fcr die Schmierung von Kartketten entwickelt.<\/p>\n<div>\n<div>\n<p>Klicken <a href=\"https:\/\/tuttostore.com\/de\/vendor\/fimo-srl\/\">Hier<\/a> um alle FIMO Produkte zu entdecken<\/p>\n<\/div>\n<\/div>\n<div>Klicken <a href=\"http:\/\/www.fimo.it\/2016\/it\/\">Hier<\/a> um die FIMO Homepage zu besuchen<\/div>\n<\/div>\n<\/div>","protected":false},"excerpt":{"rendered":"<div id=\"short_description_block\">\n<div id=\"short_description_content\" class=\"rte align_justify\">\n<p>L\u00f6sungsmittel zum Reinigen von Ketten, Kettenr\u00e4dern, Naben und allen anderen mechanischen Teilen des Karts.<\/p>\n<p>1 Liter Dose<\/p>\n<\/div>\n<\/div>\n<div id=\"oosHook\"><\/div>\n<form id=\"buy_block\" action=\"https:\/\/www.tuttostore.it\/it\/carrello\" method=\"post\">\n<div class=\"box-info-product\">\n<div class=\"box-cart-bottom clearfix\"><\/div>\n<\/div>\n<\/form>","protected":false},"featured_media":19104,"comment_status":"open","ping_status":"closed","template":"","meta":{"_acf_changed":false},"product_brand":[],"product_cat":[3898],"product_tag":[306],"class_list":{"0":"post-14491","1":"product","2":"type-product","3":"status-publish","4":"has-post-thumbnail","6":"product_cat-sport-e-tempo-libero","7":"product_tag-solkart-solvente-per-parti-meccaniche-kart","8":"product_shipping_class-fimo-srl","9":"pa_vendors-fimo-srl","11":"first","12":"instock","13":"taxable","14":"shipping-taxable","15":"purchasable","16":"product-type-simple","swatches":"rey-swatches","show_selected":""},"acf":[],"_links":{"self":[{"href":"https:\/\/tuttostore.com\/de\/wp-json\/wp\/v2\/product\/14491","targetHints":{"allow":["GET"]}}],"collection":[{"href":"https:\/\/tuttostore.com\/de\/wp-json\/wp\/v2\/product"}],"about":[{"href":"https:\/\/tuttostore.com\/de\/wp-json\/wp\/v2\/types\/product"}],"replies":[{"embeddable":true,"href":"https:\/\/tuttostore.com\/de\/wp-json\/wp\/v2\/comments?post=14491"}],"wp:featuredmedia":[{"embeddable":true,"href":"https:\/\/tuttostore.com\/de\/wp-json\/wp\/v2\/media\/19104"}],"wp:attachment":[{"href":"https:\/\/tuttostore.com\/de\/wp-json\/wp\/v2\/media?parent=14491"}],"wp:term":[{"taxonomy":"product_brand","embeddable":true,"href":"https:\/\/tuttostore.com\/de\/wp-json\/wp\/v2\/product_brand?post=14491"},{"taxonomy":"product_cat","embeddable":true,"href":"https:\/\/tuttostore.com\/de\/wp-json\/wp\/v2\/product_cat?post=14491"},{"taxonomy":"product_tag","embeddable":true,"href":"https:\/\/tuttostore.com\/de\/wp-json\/wp\/v2\/product_tag?post=14491"}],"curies":[{"name":"wp","href":"https:\/\/api.w.org\/{rel}","templated":true}]}}