{"id":14492,"date":"2018-11-07T09:14:53","date_gmt":"2018-11-07T08:14:53","guid":{"rendered":"https:\/\/tuttostore.com\/prodotto\/solv-pulente-sgrassante-spray\/"},"modified":"2025-05-20T12:17:23","modified_gmt":"2025-05-20T10:17:23","slug":"solv-pulente-sgrassante-spray","status":"publish","type":"product","link":"https:\/\/tuttostore.com\/de\/produkt\/solv-pulente-sgrassante-spray\/","title":{"rendered":"Solv Entfettungs-Reinigungsspray"},"content":{"rendered":"<div>\n<h1>Solv Entfettungs-Reinigungsspray<\/h1>\n<div>\n<p>Es entfernt m\u00fchelos und schnell unsichtbaren Schmutz, der sich in den verstecktesten Bereichen des Fahrrads versteckt und f\u00fcr die meisten mechanischen Probleme verantwortlich ist, und verbessert so die Funktionalit\u00e4t der behandelten Ausr\u00fcstung. SOLV ist sowohl auf der Rennstrecke aufgrund der praktischen und benutzerfreundlichen Spr\u00fchflasche als auch in der Werkstatt aufgrund seiner Schnelligkeit, Pr\u00e4zision und Wirksamkeit unverzichtbar. Das Produkt besch\u00e4digt die empfindlichen Materialien moderner Fahrr\u00e4der nicht und trocknet schnell und r\u00fcckstandslos.<\/p>\n<p>INDIKATIVE MERKMALE<br \/>\nPhysikalischer Zustand Spr\u00fchprodukt<br \/>\nAussehen Ohne R\u00fcckst\u00e4nde<br \/>\nLeichter L\u00f6sungsmittelgeruch<br \/>\npH-Wert Nicht signifikant<br \/>\nFlammpunkt Hochentz\u00fcndlich<br \/>\nWasserl\u00f6slichkeit Unl\u00f6slich<\/p>\n<p>Die Angaben in diesem Datenblatt basieren auf unserem aktuellen Wissensstand. Sie stellen keine Garantie dar. Es liegt in der Verantwortung des Anwenders, die Eignung der hier bereitgestellten Informationen f\u00fcr seinen spezifischen Anwendungszweck zu pr\u00fcfen.<\/p>\n<p>Fimo srl wurde 1976 als Hersteller von industriellen Wartungsprodukten, Schmiermitteln, L\u00f6sungs- und Reinigungsmitteln gegr\u00fcndet. Neben diesem Kerngesch\u00e4ft hat das Unternehmen im Laufe der Jahre dank seiner Erfahrung im industriellen Bereich eine Produktlinie f\u00fcr die Schmierung von Kartketten entwickelt.<\/p>\n<div>\n<div>\n<p>Klicken <a href=\"https:\/\/tuttostore.com\/de\/vendor\/fimo-srl\/\">Hier<\/a> um alle FIMO Produkte zu entdecken<\/p>\n<\/div>\n<\/div>\n<div>Klicken <a href=\"http:\/\/www.fimo.it\/2016\/it\/\">Hier<\/a> um die FIMO Homepage zu besuchen<\/div>\n<\/div>\n<\/div>","protected":false},"excerpt":{"rendered":"<div id=\"short_description_block\">\n<div id=\"short_description_content\" class=\"rte align_justify\">\n<p>Hervorragendes Spr\u00fchl\u00f6sungsmittel zum Reinigen von Ketten, Kettenbl\u00e4ttern, Ritzeln, Umwerfern, Zahnr\u00e4dern, Bremsscheiben, Bremsbel\u00e4gen und mechanischen Teilen.<\/p>\n<p>400 ml Wei\u00dfblechflaschen<\/p>\n<\/div>\n<\/div>\n<div id=\"oosHook\"><\/div>\n<form id=\"buy_block\" action=\"https:\/\/www.tuttostore.it\/it\/carrello\" method=\"post\">\n<div class=\"box-info-product\">\n<div class=\"box-cart-bottom clearfix\"><\/div>\n<\/div>\n<\/form>","protected":false},"featured_media":15690,"comment_status":"open","ping_status":"closed","template":"","meta":{"_acf_changed":false},"product_brand":[],"product_cat":[3898],"product_tag":[307],"class_list":{"0":"post-14492","1":"product","2":"type-product","3":"status-publish","4":"has-post-thumbnail","6":"product_cat-sport-e-tempo-libero","7":"product_tag-solv-pulente-sgrassante-spray","8":"product_shipping_class-fimo-srl","9":"pa_vendors-fimo-srl","11":"first","12":"instock","13":"taxable","14":"shipping-taxable","15":"purchasable","16":"product-type-simple","swatches":"rey-swatches","show_selected":""},"acf":[],"_links":{"self":[{"href":"https:\/\/tuttostore.com\/de\/wp-json\/wp\/v2\/product\/14492","targetHints":{"allow":["GET"]}}],"collection":[{"href":"https:\/\/tuttostore.com\/de\/wp-json\/wp\/v2\/product"}],"about":[{"href":"https:\/\/tuttostore.com\/de\/wp-json\/wp\/v2\/types\/product"}],"replies":[{"embeddable":true,"href":"https:\/\/tuttostore.com\/de\/wp-json\/wp\/v2\/comments?post=14492"}],"wp:featuredmedia":[{"embeddable":true,"href":"https:\/\/tuttostore.com\/de\/wp-json\/wp\/v2\/media\/15690"}],"wp:attachment":[{"href":"https:\/\/tuttostore.com\/de\/wp-json\/wp\/v2\/media?parent=14492"}],"wp:term":[{"taxonomy":"product_brand","embeddable":true,"href":"https:\/\/tuttostore.com\/de\/wp-json\/wp\/v2\/product_brand?post=14492"},{"taxonomy":"product_cat","embeddable":true,"href":"https:\/\/tuttostore.com\/de\/wp-json\/wp\/v2\/product_cat?post=14492"},{"taxonomy":"product_tag","embeddable":true,"href":"https:\/\/tuttostore.com\/de\/wp-json\/wp\/v2\/product_tag?post=14492"}],"curies":[{"name":"wp","href":"https:\/\/api.w.org\/{rel}","templated":true}]}}