{"id":14494,"date":"2018-11-07T09:23:16","date_gmt":"2018-11-07T08:23:16","guid":{"rendered":"https:\/\/tuttostore.com\/prodotto\/special-lube-corse-lubrificante-speciale\/"},"modified":"2025-05-22T15:24:58","modified_gmt":"2025-05-22T13:24:58","slug":"special-lube-corse-lubrificante-speciale","status":"publish","type":"product","link":"https:\/\/tuttostore.com\/de\/produkt\/special-lube-corse-lubrificante-speciale\/","title":{"rendered":"Spezialschmiermittel Racing Spezialschmiermittel"},"content":{"rendered":"<div>\n<h1>Spezialschmiermittel Racing Spezialschmiermittel<\/h1>\n<div>\n<p>Das Produkt widersteht den intensiven Belastungen im Rennsport und der kombinierten Einwirkung von Staub und Feuchtigkeit. Es bek\u00e4mpft Verschlei\u00df und sorgt gleichzeitig f\u00fcr eine optimale Kettenschmierung. Seine hervorragenden Ergebnisse bei den wichtigsten Wettbewerben machen es zu einem der besten Kettenschmiermittel im Sport. Es wird auch f\u00fcr Ketten mit O-Ringen dringend empfohlen.<\/p>\n<p>Fimo srl wurde 1976 als Hersteller von industriellen Wartungsprodukten, Schmiermitteln, L\u00f6sungs- und Reinigungsmitteln gegr\u00fcndet. Neben diesem Kerngesch\u00e4ft hat das Unternehmen im Laufe der Jahre dank seiner Erfahrung im industriellen Bereich eine Produktlinie f\u00fcr die Schmierung von Kartketten entwickelt.<\/p>\n<div>\n<div>\n<p>Klicken <a href=\"https:\/\/tuttostore.com\/de\/vendor\/fimo-srl\/\">Hier<\/a> um alle FIMO Produkte zu entdecken<\/p>\n<\/div>\n<\/div>\n<div>Klicken <a href=\"http:\/\/www.fimo.it\/2016\/it\/\">Hier<\/a> um die FIMO Homepage zu besuchen<\/div>\n<\/div>\n<\/div>","protected":false},"excerpt":{"rendered":"<div id=\"short_description_block\">\n<div id=\"short_description_content\" class=\"rte align_justify\">\n<p>Spezialschmiermittel mit hohen \u201eHigh Pressure\u201c-Zus\u00e4tzen f\u00fcr die richtige Schmierung der Go-Kart-Kette.<\/p>\n<p>400 ml Packung<\/p>\n<\/div>\n<\/div>\n<form id=\"buy_block\" action=\"https:\/\/www.tuttostore.it\/it\/carrello\" method=\"post\">\n<div class=\"box-info-product\">\n<div class=\"box-cart-bottom clearfix\"><\/div>\n<\/div>\n<\/form>","protected":false},"featured_media":16092,"comment_status":"open","ping_status":"closed","template":"","meta":{"_acf_changed":false},"product_brand":[],"product_cat":[3898],"product_tag":[309],"class_list":{"0":"post-14494","1":"product","2":"type-product","3":"status-publish","4":"has-post-thumbnail","6":"product_cat-sport-e-tempo-libero","7":"product_tag-special-lube-corse-lubrificante-speciale","8":"product_shipping_class-fimo-srl","9":"pa_vendors-fimo-srl","11":"first","12":"instock","13":"taxable","14":"shipping-taxable","15":"purchasable","16":"product-type-simple","swatches":"rey-swatches","show_selected":""},"acf":[],"_links":{"self":[{"href":"https:\/\/tuttostore.com\/de\/wp-json\/wp\/v2\/product\/14494","targetHints":{"allow":["GET"]}}],"collection":[{"href":"https:\/\/tuttostore.com\/de\/wp-json\/wp\/v2\/product"}],"about":[{"href":"https:\/\/tuttostore.com\/de\/wp-json\/wp\/v2\/types\/product"}],"replies":[{"embeddable":true,"href":"https:\/\/tuttostore.com\/de\/wp-json\/wp\/v2\/comments?post=14494"}],"wp:featuredmedia":[{"embeddable":true,"href":"https:\/\/tuttostore.com\/de\/wp-json\/wp\/v2\/media\/16092"}],"wp:attachment":[{"href":"https:\/\/tuttostore.com\/de\/wp-json\/wp\/v2\/media?parent=14494"}],"wp:term":[{"taxonomy":"product_brand","embeddable":true,"href":"https:\/\/tuttostore.com\/de\/wp-json\/wp\/v2\/product_brand?post=14494"},{"taxonomy":"product_cat","embeddable":true,"href":"https:\/\/tuttostore.com\/de\/wp-json\/wp\/v2\/product_cat?post=14494"},{"taxonomy":"product_tag","embeddable":true,"href":"https:\/\/tuttostore.com\/de\/wp-json\/wp\/v2\/product_tag?post=14494"}],"curies":[{"name":"wp","href":"https:\/\/api.w.org\/{rel}","templated":true}]}}