{"id":14495,"date":"2018-11-07T09:31:37","date_gmt":"2018-11-07T08:31:37","guid":{"rendered":"https:\/\/tuttostore.com\/prodotto\/start-up-gonfia-e-ripara\/"},"modified":"2025-05-20T12:37:30","modified_gmt":"2025-05-20T10:37:30","slug":"start-up-gonfia-e-ripara","status":"publish","type":"product","link":"https:\/\/tuttostore.com\/de\/produkt\/start-up-gonfia-e-ripara\/","title":{"rendered":"START UP Aufpumpen &amp; Reparieren"},"content":{"rendered":"<h1>START UP Aufpumpen &amp; Reparieren<\/h1>\n<div>\n<p>Aufgrund seiner gro\u00dfz\u00fcgigen Abmessungen empfiehlt es sich besonders f\u00fcr den Einsatz am Mountainbike, wo es auch komplizierte Situationen l\u00f6sen kann.<br \/>\nSTART-UP eignet sich auch f\u00fcr Renn- und Tourenr\u00e4der. Es erm\u00f6glicht eine schnelle und effektive Reparatur kleinerer Reifenpannen.<\/p>\n<p>GEBRAUCHSANWEISUNG kann:<br \/>\nNach dem Sch\u00fctteln der Dose das Produkt in das oben angebrachte Ventil der besch\u00e4digten Tube geben, um eine bessere Bef\u00fcllung zu gew\u00e4hrleisten, und schnell mit mechanischer Unterst\u00fctzung bei m\u00e4\u00dfiger Geschwindigkeit weiterarbeiten.<\/p>\n<p>INDIKATIVE MERKMALE<br \/>\nPhysikalischer Zustand Spr\u00fchprodukt<br \/>\nAussehen von Latexschaum<br \/>\nSchlechter Geruch<br \/>\npH-Wert Nicht signifikant<br \/>\nFlammpunkt Hochentz\u00fcndlich<br \/>\nWasserl\u00f6slichkeit L\u00f6slich<br \/>\n\u00d6ll\u00f6slichkeit Unl\u00f6slich<\/p>\n<p>Die in dieser Brosch\u00fcre enthaltenen Informationen basieren auf unserem derzeitigen Wissensstand. Nichts hierin Enthaltenes stellt eine Garantie dar.<br \/>\nEs liegt in der Verantwortung des Benutzers, die Eignung der hier bereitgestellten Informationen f\u00fcr seinen spezifischen Gebrauch zu bestimmen.<\/p>\n<p>&nbsp;<\/p>\n<p>Fimo srl wurde 1976 als Hersteller von industriellen Wartungsprodukten, Schmiermitteln, L\u00f6sungs- und Reinigungsmitteln gegr\u00fcndet. Neben diesem Kerngesch\u00e4ft hat das Unternehmen im Laufe der Jahre dank seiner Erfahrung im industriellen Bereich eine Produktlinie f\u00fcr die Schmierung von Kartketten entwickelt.<\/p>\n<div>\n<div>\n<p>Klicken <a href=\"https:\/\/tuttostore.com\/de\/vendor\/fimo-srl\/\">Hier<\/a> um alle FIMO Produkte zu entdecken<\/p>\n<\/div>\n<\/div>\n<div>Klicken <a href=\"http:\/\/www.fimo.it\/2016\/it\/\">Hier<\/a> um die FIMO Homepage zu besuchen<\/div>\n<\/div>","protected":false},"excerpt":{"rendered":"<div id=\"short_description_block\">\n<div id=\"short_description_content\" class=\"rte align_justify\">\n<div id=\"short_description_block\">\n<div id=\"short_description_content\" class=\"rte align_justify\">\n<p>Produkt zur schnellen Reparatur von Fahrradschl\u00e4uchen. Am besten f\u00fcr 29\u2033<\/p>\n<\/div>\n<\/div>\n<\/div>\n<\/div>\n<form id=\"buy_block\" action=\"https:\/\/www.tuttostore.it\/it\/carrello\" method=\"post\">\n<div class=\"box-info-product\">\n<div class=\"box-cart-bottom clearfix\"><\/div>\n<\/div>\n<\/form>","protected":false},"featured_media":15696,"comment_status":"open","ping_status":"closed","template":"","meta":{"_acf_changed":false},"product_brand":[],"product_cat":[3898],"product_tag":[312],"class_list":{"0":"post-14495","1":"product","2":"type-product","3":"status-publish","4":"has-post-thumbnail","6":"product_cat-sport-e-tempo-libero","7":"product_tag-start-up-gonfia-e-ripara","8":"product_shipping_class-fimo-srl","9":"pa_confezione-bomboletta-spray-100-ml","10":"pa_confezione-bomboletta-spray-300-ml","11":"pa_vendors-fimo-srl","13":"first","14":"instock","15":"taxable","16":"shipping-taxable","17":"purchasable","18":"product-type-variable","swatches":"rey-swatches","show_selected":""},"acf":[],"_links":{"self":[{"href":"https:\/\/tuttostore.com\/de\/wp-json\/wp\/v2\/product\/14495","targetHints":{"allow":["GET"]}}],"collection":[{"href":"https:\/\/tuttostore.com\/de\/wp-json\/wp\/v2\/product"}],"about":[{"href":"https:\/\/tuttostore.com\/de\/wp-json\/wp\/v2\/types\/product"}],"replies":[{"embeddable":true,"href":"https:\/\/tuttostore.com\/de\/wp-json\/wp\/v2\/comments?post=14495"}],"wp:featuredmedia":[{"embeddable":true,"href":"https:\/\/tuttostore.com\/de\/wp-json\/wp\/v2\/media\/15696"}],"wp:attachment":[{"href":"https:\/\/tuttostore.com\/de\/wp-json\/wp\/v2\/media?parent=14495"}],"wp:term":[{"taxonomy":"product_brand","embeddable":true,"href":"https:\/\/tuttostore.com\/de\/wp-json\/wp\/v2\/product_brand?post=14495"},{"taxonomy":"product_cat","embeddable":true,"href":"https:\/\/tuttostore.com\/de\/wp-json\/wp\/v2\/product_cat?post=14495"},{"taxonomy":"product_tag","embeddable":true,"href":"https:\/\/tuttostore.com\/de\/wp-json\/wp\/v2\/product_tag?post=14495"}],"curies":[{"name":"wp","href":"https:\/\/api.w.org\/{rel}","templated":true}]}}