{"id":14497,"date":"2018-11-08T08:22:43","date_gmt":"2018-11-08T07:22:43","guid":{"rendered":"https:\/\/tuttostore.com\/prodotto\/birilonga-naturale\/"},"modified":"2025-05-21T15:06:19","modified_gmt":"2025-05-21T13:06:19","slug":"birilonga-naturale","status":"publish","type":"product","link":"https:\/\/tuttostore.com\/de\/produkt\/birilonga-naturale\/","title":{"rendered":"Nat\u00fcrliches Birilonga"},"content":{"rendered":"<div>\n<h1>Nat\u00fcrliches Birilonga<\/h1>\n<p>Nat\u00fcrliches Birilonga<\/p>\n<p>Toilettenpapierhalter aus Buche natur f\u00fcr 8 Rollen Toilettenpapier<br \/>\nEs wird zerlegt in 4 Teilen geliefert<\/p>\n<p>Es k\u00f6nnen 8 Rollen Toilettenpapier eingelegt werden;<br \/>\nMa\u00dfe: Basis \u00d8 18x102h cm \u2013 Stange: oben \u00d8 ca. 3 cm, unten \u00d8 ca. 6 cm;<\/p>\n<p>Design: Giovanni Pirondini<\/p>\n<div>\n<p>Kunsthandwerk snc<\/p>\n<p>UNSER UNTERNEHMEN<\/p>\n<p>Das Unternehmen wurde 1978 von Ambrogio Pirondini unter der Marke \u201eArti e Mestieri\u201c gegr\u00fcndet. Nach einer anf\u00e4nglichen Produktion von Holzartikeln (Kisten, Beh\u00e4lter usw.) f\u00fcr Lebensmittelunternehmen in der Region wandte sich Arti &amp; Mestieri in Zusammenarbeit mit seinem Bruder Giovanni, der am Polytechnikum in Mailand Architektur studierte, mit der Marke \u201ePirondini Italia\u201c dem nationalen und internationalen Markt zu und bot Gegenst\u00e4nde und Accessoires f\u00fcr das Zuhause an. F\u00fcr die Entwicklung dieser neuen Produkte konnte das Unternehmen auf die Zusammenarbeit zahlreicher in Italien und im Ausland bekannter Designer und K\u00fcnstler zur\u00fcckgreifen, darunter Riccardo Dalisi, Emilio Tadini, Andrea Branzi, Luca Scacchetti, Emanuele Luzzati usw. Derzeit konzentriert sich das Unternehmen haupts\u00e4chlich auf die Herstellung von Tisch- und Wanduhren sowie Kuckucksuhren.<\/p>\n<div>\n<div>\n<p>Klicken <a href=\"https:\/\/tuttostore.com\/de\/vendor\/arti-e-mestieri-s-n-c\/\">Hier<\/a> um alle Produkte von ARTI E MESTIERI SNC zu entdecken<\/p>\n<\/div>\n<\/div>\n<div>Klicken <a href=\"http:\/\/www.artiemestieri.it\/\">Hier <\/a>um die Homepage von ARTI E MESTIERI SNC zu besuchen<\/div>\n<\/div>\n<\/div>","protected":false},"excerpt":{"rendered":"<p>Nat\u00fcrliches Birilonga<\/p>\n<p>Toilettenpapierhalter aus Buche natur f\u00fcr 8 Rollen Toilettenpapier<br \/>\nEs wird zerlegt in 4 Teilen geliefert<\/p>\n<p>Es k\u00f6nnen 8 Rollen Toilettenpapier eingelegt werden;<br \/>\nMa\u00dfe: Basis \u00d8 18x102h cm \u2013 Stange: oben \u00d8 ca. 3 cm, unten \u00d8 ca. 6 cm;<\/p>\n<p>Design: Giovanni Pirondini<\/p>","protected":false},"featured_media":15858,"comment_status":"open","ping_status":"closed","template":"","meta":{"_acf_changed":false},"product_brand":[],"product_cat":[3907],"product_tag":[377],"class_list":{"0":"post-14497","1":"product","2":"type-product","3":"status-publish","4":"has-post-thumbnail","6":"product_cat-casa-e-ufficio","7":"product_tag-birilonga-naturale","8":"product_shipping_class-arti-e-mestieri-snc","9":"pa_vendors-arti-e-mestieri-s-n-c","11":"first","12":"outofstock","13":"taxable","14":"shipping-taxable","15":"purchasable","16":"product-type-simple","swatches":"rey-swatches","show_selected":""},"acf":[],"_links":{"self":[{"href":"https:\/\/tuttostore.com\/de\/wp-json\/wp\/v2\/product\/14497","targetHints":{"allow":["GET"]}}],"collection":[{"href":"https:\/\/tuttostore.com\/de\/wp-json\/wp\/v2\/product"}],"about":[{"href":"https:\/\/tuttostore.com\/de\/wp-json\/wp\/v2\/types\/product"}],"replies":[{"embeddable":true,"href":"https:\/\/tuttostore.com\/de\/wp-json\/wp\/v2\/comments?post=14497"}],"wp:featuredmedia":[{"embeddable":true,"href":"https:\/\/tuttostore.com\/de\/wp-json\/wp\/v2\/media\/15858"}],"wp:attachment":[{"href":"https:\/\/tuttostore.com\/de\/wp-json\/wp\/v2\/media?parent=14497"}],"wp:term":[{"taxonomy":"product_brand","embeddable":true,"href":"https:\/\/tuttostore.com\/de\/wp-json\/wp\/v2\/product_brand?post=14497"},{"taxonomy":"product_cat","embeddable":true,"href":"https:\/\/tuttostore.com\/de\/wp-json\/wp\/v2\/product_cat?post=14497"},{"taxonomy":"product_tag","embeddable":true,"href":"https:\/\/tuttostore.com\/de\/wp-json\/wp\/v2\/product_tag?post=14497"}],"curies":[{"name":"wp","href":"https:\/\/api.w.org\/{rel}","templated":true}]}}