{"id":14498,"date":"2018-11-08T08:30:47","date_gmt":"2018-11-08T07:30:47","guid":{"rendered":"https:\/\/tuttostore.com\/prodotto\/cucu-bag\/"},"modified":"2025-05-16T12:58:05","modified_gmt":"2025-05-16T10:58:05","slug":"cucu-bag","status":"publish","type":"product","link":"https:\/\/tuttostore.com\/de\/produkt\/cucu-bag\/","title":{"rendered":"Tasche"},"content":{"rendered":"<div>\n<h1>Tasche<\/h1>\n<p><strong>Wanduhr<\/strong><\/p>\n<p>Bag ist eine Uhr f\u00fcr Menschen jeden Alters, die gerne beruflich oder privat reisen.<br \/>\nGekennzeichnet durch ein \u00e4u\u00dferst einfaches, aber dennoch warmes und bedeutungsvolles Design, das sich an jede Umgebung (Zuhause\/B\u00fcro) anpasst und einen Ort voller Erinnerungen schafft.<\/p>\n<p>Wanduhr \u2013 lackiertes MDF \u2013 Details aus Birnbaumholz<br \/>\nFarbe: Resedagr\u00fcn oder Schwefelgelb mit schwarzen Eins\u00e4tzen<br \/>\nAbmessungen: cm L 30 x H 25 x T 3,5<br \/>\nentworfen von Pagliaro &amp; Saiano<\/p>\n<div>\n<p>UNSER UNTERNEHMEN<\/p>\n<p>Das Unternehmen wurde 1978 von Ambrogio Pirondini unter der Marke \u201eArti e Mestieri\u201c gegr\u00fcndet. Nach einer anf\u00e4nglichen Produktion von Holzartikeln (Kisten, Beh\u00e4lter usw.) f\u00fcr Lebensmittelunternehmen in der Region wandte sich Arti &amp; Mestieri in Zusammenarbeit mit seinem Bruder Giovanni, der am Polytechnikum in Mailand Architektur studierte, mit der Marke \u201ePirondini Italia\u201c dem nationalen und internationalen Markt zu und bot Gegenst\u00e4nde und Accessoires f\u00fcr das Zuhause an. F\u00fcr die Entwicklung dieser neuen Produkte konnte das Unternehmen auf die Zusammenarbeit zahlreicher in Italien und im Ausland bekannter Designer und K\u00fcnstler zur\u00fcckgreifen, darunter Riccardo Dalisi, Emilio Tadini, Andrea Branzi, Luca Scacchetti, Emanuele Luzzati usw. Derzeit konzentriert sich das Unternehmen haupts\u00e4chlich auf die Herstellung von Tisch- und Wanduhren sowie Kuckucksuhren.<\/p>\n<div>\n<div>\n<div>\n<div>\n<p>Klicken <a href=\"https:\/\/tuttostore.com\/de\/vendor\/arti-e-mestieri-s-n-c\/\">Hier<\/a> um alle Produkte von ARTI E MESTIERI SNC zu entdecken<\/p>\n<\/div>\n<\/div>\n<div>Klicken <a href=\"http:\/\/www.artiemestieri.it\/\">Hier <\/a>um die Homepage von ARTI E MESTIERI SNC zu besuchen<\/div>\n<\/div>\n<\/div>\n<\/div>\n<\/div>","protected":false},"excerpt":{"rendered":"<p><strong>Wanduhr<\/strong><\/p>\n<p>Abmessungen cm L 30 x H 25 x T 3,5<\/p>","protected":false},"featured_media":15422,"comment_status":"open","ping_status":"closed","template":"","meta":{"_acf_changed":false},"product_brand":[],"product_cat":[3907],"product_tag":[390],"class_list":{"0":"post-14498","1":"product","2":"type-product","3":"status-publish","4":"has-post-thumbnail","6":"product_cat-casa-e-ufficio","7":"product_tag-bag","8":"product_shipping_class-arti-e-mestieri-snc","9":"pa_colore-giallo-zolfo","10":"pa_colore-verde-reseda-con-inserti-neri","11":"pa_vendors-arti-e-mestieri-s-n-c","13":"first","14":"instock","15":"taxable","16":"shipping-taxable","17":"purchasable","18":"product-type-variable","swatches":"rey-swatches","show_selected":""},"acf":[],"_links":{"self":[{"href":"https:\/\/tuttostore.com\/de\/wp-json\/wp\/v2\/product\/14498","targetHints":{"allow":["GET"]}}],"collection":[{"href":"https:\/\/tuttostore.com\/de\/wp-json\/wp\/v2\/product"}],"about":[{"href":"https:\/\/tuttostore.com\/de\/wp-json\/wp\/v2\/types\/product"}],"replies":[{"embeddable":true,"href":"https:\/\/tuttostore.com\/de\/wp-json\/wp\/v2\/comments?post=14498"}],"wp:featuredmedia":[{"embeddable":true,"href":"https:\/\/tuttostore.com\/de\/wp-json\/wp\/v2\/media\/15422"}],"wp:attachment":[{"href":"https:\/\/tuttostore.com\/de\/wp-json\/wp\/v2\/media?parent=14498"}],"wp:term":[{"taxonomy":"product_brand","embeddable":true,"href":"https:\/\/tuttostore.com\/de\/wp-json\/wp\/v2\/product_brand?post=14498"},{"taxonomy":"product_cat","embeddable":true,"href":"https:\/\/tuttostore.com\/de\/wp-json\/wp\/v2\/product_cat?post=14498"},{"taxonomy":"product_tag","embeddable":true,"href":"https:\/\/tuttostore.com\/de\/wp-json\/wp\/v2\/product_tag?post=14498"}],"curies":[{"name":"wp","href":"https:\/\/api.w.org\/{rel}","templated":true}]}}