{"id":14517,"date":"2018-11-08T14:08:23","date_gmt":"2018-11-08T13:08:23","guid":{"rendered":"https:\/\/tuttostore.com\/prodotto\/orologio-a-cucu-around-rietveld\/"},"modified":"2025-05-19T11:03:43","modified_gmt":"2025-05-19T09:03:43","slug":"orologio-a-cucu-around-rietveld","status":"publish","type":"product","link":"https:\/\/tuttostore.com\/de\/produkt\/orologio-a-cucu-around-rietveld\/","title":{"rendered":"Rund um die Rietveld-Kuckucksuhr"},"content":{"rendered":"<div>\n<h1>Rund um die Rietveld-Kuckucksuhr<\/h1>\n<div>Wandkuckucksuhr<\/div>\n<div><\/div>\n<div>Lackiertes MDF-Geh\u00e4use mit Details aus massivem Buchenholz.<br \/>\nBesonderes Augenmerk wird auf die Auswahl der verwendeten Materialien gelegt, wobei es sich h\u00e4ufig um Edelh\u00f6lzer unterschiedlicher Herkunft handelt.<\/div>\n<div><\/div>\n<div>Abmessungen: cm L 21 x H 27 x T 11<\/div>\n<div>Des. Giovanni Pirondini.<\/div>\n<div><\/div>\n<div><em>Uhr mit Nacht-Fotozelle, die das L\u00e4uten der Uhr w\u00e4hrend der Nachtstunden verhindert.<\/em><\/div>\n<div><\/div>\n<div>UNSER UNTERNEHMEN<\/div>\n<div>\n<p>Das Unternehmen wurde 1978 von Ambrogio Pirondini unter der Marke \u201eArti e Mestieri\u201c gegr\u00fcndet. Nach einer anf\u00e4nglichen Produktion von Holzartikeln (Kisten, Beh\u00e4lter usw.) f\u00fcr Lebensmittelunternehmen in der Region wandte sich Arti &amp; Mestieri in Zusammenarbeit mit seinem Bruder Giovanni, der am Polytechnikum in Mailand Architektur studierte, mit der Marke \u201ePirondini Italia\u201c dem nationalen und internationalen Markt zu und bot Gegenst\u00e4nde und Accessoires f\u00fcr das Zuhause an. F\u00fcr die Entwicklung dieser neuen Produkte konnte das Unternehmen auf die Zusammenarbeit zahlreicher in Italien und im Ausland bekannter Designer und K\u00fcnstler zur\u00fcckgreifen, darunter Riccardo Dalisi, Emilio Tadini, Andrea Branzi, Luca Scacchetti, Emanuele Luzzati usw. Derzeit konzentriert sich das Unternehmen haupts\u00e4chlich auf die Herstellung von Tisch- und Wanduhren sowie Kuckucksuhren.<\/p>\n<div>\n<div>\n<p>Klicken <a href=\"https:\/\/tuttostore.com\/de\/vendor\/arti-e-mestieri-s-n-c\/\">Hier<\/a> um alle Produkte von ARTI E MESTIERI SNC zu entdecken<\/p>\n<\/div>\n<\/div>\n<div>Klicken <a href=\"http:\/\/www.artiemestieri.it\/\">Hier <\/a>um die Homepage von ARTI E MESTIERI SNC zu besuchen<\/div>\n<\/div>\n<\/div>","protected":false},"excerpt":{"rendered":"<p><strong>Arond Rietveld Kuckucksuhr<\/strong><\/p>\n<p>Abmessungen: 21 x 27 x 11 cm<br \/>\nDesign: Giovanni Pirondini<\/p>","protected":false},"featured_media":15489,"comment_status":"open","ping_status":"closed","template":"","meta":{"_acf_changed":false},"product_brand":[],"product_cat":[3907],"product_tag":[423],"class_list":{"0":"post-14517","1":"product","2":"type-product","3":"status-publish","4":"has-post-thumbnail","6":"product_cat-casa-e-ufficio","7":"product_tag-orologio-a-cucu-around-mondrian","8":"product_shipping_class-arti-e-mestieri-snc","9":"pa_vendors-arti-e-mestieri-s-n-c","11":"first","12":"instock","13":"taxable","14":"shipping-taxable","15":"purchasable","16":"product-type-simple","swatches":"rey-swatches","show_selected":""},"acf":[],"_links":{"self":[{"href":"https:\/\/tuttostore.com\/de\/wp-json\/wp\/v2\/product\/14517","targetHints":{"allow":["GET"]}}],"collection":[{"href":"https:\/\/tuttostore.com\/de\/wp-json\/wp\/v2\/product"}],"about":[{"href":"https:\/\/tuttostore.com\/de\/wp-json\/wp\/v2\/types\/product"}],"replies":[{"embeddable":true,"href":"https:\/\/tuttostore.com\/de\/wp-json\/wp\/v2\/comments?post=14517"}],"wp:featuredmedia":[{"embeddable":true,"href":"https:\/\/tuttostore.com\/de\/wp-json\/wp\/v2\/media\/15489"}],"wp:attachment":[{"href":"https:\/\/tuttostore.com\/de\/wp-json\/wp\/v2\/media?parent=14517"}],"wp:term":[{"taxonomy":"product_brand","embeddable":true,"href":"https:\/\/tuttostore.com\/de\/wp-json\/wp\/v2\/product_brand?post=14517"},{"taxonomy":"product_cat","embeddable":true,"href":"https:\/\/tuttostore.com\/de\/wp-json\/wp\/v2\/product_cat?post=14517"},{"taxonomy":"product_tag","embeddable":true,"href":"https:\/\/tuttostore.com\/de\/wp-json\/wp\/v2\/product_tag?post=14517"}],"curies":[{"name":"wp","href":"https:\/\/api.w.org\/{rel}","templated":true}]}}