{"id":14558,"date":"2018-11-09T13:17:29","date_gmt":"2018-11-09T12:17:29","guid":{"rendered":"https:\/\/tuttostore.com\/prodotto\/orologio-a-cucu-natural\/"},"modified":"2025-05-20T14:34:25","modified_gmt":"2025-05-20T12:34:25","slug":"orologio-a-cucu-natural","status":"publish","type":"product","link":"https:\/\/tuttostore.com\/de\/produkt\/orologio-a-cucu-natural\/","title":{"rendered":"Nat\u00fcrliche Kuckucksuhr"},"content":{"rendered":"<h1>Nat\u00fcrliche Kuckucksuhr<\/h1>\n<div>\n<div>Wanduhr mit Pendel und Kuckuck, Quarzwerk;<\/div>\n<div><\/div>\n<div>Der Wecker ert\u00f6nt zur vollen Stunde und beinhaltet einen Kuckucksruf mit Echo und Hintergrundmusik aus Waldger\u00e4uschen und pl\u00e4tscherndem Bach. Er ist abschaltbar und verf\u00fcgt \u00fcber zwei Intensit\u00e4tsstufen.<br \/>\nNachtfunktion: Ein Sensor schaltet den Alarm automatisch ab, wenn es im Raum, in dem sich die Uhr befindet, dunkel wird.<\/div>\n<div>Farbe: L\u00e4rche massiv und Dach rot lackiert<\/div>\n<div><\/div>\n<div>Stromversorgung mit 2 Alkaline-Taschenlampen D\/LR20\/1,5V<\/div>\n<div><\/div>\n<div>Gr\u00f6\u00dfe: cm L 28 x H 44 x T 11<\/div>\n<div>Des. Giovanni Pirondini<\/div>\n<p>&nbsp;<\/p>\n<\/div>\n<div>UNSER UNTERNEHMEN<\/div>\n<div>\n<p>Das Unternehmen wurde 1978 von Ambrogio Pirondini unter der Marke \u201eArti e Mestieri\u201c gegr\u00fcndet. Nach einer anf\u00e4nglichen Produktion von Holzartikeln (Kisten, Beh\u00e4lter usw.) f\u00fcr Lebensmittelunternehmen in der Region wandte sich Arti &amp; Mestieri in Zusammenarbeit mit seinem Bruder Giovanni, der am Polytechnikum in Mailand Architektur studierte, mit der Marke \u201ePirondini Italia\u201c dem nationalen und internationalen Markt zu und bot Gegenst\u00e4nde und Accessoires f\u00fcr das Zuhause an. F\u00fcr die Entwicklung dieser neuen Produkte konnte das Unternehmen auf die Zusammenarbeit zahlreicher in Italien und im Ausland bekannter Designer und K\u00fcnstler zur\u00fcckgreifen, darunter Riccardo Dalisi, Emilio Tadini, Andrea Branzi, Luca Scacchetti, Emanuele Luzzati usw. Derzeit konzentriert sich das Unternehmen haupts\u00e4chlich auf die Herstellung von Tisch- und Wanduhren sowie Kuckucksuhren.<\/p>\n<div>\n<div>\n<p>Klicken <a href=\"https:\/\/tuttostore.com\/de\/vendor\/arti-e-mestieri-s-n-c\/\">Hier<\/a> um alle Produkte von ARTI E MESTIERI SNC zu entdecken<\/p>\n<\/div>\n<\/div>\n<div>Klicken <a href=\"http:\/\/www.artiemestieri.it\/\">Hier <\/a>um die Homepage von ARTI E MESTIERI SNC zu besuchen<\/div>\n<\/div>","protected":false},"excerpt":{"rendered":"<div>\n<p><strong>Nat\u00fcrliche Kuckucksuhr<\/strong><\/p>\n<\/div>\n<div>Gr\u00f6\u00dfe: 28 x 44 x 11 cm<\/div>\n<div>Design: Giovanni Pirondini<\/div>","protected":false},"featured_media":15727,"comment_status":"open","ping_status":"closed","template":"","meta":{"_acf_changed":false},"product_brand":[],"product_cat":[3907],"product_tag":[473],"class_list":{"0":"post-14558","1":"product","2":"type-product","3":"status-publish","4":"has-post-thumbnail","6":"product_cat-casa-e-ufficio","7":"product_tag-orologio-a-cucu-natural","8":"product_shipping_class-arti-e-mestieri-snc","9":"pa_vendors-arti-e-mestieri-s-n-c","11":"first","12":"instock","13":"taxable","14":"shipping-taxable","15":"purchasable","16":"product-type-simple","swatches":"rey-swatches","show_selected":""},"acf":[],"_links":{"self":[{"href":"https:\/\/tuttostore.com\/de\/wp-json\/wp\/v2\/product\/14558","targetHints":{"allow":["GET"]}}],"collection":[{"href":"https:\/\/tuttostore.com\/de\/wp-json\/wp\/v2\/product"}],"about":[{"href":"https:\/\/tuttostore.com\/de\/wp-json\/wp\/v2\/types\/product"}],"replies":[{"embeddable":true,"href":"https:\/\/tuttostore.com\/de\/wp-json\/wp\/v2\/comments?post=14558"}],"wp:featuredmedia":[{"embeddable":true,"href":"https:\/\/tuttostore.com\/de\/wp-json\/wp\/v2\/media\/15727"}],"wp:attachment":[{"href":"https:\/\/tuttostore.com\/de\/wp-json\/wp\/v2\/media?parent=14558"}],"wp:term":[{"taxonomy":"product_brand","embeddable":true,"href":"https:\/\/tuttostore.com\/de\/wp-json\/wp\/v2\/product_brand?post=14558"},{"taxonomy":"product_cat","embeddable":true,"href":"https:\/\/tuttostore.com\/de\/wp-json\/wp\/v2\/product_cat?post=14558"},{"taxonomy":"product_tag","embeddable":true,"href":"https:\/\/tuttostore.com\/de\/wp-json\/wp\/v2\/product_tag?post=14558"}],"curies":[{"name":"wp","href":"https:\/\/api.w.org\/{rel}","templated":true}]}}