{"id":14570,"date":"2018-11-12T16:34:57","date_gmt":"2018-11-12T15:34:57","guid":{"rendered":"https:\/\/tuttostore.com\/prodotto\/orologio-a-cucu-otranto\/"},"modified":"2025-05-19T09:41:45","modified_gmt":"2025-05-19T07:41:45","slug":"orologio-a-cucu-otranto","status":"publish","type":"product","link":"https:\/\/tuttostore.com\/de\/produkt\/orologio-a-cucu-otranto\/","title":{"rendered":"Otranto Kuckucksuhr"},"content":{"rendered":"<div>\n<h1>Otranto Kuckucksuhr<\/h1>\n<div>\n<div>Kuckucksuhr<\/div>\n<div>Mit seinem originellen Design passt es zu jeder Art von M\u00f6beln.<br \/>\nDie Uhr verf\u00fcgt \u00fcber einen elektronischen Mechanismus: Sie ist mit einer Fotozelle ausgestattet, die verhindert, dass der Kuckuck bei Dunkelheit ert\u00f6nt. Aus diesem Grund eignet sie sich auch f\u00fcr den Einsatz in Entspannungsr\u00e4umen.<br \/>\nDie Kuckucksuhr ist abschaltbar und verf\u00fcgt \u00fcber zwei Lautst\u00e4rkestufen. Erst wenn die Stunde schl\u00e4gt, schaltet sie sich ein und spielt den Kuckucksgesang mit Echo und Untermalung von Waldger\u00e4uschen mit Bachlauf.<\/div>\n<div><\/div>\n<div>Varianten:<\/div>\n<div>\u00a0\u2013 Naturbirkengeh\u00e4use mit Strasssteinen und schwarzem Dach<\/div>\n<div>\u00a0\u2013 Schwarz gebeiztes Birkengeh\u00e4use mit Strasssteinen und orangefarbenem Dach<\/div>\n<div>Abmessungen: cm L 34 x H 34 x T 12<\/div>\n<div><\/div>\n<div>Des. Giovanni Pirondini<\/div>\n<\/div>\n<div><\/div>\n<div>UNSER UNTERNEHMEN<\/div>\n<div>\n<p>Das Unternehmen wurde 1978 von Ambrogio Pirondini unter der Marke \u201eArti e Mestieri\u201c gegr\u00fcndet. Nach einer anf\u00e4nglichen Produktion von Holzartikeln (Kisten, Beh\u00e4lter usw.) f\u00fcr Lebensmittelunternehmen in der Region wandte sich Arti &amp; Mestieri in Zusammenarbeit mit seinem Bruder Giovanni, der am Polytechnikum in Mailand Architektur studierte, mit der Marke \u201ePirondini Italia\u201c dem nationalen und internationalen Markt zu und bot Gegenst\u00e4nde und Accessoires f\u00fcr das Zuhause an. F\u00fcr die Entwicklung dieser neuen Produkte konnte das Unternehmen auf die Zusammenarbeit zahlreicher in Italien und im Ausland bekannter Designer und K\u00fcnstler zur\u00fcckgreifen, darunter Riccardo Dalisi, Emilio Tadini, Andrea Branzi, Luca Scacchetti, Emanuele Luzzati usw. Derzeit konzentriert sich das Unternehmen haupts\u00e4chlich auf die Herstellung von Tisch- und Wanduhren sowie Kuckucksuhren.<\/p>\n<div>\n<div>\n<p>Klicken <a href=\"https:\/\/tuttostore.com\/de\/vendor\/arti-e-mestieri-s-n-c\/\">Hier<\/a> um alle Produkte von ARTI E MESTIERI SNC zu entdecken<\/p>\n<\/div>\n<\/div>\n<div>Klicken <a href=\"http:\/\/www.artiemestieri.it\/\">Hier <\/a>um die Homepage von ARTI E MESTIERI SNC zu besuchen<\/div>\n<\/div>\n<\/div>","protected":false},"excerpt":{"rendered":"<div>Kuckucksuhr<\/div>\n<div><\/div>\n<div>Naturbelassenes oder schwarz gebeiztes Birkengeh\u00e4use mit Strasssteinen und Dach in folgenden Farben erh\u00e4ltlich:<\/div>\n<div>orange<br \/>\nSchwarz<\/div>\n<div>Abmessungen: 34x34x12 cm<\/div>\n<div><\/div>\n<div>entworfen von Giovanni Pirondini<\/div>","protected":false},"featured_media":15461,"comment_status":"open","ping_status":"closed","template":"","meta":{"_acf_changed":false},"product_brand":[],"product_cat":[3907],"product_tag":[488],"class_list":{"0":"post-14570","1":"product","2":"type-product","3":"status-publish","4":"has-post-thumbnail","6":"product_cat-casa-e-ufficio","7":"product_tag-orologio-a-cucu-otranto","8":"product_shipping_class-arti-e-mestieri-snc","9":"pa_colore-arancio","10":"pa_colore-nero","11":"pa_vendors-arti-e-mestieri-s-n-c","13":"first","14":"instock","15":"taxable","16":"shipping-taxable","17":"purchasable","18":"product-type-variable","swatches":"rey-swatches","show_selected":""},"acf":[],"_links":{"self":[{"href":"https:\/\/tuttostore.com\/de\/wp-json\/wp\/v2\/product\/14570","targetHints":{"allow":["GET"]}}],"collection":[{"href":"https:\/\/tuttostore.com\/de\/wp-json\/wp\/v2\/product"}],"about":[{"href":"https:\/\/tuttostore.com\/de\/wp-json\/wp\/v2\/types\/product"}],"replies":[{"embeddable":true,"href":"https:\/\/tuttostore.com\/de\/wp-json\/wp\/v2\/comments?post=14570"}],"wp:featuredmedia":[{"embeddable":true,"href":"https:\/\/tuttostore.com\/de\/wp-json\/wp\/v2\/media\/15461"}],"wp:attachment":[{"href":"https:\/\/tuttostore.com\/de\/wp-json\/wp\/v2\/media?parent=14570"}],"wp:term":[{"taxonomy":"product_brand","embeddable":true,"href":"https:\/\/tuttostore.com\/de\/wp-json\/wp\/v2\/product_brand?post=14570"},{"taxonomy":"product_cat","embeddable":true,"href":"https:\/\/tuttostore.com\/de\/wp-json\/wp\/v2\/product_cat?post=14570"},{"taxonomy":"product_tag","embeddable":true,"href":"https:\/\/tuttostore.com\/de\/wp-json\/wp\/v2\/product_tag?post=14570"}],"curies":[{"name":"wp","href":"https:\/\/api.w.org\/{rel}","templated":true}]}}