{"id":14594,"date":"2018-11-13T14:30:44","date_gmt":"2018-11-13T13:30:44","guid":{"rendered":"https:\/\/tuttostore.com\/prodotto\/orologio-a-cucu-spirale\/"},"modified":"2025-05-15T15:03:51","modified_gmt":"2025-05-15T13:03:51","slug":"orologio-a-cucu-spirale","status":"publish","type":"product","link":"https:\/\/tuttostore.com\/de\/produkt\/orologio-a-cucu-spirale\/","title":{"rendered":"Spiral-Kuckucksuhr"},"content":{"rendered":"<div>\n<h1>Spiral-Kuckucksuhr<\/h1>\n<div>\n<p><strong>Sorrento Kuckucksuhr<\/strong><br \/>\nHergestellt in der Intarsientechnik mit Edelh\u00f6lzern auf schwarzem Bruy\u00e8re-Hintergrund; Intarsien mit Edelh\u00f6lzern auf blauem Bruy\u00e8re-Hintergrund.<br \/>\nPirondinis Holzobjekte und -m\u00f6bel vereinen handwerkliche Perfektion und k\u00fcnstlerisches K\u00f6nnen. Die Produkte sind in erster Linie f\u00fcr den t\u00e4glichen Gebrauch bestimmt und vereinen daher Funktionalit\u00e4t und \u00c4sthetik. Besonderes Augenmerk wird auf die Auswahl der Materialien gelegt, darunter viele Edelh\u00f6lzer unterschiedlicher Herkunft.<\/p>\n<p>Design: Giovanni Pirondini<\/p>\n<p>Abmessungen: 31 x 16 x 10 cm<\/p>\n<p>Uhr mit Nacht-Fotozelle, die das L\u00e4uten der Uhr w\u00e4hrend der Nachtstunden verhindert.<\/p>\n<\/div>\n<div>UNSER UNTERNEHMEN<\/div>\n<div>\n<p>Das Unternehmen wurde 1978 von Ambrogio Pirondini unter der Marke \u201eArti e Mestieri\u201c gegr\u00fcndet. Nach einer anf\u00e4nglichen Produktion von Holzartikeln (Kisten, Beh\u00e4lter usw.) f\u00fcr Lebensmittelunternehmen in der Region wandte sich Arti &amp; Mestieri in Zusammenarbeit mit seinem Bruder Giovanni, der am Polytechnikum in Mailand Architektur studierte, mit der Marke \u201ePirondini Italia\u201c dem nationalen und internationalen Markt zu und bot Gegenst\u00e4nde und Accessoires f\u00fcr das Zuhause an. F\u00fcr die Entwicklung dieser neuen Produkte konnte das Unternehmen auf die Zusammenarbeit zahlreicher in Italien und im Ausland bekannter Designer und K\u00fcnstler zur\u00fcckgreifen, darunter Riccardo Dalisi, Emilio Tadini, Andrea Branzi, Luca Scacchetti, Emanuele Luzzati usw. Derzeit konzentriert sich das Unternehmen haupts\u00e4chlich auf die Herstellung von Tisch- und Wanduhren sowie Kuckucksuhren.<\/p>\n<div>\n<div>\n<p>Klicken <a href=\"https:\/\/tuttostore.com\/de\/vendor\/arti-e-mestieri-s-n-c\/\">Hier<\/a> um alle Produkte von ARTI E MESTIERI SNC zu entdecken<\/p>\n<\/div>\n<\/div>\n<div>Klicken <a href=\"http:\/\/www.artiemestieri.it\/\">Hier <\/a>um die Homepage von ARTI E MESTIERI SNC zu besuchen<\/div>\n<\/div>\n<\/div>","protected":false},"excerpt":{"rendered":"<p><strong>Sorrento Kuckucksuhr<\/strong><br \/>\nHergestellt in der Intarsientechnik mit Edelh\u00f6lzern auf schwarzem Bruy\u00e8re-Hintergrund; Intarsien mit Edelh\u00f6lzern auf blauem Bruy\u00e8re-Hintergrund.<\/p>","protected":false},"featured_media":15392,"comment_status":"open","ping_status":"closed","template":"","meta":{"_acf_changed":false},"product_brand":[],"product_cat":[3907],"product_tag":[499],"class_list":{"0":"post-14594","1":"product","2":"type-product","3":"status-publish","4":"has-post-thumbnail","6":"product_cat-casa-e-ufficio","7":"product_tag-orologio-a-cucu-spirale","8":"product_shipping_class-arti-e-mestieri-snc","9":"pa_colore-bianco","10":"pa_colore-grigio","11":"pa_colore-nero","12":"pa_vendors-arti-e-mestieri-s-n-c","14":"first","15":"outofstock","16":"taxable","17":"shipping-taxable","18":"purchasable","19":"product-type-variable","swatches":"rey-swatches","show_selected":""},"acf":[],"_links":{"self":[{"href":"https:\/\/tuttostore.com\/de\/wp-json\/wp\/v2\/product\/14594","targetHints":{"allow":["GET"]}}],"collection":[{"href":"https:\/\/tuttostore.com\/de\/wp-json\/wp\/v2\/product"}],"about":[{"href":"https:\/\/tuttostore.com\/de\/wp-json\/wp\/v2\/types\/product"}],"replies":[{"embeddable":true,"href":"https:\/\/tuttostore.com\/de\/wp-json\/wp\/v2\/comments?post=14594"}],"wp:featuredmedia":[{"embeddable":true,"href":"https:\/\/tuttostore.com\/de\/wp-json\/wp\/v2\/media\/15392"}],"wp:attachment":[{"href":"https:\/\/tuttostore.com\/de\/wp-json\/wp\/v2\/media?parent=14594"}],"wp:term":[{"taxonomy":"product_brand","embeddable":true,"href":"https:\/\/tuttostore.com\/de\/wp-json\/wp\/v2\/product_brand?post=14594"},{"taxonomy":"product_cat","embeddable":true,"href":"https:\/\/tuttostore.com\/de\/wp-json\/wp\/v2\/product_cat?post=14594"},{"taxonomy":"product_tag","embeddable":true,"href":"https:\/\/tuttostore.com\/de\/wp-json\/wp\/v2\/product_tag?post=14594"}],"curies":[{"name":"wp","href":"https:\/\/api.w.org\/{rel}","templated":true}]}}