{"id":14601,"date":"2018-11-13T15:10:04","date_gmt":"2018-11-13T14:10:04","guid":{"rendered":"https:\/\/tuttostore.com\/prodotto\/orologio-a-cucu-titti\/"},"modified":"2025-05-20T14:42:41","modified_gmt":"2025-05-20T12:42:41","slug":"orologio-a-cucu-titti","status":"publish","type":"product","link":"https:\/\/tuttostore.com\/de\/produkt\/orologio-a-cucu-titti\/","title":{"rendered":"Tweety Vogel Kuckucksuhr"},"content":{"rendered":"<div>\n<h1>Tweety Vogel Kuckucksuhr<\/h1>\n<div>\n<div>\n<p>Tisch- oder Wandkuckucksuhr mit St\u00e4nder im Lieferumfang enthalten<\/p>\n<p>Lackiertes MDF-Geh\u00e4use \u2013 Details in Zirbelkiefer, auch bekannt als Zirbelkiefer, ein harziges Holz aus dem Alpenraum, das unter anderem f\u00fcr seinen angenehmen und anhaltenden Duft bekannt ist<br \/>\nFarben: Orange, Rot, Gr\u00fcn, Schwefelgelb, Orange, Gelb, Hellblau<\/p>\n<p>Abmessungen: cm L 13 x H 20 x T 13<br \/>\nDes. Giovanni Pirondini<\/p>\n<\/div>\n<div><\/div>\n<div><\/div>\n<\/div>\n<div>UNSER UNTERNEHMEN<\/div>\n<div>\n<p>Das Unternehmen wurde 1978 von Ambrogio Pirondini unter der Marke \u201eArti e Mestieri\u201c gegr\u00fcndet. Nach einer anf\u00e4nglichen Produktion von Holzartikeln (Kisten, Beh\u00e4lter usw.) f\u00fcr Lebensmittelunternehmen in der Region wandte sich Arti &amp; Mestieri in Zusammenarbeit mit seinem Bruder Giovanni, der am Polytechnikum in Mailand Architektur studierte, mit der Marke \u201ePirondini Italia\u201c dem nationalen und internationalen Markt zu und bot Gegenst\u00e4nde und Accessoires f\u00fcr das Zuhause an. F\u00fcr die Entwicklung dieser neuen Produkte konnte das Unternehmen auf die Zusammenarbeit zahlreicher in Italien und im Ausland bekannter Designer und K\u00fcnstler zur\u00fcckgreifen, darunter Riccardo Dalisi, Emilio Tadini, Andrea Branzi, Luca Scacchetti, Emanuele Luzzati usw. Derzeit konzentriert sich das Unternehmen haupts\u00e4chlich auf die Herstellung von Tisch- und Wanduhren sowie Kuckucksuhren.<\/p>\n<div>\n<div>\n<p>Klicken <a href=\"https:\/\/tuttostore.com\/de\/vendor\/arti-e-mestieri-s-n-c\/\">Hier<\/a> um alle Produkte von ARTI E MESTIERI SNC zu entdecken<\/p>\n<\/div>\n<\/div>\n<div>Klicken <a href=\"http:\/\/www.artiemestieri.it\/\">Hier <\/a>um die Homepage von ARTI E MESTIERI SNC zu besuchen<\/div>\n<\/div>\n<\/div>","protected":false},"excerpt":{"rendered":"<p><strong>Tweety Vogel Kuckucksuhr<\/strong><\/p>\n<p>Abmessungen: 13 x 20 x 13 cm<br \/>\nDesign: Giovanni Pirondini<\/p>","protected":false},"featured_media":15734,"comment_status":"open","ping_status":"closed","template":"","meta":{"_acf_changed":false},"product_brand":[],"product_cat":[3907],"product_tag":[504],"class_list":{"0":"post-14601","1":"product","2":"type-product","3":"status-publish","4":"has-post-thumbnail","6":"product_cat-casa-e-ufficio","7":"product_tag-orologio-a-cucu-titti","8":"product_shipping_class-arti-e-mestieri-snc","9":"pa_colore-arancio","10":"pa_colore-arancio-giallo","11":"pa_colore-blu-chiaro","12":"pa_colore-giallo-zolfo","13":"pa_colore-rosso","14":"pa_colore-verde","15":"pa_vendors-arti-e-mestieri-s-n-c","17":"first","18":"instock","19":"taxable","20":"shipping-taxable","21":"purchasable","22":"product-type-variable","swatches":"rey-swatches","show_selected":""},"acf":[],"_links":{"self":[{"href":"https:\/\/tuttostore.com\/de\/wp-json\/wp\/v2\/product\/14601","targetHints":{"allow":["GET"]}}],"collection":[{"href":"https:\/\/tuttostore.com\/de\/wp-json\/wp\/v2\/product"}],"about":[{"href":"https:\/\/tuttostore.com\/de\/wp-json\/wp\/v2\/types\/product"}],"replies":[{"embeddable":true,"href":"https:\/\/tuttostore.com\/de\/wp-json\/wp\/v2\/comments?post=14601"}],"wp:featuredmedia":[{"embeddable":true,"href":"https:\/\/tuttostore.com\/de\/wp-json\/wp\/v2\/media\/15734"}],"wp:attachment":[{"href":"https:\/\/tuttostore.com\/de\/wp-json\/wp\/v2\/media?parent=14601"}],"wp:term":[{"taxonomy":"product_brand","embeddable":true,"href":"https:\/\/tuttostore.com\/de\/wp-json\/wp\/v2\/product_brand?post=14601"},{"taxonomy":"product_cat","embeddable":true,"href":"https:\/\/tuttostore.com\/de\/wp-json\/wp\/v2\/product_cat?post=14601"},{"taxonomy":"product_tag","embeddable":true,"href":"https:\/\/tuttostore.com\/de\/wp-json\/wp\/v2\/product_tag?post=14601"}],"curies":[{"name":"wp","href":"https:\/\/api.w.org\/{rel}","templated":true}]}}