{"id":14620,"date":"2018-11-13T16:38:13","date_gmt":"2018-11-13T15:38:13","guid":{"rendered":"https:\/\/tuttostore.com\/prodotto\/orologio-da-parete-audrey\/"},"modified":"2025-05-21T14:40:59","modified_gmt":"2025-05-21T12:40:59","slug":"orologio-da-parete-audrey","status":"publish","type":"product","link":"https:\/\/tuttostore.com\/de\/produkt\/orologio-da-parete-audrey\/","title":{"rendered":"Audrey Wanduhr"},"content":{"rendered":"<div>\n<h1>Audrey Wanduhr<\/h1>\n<div>\n<div>\n<p><strong>Audrey Hepburn Wanduhr<\/strong><br \/>\nAudrey Hepburn war eine britische Schauspielerin. Sie wuchs in Belgien, Gro\u00dfbritannien und den Niederlanden auf, wo sie w\u00e4hrend des Nazi-Regimes lebte. W\u00e4hrend des Zweiten Weltkriegs studierte sie Tanz und wechselte dann zum Theater und schlie\u00dflich zum Film.<\/p>\n<p>Abmessungen 48\u00d748 Dicke 3 cm<\/p>\n<p>Druck auf MDF<\/p>\n<\/div>\n<div><\/div>\n<\/div>\n<div>UNSER UNTERNEHMEN<\/div>\n<div>\n<p>Das Unternehmen wurde 1978 von Ambrogio Pirondini unter der Marke \u201eArti e Mestieri\u201c gegr\u00fcndet. Nach einer anf\u00e4nglichen Produktion von Holzartikeln (Kisten, Beh\u00e4lter usw.) f\u00fcr Lebensmittelunternehmen in der Region wandte sich Arti &amp; Mestieri in Zusammenarbeit mit seinem Bruder Giovanni, der am Polytechnikum in Mailand Architektur studierte, mit der Marke \u201ePirondini Italia\u201c dem nationalen und internationalen Markt zu und bot Gegenst\u00e4nde und Accessoires f\u00fcr das Zuhause an. F\u00fcr die Entwicklung dieser neuen Produkte konnte das Unternehmen auf die Zusammenarbeit zahlreicher in Italien und im Ausland bekannter Designer und K\u00fcnstler zur\u00fcckgreifen, darunter Riccardo Dalisi, Emilio Tadini, Andrea Branzi, Luca Scacchetti, Emanuele Luzzati usw. Derzeit konzentriert sich das Unternehmen haupts\u00e4chlich auf die Herstellung von Tisch- und Wanduhren sowie Kuckucksuhren.<\/p>\n<div>\n<div>\n<p>Klicken <a href=\"https:\/\/tuttostore.com\/de\/vendor\/arti-e-mestieri-s-n-c\/\">Hier<\/a> um alle Produkte von ARTI E MESTIERI SNC zu entdecken<\/p>\n<\/div>\n<\/div>\n<div>Klicken <a href=\"http:\/\/www.artiemestieri.it\/\">Hier <\/a>um die Homepage von ARTI E MESTIERI SNC zu besuchen<\/div>\n<\/div>\n<\/div>","protected":false},"excerpt":{"rendered":"<p><strong>Audrey Hepburn Wanduhr<\/strong><\/p>\n<p>Abmessungen 48\u00d748 cm<\/p>\n<div>\n<p>Abmessungen: 39 x 9 x H 39 cm (ohne Pendel)<\/p>\n<p>Des. Gianluca Minchillo<\/p>\n<\/div>","protected":false},"featured_media":15850,"comment_status":"open","ping_status":"closed","template":"","meta":{"_acf_changed":false},"product_brand":[],"product_cat":[3907],"product_tag":[519],"class_list":{"0":"post-14620","1":"product","2":"type-product","3":"status-publish","4":"has-post-thumbnail","6":"product_cat-casa-e-ufficio","7":"product_tag-orologio-da-parete-audrey","8":"product_shipping_class-arti-e-mestieri-snc","9":"pa_vendors-arti-e-mestieri-s-n-c","11":"first","12":"outofstock","13":"taxable","14":"shipping-taxable","15":"purchasable","16":"product-type-simple","swatches":"rey-swatches","show_selected":""},"acf":[],"_links":{"self":[{"href":"https:\/\/tuttostore.com\/de\/wp-json\/wp\/v2\/product\/14620","targetHints":{"allow":["GET"]}}],"collection":[{"href":"https:\/\/tuttostore.com\/de\/wp-json\/wp\/v2\/product"}],"about":[{"href":"https:\/\/tuttostore.com\/de\/wp-json\/wp\/v2\/types\/product"}],"replies":[{"embeddable":true,"href":"https:\/\/tuttostore.com\/de\/wp-json\/wp\/v2\/comments?post=14620"}],"wp:featuredmedia":[{"embeddable":true,"href":"https:\/\/tuttostore.com\/de\/wp-json\/wp\/v2\/media\/15850"}],"wp:attachment":[{"href":"https:\/\/tuttostore.com\/de\/wp-json\/wp\/v2\/media?parent=14620"}],"wp:term":[{"taxonomy":"product_brand","embeddable":true,"href":"https:\/\/tuttostore.com\/de\/wp-json\/wp\/v2\/product_brand?post=14620"},{"taxonomy":"product_cat","embeddable":true,"href":"https:\/\/tuttostore.com\/de\/wp-json\/wp\/v2\/product_cat?post=14620"},{"taxonomy":"product_tag","embeddable":true,"href":"https:\/\/tuttostore.com\/de\/wp-json\/wp\/v2\/product_tag?post=14620"}],"curies":[{"name":"wp","href":"https:\/\/api.w.org\/{rel}","templated":true}]}}