{"id":14647,"date":"2018-11-14T10:11:18","date_gmt":"2018-11-14T09:11:18","guid":{"rendered":"https:\/\/tuttostore.com\/prodotto\/orologio-da-parete-trio-beels\/"},"modified":"2025-05-21T14:45:30","modified_gmt":"2025-05-21T12:45:30","slug":"orologio-da-parete-trio-beels","status":"publish","type":"product","link":"https:\/\/tuttostore.com\/de\/produkt\/orologio-da-parete-trio-beels\/","title":{"rendered":"Trio Beels Wanduhr"},"content":{"rendered":"<div>\n<h1>Trio Beels Wanduhr<\/h1>\n<div>\n<p>\u201eTrio Beels\u201c Uhr mit 3 Bronzeglocken<br \/>\n\u201eKurze Arpeggio\u201c-Melodie<br \/>\nDie Glocken schlagen die volle, die Viertelstunde, die halbe und die drei Viertelstunden.<\/p>\n<p><strong>Material:<\/strong>\u00a0lackiertes MDF-Geh\u00e4use, Sockel aus amerikanischem Ahorn<br \/>\n<strong>Verf\u00fcgbare Farben:<\/strong>\u00a0Zementgrauer Hintergrund mit blauer Vorderseite oder Zementgrau mit wei\u00dfer Vorderseite.<br \/>\n<strong>Abmessungen:<\/strong>\u00a0cm L 28 x H 33 x T 12<\/p>\n<p><em>Quarzwerk mit elektronischer Platine f\u00fcr den Schlagmechanismus. Die Stunde wird durch ein kurzes musikalisches Thema angek\u00fcndigt, gefolgt von Glockenschl\u00e4gen f\u00fcr jede Stunde. Viertel und halb werden durch drei verschiedene Glockenschl\u00e4ge angezeigt.<\/em><\/p>\n<\/div>\n<div>UNSER UNTERNEHMEN<\/div>\n<div>\n<p>Das Unternehmen wurde 1978 von Ambrogio Pirondini unter der Marke \u201eArti e Mestieri\u201c gegr\u00fcndet. Nach einer anf\u00e4nglichen Produktion von Holzartikeln (Kisten, Beh\u00e4lter usw.) f\u00fcr Lebensmittelunternehmen in der Region wandte sich Arti &amp; Mestieri in Zusammenarbeit mit seinem Bruder Giovanni, der am Polytechnikum in Mailand Architektur studierte, mit der Marke \u201ePirondini Italia\u201c dem nationalen und internationalen Markt zu und bot Gegenst\u00e4nde und Accessoires f\u00fcr das Zuhause an. F\u00fcr die Entwicklung dieser neuen Produkte konnte das Unternehmen auf die Zusammenarbeit zahlreicher in Italien und im Ausland bekannter Designer und K\u00fcnstler zur\u00fcckgreifen, darunter Riccardo Dalisi, Emilio Tadini, Andrea Branzi, Luca Scacchetti, Emanuele Luzzati usw. Derzeit konzentriert sich das Unternehmen haupts\u00e4chlich auf die Herstellung von Tisch- und Wanduhren sowie Kuckucksuhren.<\/p>\n<div>\n<div>\n<p>Klicken <a href=\"https:\/\/tuttostore.com\/de\/vendor\/arti-e-mestieri-s-n-c\/\">Hier<\/a> um alle Produkte von ARTI E MESTIERI SNC zu entdecken<\/p>\n<\/div>\n<\/div>\n<div>Klicken <a href=\"http:\/\/www.artiemestieri.it\/\">Hier <\/a>um die Homepage von ARTI E MESTIERI SNC zu besuchen<\/div>\n<\/div>\n<\/div>","protected":false},"excerpt":{"rendered":"<p>\u201eTower 3 Bells\u201c Uhr mit 3 gedrechselten Bronzeglocken<\/p>","protected":false},"featured_media":15854,"comment_status":"open","ping_status":"closed","template":"","meta":{"_acf_changed":false},"product_brand":[],"product_cat":[3907],"product_tag":[541],"class_list":{"0":"post-14647","1":"product","2":"type-product","3":"status-publish","4":"has-post-thumbnail","6":"product_cat-casa-e-ufficio","7":"product_tag-orologio-da-parete-trio-beels","8":"product_shipping_class-arti-e-mestieri-snc","9":"pa_colore-bianco","10":"pa_colore-blu","11":"pa_vendors-arti-e-mestieri-s-n-c","13":"first","14":"outofstock","15":"taxable","16":"shipping-taxable","17":"purchasable","18":"product-type-variable","swatches":"rey-swatches","show_selected":""},"acf":[],"_links":{"self":[{"href":"https:\/\/tuttostore.com\/de\/wp-json\/wp\/v2\/product\/14647","targetHints":{"allow":["GET"]}}],"collection":[{"href":"https:\/\/tuttostore.com\/de\/wp-json\/wp\/v2\/product"}],"about":[{"href":"https:\/\/tuttostore.com\/de\/wp-json\/wp\/v2\/types\/product"}],"replies":[{"embeddable":true,"href":"https:\/\/tuttostore.com\/de\/wp-json\/wp\/v2\/comments?post=14647"}],"wp:featuredmedia":[{"embeddable":true,"href":"https:\/\/tuttostore.com\/de\/wp-json\/wp\/v2\/media\/15854"}],"wp:attachment":[{"href":"https:\/\/tuttostore.com\/de\/wp-json\/wp\/v2\/media?parent=14647"}],"wp:term":[{"taxonomy":"product_brand","embeddable":true,"href":"https:\/\/tuttostore.com\/de\/wp-json\/wp\/v2\/product_brand?post=14647"},{"taxonomy":"product_cat","embeddable":true,"href":"https:\/\/tuttostore.com\/de\/wp-json\/wp\/v2\/product_cat?post=14647"},{"taxonomy":"product_tag","embeddable":true,"href":"https:\/\/tuttostore.com\/de\/wp-json\/wp\/v2\/product_tag?post=14647"}],"curies":[{"name":"wp","href":"https:\/\/api.w.org\/{rel}","templated":true}]}}