{"id":14671,"date":"2018-11-26T14:56:04","date_gmt":"2018-11-26T13:56:04","guid":{"rendered":"https:\/\/tuttostore.com\/prodotto\/filtri-tisana-alla-rosa-canina-con-karkade\/"},"modified":"2025-05-21T15:28:09","modified_gmt":"2025-05-21T13:28:09","slug":"filtri-tisana-alla-rosa-canina-con-karkade","status":"publish","type":"product","link":"https:\/\/tuttostore.com\/de\/produkt\/filtri-tisana-alla-rosa-canina-con-karkade\/","title":{"rendered":"Hagebutten-Kr\u00e4uterteefilter mit Hibiskus"},"content":{"rendered":"<h1>Hagebutten-Kr\u00e4uterteefilter mit Hibiskus<\/h1>\n<div class=\"column\">\n<div class=\"layoutArea\">\n<div class=\"column\">\n<div class=\"column\">\n<div class=\"column\">\n<div class=\"column\">\n<div class=\"column\">\n<div class=\"column\">\n<div class=\"column\">\n<div class=\"column\">\n<div class=\"layoutArea\">\n<div class=\"column\">\n<p>Darmar Hagebutten-Kr\u00e4utertee mit Hibiskus, Schachtel mit 25 luftdichten Beuteln.<\/p>\n<\/div>\n<\/div>\n<\/div>\n<\/div>\n<\/div>\n<\/div>\n<\/div>\n<\/div>\n<\/div>\n<\/div>\n<\/div>\n<\/div>\n<p><strong>Darmar srl<\/strong><\/p>\n<p>Die Inhaber der Darmar srl sind seit 1949 in der Branche t\u00e4tig und begannen damals mit Weitsicht und Pioniergeist mit dem Teeimport.<br \/>\nDarmar ist seit 1977 offiziell als italienischer Vertriebsh\u00e4ndler f\u00fcr Pickwick-Tee t\u00e4tig und brachte sp\u00e4ter alternative und spezielle Marken auf den Markt, sp\u00e4ter kamen erg\u00e4nzende Produktlinien hinzu.<br \/>\nDarmar konzentriert sich derzeit auf den Import und Vertrieb von Tee, Aufg\u00fcssen, Kr\u00e4utertees, S\u00fc\u00dfungsmitteln und Kakaomischungen. F\u00fcr diese Produkte entwickelt das Unternehmen auch Markenprodukte f\u00fcr Kunden, insbesondere R\u00f6ster.<\/p>\n<div>\n<div>\n<p>Klicken <a href=\"https:\/\/tuttostore.com\/de\/vendor\/darmar-s-r-l\/\">Hier<\/a> um alle Produkte zu entdecken <strong>Darmar srl<\/strong><strong>\u00a0<\/strong><\/p>\n<\/div>\n<div>Klicken <a href=\"http:\/\/www.darmar.it\/\">Hier<\/a> um die Homepage von <strong>Darmar srl<\/strong><\/div>\n<\/div>","protected":false},"excerpt":{"rendered":"<div id=\"short_description_block\">\n<div id=\"short_description_content\" class=\"rte align_justify\">\n<div id=\"short_description_block\">\n<div id=\"short_description_content\" class=\"rte align_justify\">\n<div class=\"page\" title=\"Seite 1\">\n<div class=\"layoutArea\">\n<div class=\"column\">\n<div class=\"page\" title=\"Seite 1\">\n<div class=\"layoutArea\">\n<div class=\"column\">\n<div id=\"short_description_block\">\n<div id=\"short_description_content\" class=\"rte align_justify\">\n<div id=\"short_description_block\">\n<div id=\"short_description_content\" class=\"rte align_justify\">\n<div id=\"short_description_block\">\n<div id=\"short_description_content\" class=\"rte align_justify\">\n<div id=\"short_description_block\">\n<div id=\"short_description_content\" class=\"rte align_justify\">\n<div id=\"short_description_block\">\n<div id=\"short_description_content\" class=\"rte align_justify\">\n<div id=\"short_description_block\">\n<div id=\"short_description_content\" class=\"rte align_justify\">\n<div id=\"short_description_block\">\n<div id=\"short_description_content\" class=\"rte align_justify\">\n<div id=\"short_description_block\">\n<div id=\"short_description_content\" class=\"rte align_justify\">\n<div id=\"short_description_block\">\n<div id=\"short_description_content\" class=\"rte align_justify\">\n<div id=\"short_description_block\">\n<div id=\"short_description_content\" class=\"rte align_justify\">\n<div id=\"short_description_block\">\n<div id=\"short_description_content\" class=\"rte align_justify\">\n<div id=\"short_description_block\">\n<div id=\"short_description_content\" class=\"rte align_justify\">\n<div id=\"short_description_block\">\n<div id=\"short_description_content\" class=\"rte align_justify\">\n<div id=\"short_description_block\">\n<div id=\"short_description_content\" class=\"rte align_justify\">\n<div id=\"short_description_block\">\n<div id=\"short_description_content\" class=\"rte align_justify\">\n<div id=\"short_description_block\">\n<div id=\"short_description_content\" class=\"rte align_justify\">\n<div id=\"short_description_block\">\n<div id=\"short_description_content\" class=\"rte align_justify\">\n<div id=\"short_description_block\">\n<div id=\"short_description_content\" class=\"rte align_justify\">\n<div id=\"short_description_block\">\n<div id=\"short_description_content\" class=\"rte align_justify\">\n<div id=\"short_description_block\">\n<div id=\"short_description_content\" class=\"rte align_justify\">\n<div id=\"short_description_block\">\n<div id=\"short_description_content\" class=\"rte align_justify\">\n<div id=\"short_description_block\">\n<div id=\"short_description_content\" class=\"rte align_justify\">\n<div id=\"short_description_block\">\n<div id=\"short_description_content\" class=\"rte align_justify\">\n<div id=\"short_description_block\">\n<div id=\"short_description_content\" class=\"rte align_justify\">\n<div id=\"short_description_block\">\n<div id=\"short_description_content\" class=\"rte align_justify\">\n<div id=\"short_description_block\">\n<div id=\"short_description_content\" class=\"rte align_justify\">\n<div id=\"short_description_block\">\n<div id=\"short_description_content\" class=\"rte align_justify\">\n<div id=\"short_description_block\">\n<div id=\"short_description_content\" class=\"rte align_justify\">\n<div id=\"short_description_block\">\n<div id=\"short_description_content\" class=\"rte align_justify\">\n<div id=\"short_description_block\">\n<div id=\"short_description_content\" class=\"rte align_justify\">\n<div id=\"short_description_block\">\n<div id=\"short_description_content\" class=\"rte align_justify\">\n<div id=\"short_description_block\">\n<div id=\"short_description_content\" class=\"rte align_justify\">\n<p>Packung mit 25 Beuteln<\/p>\n<\/div>\n<\/div>\n<div id=\"oosHook\"><\/div>\n<form id=\"buy_block\" action=\"https:\/\/www.tuttostore.it\/it\/carrello\" method=\"post\">\n<div class=\"box-info-product\">\n<div class=\"box-cart-bottom clearfix\"><\/div>\n<\/div>\n<\/form>\n<\/div>\n<\/div>\n<\/div>\n<\/div>\n<\/div>\n<\/div>\n<form id=\"buy_block\" action=\"https:\/\/www.tuttostore.it\/it\/carrello\" method=\"post\">\n<div class=\"box-info-product\">\n<div class=\"box-cart-bottom clearfix\"><\/div>\n<\/div>\n<\/form>\n<\/div>\n<\/div>\n<div id=\"oosHook\"><\/div>\n<form id=\"buy_block\" action=\"https:\/\/www.tuttostore.it\/it\/carrello\" method=\"post\">\n<div class=\"box-info-product\">\n<div class=\"box-cart-bottom clearfix\"><\/div>\n<\/div>\n<\/form>\n<\/div>\n<\/div>\n<div id=\"oosHook\"><\/div>\n<form id=\"buy_block\" action=\"https:\/\/www.tuttostore.it\/it\/carrello\" method=\"post\">\n<div class=\"box-info-product\">\n<div class=\"box-cart-bottom clearfix\"><\/div>\n<\/div>\n<\/form>\n<\/div>\n<\/div>\n<div id=\"oosHook\"><\/div>\n<form id=\"buy_block\" action=\"https:\/\/www.tuttostore.it\/it\/carrello\" method=\"post\">\n<div class=\"box-info-product\">\n<div class=\"box-cart-bottom clearfix\"><\/div>\n<\/div>\n<\/form>\n<\/div>\n<\/div>\n<div id=\"oosHook\"><\/div>\n<form id=\"buy_block\" action=\"https:\/\/www.tuttostore.it\/it\/carrello\" method=\"post\">\n<div class=\"box-info-product\">\n<div class=\"box-cart-bottom clearfix\"><\/div>\n<\/div>\n<\/form>\n<\/div>\n<\/div>\n<div id=\"oosHook\"><\/div>\n<form id=\"buy_block\" action=\"https:\/\/www.tuttostore.it\/it\/carrello\" method=\"post\">\n<div class=\"box-info-product\">\n<div class=\"box-cart-bottom clearfix\"><\/div>\n<\/div>\n<\/form>\n<\/div>\n<\/div>\n<div id=\"oosHook\"><\/div>\n<form id=\"buy_block\" action=\"https:\/\/www.tuttostore.it\/it\/carrello\" method=\"post\">\n<div class=\"box-info-product\">\n<div class=\"box-cart-bottom clearfix\"><\/div>\n<\/div>\n<\/form>\n<\/div>\n<\/div>\n<div id=\"oosHook\"><\/div>\n<form id=\"buy_block\" action=\"https:\/\/www.tuttostore.it\/it\/carrello\" method=\"post\">\n<div class=\"box-info-product\">\n<div class=\"box-cart-bottom clearfix\"><\/div>\n<\/div>\n<\/form>\n<\/div>\n<\/div>\n<div id=\"oosHook\"><\/div>\n<form id=\"buy_block\" action=\"https:\/\/www.tuttostore.it\/it\/carrello\" method=\"post\">\n<div class=\"box-info-product\">\n<div class=\"box-cart-bottom clearfix\"><\/div>\n<\/div>\n<\/form>\n<\/div>\n<\/div>\n<div id=\"oosHook\"><\/div>\n<form id=\"buy_block\" action=\"https:\/\/www.tuttostore.it\/it\/carrello\" method=\"post\">\n<div class=\"box-info-product\">\n<div class=\"box-cart-bottom clearfix\"><\/div>\n<\/div>\n<\/form>\n<\/div>\n<\/div>\n<div id=\"oosHook\"><\/div>\n<form id=\"buy_block\" action=\"https:\/\/www.tuttostore.it\/it\/carrello\" method=\"post\">\n<div class=\"box-info-product\">\n<div class=\"box-cart-bottom clearfix\"><\/div>\n<\/div>\n<\/form>\n<\/div>\n<\/div>\n<\/div>\n<\/div>\n<\/div>\n<\/div>\n<\/div>\n<\/div>\n<\/div>\n<\/div>\n<\/div>\n<\/div>\n<\/div>\n<\/div>\n<\/div>\n<\/div>\n<\/div>\n<\/div>\n<\/div>\n<\/div>\n<\/div>\n<\/div>\n<\/div>\n<\/div>\n<\/div>\n<\/div>\n<\/div>\n<\/div>\n<\/div>\n<\/div>\n<\/div>\n<\/div>\n<\/div>\n<\/div>\n<\/div>\n<\/div>\n<\/div>\n<\/div>\n<\/div>\n<\/div>\n<\/div>\n<\/div>\n<\/div>\n<\/div>\n<\/div>\n<\/div>","protected":false},"featured_media":15874,"comment_status":"open","ping_status":"closed","template":"","meta":{"_acf_changed":false},"product_brand":[],"product_cat":[3887,3954],"product_tag":[853],"class_list":{"0":"post-14671","1":"product","2":"type-product","3":"status-publish","4":"has-post-thumbnail","6":"product_cat-alimentazione","7":"product_cat-bevande","8":"product_tag-filtri-tisana-alla-rosa-canina-con-karkade","9":"product_shipping_class-darmar","10":"pa_confezione-32-cialde-da-6gr","11":"pa_confezione-60-cialde-da-75gr","12":"pa_vendors-darmar-s-r-l","14":"first","15":"instock","16":"taxable","17":"shipping-taxable","18":"purchasable","19":"product-type-simple","swatches":"rey-swatches","show_selected":""},"acf":[],"_links":{"self":[{"href":"https:\/\/tuttostore.com\/de\/wp-json\/wp\/v2\/product\/14671","targetHints":{"allow":["GET"]}}],"collection":[{"href":"https:\/\/tuttostore.com\/de\/wp-json\/wp\/v2\/product"}],"about":[{"href":"https:\/\/tuttostore.com\/de\/wp-json\/wp\/v2\/types\/product"}],"replies":[{"embeddable":true,"href":"https:\/\/tuttostore.com\/de\/wp-json\/wp\/v2\/comments?post=14671"}],"wp:featuredmedia":[{"embeddable":true,"href":"https:\/\/tuttostore.com\/de\/wp-json\/wp\/v2\/media\/15874"}],"wp:attachment":[{"href":"https:\/\/tuttostore.com\/de\/wp-json\/wp\/v2\/media?parent=14671"}],"wp:term":[{"taxonomy":"product_brand","embeddable":true,"href":"https:\/\/tuttostore.com\/de\/wp-json\/wp\/v2\/product_brand?post=14671"},{"taxonomy":"product_cat","embeddable":true,"href":"https:\/\/tuttostore.com\/de\/wp-json\/wp\/v2\/product_cat?post=14671"},{"taxonomy":"product_tag","embeddable":true,"href":"https:\/\/tuttostore.com\/de\/wp-json\/wp\/v2\/product_tag?post=14671"}],"curies":[{"name":"wp","href":"https:\/\/api.w.org\/{rel}","templated":true}]}}