{"id":14677,"date":"2018-11-26T15:59:23","date_gmt":"2018-11-26T14:59:23","guid":{"rendered":"https:\/\/tuttostore.com\/prodotto\/infuso-della-foresta-biologico\/"},"modified":"2025-05-29T18:07:58","modified_gmt":"2025-05-29T16:07:58","slug":"infuso-della-foresta-biologico","status":"publish","type":"product","link":"https:\/\/tuttostore.com\/de\/produkt\/infuso-della-foresta-biologico\/","title":{"rendered":"Bio-Waldtee"},"content":{"rendered":"<h1>Bio-Waldaufguss<\/h1>\n<div class=\"column\">\n<div class=\"layoutArea\">\n<div class=\"column\">\n<div class=\"column\">\n<div class=\"column\">\n<div class=\"column\">\n<div class=\"column\">\n<div class=\"column\">\n<div class=\"column\">\n<div class=\"column\">\n<div class=\"layoutArea\">\n<div class=\"column\">\n<div class=\"product-tabs-container\">\n<div class=\"tab-content pr-tab-content\">\n<section id=\"descriptionTab\" class=\"page-product-box tab-pane fade in active\">\n<div class=\"rte\">\n<p>Lassen Sie sich von dieser Mischung aus Holunderbeeren*, Aroniabeeren*, Hibiskusbl\u00fcten*, Wei\u00dfdornbl\u00e4ttern*, nat\u00fcrlichen Aromen, Hagebutten* \u00fcberraschen.<\/p>\n<p><strong>* AUS BIOLOGISCHEM ANBAU<\/strong><\/p>\n<\/div>\n<\/section>\n<\/div>\n<\/div>\n<section class=\"page-product-box flexslider_carousel_block blockproductscategory\"><\/section>\n<\/div>\n<\/div>\n<\/div>\n<\/div>\n<\/div>\n<\/div>\n<\/div>\n<\/div>\n<\/div>\n<\/div>\n<\/div>\n<\/div>\n<p><strong>Darmar srl<\/strong><\/p>\n<p>Die Inhaber der Darmar srl sind seit 1949 in der Branche t\u00e4tig und begannen damals mit Weitsicht und Pioniergeist mit dem Teeimport.<br \/>\nDarmar ist seit 1977 offiziell als italienischer Vertriebsh\u00e4ndler f\u00fcr Pickwick-Tee t\u00e4tig und brachte sp\u00e4ter alternative und spezielle Marken auf den Markt, sp\u00e4ter kamen erg\u00e4nzende Produktlinien hinzu.<br \/>\nDarmar konzentriert sich derzeit auf den Import und Vertrieb von Tee, Aufg\u00fcssen, Kr\u00e4utertees, S\u00fc\u00dfungsmitteln und Kakaomischungen. F\u00fcr diese Produkte entwickelt das Unternehmen auch Markenprodukte f\u00fcr Kunden, insbesondere R\u00f6ster.<\/p>\n<div>\n<div>\n<p>Klicken <a href=\"https:\/\/tuttostore.com\/de\/vendor\/darmar-s-r-l\/\">Hier<\/a> um alle Produkte zu entdecken <strong>Darmar srl<\/strong><strong>\u00a0<\/strong><\/p>\n<\/div>\n<div>Klicken <a href=\"http:\/\/www.darmar.it\/\">Hier<\/a> um die Homepage von <strong>Darmar srl<\/strong><\/div>\n<\/div>","protected":false},"excerpt":{"rendered":"<div id=\"short_description_block\">\n<div id=\"short_description_content\" class=\"rte align_justify\">\n<div id=\"short_description_block\">\n<div id=\"short_description_content\" class=\"rte align_justify\">\n<div class=\"page\" title=\"Seite 1\">\n<div class=\"layoutArea\">\n<div class=\"column\">\n<div class=\"page\" title=\"Seite 1\">\n<div class=\"layoutArea\">\n<div class=\"column\">\n<div id=\"short_description_block\">\n<div id=\"short_description_content\" class=\"rte align_justify\">\n<div id=\"short_description_block\">\n<div id=\"short_description_content\" class=\"rte align_justify\">\n<div id=\"short_description_block\">\n<div id=\"short_description_content\" class=\"rte align_justify\">\n<div id=\"short_description_block\">\n<div id=\"short_description_content\" class=\"rte align_justify\">\n<div id=\"short_description_block\">\n<div id=\"short_description_content\" class=\"rte align_justify\">\n<div id=\"short_description_block\">\n<div id=\"short_description_content\" class=\"rte align_justify\">\n<div id=\"short_description_block\">\n<div id=\"short_description_content\" class=\"rte align_justify\">\n<div id=\"short_description_block\">\n<div id=\"short_description_content\" class=\"rte align_justify\">\n<div id=\"short_description_block\">\n<div id=\"short_description_content\" class=\"rte align_justify\">\n<div id=\"short_description_block\">\n<div id=\"short_description_content\" class=\"rte align_justify\">\n<div id=\"short_description_block\">\n<div id=\"short_description_content\" class=\"rte align_justify\">\n<div id=\"short_description_block\">\n<div id=\"short_description_content\" class=\"rte align_justify\">\n<div id=\"short_description_block\">\n<div id=\"short_description_content\" class=\"rte align_justify\">\n<div id=\"short_description_block\">\n<div id=\"short_description_content\" class=\"rte align_justify\">\n<div id=\"short_description_block\">\n<div id=\"short_description_content\" class=\"rte align_justify\">\n<div id=\"short_description_block\">\n<div id=\"short_description_content\" class=\"rte align_justify\">\n<div id=\"short_description_block\">\n<div id=\"short_description_content\" class=\"rte align_justify\">\n<div id=\"short_description_block\">\n<div id=\"short_description_content\" class=\"rte align_justify\">\n<div id=\"short_description_block\">\n<div id=\"short_description_content\" class=\"rte align_justify\">\n<div id=\"short_description_block\">\n<div id=\"short_description_content\" class=\"rte align_justify\">\n<div id=\"short_description_block\">\n<div id=\"short_description_content\" class=\"rte align_justify\">\n<div id=\"short_description_block\">\n<div id=\"short_description_content\" class=\"rte align_justify\">\n<div id=\"short_description_block\">\n<div id=\"short_description_content\" class=\"rte align_justify\">\n<div id=\"short_description_block\">\n<div id=\"short_description_content\" class=\"rte align_justify\">\n<div id=\"short_description_block\">\n<div id=\"short_description_content\" class=\"rte align_justify\">\n<div id=\"short_description_block\">\n<div id=\"short_description_content\" class=\"rte align_justify\">\n<div id=\"short_description_block\">\n<div id=\"short_description_content\" class=\"rte align_justify\">\n<div id=\"short_description_block\">\n<div id=\"short_description_content\" class=\"rte align_justify\">\n<div id=\"short_description_block\">\n<div id=\"short_description_content\" class=\"rte align_justify\">\n<div id=\"short_description_block\">\n<div id=\"short_description_content\" class=\"rte align_justify\">\n<div id=\"short_description_block\">\n<div id=\"short_description_content\" class=\"rte align_justify\">\n<div id=\"short_description_block\">\n<div id=\"short_description_content\" class=\"rte align_justify\">\n<p>Schachtel mit 15 Pyramidenfiltern<\/p>\n<\/div>\n<\/div>\n<div id=\"oosHook\"><\/div>\n<form id=\"buy_block\" action=\"https:\/\/www.tuttostore.it\/it\/carrello\" method=\"post\">\n<div class=\"box-info-product\">\n<div class=\"box-cart-bottom clearfix\"><\/div>\n<\/div>\n<\/form>\n<\/div>\n<\/div>\n<\/div>\n<\/div>\n<\/div>\n<\/div>\n<form id=\"buy_block\" action=\"https:\/\/www.tuttostore.it\/it\/carrello\" method=\"post\">\n<div class=\"box-info-product\">\n<div class=\"box-cart-bottom clearfix\"><\/div>\n<\/div>\n<\/form>\n<\/div>\n<\/div>\n<div id=\"oosHook\"><\/div>\n<form id=\"buy_block\" action=\"https:\/\/www.tuttostore.it\/it\/carrello\" method=\"post\">\n<div class=\"box-info-product\">\n<div class=\"box-cart-bottom clearfix\"><\/div>\n<\/div>\n<\/form>\n<\/div>\n<\/div>\n<div id=\"oosHook\"><\/div>\n<form id=\"buy_block\" action=\"https:\/\/www.tuttostore.it\/it\/carrello\" method=\"post\">\n<div class=\"box-info-product\">\n<div class=\"box-cart-bottom clearfix\"><\/div>\n<\/div>\n<\/form>\n<\/div>\n<\/div>\n<div id=\"oosHook\"><\/div>\n<form id=\"buy_block\" action=\"https:\/\/www.tuttostore.it\/it\/carrello\" method=\"post\">\n<div class=\"box-info-product\">\n<div class=\"box-cart-bottom clearfix\"><\/div>\n<\/div>\n<\/form>\n<\/div>\n<\/div>\n<div id=\"oosHook\"><\/div>\n<form id=\"buy_block\" action=\"https:\/\/www.tuttostore.it\/it\/carrello\" method=\"post\">\n<div class=\"box-info-product\">\n<div class=\"box-cart-bottom clearfix\"><\/div>\n<\/div>\n<\/form>\n<\/div>\n<\/div>\n<div id=\"oosHook\"><\/div>\n<form id=\"buy_block\" action=\"https:\/\/www.tuttostore.it\/it\/carrello\" method=\"post\">\n<div class=\"box-info-product\">\n<div class=\"box-cart-bottom clearfix\"><\/div>\n<\/div>\n<\/form>\n<\/div>\n<\/div>\n<div id=\"oosHook\"><\/div>\n<form id=\"buy_block\" action=\"https:\/\/www.tuttostore.it\/it\/carrello\" method=\"post\">\n<div class=\"box-info-product\">\n<div class=\"box-cart-bottom clearfix\"><\/div>\n<\/div>\n<\/form>\n<\/div>\n<\/div>\n<div id=\"oosHook\"><\/div>\n<form id=\"buy_block\" action=\"https:\/\/www.tuttostore.it\/it\/carrello\" method=\"post\">\n<div class=\"box-info-product\">\n<div class=\"box-cart-bottom clearfix\"><\/div>\n<\/div>\n<\/form>\n<\/div>\n<\/div>\n<div id=\"oosHook\"><\/div>\n<form id=\"buy_block\" action=\"https:\/\/www.tuttostore.it\/it\/carrello\" method=\"post\">\n<div class=\"box-info-product\">\n<div class=\"box-cart-bottom clearfix\"><\/div>\n<\/div>\n<\/form>\n<\/div>\n<\/div>\n<div id=\"oosHook\"><\/div>\n<form id=\"buy_block\" action=\"https:\/\/www.tuttostore.it\/it\/carrello\" method=\"post\">\n<div class=\"box-info-product\">\n<div class=\"box-cart-bottom clearfix\"><\/div>\n<\/div>\n<\/form>\n<\/div>\n<\/div>\n<div id=\"oosHook\"><\/div>\n<form id=\"buy_block\" action=\"https:\/\/www.tuttostore.it\/it\/carrello\" method=\"post\">\n<div class=\"box-info-product\">\n<div class=\"box-cart-bottom clearfix\"><\/div>\n<\/div>\n<\/form>\n<\/div>\n<\/div>\n<\/div>\n<\/div>\n<\/div>\n<\/div>\n<\/div>\n<\/div>\n<\/div>\n<\/div>\n<\/div>\n<\/div>\n<\/div>\n<\/div>\n<\/div>\n<\/div>\n<\/div>\n<\/div>\n<\/div>\n<\/div>\n<\/div>\n<\/div>\n<\/div>\n<\/div>\n<\/div>\n<\/div>\n<\/div>\n<\/div>\n<\/div>\n<\/div>\n<\/div>\n<\/div>\n<\/div>\n<\/div>\n<\/div>\n<\/div>\n<\/div>\n<\/div>\n<\/div>\n<\/div>\n<\/div>\n<\/div>\n<\/div>\n<\/div>\n<\/div>\n<\/div>","protected":false},"featured_media":16173,"comment_status":"open","ping_status":"closed","template":"","meta":{"_acf_changed":false},"product_brand":[],"product_cat":[3887,3954],"product_tag":[863,864,865,866],"class_list":{"0":"post-14677","1":"product","2":"type-product","3":"status-publish","4":"has-post-thumbnail","6":"product_cat-alimentazione","7":"product_cat-bevande","8":"product_tag-bio","9":"product_tag-biologico","10":"product_tag-filtri-piramide","11":"product_tag-infuso-della-foresta","12":"product_shipping_class-darmar","13":"pa_confezione-100-bustine","14":"pa_confezione-310-bustine","15":"pa_vendors-darmar-s-r-l","17":"first","18":"instock","19":"taxable","20":"shipping-taxable","21":"purchasable","22":"product-type-simple","swatches":"rey-swatches","show_selected":""},"acf":[],"_links":{"self":[{"href":"https:\/\/tuttostore.com\/de\/wp-json\/wp\/v2\/product\/14677","targetHints":{"allow":["GET"]}}],"collection":[{"href":"https:\/\/tuttostore.com\/de\/wp-json\/wp\/v2\/product"}],"about":[{"href":"https:\/\/tuttostore.com\/de\/wp-json\/wp\/v2\/types\/product"}],"replies":[{"embeddable":true,"href":"https:\/\/tuttostore.com\/de\/wp-json\/wp\/v2\/comments?post=14677"}],"wp:featuredmedia":[{"embeddable":true,"href":"https:\/\/tuttostore.com\/de\/wp-json\/wp\/v2\/media\/16173"}],"wp:attachment":[{"href":"https:\/\/tuttostore.com\/de\/wp-json\/wp\/v2\/media?parent=14677"}],"wp:term":[{"taxonomy":"product_brand","embeddable":true,"href":"https:\/\/tuttostore.com\/de\/wp-json\/wp\/v2\/product_brand?post=14677"},{"taxonomy":"product_cat","embeddable":true,"href":"https:\/\/tuttostore.com\/de\/wp-json\/wp\/v2\/product_cat?post=14677"},{"taxonomy":"product_tag","embeddable":true,"href":"https:\/\/tuttostore.com\/de\/wp-json\/wp\/v2\/product_tag?post=14677"}],"curies":[{"name":"wp","href":"https:\/\/api.w.org\/{rel}","templated":true}]}}