{"id":14696,"date":"2018-11-28T09:19:55","date_gmt":"2018-11-28T08:19:55","guid":{"rendered":"https:\/\/tuttostore.com\/prodotto\/chocup-mini-30-ml\/"},"modified":"2025-05-21T14:37:23","modified_gmt":"2025-05-21T12:37:23","slug":"chocup-mini-30-ml","status":"publish","type":"product","link":"https:\/\/tuttostore.com\/de\/produkt\/chocup-mini-30-ml\/","title":{"rendered":"Chocup\u00ae Mini 30 ml"},"content":{"rendered":"<h1>Schoko<strong>\u00ae <\/strong> Mini 30 ml<\/h1>\n<div class=\"column\">\n<div class=\"layoutArea\">\n<div class=\"column\">\n<div class=\"column\">\n<div class=\"column\">\n<div class=\"column\">\n<div class=\"column\">\n<div class=\"column\">\n<div class=\"column\">\n<div class=\"column\">\n<div class=\"layoutArea\">\n<div class=\"column\">\n<div class=\"product-tabs-container\">\n<div class=\"tab-content pr-tab-content\">\n<section id=\"descriptionTab\" class=\"page-product-box tab-pane fade in active\">\n<div class=\"rte\">\n<div class=\"product-tabs-container\">\n<div class=\"tab-content pr-tab-content\">\n<section id=\"descriptionTab\" class=\"page-product-box tab-pane fade in active\">\n<div class=\"rte\">\n<div class=\"column\">\n<div class=\"layoutArea\">\n<div class=\"column\">\n<div class=\"column\">\n<div class=\"column\">\n<div class=\"column\">\n<div class=\"column\">\n<div class=\"column\">\n<div class=\"column\">\n<div class=\"column\">\n<div class=\"layoutArea\">\n<div class=\"column\">\n<div class=\"product-tabs-container\">\n<div class=\"tab-content pr-tab-content\">\n<section id=\"descriptionTab\" class=\"page-product-box tab-pane fade in active\">\n<div class=\"rte\">\n<div class=\"product-tabs-container\">\n<div class=\"tab-content pr-tab-content\">\n<section id=\"descriptionTab\" class=\"page-product-box tab-pane fade in active\">\n<div class=\"rte\">\n<div class=\"product-tabs-container\">\n<div class=\"tab-content pr-tab-content\">\n<section id=\"descriptionTab\" class=\"page-product-box tab-pane fade in active\">\n<div class=\"rte\">\n<div class=\"column\">\n<div class=\"layoutArea\">\n<div class=\"column\">\n<div class=\"column\">\n<div class=\"column\">\n<div class=\"column\">\n<div class=\"column\">\n<div class=\"column\">\n<div class=\"column\">\n<div class=\"column\">\n<div class=\"layoutArea\">\n<div class=\"column\">\n<div class=\"product-tabs-container\">\n<div class=\"tab-content pr-tab-content\">\n<section id=\"descriptionTab\" class=\"page-product-box tab-pane fade in active\">\n<div class=\"rte\">\n<div class=\"product-tabs-container\">\n<div class=\"tab-content pr-tab-content\">\n<section id=\"descriptionTab\" class=\"page-product-box tab-pane fade in active\">\n<div class=\"rte\">\n<div class=\"product-tabs-container\">\n<div class=\"tab-content pr-tab-content\">\n<section id=\"descriptionTab\" class=\"page-product-box tab-pane fade in active\">\n<div class=\"rte\">\n<div class=\"product-tabs-container\">\n<div class=\"tab-content pr-tab-content\">\n<section id=\"descriptionTab\" class=\"page-product-box tab-pane fade in active\">\n<div class=\"rte\">\n<div class=\"product-tabs-container\">\n<div class=\"tab-content pr-tab-content\">\n<section id=\"descriptionTab\" class=\"page-product-box tab-pane fade in active\">\n<div class=\"rte\">\n<div class=\"product-tabs-container\">\n<div class=\"tab-content pr-tab-content\">\n<section id=\"descriptionTab\" class=\"page-product-box tab-pane fade in active\">\n<div class=\"rte\">\n<div class=\"product-tabs-container\">\n<div class=\"tab-content pr-tab-content\">\n<section id=\"descriptionTab\" class=\"page-product-box tab-pane fade in active\">\n<div class=\"rte\">\n<div class=\"product-tabs-container\">\n<div class=\"tab-content pr-tab-content\">\n<section id=\"descriptionTab\" class=\"page-product-box tab-pane fade in active\">\n<div class=\"rte\">\n<div id=\"tab-description\" class=\"tab-content\">\n<div class=\"tab-content\">\n<div class=\"tab-content\">\n<div class=\"tab-content\">\n<div class=\"tab-content\">\n<div class=\"tab-content\">\n<div class=\"product-tabs-container\">\n<div class=\"tab-content pr-tab-content\">\n<section id=\"descriptionTab\" class=\"page-product-box tab-pane fade in active\">\n<div class=\"rte\">\n<div class=\"product-tabs-container\">\n<div class=\"tab-content pr-tab-content\">\n<section id=\"descriptionTab\" class=\"page-product-box tab-pane fade in active\">\n<div class=\"rte\">\n<div class=\"product-tabs-container\">\n<div class=\"tab-content pr-tab-content\">\n<section id=\"descriptionTab\" class=\"page-product-box tab-pane fade in active\">\n<div class=\"rte\">\n<div class=\"product-tabs-container\">\n<div class=\"tab-content pr-tab-content\">\n<section id=\"descriptionTab\" class=\"page-product-box tab-pane fade in active\">\n<div class=\"rte\">\n<div class=\"product-tabs-container\">\n<div class=\"tab-content pr-tab-content\">\n<section id=\"descriptionTab\" class=\"page-product-box tab-pane fade in active\">\n<div class=\"rte\">\n<div id=\"tab-description\" class=\"tab-content\">\n<div class=\"tab-content\">\n<div class=\"tab-content\">\n<section id=\"descriptionTab\" class=\"page-product-box tab-pane fade in active\">\n<div class=\"rte\">\n<section id=\"descriptionTab\" class=\"page-product-box tab-pane fade in active\">\n<div class=\"rte\">\n<section id=\"descriptionTab\" class=\"page-product-box tab-pane fade in active\">\n<div class=\"rte\">\n<section id=\"descriptionTab\" class=\"page-product-box tab-pane fade in active\">\n<div class=\"rte\">\n<section id=\"descriptionTab\" class=\"page-product-box tab-pane fade in active\">\n<div class=\"rte\">\n<section id=\"descriptionTab\" class=\"page-product-box tab-pane fade in active\">\n<div class=\"rte\">\n<section id=\"descriptionTab\" class=\"page-product-box tab-pane fade in active\">\n<div class=\"rte\">\n<p><strong>Chocup\u00ae Mini 30 ml 40 St\u00fcck<\/strong><\/p>\n<p>Knuspriger und duftender Waffelbecher, innen mit feiner belgischer Schokolade \u00fcberzogen (mind. 60%).<\/p>\n<p>Eine k\u00f6stliche Idee, um den Geschmack einer Kaffeepause zu bereichern oder ein kleines Dessert auf originelle Weise zu servieren (Cremes, Mousses, Tiramisu, Eiscreme, Sorbets...), ein k\u00f6stliches \u201eChupito\u201c f\u00fcr Spirituosen oder Sahnelik\u00f6re.<\/p>\n<p>Ein lustiger Beh\u00e4lter, in dem Kinder spielerisch Milch trinken und sich gesund ern\u00e4hren k\u00f6nnen.<\/p>\n<p>Zutaten: Dunkle Schokolade [77%] mit mindestens 60 % Kakao, 1% (Kakaomasse, Zucker, Kakaobutter, Emulgator: Sojalecithin; Aromen), Weizenmehl Typ \u201e0\u201c, Zucker, raffiniertes Kokosfett, Mais\u00f6l, Maisst\u00e4rke, Emulgator: Sojalecithin; Dextrose, Magermilchpulver, Eigelbpulver, Salz, Sojamehl, nat\u00fcrliches Karamell, Aromen.<\/p>\n<p><strong>N\u00e4hrwertangaben<\/strong><br \/>\nPro Produkteinheit (ca. 9,0 g)<br \/>\nEnergie 43,6 kcal (182,5 kj)<br \/>\nKohlenhydrate 5,3 g<br \/>\nLipide 2,7 g<br \/>\nEiwei\u00df 0,5 g<\/p>\n<p>Mindestens haltbar bis zu dem auf dem Siegel aufgedruckten Verfallsdatum (Haltbarkeit 18 Monate).<\/p>\n<div id=\"oosHook\">Das Produkt muss zwischen 8\u00b0C und 20\u00b0C gelagert werden. Foodrinks \u00fcbernimmt keine Verantwortung f\u00fcr Sch\u00e4den, die durch Nichtbeachtung dieser Anweisung entstehen.<\/div>\n<div>Das Produkt muss zwischen 8 \u00b0C (46 \u00b0F) und 20 \u00b0C (68 \u00b0F) gelagert werden. Foodrinks \u00fcbernimmt keine Haftung f\u00fcr Sch\u00e4den, die durch Nichtbeachtung dieser Vorschrift entstehen.<\/div>\n<\/div>\n<\/section>\n<\/div>\n<\/section>\n<\/div>\n<\/section>\n<\/div>\n<\/section>\n<\/div>\n<\/section>\n<\/div>\n<\/section>\n<\/div>\n<\/section>\n<\/div>\n<\/div>\n<\/div>\n<\/div>\n<\/section>\n<\/div>\n<\/div>\n<section class=\"page-product-box flexslider_carousel_block blockproductscategory\"><\/section>\n<\/div>\n<\/section>\n<\/div>\n<\/div>\n<section class=\"page-product-box flexslider_carousel_block blockproductscategory\"><\/section>\n<\/div>\n<\/section>\n<\/div>\n<\/div>\n<section class=\"page-product-box flexslider_carousel_block blockproductscategory\"><\/section>\n<\/div>\n<\/section>\n<\/div>\n<\/div>\n<section class=\"page-product-box flexslider_carousel_block blockproductscategory\"><\/section>\n<\/div>\n<\/section>\n<\/div>\n<\/div>\n<section class=\"page-product-box flexslider_carousel_block blockproductscategory\"><\/section>\n<\/div>\n<\/div>\n<\/div>\n<\/div>\n<\/div>\n<\/div>\n<\/div>\n<\/section>\n<\/div>\n<\/div>\n<section class=\"page-product-box flexslider_carousel_block blockproductscategory\"><\/section>\n<\/div>\n<\/section>\n<\/div>\n<\/div>\n<section class=\"page-product-box flexslider_carousel_block blockproductscategory\"><\/section>\n<\/div>\n<\/section>\n<\/div>\n<\/div>\n<section class=\"page-product-box flexslider_carousel_block blockproductscategory\"><\/section>\n<\/div>\n<\/section>\n<\/div>\n<\/div>\n<section class=\"page-product-box flexslider_carousel_block blockproductscategory\"><\/section>\n<\/div>\n<\/section>\n<\/div>\n<\/div>\n<section class=\"page-product-box flexslider_carousel_block blockproductscategory\"><\/section>\n<\/div>\n<\/section>\n<\/div>\n<\/div>\n<section class=\"page-product-box flexslider_carousel_block blockproductscategory\"><\/section>\n<\/div>\n<\/section>\n<\/div>\n<\/div>\n<section class=\"page-product-box flexslider_carousel_block blockproductscategory\"><\/section>\n<\/div>\n<\/section>\n<\/div>\n<\/div>\n<section class=\"page-product-box flexslider_carousel_block blockproductscategory\"><\/section>\n<\/div>\n<\/div>\n<\/div>\n<\/div>\n<\/div>\n<\/div>\n<\/div>\n<\/div>\n<\/div>\n<\/div>\n<\/div>\n<\/div>\n<p><strong>Essensbahnen<\/strong><\/p>\n<p>Foodrinks ist der ideale Partner f\u00fcr kleine und mittelst\u00e4ndische Kaffeer\u00f6ster sowie gro\u00dfe S\u00fc\u00dfwarenunternehmen, denn die von ihr kreierten und vertriebenen Produkte bereichern die Kaffeepause stets aufs Neue.<\/p>\n<p>Eine gro\u00dfe Auswahl an Kaffeegetr\u00e4nken und Speisen hilft Baristas, einen besseren Service zu bieten, wobei die Qualit\u00e4t des Erlebnisses im Mittelpunkt steht. Mit Foodrinks steht der Kunde wirklich im Mittelpunkt eines <em>neues Coffeeshop-Konzept<\/em>, inspiriert von einem st\u00e4rkeren Fokus auf Service. Die ausgew\u00e4hlten Produzenten sind sowohl nationale als auch internationale, f\u00fchrende Unternehmen und Marken in ihren jeweiligen Branchen, die ausgew\u00e4hlt wurden, um nur das Beste zu garantieren.<\/p>\n<\/div>\n<\/section>\n<\/div>\n<\/div>\n<\/div>\n<\/section>\n<\/div>\n<\/div>\n<\/div>\n<\/section>\n<\/div>\n<\/div>\n<\/div>\n<\/div>\n<\/div>\n<\/div>\n<\/div>\n<\/div>\n<\/div>\n<\/div>\n<\/div>\n<\/div>\n<\/div>\n<\/div>\n<\/div>\n<\/section>\n<\/div>\n<\/div>\n<\/div>\n<\/section>\n<\/div>\n<\/div>\n<\/div>\n<\/div>\n<\/div>\n<\/div>\n<\/div>\n<\/div>\n<\/div>\n<\/div>\n<\/div>\n<\/div>\n<\/div>\n<\/div>\n<div>\n<div>\n<p>Klicken <a href=\"https:\/\/tuttostore.com\/de\/vendor\/foodrinks\/\">Hier<\/a> um alle Foodrinks-Produkte zu entdecken<\/p>\n<\/div>\n<div>Klicken <a href=\"https:\/\/www.foodrinks.it\/it\/\">Hier<\/a> um die Foodrinks Homepage zu besuchen<\/div>\n<div><\/div>\n<div>\n<div><\/div>\n<\/div>\n<\/div>","protected":false},"excerpt":{"rendered":"<div id=\"short_description_block\">\n<div id=\"short_description_content\" class=\"rte align_justify\">\n<div id=\"short_description_block\">\n<div id=\"short_description_content\" class=\"rte align_justify\">\n<div class=\"page\" title=\"Seite 1\">\n<div class=\"layoutArea\">\n<div class=\"column\">\n<div class=\"page\" title=\"Seite 1\">\n<div class=\"layoutArea\">\n<div class=\"column\">\n<div id=\"short_description_block\">\n<div id=\"short_description_content\" class=\"rte align_justify\">\n<div id=\"short_description_block\">\n<div id=\"short_description_content\" class=\"rte align_justify\">\n<div id=\"short_description_block\">\n<div id=\"short_description_content\" class=\"rte align_justify\">\n<div id=\"short_description_block\">\n<div id=\"short_description_content\" class=\"rte align_justify\">\n<div id=\"short_description_block\">\n<div id=\"short_description_content\" class=\"rte align_justify\">\n<div id=\"short_description_block\">\n<div id=\"short_description_content\" class=\"rte align_justify\">\n<div id=\"short_description_block\">\n<div id=\"short_description_content\" class=\"rte align_justify\">\n<div id=\"short_description_block\">\n<div id=\"short_description_content\" class=\"rte align_justify\">\n<div id=\"short_description_block\">\n<div id=\"short_description_content\" class=\"rte align_justify\">\n<div id=\"short_description_block\">\n<div id=\"short_description_content\" class=\"rte align_justify\">\n<div id=\"short_description_block\">\n<div id=\"short_description_content\" class=\"rte align_justify\">\n<div id=\"short_description_block\">\n<div id=\"short_description_content\" class=\"rte align_justify\">\n<div id=\"short_description_block\">\n<div id=\"short_description_content\" class=\"rte align_justify\">\n<div id=\"short_description_block\">\n<div id=\"short_description_content\" class=\"rte align_justify\">\n<div id=\"short_description_block\">\n<div id=\"short_description_content\" class=\"rte align_justify\">\n<div id=\"short_description_block\">\n<div id=\"short_description_content\" class=\"rte align_justify\">\n<div id=\"short_description_block\">\n<div id=\"short_description_content\" class=\"rte align_justify\">\n<div id=\"short_description_block\">\n<div id=\"short_description_content\" class=\"rte align_justify\">\n<div id=\"short_description_block\">\n<div id=\"short_description_content\" class=\"rte align_justify\">\n<div id=\"short_description_block\">\n<div id=\"short_description_content\" class=\"rte align_justify\">\n<div id=\"short_description_block\">\n<div id=\"short_description_content\" class=\"rte align_justify\">\n<div id=\"short_description_block\">\n<div id=\"short_description_content\" class=\"rte align_justify\">\n<div id=\"short_description_block\">\n<div id=\"short_description_content\" class=\"rte align_justify\">\n<div id=\"short_description_block\">\n<div id=\"short_description_content\" class=\"rte align_justify\">\n<div id=\"short_description_block\">\n<div id=\"short_description_content\" class=\"rte align_justify\">\n<div id=\"short_description_block\">\n<div id=\"short_description_content\" class=\"rte align_justify\">\n<div id=\"short_description_block\">\n<div id=\"short_description_content\" class=\"rte align_justify\">\n<div id=\"short_description_block\">\n<div id=\"short_description_content\" class=\"rte align_justify\">\n<div id=\"short_description_block\">\n<div id=\"short_description_content\" class=\"rte align_justify\">\n<div id=\"short_description_block\">\n<div id=\"short_description_content\" class=\"rte align_justify\">\n<div id=\"short_description_block\">\n<div id=\"short_description_content\" class=\"rte align_justify\">\n<div id=\"short_description_block\">\n<div id=\"short_description_content\" class=\"rte align_justify\">\n<div id=\"short_description_block\">\n<div id=\"short_description_content\" class=\"rte align_justify\">\n<div id=\"tab-description\" class=\"tab-content\">\n<div id=\"short_description_block\">\n<div id=\"short_description_content\" class=\"rte align_justify\">\n<div id=\"short_description_block\">\n<div id=\"short_description_content\" class=\"rte align_justify\">\n<div id=\"short_description_block\">\n<div id=\"short_description_content\" class=\"rte align_justify\">\n<div id=\"short_description_block\">\n<div id=\"short_description_content\" class=\"rte align_justify\">\n<div id=\"tab-description\" class=\"tab-content\">\n<div class=\"tab-content\">\n<div class=\"tab-content\">\n<div class=\"tab-content\">\n<div class=\"tab-content\">\n<div class=\"tab-content\">\n<div id=\"short_description_block\">\n<div id=\"short_description_content\" class=\"rte align_justify\">\n<div id=\"short_description_block\">\n<div id=\"short_description_content\" class=\"rte align_justify\">\n<div id=\"short_description_block\">\n<div id=\"short_description_content\" class=\"rte align_justify\">\n<div id=\"tab-description\" class=\"tab-content\">\n<div class=\"tab-content\">\n<div class=\"tab-content\">\n<div class=\"tab-content\">\n<div id=\"short_description_block\">\n<div id=\"short_description_content\" class=\"rte align_justify\">\n<div id=\"short_description_block\">\n<div id=\"short_description_content\" class=\"rte align_justify\">\n<div id=\"tab-description\" class=\"tab-content\">\n<div class=\"tab-content\">\n<div class=\"tab-content\">\n<div id=\"short_description_content\" class=\"rte align_justify\">\n<p><span style=\"color: #ff0000;\"><strong>ACHTUNG: DAS PRODUKT WIRD IN DEN MONATEN JUNI \u2013 JULI \u2013 AUGUST NICHT VERSENDET<\/strong><\/span><\/p>\n<div id=\"oosHook\">Das Produkt muss zwischen 8\u00b0C und 20\u00b0C gelagert werden. Foodrinks \u00fcbernimmt keine Verantwortung f\u00fcr Sch\u00e4den, die durch Nichtbeachtung dieser Anweisung entstehen.<\/div>\n<div>Das Produkt muss zwischen 8 \u00b0C (46 \u00b0F) und 20 \u00b0C (68 \u00b0F) gelagert werden. Foodrinks \u00fcbernimmt keine Haftung f\u00fcr Sch\u00e4den, die durch Nichtbeachtung dieser Vorschrift entstehen.<\/div>\n<p><strong>Verpackung:<\/strong><\/p>\n<ul>\n<li>2 Kartons mit je 20 St\u00fcck<\/li>\n<li>3 Kartons mit je 5 Einheiten<\/li>\n<\/ul>\n<\/div>\n<\/div>\n<\/div>\n<\/div>\n<\/div>\n<\/div>\n<div id=\"oosHook\">Das Produkt muss zwischen 8\u00b0C und 20\u00b0C gelagert werden. Foodrinks \u00fcbernimmt keine Verantwortung f\u00fcr Sch\u00e4den, die durch Nichtbeachtung dieser Anweisung entstehen.<\/div>\n<div>Das Produkt muss bei einer Temperatur zwischen 8 \u00b0C und 20 \u00b0C gelagert werden. Foodrinks \u00fcbernimmt keine Haftung f\u00fcr Sch\u00e4den, die durch Nichtbeachtung dieser Vorschrift entstehen.<\/div>\n<form id=\"buy_block\" action=\"https:\/\/www.tuttostore.it\/it\/carrello\" method=\"post\">\n<div class=\"box-info-product\">\n<div class=\"box-cart-bottom clearfix\"><\/div>\n<\/div>\n<\/form>\n<\/div>\n<\/div>\n<div id=\"oosHook\"><\/div>\n<form id=\"buy_block\" action=\"https:\/\/www.tuttostore.it\/it\/carrello\" method=\"post\">\n<div class=\"box-info-product\">\n<div class=\"box-cart-bottom clearfix\"><\/div>\n<\/div>\n<\/form>\n<\/div>\n<\/div>\n<\/div>\n<\/div>\n<\/div>\n<\/div>\n<div id=\"oosHook\"><\/div>\n<form id=\"buy_block\" action=\"https:\/\/www.tuttostore.it\/it\/carrello\" method=\"post\">\n<div class=\"box-info-product\">\n<div class=\"box-cart-bottom clearfix\"><\/div>\n<\/div>\n<\/form>\n<\/div>\n<\/div>\n<div id=\"oosHook\"><\/div>\n<form id=\"buy_block\" action=\"https:\/\/www.tuttostore.it\/it\/carrello\" method=\"post\">\n<div class=\"box-info-product\">\n<div class=\"box-cart-bottom clearfix\"><\/div>\n<\/div>\n<\/form>\n<\/div>\n<\/div>\n<div id=\"oosHook\"><\/div>\n<form id=\"buy_block\" action=\"https:\/\/www.tuttostore.it\/it\/carrello\" method=\"post\">\n<div class=\"box-info-product\">\n<div class=\"box-cart-bottom clearfix\"><\/div>\n<\/div>\n<\/form>\n<\/div>\n<\/div>\n<\/div>\n<\/div>\n<\/div>\n<\/div>\n<\/div>\n<\/div>\n<div id=\"oosHook\"><\/div>\n<form id=\"buy_block\" action=\"https:\/\/www.tuttostore.it\/it\/carrello\" method=\"post\">\n<div class=\"box-info-product\">\n<div class=\"box-cart-bottom clearfix\"><\/div>\n<\/div>\n<\/form>\n<\/div>\n<\/div>\n<div id=\"oosHook\"><\/div>\n<form id=\"buy_block\" action=\"https:\/\/www.tuttostore.it\/it\/carrello\" method=\"post\">\n<div class=\"box-info-product\">\n<div class=\"box-cart-bottom clearfix\"><\/div>\n<\/div>\n<\/form>\n<\/div>\n<\/div>\n<div id=\"oosHook\"><\/div>\n<form id=\"buy_block\" action=\"https:\/\/www.tuttostore.it\/it\/carrello\" method=\"post\">\n<div class=\"box-info-product\">\n<div class=\"box-cart-bottom clearfix\"><\/div>\n<\/div>\n<\/form>\n<\/div>\n<\/div>\n<div id=\"oosHook\"><\/div>\n<form id=\"buy_block\" action=\"https:\/\/www.tuttostore.it\/it\/carrello\" method=\"post\">\n<div class=\"box-info-product\">\n<div class=\"box-cart-bottom clearfix\"><\/div>\n<\/div>\n<\/form>\n<\/div>\n<\/div>\n<\/div>\n<div id=\"oosHook\"><\/div>\n<form id=\"buy_block\" action=\"https:\/\/www.tuttostore.it\/it\/carrello\" method=\"post\">\n<div class=\"box-info-product\">\n<div class=\"box-cart-bottom clearfix\"><\/div>\n<\/div>\n<\/form>\n<\/div>\n<\/div>\n<div id=\"oosHook\"><\/div>\n<form id=\"buy_block\" action=\"https:\/\/www.tuttostore.it\/it\/carrello\" method=\"post\">\n<div class=\"box-info-product\">\n<div class=\"box-cart-bottom clearfix\"><\/div>\n<\/div>\n<\/form>\n<\/div>\n<\/div>\n<\/div>\n<\/div>\n<\/div>\n<\/div>\n<form id=\"buy_block\" action=\"https:\/\/www.tuttostore.it\/it\/carrello\" method=\"post\">\n<div class=\"box-info-product\">\n<div class=\"box-cart-bottom clearfix\"><\/div>\n<\/div>\n<\/form>\n<\/div>\n<\/div>\n<div id=\"oosHook\"><\/div>\n<form id=\"buy_block\" action=\"https:\/\/www.tuttostore.it\/it\/carrello\" method=\"post\">\n<div class=\"box-info-product\">\n<div class=\"box-cart-bottom clearfix\"><\/div>\n<\/div>\n<\/form>\n<\/div>\n<\/div>\n<div id=\"oosHook\"><\/div>\n<form id=\"buy_block\" action=\"https:\/\/www.tuttostore.it\/it\/carrello\" method=\"post\">\n<div class=\"box-info-product\">\n<div class=\"box-cart-bottom clearfix\"><\/div>\n<\/div>\n<\/form>\n<\/div>\n<\/div>\n<div id=\"oosHook\"><\/div>\n<form id=\"buy_block\" action=\"https:\/\/www.tuttostore.it\/it\/carrello\" method=\"post\">\n<div class=\"box-info-product\">\n<div class=\"box-cart-bottom clearfix\"><\/div>\n<\/div>\n<\/form>\n<\/div>\n<\/div>\n<div id=\"oosHook\"><\/div>\n<form id=\"buy_block\" action=\"https:\/\/www.tuttostore.it\/it\/carrello\" method=\"post\">\n<div class=\"box-info-product\">\n<div class=\"box-cart-bottom clearfix\"><\/div>\n<\/div>\n<\/form>\n<\/div>\n<\/div>\n<div id=\"oosHook\"><\/div>\n<form id=\"buy_block\" action=\"https:\/\/www.tuttostore.it\/it\/carrello\" method=\"post\">\n<div class=\"box-info-product\">\n<div class=\"box-cart-bottom clearfix\"><\/div>\n<\/div>\n<\/form>\n<\/div>\n<\/div>\n<div id=\"oosHook\"><\/div>\n<form id=\"buy_block\" action=\"https:\/\/www.tuttostore.it\/it\/carrello\" method=\"post\">\n<div class=\"box-info-product\">\n<div class=\"box-cart-bottom clearfix\"><\/div>\n<\/div>\n<\/form>\n<\/div>\n<\/div>\n<div id=\"oosHook\"><\/div>\n<form id=\"buy_block\" action=\"https:\/\/www.tuttostore.it\/it\/carrello\" method=\"post\">\n<div class=\"box-info-product\">\n<div class=\"box-cart-bottom clearfix\"><\/div>\n<\/div>\n<\/form>\n<\/div>\n<\/div>\n<div id=\"oosHook\"><\/div>\n<form id=\"buy_block\" action=\"https:\/\/www.tuttostore.it\/it\/carrello\" method=\"post\">\n<div class=\"box-info-product\">\n<div class=\"box-cart-bottom clearfix\"><\/div>\n<\/div>\n<\/form>\n<\/div>\n<\/div>\n<div id=\"oosHook\"><\/div>\n<form id=\"buy_block\" action=\"https:\/\/www.tuttostore.it\/it\/carrello\" method=\"post\">\n<div class=\"box-info-product\">\n<div class=\"box-cart-bottom clearfix\"><\/div>\n<\/div>\n<\/form>\n<\/div>\n<\/div>\n<div id=\"oosHook\"><\/div>\n<form id=\"buy_block\" action=\"https:\/\/www.tuttostore.it\/it\/carrello\" method=\"post\">\n<div class=\"box-info-product\">\n<div class=\"box-cart-bottom clearfix\"><\/div>\n<\/div>\n<\/form>\n<\/div>\n<\/div>\n<\/div>\n<\/div>\n<\/div>\n<\/div>\n<\/div>\n<\/div>\n<\/div>\n<\/div>\n<\/div>\n<\/div>\n<\/div>\n<\/div>\n<\/div>\n<\/div>\n<\/div>\n<\/div>\n<\/div>\n<\/div>\n<\/div>\n<\/div>\n<\/div>\n<\/div>\n<\/div>\n<\/div>\n<\/div>\n<\/div>\n<\/div>\n<\/div>\n<\/div>\n<\/div>\n<\/div>\n<\/div>\n<\/div>\n<\/div>\n<\/div>\n<\/div>\n<\/div>\n<\/div>\n<\/div>\n<\/div>\n<\/div>\n<\/div>\n<\/div>\n<\/div>","protected":false},"featured_media":15847,"comment_status":"open","ping_status":"closed","template":"","meta":{"_acf_changed":false},"product_brand":[],"product_cat":[3887],"product_tag":[889],"class_list":{"0":"post-14696","1":"product","2":"type-product","3":"status-publish","4":"has-post-thumbnail","6":"product_cat-alimentazione","7":"product_tag-chocup-mini-da-30-ml","8":"product_shipping_class-foodrinks","9":"pa_confezione-2-scatoline-da-20-unita","10":"pa_confezione-3-astucci-da-5-unita","11":"pa_vendors-foodrinks","13":"first","14":"instock","15":"taxable","16":"shipping-taxable","17":"purchasable","18":"product-type-variable","swatches":"rey-swatches","show_selected":""},"acf":[],"_links":{"self":[{"href":"https:\/\/tuttostore.com\/de\/wp-json\/wp\/v2\/product\/14696","targetHints":{"allow":["GET"]}}],"collection":[{"href":"https:\/\/tuttostore.com\/de\/wp-json\/wp\/v2\/product"}],"about":[{"href":"https:\/\/tuttostore.com\/de\/wp-json\/wp\/v2\/types\/product"}],"replies":[{"embeddable":true,"href":"https:\/\/tuttostore.com\/de\/wp-json\/wp\/v2\/comments?post=14696"}],"wp:featuredmedia":[{"embeddable":true,"href":"https:\/\/tuttostore.com\/de\/wp-json\/wp\/v2\/media\/15847"}],"wp:attachment":[{"href":"https:\/\/tuttostore.com\/de\/wp-json\/wp\/v2\/media?parent=14696"}],"wp:term":[{"taxonomy":"product_brand","embeddable":true,"href":"https:\/\/tuttostore.com\/de\/wp-json\/wp\/v2\/product_brand?post=14696"},{"taxonomy":"product_cat","embeddable":true,"href":"https:\/\/tuttostore.com\/de\/wp-json\/wp\/v2\/product_cat?post=14696"},{"taxonomy":"product_tag","embeddable":true,"href":"https:\/\/tuttostore.com\/de\/wp-json\/wp\/v2\/product_tag?post=14696"}],"curies":[{"name":"wp","href":"https:\/\/api.w.org\/{rel}","templated":true}]}}