{"id":14703,"date":"2018-11-28T10:14:20","date_gmt":"2018-11-28T09:14:20","guid":{"rendered":"https:\/\/tuttostore.com\/prodotto\/thai-break-monodose-brown-sugar\/"},"modified":"2025-07-04T10:41:22","modified_gmt":"2025-07-04T08:41:22","slug":"thai-break-monodose-brown-sugar","status":"publish","type":"product","link":"https:\/\/tuttostore.com\/de\/produkt\/thai-break-monodose-brown-sugar\/","title":{"rendered":"Thai Break Einzeldosis brauner Zucker"},"content":{"rendered":"<h1>Thai Break Einzeldosis brauner Zucker<\/h1>\n<div class=\"column\">\n<div class=\"layoutArea\">\n<div class=\"column\">\n<div class=\"column\">\n<div class=\"column\">\n<div class=\"column\">\n<div class=\"column\">\n<div class=\"column\">\n<div class=\"column\">\n<div class=\"column\">\n<div class=\"layoutArea\">\n<div class=\"column\">\n<div class=\"product-tabs-container\">\n<div class=\"tab-content pr-tab-content\">\n<section id=\"descriptionTab\" class=\"page-product-box tab-pane fade in active\">\n<div class=\"rte\">\n<div class=\"product-tabs-container\">\n<div class=\"tab-content pr-tab-content\">\n<section id=\"descriptionTab\" class=\"page-product-box tab-pane fade in active\">\n<div class=\"rte\">\n<div class=\"column\">\n<div class=\"layoutArea\">\n<div class=\"column\">\n<div class=\"column\">\n<div class=\"column\">\n<div class=\"column\">\n<div class=\"column\">\n<div class=\"column\">\n<div class=\"column\">\n<div class=\"column\">\n<div class=\"layoutArea\">\n<div class=\"column\">\n<div class=\"product-tabs-container\">\n<div class=\"tab-content pr-tab-content\">\n<section id=\"descriptionTab\" class=\"page-product-box tab-pane fade in active\">\n<div class=\"rte\">\n<div class=\"product-tabs-container\">\n<div class=\"tab-content pr-tab-content\">\n<section id=\"descriptionTab\" class=\"page-product-box tab-pane fade in active\">\n<div class=\"rte\">\n<div class=\"product-tabs-container\">\n<div class=\"tab-content pr-tab-content\">\n<section id=\"descriptionTab\" class=\"page-product-box tab-pane fade in active\">\n<div class=\"rte\">\n<div class=\"column\">\n<div class=\"layoutArea\">\n<div class=\"column\">\n<div class=\"column\">\n<div class=\"column\">\n<div class=\"column\">\n<div class=\"column\">\n<div class=\"column\">\n<div class=\"column\">\n<div class=\"column\">\n<div class=\"layoutArea\">\n<div class=\"column\">\n<div class=\"product-tabs-container\">\n<div class=\"tab-content pr-tab-content\">\n<section id=\"descriptionTab\" class=\"page-product-box tab-pane fade in active\">\n<div class=\"rte\">\n<div class=\"product-tabs-container\">\n<div class=\"tab-content pr-tab-content\">\n<section id=\"descriptionTab\" class=\"page-product-box tab-pane fade in active\">\n<div class=\"rte\">\n<div class=\"product-tabs-container\">\n<div class=\"tab-content pr-tab-content\">\n<section id=\"descriptionTab\" class=\"page-product-box tab-pane fade in active\">\n<div class=\"rte\">\n<div class=\"product-tabs-container\">\n<div class=\"tab-content pr-tab-content\">\n<section id=\"descriptionTab\" class=\"page-product-box tab-pane fade in active\">\n<div class=\"rte\">\n<div class=\"product-tabs-container\">\n<div class=\"tab-content pr-tab-content\">\n<section id=\"descriptionTab\" class=\"page-product-box tab-pane fade in active\">\n<div class=\"rte\">\n<div class=\"product-tabs-container\">\n<div class=\"tab-content pr-tab-content\">\n<section id=\"descriptionTab\" class=\"page-product-box tab-pane fade in active\">\n<div class=\"rte\">\n<div class=\"product-tabs-container\">\n<div class=\"tab-content pr-tab-content\">\n<section id=\"descriptionTab\" class=\"page-product-box tab-pane fade in active\">\n<div class=\"rte\">\n<div class=\"product-tabs-container\">\n<div class=\"tab-content pr-tab-content\">\n<section id=\"descriptionTab\" class=\"page-product-box tab-pane fade in active\">\n<div class=\"rte\">\n<div id=\"tab-description\" class=\"tab-content\">\n<div class=\"tab-content\">\n<div class=\"tab-content\">\n<div class=\"tab-content\">\n<div class=\"tab-content\">\n<div class=\"tab-content\">\n<div class=\"product-tabs-container\">\n<div class=\"tab-content pr-tab-content\">\n<section id=\"descriptionTab\" class=\"page-product-box tab-pane fade in active\">\n<div class=\"rte\">\n<div class=\"product-tabs-container\">\n<div class=\"tab-content pr-tab-content\">\n<section id=\"descriptionTab\" class=\"page-product-box tab-pane fade in active\">\n<div class=\"rte\">\n<div class=\"product-tabs-container\">\n<div class=\"tab-content pr-tab-content\">\n<section id=\"descriptionTab\" class=\"page-product-box tab-pane fade in active\">\n<div class=\"rte\">\n<div class=\"product-tabs-container\">\n<div class=\"tab-content pr-tab-content\">\n<section id=\"descriptionTab\" class=\"page-product-box tab-pane fade in active\">\n<div class=\"rte\">\n<div class=\"product-tabs-container\">\n<div class=\"tab-content pr-tab-content\">\n<section id=\"descriptionTab\" class=\"page-product-box tab-pane fade in active\">\n<div class=\"rte\">\n<div id=\"tab-description\" class=\"tab-content\">\n<div class=\"tab-content\">\n<div class=\"tab-content\">\n<section id=\"descriptionTab\" class=\"page-product-box tab-pane fade in active\">\n<div class=\"rte\">\n<section id=\"descriptionTab\" class=\"page-product-box tab-pane fade in active\">\n<div class=\"rte\">\n<section id=\"descriptionTab\" class=\"page-product-box tab-pane fade in active\">\n<div class=\"rte\">\n<section id=\"descriptionTab\" class=\"page-product-box tab-pane fade in active\">\n<div class=\"rte\">\n<section id=\"descriptionTab\" class=\"page-product-box tab-pane fade in active\">\n<div class=\"rte\">\n<section id=\"descriptionTab\" class=\"page-product-box tab-pane fade in active\">\n<div class=\"rte\">\n<section id=\"descriptionTab\" class=\"page-product-box tab-pane fade in active\">\n<div class=\"rte\">\n<section id=\"descriptionTab\" class=\"page-product-box tab-pane fade in active\">\n<div class=\"rte\">\n<section id=\"descriptionTab\" class=\"page-product-box tab-pane fade in active\">\n<div class=\"rte\">\n<section id=\"descriptionTab\" class=\"page-product-box tab-pane fade in active\">\n<div class=\"rte\">\n<section id=\"descriptionTab\" class=\"page-product-box tab-pane fade in active\">\n<div class=\"rte\">\n<section id=\"descriptionTab\" class=\"page-product-box tab-pane fade in active\">\n<div class=\"rte\">\n<p><strong>Thai-Pause<\/strong><strong>\u00a0Kapseln 50 St\u00fcck<\/strong><\/p>\n<p>Instantkaffee. Ginseng-Kaffeegeschmack.<\/p>\n<p>(FAP-kompatibel mit Lavazza E.p.)<\/p>\n<\/div>\n<\/section>\n<\/div>\n<\/section>\n<\/div>\n<\/section>\n<\/div>\n<\/section>\n<\/div>\n<\/section>\n<\/div>\n<\/section>\n<\/div>\n<\/section>\n<\/div>\n<\/section>\n<\/div>\n<\/section>\n<\/div>\n<\/section>\n<\/div>\n<\/section>\n<\/div>\n<\/section>\n<\/div>\n<\/div>\n<\/div>\n<\/div>\n<\/section>\n<\/div>\n<\/div>\n<section class=\"page-product-box flexslider_carousel_block blockproductscategory\"><\/section>\n<\/div>\n<\/section>\n<\/div>\n<\/div>\n<section class=\"page-product-box flexslider_carousel_block blockproductscategory\"><\/section>\n<\/div>\n<\/section>\n<\/div>\n<\/div>\n<section class=\"page-product-box flexslider_carousel_block blockproductscategory\"><\/section>\n<\/div>\n<\/section>\n<\/div>\n<\/div>\n<section class=\"page-product-box flexslider_carousel_block blockproductscategory\"><\/section>\n<\/div>\n<\/section>\n<\/div>\n<\/div>\n<section class=\"page-product-box flexslider_carousel_block blockproductscategory\"><\/section>\n<\/div>\n<\/div>\n<\/div>\n<\/div>\n<\/div>\n<\/div>\n<\/div>\n<\/section>\n<\/div>\n<\/div>\n<section class=\"page-product-box flexslider_carousel_block blockproductscategory\"><\/section>\n<\/div>\n<\/section>\n<\/div>\n<\/div>\n<section class=\"page-product-box flexslider_carousel_block blockproductscategory\"><\/section>\n<\/div>\n<\/section>\n<\/div>\n<\/div>\n<section class=\"page-product-box flexslider_carousel_block blockproductscategory\"><\/section>\n<\/div>\n<\/section>\n<\/div>\n<\/div>\n<section class=\"page-product-box flexslider_carousel_block blockproductscategory\"><\/section>\n<\/div>\n<\/section>\n<\/div>\n<\/div>\n<section class=\"page-product-box flexslider_carousel_block blockproductscategory\"><\/section>\n<\/div>\n<\/section>\n<\/div>\n<\/div>\n<section class=\"page-product-box flexslider_carousel_block blockproductscategory\"><\/section>\n<\/div>\n<\/section>\n<\/div>\n<\/div>\n<section class=\"page-product-box flexslider_carousel_block blockproductscategory\"><\/section>\n<\/div>\n<\/section>\n<\/div>\n<\/div>\n<section class=\"page-product-box flexslider_carousel_block blockproductscategory\"><\/section>\n<\/div>\n<\/div>\n<\/div>\n<\/div>\n<\/div>\n<\/div>\n<\/div>\n<\/div>\n<\/div>\n<\/div>\n<\/div>\n<\/div>\n<p><strong>Essensbahnen<\/strong><\/p>\n<p>Foodrinks ist der ideale Partner f\u00fcr kleine und mittelst\u00e4ndische Kaffeer\u00f6ster sowie gro\u00dfe S\u00fc\u00dfwarenunternehmen, denn die von ihr kreierten und vertriebenen Produkte bereichern die Kaffeepause stets aufs Neue.<\/p>\n<p>Eine gro\u00dfe Auswahl an Kaffeegetr\u00e4nken und Speisen hilft Baristas, einen besseren Service zu bieten, wobei die Qualit\u00e4t des Erlebnisses im Mittelpunkt steht. Mit Foodrinks steht der Kunde wirklich im Mittelpunkt eines <em>neues Coffeeshop-Konzept<\/em>, inspiriert von einem st\u00e4rkeren Fokus auf Service. Die ausgew\u00e4hlten Produzenten sind sowohl nationale als auch internationale, f\u00fchrende Unternehmen und Marken in ihren jeweiligen Branchen, die ausgew\u00e4hlt wurden, um nur das Beste zu garantieren.<\/p>\n<\/div>\n<\/section>\n<\/div>\n<\/div>\n<\/div>\n<\/section>\n<\/div>\n<\/div>\n<\/div>\n<\/section>\n<\/div>\n<\/div>\n<\/div>\n<\/div>\n<\/div>\n<\/div>\n<\/div>\n<\/div>\n<\/div>\n<\/div>\n<\/div>\n<\/div>\n<\/div>\n<\/div>\n<\/div>\n<\/section>\n<\/div>\n<\/div>\n<\/div>\n<\/section>\n<\/div>\n<\/div>\n<\/div>\n<\/div>\n<\/div>\n<\/div>\n<\/div>\n<\/div>\n<\/div>\n<\/div>\n<\/div>\n<\/div>\n<\/div>\n<\/div>\n<div>\n<div>\n<p>Klicken <a href=\"https:\/\/tuttostore.com\/de\/vendor\/foodrinks\/\">Hier<\/a> um alle Foodrinks-Produkte zu entdecken<\/p>\n<\/div>\n<div>Klicken <a href=\"https:\/\/www.foodrinks.it\/it\/\">Hier<\/a> um die Foodrinks Homepage zu besuchen<\/div>\n<\/div>","protected":false},"excerpt":{"rendered":"<div id=\"short_description_block\">\n<div id=\"short_description_content\" class=\"rte align_justify\">\n<div id=\"short_description_block\">\n<div id=\"short_description_content\" class=\"rte align_justify\">\n<div class=\"page\" title=\"Seite 1\">\n<div class=\"layoutArea\">\n<div class=\"column\">\n<div class=\"page\" title=\"Seite 1\">\n<div class=\"layoutArea\">\n<div class=\"column\">\n<div id=\"short_description_block\">\n<div id=\"short_description_content\" class=\"rte align_justify\">\n<div id=\"short_description_block\">\n<div id=\"short_description_content\" class=\"rte align_justify\">\n<div id=\"short_description_block\">\n<div id=\"short_description_content\" class=\"rte align_justify\">\n<div id=\"short_description_block\">\n<div id=\"short_description_content\" class=\"rte align_justify\">\n<div id=\"short_description_block\">\n<div id=\"short_description_content\" class=\"rte align_justify\">\n<div id=\"short_description_block\">\n<div id=\"short_description_content\" class=\"rte align_justify\">\n<div id=\"short_description_block\">\n<div id=\"short_description_content\" class=\"rte align_justify\">\n<div id=\"short_description_block\">\n<div id=\"short_description_content\" class=\"rte align_justify\">\n<div id=\"short_description_block\">\n<div id=\"short_description_content\" class=\"rte align_justify\">\n<div id=\"short_description_block\">\n<div id=\"short_description_content\" class=\"rte align_justify\">\n<div id=\"short_description_block\">\n<div id=\"short_description_content\" class=\"rte align_justify\">\n<div id=\"short_description_block\">\n<div id=\"short_description_content\" class=\"rte align_justify\">\n<div id=\"short_description_block\">\n<div id=\"short_description_content\" class=\"rte align_justify\">\n<div id=\"short_description_block\">\n<div id=\"short_description_content\" class=\"rte align_justify\">\n<div id=\"short_description_block\">\n<div id=\"short_description_content\" class=\"rte align_justify\">\n<div id=\"short_description_block\">\n<div id=\"short_description_content\" class=\"rte align_justify\">\n<div id=\"short_description_block\">\n<div id=\"short_description_content\" class=\"rte align_justify\">\n<div id=\"short_description_block\">\n<div id=\"short_description_content\" class=\"rte align_justify\">\n<div id=\"short_description_block\">\n<div id=\"short_description_content\" class=\"rte align_justify\">\n<div id=\"short_description_block\">\n<div id=\"short_description_content\" class=\"rte align_justify\">\n<div id=\"short_description_block\">\n<div id=\"short_description_content\" class=\"rte align_justify\">\n<div id=\"short_description_block\">\n<div id=\"short_description_content\" class=\"rte align_justify\">\n<div id=\"short_description_block\">\n<div id=\"short_description_content\" class=\"rte align_justify\">\n<div id=\"short_description_block\">\n<div id=\"short_description_content\" class=\"rte align_justify\">\n<div id=\"short_description_block\">\n<div id=\"short_description_content\" class=\"rte align_justify\">\n<div id=\"short_description_block\">\n<div id=\"short_description_content\" class=\"rte align_justify\">\n<div id=\"short_description_block\">\n<div id=\"short_description_content\" class=\"rte align_justify\">\n<div id=\"short_description_block\">\n<div id=\"short_description_content\" class=\"rte align_justify\">\n<div id=\"short_description_block\">\n<div id=\"short_description_content\" class=\"rte align_justify\">\n<div id=\"short_description_block\">\n<div id=\"short_description_content\" class=\"rte align_justify\">\n<div id=\"short_description_block\">\n<div id=\"short_description_content\" class=\"rte align_justify\">\n<div id=\"short_description_block\">\n<div id=\"short_description_content\" class=\"rte align_justify\">\n<div id=\"short_description_block\">\n<div id=\"short_description_content\" class=\"rte align_justify\">\n<div id=\"tab-description\" class=\"tab-content\">\n<div id=\"short_description_block\">\n<div id=\"short_description_content\" class=\"rte align_justify\">\n<div id=\"short_description_block\">\n<div id=\"short_description_content\" class=\"rte align_justify\">\n<div id=\"short_description_block\">\n<div id=\"short_description_content\" class=\"rte align_justify\">\n<div id=\"short_description_block\">\n<div id=\"short_description_content\" class=\"rte align_justify\">\n<div id=\"tab-description\" class=\"tab-content\">\n<div class=\"tab-content\">\n<div class=\"tab-content\">\n<div class=\"tab-content\">\n<div class=\"tab-content\">\n<div class=\"tab-content\">\n<div id=\"short_description_block\">\n<div id=\"short_description_content\" class=\"rte align_justify\">\n<div id=\"short_description_block\">\n<div id=\"short_description_content\" class=\"rte align_justify\">\n<div id=\"short_description_block\">\n<div id=\"short_description_content\" class=\"rte align_justify\">\n<div id=\"tab-description\" class=\"tab-content\">\n<div class=\"tab-content\">\n<div class=\"tab-content\">\n<div class=\"tab-content\">\n<div id=\"short_description_block\">\n<div id=\"short_description_content\" class=\"rte align_justify\">\n<div id=\"short_description_block\">\n<div id=\"short_description_content\" class=\"rte align_justify\">\n<div id=\"tab-description\" class=\"tab-content\">\n<div class=\"tab-content\">\n<div class=\"tab-content\">\n<div id=\"short_description_content\" class=\"rte align_justify\">\n<div id=\"short_description_content\" class=\"rte align_justify\">\n<p><strong>Variante:<\/strong><\/p>\n<ul>\n<li>1 Packung mit 200 g (10 Dosen mit 20 g) 200 g<\/li>\n<li>4 Packungen \u00e0 200 g (40 Dosen \u00e0 20 g) 800 g<\/li>\n<li>40 Packungen \u00e0 200 g (400 Dosen \u00e0 20 g) 8 kg<\/li>\n<\/ul>\n<\/div>\n<\/div>\n<\/div>\n<\/div>\n<\/div>\n<\/div>\n<\/div>\n<\/div>\n<\/div>\n<\/div>\n<\/div>\n<\/div>\n<\/div>\n<\/div>\n<\/div>\n<\/div>\n<\/div>\n<div id=\"oosHook\"><\/div>\n<form id=\"buy_block\" action=\"https:\/\/www.tuttostore.it\/it\/carrello\" method=\"post\">\n<div class=\"box-info-product\">\n<div class=\"box-cart-bottom clearfix\"><\/div>\n<\/div>\n<\/form>\n<\/div>\n<\/div>\n<div id=\"oosHook\"><\/div>\n<form id=\"buy_block\" action=\"https:\/\/www.tuttostore.it\/it\/carrello\" method=\"post\">\n<div class=\"box-info-product\">\n<div class=\"box-cart-bottom clearfix\"><\/div>\n<\/div>\n<\/form>\n<\/div>\n<\/div>\n<\/div>\n<\/div>\n<\/div>\n<\/div>\n<\/div>\n<\/div>\n<div id=\"oosHook\"><\/div>\n<form id=\"buy_block\" action=\"https:\/\/www.tuttostore.it\/it\/carrello\" method=\"post\">\n<div class=\"box-info-product\">\n<div class=\"box-cart-bottom clearfix\"><\/div>\n<\/div>\n<\/form>\n<\/div>\n<\/div>\n<div id=\"oosHook\"><\/div>\n<form id=\"buy_block\" action=\"https:\/\/www.tuttostore.it\/it\/carrello\" method=\"post\">\n<div class=\"box-info-product\">\n<div class=\"box-cart-bottom clearfix\"><\/div>\n<\/div>\n<\/form>\n<\/div>\n<\/div>\n<div id=\"oosHook\"><\/div>\n<form id=\"buy_block\" action=\"https:\/\/www.tuttostore.it\/it\/carrello\" method=\"post\">\n<div class=\"box-info-product\">\n<div class=\"box-cart-bottom clearfix\"><\/div>\n<\/div>\n<\/form>\n<\/div>\n<\/div>\n<div id=\"oosHook\"><\/div>\n<form id=\"buy_block\" action=\"https:\/\/www.tuttostore.it\/it\/carrello\" method=\"post\">\n<div class=\"box-info-product\">\n<div class=\"box-cart-bottom clearfix\"><\/div>\n<\/div>\n<\/form>\n<\/div>\n<\/div>\n<\/div>\n<div id=\"oosHook\"><\/div>\n<form id=\"buy_block\" action=\"https:\/\/www.tuttostore.it\/it\/carrello\" method=\"post\">\n<div class=\"box-info-product\">\n<div class=\"box-cart-bottom clearfix\"><\/div>\n<\/div>\n<\/form>\n<\/div>\n<\/div>\n<div id=\"oosHook\"><\/div>\n<form id=\"buy_block\" action=\"https:\/\/www.tuttostore.it\/it\/carrello\" method=\"post\">\n<div class=\"box-info-product\">\n<div class=\"box-cart-bottom clearfix\"><\/div>\n<\/div>\n<\/form>\n<\/div>\n<\/div>\n<\/div>\n<\/div>\n<\/div>\n<\/div>\n<form id=\"buy_block\" action=\"https:\/\/www.tuttostore.it\/it\/carrello\" method=\"post\">\n<div class=\"box-info-product\">\n<div class=\"box-cart-bottom clearfix\"><\/div>\n<\/div>\n<\/form>\n<\/div>\n<\/div>\n<div id=\"oosHook\"><\/div>\n<form id=\"buy_block\" action=\"https:\/\/www.tuttostore.it\/it\/carrello\" method=\"post\">\n<div class=\"box-info-product\">\n<div class=\"box-cart-bottom clearfix\"><\/div>\n<\/div>\n<\/form>\n<\/div>\n<\/div>\n<div id=\"oosHook\"><\/div>\n<form id=\"buy_block\" action=\"https:\/\/www.tuttostore.it\/it\/carrello\" method=\"post\">\n<div class=\"box-info-product\">\n<div class=\"box-cart-bottom clearfix\"><\/div>\n<\/div>\n<\/form>\n<\/div>\n<\/div>\n<div id=\"oosHook\"><\/div>\n<form id=\"buy_block\" action=\"https:\/\/www.tuttostore.it\/it\/carrello\" method=\"post\">\n<div class=\"box-info-product\">\n<div class=\"box-cart-bottom clearfix\"><\/div>\n<\/div>\n<\/form>\n<\/div>\n<\/div>\n<div id=\"oosHook\"><\/div>\n<form id=\"buy_block\" action=\"https:\/\/www.tuttostore.it\/it\/carrello\" method=\"post\">\n<div class=\"box-info-product\">\n<div class=\"box-cart-bottom clearfix\"><\/div>\n<\/div>\n<\/form>\n<\/div>\n<\/div>\n<div id=\"oosHook\"><\/div>\n<form id=\"buy_block\" action=\"https:\/\/www.tuttostore.it\/it\/carrello\" method=\"post\">\n<div class=\"box-info-product\">\n<div class=\"box-cart-bottom clearfix\"><\/div>\n<\/div>\n<\/form>\n<\/div>\n<\/div>\n<div id=\"oosHook\"><\/div>\n<form id=\"buy_block\" action=\"https:\/\/www.tuttostore.it\/it\/carrello\" method=\"post\">\n<div class=\"box-info-product\">\n<div class=\"box-cart-bottom clearfix\"><\/div>\n<\/div>\n<\/form>\n<\/div>\n<\/div>\n<div id=\"oosHook\"><\/div>\n<form id=\"buy_block\" action=\"https:\/\/www.tuttostore.it\/it\/carrello\" method=\"post\">\n<div class=\"box-info-product\">\n<div class=\"box-cart-bottom clearfix\"><\/div>\n<\/div>\n<\/form>\n<\/div>\n<\/div>\n<div id=\"oosHook\"><\/div>\n<form id=\"buy_block\" action=\"https:\/\/www.tuttostore.it\/it\/carrello\" method=\"post\">\n<div class=\"box-info-product\">\n<div class=\"box-cart-bottom clearfix\"><\/div>\n<\/div>\n<\/form>\n<\/div>\n<\/div>\n<div id=\"oosHook\"><\/div>\n<form id=\"buy_block\" action=\"https:\/\/www.tuttostore.it\/it\/carrello\" method=\"post\">\n<div class=\"box-info-product\">\n<div class=\"box-cart-bottom clearfix\"><\/div>\n<\/div>\n<\/form>\n<\/div>\n<\/div>\n<div id=\"oosHook\"><\/div>\n<form id=\"buy_block\" action=\"https:\/\/www.tuttostore.it\/it\/carrello\" method=\"post\">\n<div class=\"box-info-product\">\n<div class=\"box-cart-bottom clearfix\"><\/div>\n<\/div>\n<\/form>\n<\/div>\n<\/div>\n<\/div>\n<\/div>\n<\/div>\n<\/div>\n<\/div>\n<\/div>\n<\/div>\n<\/div>\n<\/div>\n<\/div>\n<\/div>\n<\/div>\n<\/div>\n<\/div>\n<\/div>\n<\/div>\n<\/div>\n<\/div>\n<\/div>\n<\/div>\n<\/div>\n<\/div>\n<\/div>\n<\/div>\n<\/div>\n<\/div>\n<\/div>\n<\/div>\n<\/div>\n<\/div>\n<\/div>\n<\/div>\n<\/div>\n<\/div>\n<\/div>\n<\/div>\n<\/div>\n<\/div>\n<\/div>\n<\/div>\n<\/div>\n<\/div>\n<\/div>\n<\/div>","protected":false},"featured_media":16129,"comment_status":"open","ping_status":"closed","template":"","meta":{"_acf_changed":false},"product_brand":[],"product_cat":[3887,3954],"product_tag":[898],"class_list":{"0":"post-14703","1":"product","2":"type-product","3":"status-publish","4":"has-post-thumbnail","6":"product_cat-alimentazione","7":"product_cat-bevande","8":"product_tag-thai-break-monodose-brown-sugar","9":"product_shipping_class-foodrinks","10":"pa_confezione-1-astuccio-10-dosi","11":"pa_confezione-4-astucci-40-dosi","12":"pa_confezione-40-astucci-400-dosi","13":"pa_vendors-foodrinks","15":"first","16":"instock","17":"taxable","18":"shipping-taxable","19":"purchasable","20":"product-type-variable","swatches":"rey-swatches","show_selected":""},"acf":[],"_links":{"self":[{"href":"https:\/\/tuttostore.com\/de\/wp-json\/wp\/v2\/product\/14703","targetHints":{"allow":["GET"]}}],"collection":[{"href":"https:\/\/tuttostore.com\/de\/wp-json\/wp\/v2\/product"}],"about":[{"href":"https:\/\/tuttostore.com\/de\/wp-json\/wp\/v2\/types\/product"}],"replies":[{"embeddable":true,"href":"https:\/\/tuttostore.com\/de\/wp-json\/wp\/v2\/comments?post=14703"}],"wp:featuredmedia":[{"embeddable":true,"href":"https:\/\/tuttostore.com\/de\/wp-json\/wp\/v2\/media\/16129"}],"wp:attachment":[{"href":"https:\/\/tuttostore.com\/de\/wp-json\/wp\/v2\/media?parent=14703"}],"wp:term":[{"taxonomy":"product_brand","embeddable":true,"href":"https:\/\/tuttostore.com\/de\/wp-json\/wp\/v2\/product_brand?post=14703"},{"taxonomy":"product_cat","embeddable":true,"href":"https:\/\/tuttostore.com\/de\/wp-json\/wp\/v2\/product_cat?post=14703"},{"taxonomy":"product_tag","embeddable":true,"href":"https:\/\/tuttostore.com\/de\/wp-json\/wp\/v2\/product_tag?post=14703"}],"curies":[{"name":"wp","href":"https:\/\/api.w.org\/{rel}","templated":true}]}}