{"id":14721,"date":"2018-11-30T16:02:23","date_gmt":"2018-11-30T15:02:23","guid":{"rendered":"https:\/\/tuttostore.com\/prodotto\/diffusore-per-elmot-x5\/"},"modified":"2025-05-21T10:00:31","modified_gmt":"2025-05-21T08:00:31","slug":"diffusore-per-elmot-x5","status":"publish","type":"product","link":"https:\/\/tuttostore.com\/de\/produkt\/diffusore-per-elmot-x5\/","title":{"rendered":"Diffusor f\u00fcr Elmot X5"},"content":{"rendered":"<div>\n<h1>Diffusor f\u00fcr Elmot X5<\/h1>\n<div>\n<section id=\"descriptionTab\" class=\"page-product-box tab-pane fade in active\">\n<div class=\"rte\">\n<section id=\"descriptionTab\" class=\"page-product-box tab-pane fade in active\">\n<div class=\"rte\">\n<p>Transparente schwarze Farbe<\/p>\n<\/div>\n<\/section>\n<\/div>\n<\/section>\n<\/div>\n<\/div>\n<div>\n<p><strong>Gamma Pi\u00f9. Einfach ein Hauch frischer Luft.<\/strong><\/p>\n<p>Auch nach drei\u00dfig Jahren Erfahrung als Branchenspezialist strahlen die Haartrockner von Gamma Pi\u00f9 noch immer einen Hauch von Innovation aus.<\/p>\n<p>St\u00e4ndige Forschung und technologische Innovation gew\u00e4hrleisten die Sicherheit von Gamma Pi\u00f9, einer f\u00fchrenden Marke im Bereich professioneller Haartrockner. Der Schl\u00fcssel zur Erreichung dieser hohen Qualit\u00e4t lag in der Konzentration von Produktdesign und Produktion im eigenen Haus. Sorgf\u00e4ltig ausgew\u00e4hlte Komponenten schaffen sichere Ger\u00e4te mit professioneller Leistung.<\/p>\n<p>Kunden sind uns wichtig, deshalb sind wir dank eines fl\u00e4chendeckenden Netzes an technischen Kundendienstzentren auch nach dem Verkauf unserer Produkte immer in Ihrer N\u00e4he. Unsere Produkte verk\u00f6rpern drei\u00dfig Jahre Erfahrung und Qualit\u00e4t in der Branche und pr\u00e4sentieren eine neue, exklusive Linie, die sich durch ihre <strong>Innovation, Qualit\u00e4t und Stil<\/strong>.<\/p>\n<\/div>\n<div>\n<div>Klicken <a href=\"https:\/\/tuttostore.com\/de\/vendor\/gamma-piu-srl\/\">Hier<\/a> um alle Gamma Pi\u00f9-Produkte zu entdecken<\/div>\n<div>Klicken <a href=\"https:\/\/gammapiu.it\/it\">Hier<\/a> um die Homepage von Gamma Pi\u00f9 zu besuchen<\/div>\n<\/div>","protected":false},"excerpt":{"rendered":"<div id=\"short_description_content\" class=\"rte align_justify\">\n<p>Diffusor nur an das Modell Elmot X5 anpassbar<\/p>\n<\/div>","protected":false},"featured_media":15781,"comment_status":"open","ping_status":"closed","template":"","meta":{"_acf_changed":false},"product_brand":[],"product_cat":[3975],"product_tag":[914],"class_list":{"0":"post-14721","1":"product","2":"type-product","3":"status-publish","4":"has-post-thumbnail","6":"product_cat-bellezza","7":"product_tag-diffusore-per-elmot-x5","8":"product_shipping_class-gamma-piu","9":"pa_vendors-gamma-piu-srl","11":"first","12":"instock","13":"taxable","14":"shipping-taxable","15":"purchasable","16":"product-type-simple","swatches":"rey-swatches","show_selected":""},"acf":[],"_links":{"self":[{"href":"https:\/\/tuttostore.com\/de\/wp-json\/wp\/v2\/product\/14721","targetHints":{"allow":["GET"]}}],"collection":[{"href":"https:\/\/tuttostore.com\/de\/wp-json\/wp\/v2\/product"}],"about":[{"href":"https:\/\/tuttostore.com\/de\/wp-json\/wp\/v2\/types\/product"}],"replies":[{"embeddable":true,"href":"https:\/\/tuttostore.com\/de\/wp-json\/wp\/v2\/comments?post=14721"}],"wp:featuredmedia":[{"embeddable":true,"href":"https:\/\/tuttostore.com\/de\/wp-json\/wp\/v2\/media\/15781"}],"wp:attachment":[{"href":"https:\/\/tuttostore.com\/de\/wp-json\/wp\/v2\/media?parent=14721"}],"wp:term":[{"taxonomy":"product_brand","embeddable":true,"href":"https:\/\/tuttostore.com\/de\/wp-json\/wp\/v2\/product_brand?post=14721"},{"taxonomy":"product_cat","embeddable":true,"href":"https:\/\/tuttostore.com\/de\/wp-json\/wp\/v2\/product_cat?post=14721"},{"taxonomy":"product_tag","embeddable":true,"href":"https:\/\/tuttostore.com\/de\/wp-json\/wp\/v2\/product_tag?post=14721"}],"curies":[{"name":"wp","href":"https:\/\/api.w.org\/{rel}","templated":true}]}}