{"id":14722,"date":"2018-11-30T16:21:29","date_gmt":"2018-11-30T15:21:29","guid":{"rendered":"https:\/\/tuttostore.com\/prodotto\/elmot-o3-compact-ossigeno-attivo\/"},"modified":"2025-05-22T12:31:24","modified_gmt":"2025-05-22T10:31:24","slug":"elmot-o3-compact-ossigeno-attivo","status":"publish","type":"product","link":"https:\/\/tuttostore.com\/de\/produkt\/elmot-o3-compact-ossigeno-attivo\/","title":{"rendered":"Elmot O3 Kompakt-Aktivsauerstoff"},"content":{"rendered":"<div>\n<h1>Elmot O3 Kompakt-Aktivsauerstoff<\/h1>\n<div>\n<section id=\"descriptionTab\" class=\"page-product-box tab-pane fade in active\">\n<div class=\"rte\">\n<section id=\"descriptionTab\" class=\"page-product-box tab-pane fade in active\">\n<div class=\"rte\">\n<section id=\"descriptionTab\" class=\"page-product-box tab-pane fade in active\">\n<div class=\"rte\">\n<p><strong>ELMOT O3 COMPACT AKTIVER SAUERSTOFF<\/strong><\/p>\n<p>EIGENSCHAFTEN:<\/p>\n<p>Haartrockner mit Aktivsauerstoff (O3) emittierender Lampe<br \/>\nRevolution\u00e4re Gesundheits-, Sch\u00f6nheits- und Wellnessbehandlung f\u00fcr das Haar beim Trocknen<\/p>\n<p>Verbessert die Farbe und sch\u00fctzt gleichzeitig den Haarschaft<\/p>\n<p>Pflegt das Haar und macht es gl\u00e4nzender und seidiger<\/p>\n<p>Antistatischer und Anti-Frizz-Effekt<\/p>\n<p>Wissenschaftlich nachgewiesene Vorteile<\/p>\n<p>&nbsp;<\/p>\n<p>Ergonomischer Griff, der eine perfekte Gewichtsbalance erm\u00f6glicht<\/p>\n<p>Patentierte Verbr\u00fchschutzd\u00fcse<br \/>\nTastenfeld mit Kaltluftsto\u00df<br \/>\n3 m langes, ultraflexibles Kabel.<\/p>\n<p>Langlebiger Motor in Profiqualit\u00e4t<br \/>\nBedienelemente vorne<\/p>\n<p>2 Geschwindigkeiten 4 Temperaturen<\/p>\n<p>Komplett mit professionellem Diffusor<\/p>\n<p>Technische Daten<br \/>\nW 1800 \u2013 2100<br \/>\nV ~ 220 \u2013 240<br \/>\nHz 50\/60<\/p>\n<p>Hergestellt in Italien<\/p>\n<p>2 Jahre Garantie<br \/>\nTechnische Kundendienstzentren, die auf der Verpackung und auf der Website www.gammapiu.it aufgef\u00fchrt sind<\/p>\n<\/div>\n<\/section>\n<\/div>\n<\/section>\n<\/div>\n<\/section>\n<\/div>\n<\/div>\n<div>\n<p><strong>Gamma Pi\u00f9. Einfach ein Hauch frischer Luft.<\/strong><\/p>\n<p>Auch nach drei\u00dfig Jahren Erfahrung als Branchenspezialist strahlen die Haartrockner von Gamma Pi\u00f9 noch immer einen Hauch von Innovation aus.<\/p>\n<p>St\u00e4ndige Forschung und technologische Innovation gew\u00e4hrleisten die Sicherheit von Gamma Pi\u00f9, einer f\u00fchrenden Marke im Bereich professioneller Haartrockner. Der Schl\u00fcssel zur Erreichung dieser hohen Qualit\u00e4t lag in der Konzentration von Produktdesign und Produktion im eigenen Haus. Sorgf\u00e4ltig ausgew\u00e4hlte Komponenten schaffen sichere Ger\u00e4te mit professioneller Leistung.<\/p>\n<p>Kunden sind uns wichtig, deshalb sind wir dank eines fl\u00e4chendeckenden Netzes an technischen Kundendienstzentren auch nach dem Verkauf unserer Produkte immer in Ihrer N\u00e4he. Unsere Produkte verk\u00f6rpern drei\u00dfig Jahre Erfahrung und Qualit\u00e4t in der Branche und pr\u00e4sentieren eine neue, exklusive Linie, die sich durch ihre <strong>Innovation, Qualit\u00e4t und Stil<\/strong>.<\/p>\n<\/div>\n<div>\n<div>Klicken <a href=\"https:\/\/tuttostore.com\/de\/vendor\/gamma-piu-srl\/\">Hier<\/a> um alle Gamma Pi\u00f9-Produkte zu entdecken<\/div>\n<div>Klicken <a href=\"https:\/\/gammapiu.it\/it\">Hier<\/a> um die Homepage von Gamma Pi\u00f9 zu besuchen<\/div>\n<\/div>","protected":false},"excerpt":{"rendered":"<div id=\"short_description_content\" class=\"rte align_justify\">\n<div id=\"short_description_content\" class=\"rte align_justify\">\n<p><strong>ELMOT O3 COMPACT AKTIVER SAUERSTOFF<\/strong><\/p>\n<p>Haartrockner mit Aktivsauerstoff (O3) emittierender Lampe<\/p>\n<\/div>\n<\/div>","protected":false},"featured_media":16020,"comment_status":"open","ping_status":"closed","template":"","meta":{"_acf_changed":false},"product_brand":[],"product_cat":[3975],"product_tag":[915],"class_list":{"0":"post-14722","1":"product","2":"type-product","3":"status-publish","4":"has-post-thumbnail","6":"product_cat-bellezza","7":"product_tag-elmot-o3-compact-ossigeno-attivo","8":"product_shipping_class-gamma-piu","9":"pa_vendors-gamma-piu-srl","11":"first","12":"instock","13":"taxable","14":"shipping-taxable","15":"purchasable","16":"product-type-simple","swatches":"rey-swatches","show_selected":""},"acf":[],"_links":{"self":[{"href":"https:\/\/tuttostore.com\/de\/wp-json\/wp\/v2\/product\/14722","targetHints":{"allow":["GET"]}}],"collection":[{"href":"https:\/\/tuttostore.com\/de\/wp-json\/wp\/v2\/product"}],"about":[{"href":"https:\/\/tuttostore.com\/de\/wp-json\/wp\/v2\/types\/product"}],"replies":[{"embeddable":true,"href":"https:\/\/tuttostore.com\/de\/wp-json\/wp\/v2\/comments?post=14722"}],"wp:featuredmedia":[{"embeddable":true,"href":"https:\/\/tuttostore.com\/de\/wp-json\/wp\/v2\/media\/16020"}],"wp:attachment":[{"href":"https:\/\/tuttostore.com\/de\/wp-json\/wp\/v2\/media?parent=14722"}],"wp:term":[{"taxonomy":"product_brand","embeddable":true,"href":"https:\/\/tuttostore.com\/de\/wp-json\/wp\/v2\/product_brand?post=14722"},{"taxonomy":"product_cat","embeddable":true,"href":"https:\/\/tuttostore.com\/de\/wp-json\/wp\/v2\/product_cat?post=14722"},{"taxonomy":"product_tag","embeddable":true,"href":"https:\/\/tuttostore.com\/de\/wp-json\/wp\/v2\/product_tag?post=14722"}],"curies":[{"name":"wp","href":"https:\/\/api.w.org\/{rel}","templated":true}]}}