{"id":14762,"date":"2018-12-07T16:46:19","date_gmt":"2018-12-07T15:46:19","guid":{"rendered":"https:\/\/tuttostore.com\/prodotto\/moretta-tiramisu\/"},"modified":"2025-07-11T10:12:45","modified_gmt":"2025-07-11T08:12:45","slug":"moretta-tiramisu","status":"publish","type":"product","link":"https:\/\/tuttostore.com\/de\/produkt\/moretta-tiramisu\/","title":{"rendered":"Moretta Tiramisu"},"content":{"rendered":"<h1>Moretta Tiramisu<\/h1>\n<p>Moretta Tiramisu<\/p>\n<div>\n<p>10 kakao\u00fcberzogene Snacks, gef\u00fcllt mit einer Creme mit Tiramisu-Geschmack.<\/p>\n<p>Paket bestehend aus: 10 30 Gramm Snacks<\/p>\n<p><strong><span style=\"color: red;\">NICHT F\u00dcR DEN VERKAUF AUSSERHALB DER EUROP\u00c4ISCHEN UNION<\/span><\/strong><\/p>\n<\/div>\n<div>\n<p>UNSER UNTERNEHMEN<\/p>\n<div>\n<div>Im Herzen von Castiglione delle Stiviere, die Geschichte der\u00a0<strong>Konditorei<\/strong>\u00a0Freddi beginnt im Jahr 1949.<br \/>\nDas von Luigi Freddi gegr\u00fcndete Unternehmen hat sich von einem lokalen Wahrzeichen zu einem erfolgreichen Industrieunternehmen entwickelt, das sowohl in Italien als auch im Ausland bekannt ist.<br \/>\nDie ikonische\u00a0<strong>Biskuit<\/strong>, ein Symbol der Tradition, wurde dank moderner Technologien neu erfunden.<br \/>\nUm die Anspr\u00fcche eines immer anspruchsvolleren Publikums zu erf\u00fcllen, legen wir seit jeher gro\u00dfen Wert auf die Verwendung hochwertiger Rohstoffe.<br \/>\nDieser Ansatz verbindet Innovation mit Exzellenz in\u00a0<strong>Tradition<\/strong>und schl\u00e4gt eine Br\u00fccke zwischen der Vergangenheit und der Zukunft der italienischen Konditorei.<br \/>\nFreddi f\u00fchrt das Erbe seiner Familienleidenschaft weiter und zeigt, dass es m\u00f6glich ist, sich weiterzuentwickeln und gleichzeitig seine Wurzeln zu bewahren.<\/div>\n<div>Was uns zu \u201eGro\u00dfartig in S\u00fc\u00dfe\u201c macht<\/div>\n<\/div>\n<p>Klicken <a href=\"https:\/\/tuttostore.com\/de\/vendor\/freddi-dolciaria-spa\/\">Hier<\/a> um alle Produkte von Freddi Dolciaria SpA zu entdecken<\/p>\n<div>Klicken <a href=\"https:\/\/www.freddi.it\/index\">Hier <\/a>um die Homepage von <span style=\"display: inline !important; float: none; background-color: transparent; color: #49616b; cursor: text; font-family: Georgia,'Times New Roman','Bitstream Charter',Times,serif; font-size: 16px; font-style: normal; font-variant: normal; font-weight: 400; letter-spacing: normal; orphans: 2; text-align: left; text-decoration: none; text-indent: 0px; text-transform: none; -webkit-text-stroke-width: 0px; white-space: normal; word-spacing: 0px;\"> Freddi S\u00fc\u00dfwaren SpA<\/span><\/div>\n<\/div>","protected":false},"excerpt":{"rendered":"<p><b><span style=\"font-family: Verdana; font-size: small;\">Mindestbestellmenge 4 Packungen zur Auswahl aus dem gesamten Freddi-Sortiment.<\/span><\/b><\/p>\n<p>Nettogewicht: 300 g<\/p>\n<p><strong><span style=\"color: red;\">NICHT F\u00dcR DEN VERKAUF AUSSERHALB DER EUROP\u00c4ISCHEN UNION<\/span><\/strong><\/p>","protected":false},"featured_media":19046,"comment_status":"open","ping_status":"closed","template":"","meta":{"_acf_changed":false},"product_brand":[],"product_cat":[3887],"product_tag":[973],"class_list":{"0":"post-14762","1":"product","2":"type-product","3":"status-publish","4":"has-post-thumbnail","6":"product_cat-alimentazione","7":"product_tag-moretta-latte-tiramisu","8":"product_shipping_class-freddi-dolciaria","9":"pa_vendors-freddi-dolciaria-spa","11":"first","12":"instock","13":"taxable","14":"shipping-taxable","15":"purchasable","16":"product-type-simple","swatches":"rey-swatches","show_selected":""},"acf":[],"_links":{"self":[{"href":"https:\/\/tuttostore.com\/de\/wp-json\/wp\/v2\/product\/14762","targetHints":{"allow":["GET"]}}],"collection":[{"href":"https:\/\/tuttostore.com\/de\/wp-json\/wp\/v2\/product"}],"about":[{"href":"https:\/\/tuttostore.com\/de\/wp-json\/wp\/v2\/types\/product"}],"replies":[{"embeddable":true,"href":"https:\/\/tuttostore.com\/de\/wp-json\/wp\/v2\/comments?post=14762"}],"wp:featuredmedia":[{"embeddable":true,"href":"https:\/\/tuttostore.com\/de\/wp-json\/wp\/v2\/media\/19046"}],"wp:attachment":[{"href":"https:\/\/tuttostore.com\/de\/wp-json\/wp\/v2\/media?parent=14762"}],"wp:term":[{"taxonomy":"product_brand","embeddable":true,"href":"https:\/\/tuttostore.com\/de\/wp-json\/wp\/v2\/product_brand?post=14762"},{"taxonomy":"product_cat","embeddable":true,"href":"https:\/\/tuttostore.com\/de\/wp-json\/wp\/v2\/product_cat?post=14762"},{"taxonomy":"product_tag","embeddable":true,"href":"https:\/\/tuttostore.com\/de\/wp-json\/wp\/v2\/product_tag?post=14762"}],"curies":[{"name":"wp","href":"https:\/\/api.w.org\/{rel}","templated":true}]}}