{"id":14771,"date":"2018-12-10T08:47:57","date_gmt":"2018-12-10T07:47:57","guid":{"rendered":"https:\/\/tuttostore.com\/prodotto\/sopravento-lugana-doc-bio\/"},"modified":"2026-03-31T11:31:34","modified_gmt":"2026-03-31T09:31:34","slug":"sopravento-lugana-doc-bio","status":"publish","type":"product","link":"https:\/\/tuttostore.com\/de\/produkt\/sopravento-lugana-doc-bio\/","title":{"rendered":"SOPRAVENTO (ehemals Il Lugana) \u2013 LUGANA DOC \u2013 BIOLOGISCH"},"content":{"rendered":"<h1>SOPRAVENTO (ehemals Il Lugana) \u2013 LUGANA DOC \u2013 BIOLOGISCH<\/h1>\n<p>SOPRAVENTO (ehemals Il Lugana) \u2013 LUGANA DOC \u2013 BIOLOGISCH<\/p>\n<div>\n<p>Aus unseren Turbiana-Weinbergen, die auf den Lehmb\u00f6den des S\u00fcdufers des Gardasees wachsen, stammt der Sopravento, ein eleganter, w\u00fcrziger und mineralischer Wei\u00dfwein, der sich durch seine dynamische Frische und klare, fleischige Frucht auszeichnet. In seiner Jugend duftet er, mit zunehmendem Alter gewinnt er an Tiefe.<\/p>\n<p><strong>Jahrgang:<\/strong> 2025<br \/>\n<strong>Inhalt:<\/strong> 750 ml<br \/>\n<strong>Dokument:<\/strong>\u00a0LUGANA DOC \u2013 BIO<\/p>\n<p><strong>Enth\u00e4lt Sulfate<\/strong><br \/>\n<strong>Hergestellt in Italien<\/strong><br \/>\n<strong><a href=\"https:\/\/label.tasto.io\/67584d9597f3cd00110f8a23\" target=\"_blank\" rel=\"noopener\">klicken Sie hier\u00a0<\/a>\u00a0 traditionelle Zutaten und Werte zu sehen<\/strong><\/p>\n<p>Gek\u00fchlt serviert, bei 10 \u00b0C, passt er hervorragend zu wei\u00dfem Fleisch, Fisch, Schalentieren und Meeresfr\u00fcchten.<\/p>\n<p><span style=\"color: #ff0000;\"><strong>MINDESTENS 3 FLASCHEN ODER EIN VIELFACHE DAVON zur Auswahl im PASINI Shop<\/strong><\/span><\/p>\n<p>&nbsp;<\/p>\n<\/div>\n<div>\n<p>UNSER UNTERNEHMEN<\/p>\n<p><span style=\"display: inline !important; float: none; background-color: transparent; color: #49616b; cursor: text; font-family: Georgia,'Times New Roman','Bitstream Charter',Times,serif; font-size: 16px; font-style: normal; font-variant: normal; font-weight: 400; letter-spacing: normal; orphans: 2; text-align: left; text-decoration: none; text-indent: 0px; text-transform: none; -webkit-text-stroke-width: 0px; white-space: normal; word-spacing: 0px;\">Pasini San Giovanni wurde 1958 von Andrea Pasini gegr\u00fcndet und ist bis heute ein Familienbetrieb. Heute wird das Weingut in dritter Generation von Winzern gef\u00fchrt. Dank seiner 36 Hektar eigenen Weinberge in den Regionen Valt\u00e8nesi und Lugana am Ufer des Gardasees in Brescia bringt es den unverwechselbaren Charakter der Gardaseeregion in jeder Flasche zum Ausdruck. Dank einer Photovoltaikanlage seit 2009 und einem Projekt zur Bewertung des CO2-Fu\u00dfabdrucks n\u00e4hern sich das Weingut und die gesamte Unternehmensleitung zunehmend dem Ziel vollst\u00e4ndiger Nachhaltigkeit.<\/span><br \/>\n<span style=\"display: inline !important; float: none; background-color: transparent; color: #49616b; cursor: text; font-family: Georgia,'Times New Roman','Bitstream Charter',Times,serif; font-size: 16px; font-style: normal; font-variant: normal; font-weight: 400; letter-spacing: normal; orphans: 2; text-align: left; text-decoration: none; text-indent: 0px; text-transform: none; -webkit-text-stroke-width: 0px; white-space: normal; word-spacing: 0px;\">Das Unternehmen hat heute zwei Namen, einer davon ist offensichtlich mit der Familie Pasini verbunden, die das Unternehmen gegr\u00fcndet hat und seit jeher leitet, der andere mit dem lokalen Ortsnamen, in dem sich Cascina San Giovanni befindet, das als San Giovanni-Gebiet bezeichnet wird und mit der Kirche San Giovanni in Palude, einem Weiler von Puegnago unweit von Raffa, verbunden ist.<\/span><\/p>\n<p>&nbsp;<\/p>\n<div>\n<div>\n<p>Klicken <a href=\"https:\/\/tuttostore.com\/de\/vendor\/pasini-san-giovanni\/\">Hier<\/a> um alle Produkte von Pasini San Giovanni zu entdecken<\/p>\n<\/div>\n<\/div>\n<div>Klicken <a href=\"http:\/\/www.pasinisangiovanni.it\/\">Hier<\/a> um die Homepage von <span style=\"display: inline !important; float: none; background-color: transparent; color: #49616b; cursor: text; font-family: Georgia,'Times New Roman','Bitstream Charter',Times,serif; font-size: 16px; font-style: normal; font-variant: normal; font-weight: 400; letter-spacing: normal; orphans: 2; text-align: left; text-decoration: none; text-indent: 0px; text-transform: none; -webkit-text-stroke-width: 0px; white-space: normal; word-spacing: 0px;\">Pasini San Giovanni<\/span><\/div>\n<\/div>","protected":false},"excerpt":{"rendered":"<p><span style=\"color: #ff0000;\"><strong>Der Verkauf an Minderj\u00e4hrige unter 18 Jahren ist verboten.<\/strong><\/span><\/p>\n<p>Der angegebene Preis gilt f\u00fcr eine einzelne Flasche.<\/p>\n<p><span style=\"color: #ff0000;\"><strong>MINDESTENS 3 FLASCHEN ODER EIN VIELFACHE DAVON zur Auswahl im PASINI Shop<\/strong><\/span><\/p>","protected":false},"featured_media":16292,"comment_status":"open","ping_status":"closed","template":"","meta":{"_acf_changed":false},"product_brand":[],"product_cat":[3887,3954],"product_tag":[986,3754,3755,3756],"class_list":{"0":"post-14771","1":"product","2":"type-product","3":"status-publish","4":"has-post-thumbnail","6":"product_cat-alimentazione","7":"product_cat-bevande","8":"product_tag-il-lugana-lugana-doc-bio","9":"product_tag-illugana","10":"product_tag-luganadoc","11":"product_tag-sopravento","12":"product_shipping_class-pasini","13":"pa_vendors-pasini-san-giovanni","15":"first","16":"instock","17":"taxable","18":"shipping-taxable","19":"purchasable","20":"product-type-simple","swatches":"rey-swatches","show_selected":""},"acf":[],"_links":{"self":[{"href":"https:\/\/tuttostore.com\/de\/wp-json\/wp\/v2\/product\/14771","targetHints":{"allow":["GET"]}}],"collection":[{"href":"https:\/\/tuttostore.com\/de\/wp-json\/wp\/v2\/product"}],"about":[{"href":"https:\/\/tuttostore.com\/de\/wp-json\/wp\/v2\/types\/product"}],"replies":[{"embeddable":true,"href":"https:\/\/tuttostore.com\/de\/wp-json\/wp\/v2\/comments?post=14771"}],"wp:featuredmedia":[{"embeddable":true,"href":"https:\/\/tuttostore.com\/de\/wp-json\/wp\/v2\/media\/16292"}],"wp:attachment":[{"href":"https:\/\/tuttostore.com\/de\/wp-json\/wp\/v2\/media?parent=14771"}],"wp:term":[{"taxonomy":"product_brand","embeddable":true,"href":"https:\/\/tuttostore.com\/de\/wp-json\/wp\/v2\/product_brand?post=14771"},{"taxonomy":"product_cat","embeddable":true,"href":"https:\/\/tuttostore.com\/de\/wp-json\/wp\/v2\/product_cat?post=14771"},{"taxonomy":"product_tag","embeddable":true,"href":"https:\/\/tuttostore.com\/de\/wp-json\/wp\/v2\/product_tag?post=14771"}],"curies":[{"name":"wp","href":"https:\/\/api.w.org\/{rel}","templated":true}]}}