{"id":14778,"date":"2018-12-10T09:39:51","date_gmt":"2018-12-10T08:39:51","guid":{"rendered":"https:\/\/tuttostore.com\/prodotto\/ottantuno-spumante-metodo-classico-lugana-doc\/"},"modified":"2026-03-03T12:21:06","modified_gmt":"2026-03-03T11:21:06","slug":"ottantuno-spumante-metodo-classico-lugana-doc","status":"publish","type":"product","link":"https:\/\/tuttostore.com\/de\/produkt\/ottantuno-spumante-metodo-classico-lugana-doc\/","title":{"rendered":"OTTANTUNO \u2013 LUGANA DOC SCHAUMWEIN NACH DER KLASSISCHEN METHODE \u2013 BIO"},"content":{"rendered":"<h1>OTTANTUNO \u2013 LUGANA DOC SCHAUMWEIN NACH DER KLASSISCHEN METHODE<\/h1>\n<p>EIGHTY ONE \u2013 (ehemals Lugana Brut) \u2013 LUGANA DOC SCHAUMWEIN NACH DER KLASSISCHEN METHODE<\/p>\n<p>Schaumwein nach klassischer Methode aus Turbiana-Trauben aus unseren Weinbergen in San Benedetto di Lugana. Er g\u00e4rt mindestens 18 Monate in der Flasche. Sanft spritzig, mit erfrischender S\u00e4ure, die eine gute Struktur und pralle Frucht unterst\u00fctzt.<\/p>\n<p><strong>Jahrgang:<\/strong>\u00a0wei\u00df<br \/>\n<strong>Inhalt:<\/strong>\u00a0750 ml<br \/>\n<strong>Dokument:<\/strong>\u00a0LUGANA DOC SCHAUMWEIN NACH DER KLASSISCHEN METHODE<\/p>\n<div>\n<p><span style=\"color: #ff0000;\"><strong>MINDESTENS 3 FLASCHEN ODER EIN VIELFACHE DAVON zur Auswahl im PASINI Shop<\/strong><\/span><\/p>\n<\/div>\n<div>\n<p>UNSER UNTERNEHMEN<\/p>\n<p><span style=\"display: inline !important; float: none; background-color: transparent; color: #49616b; cursor: text; font-family: Georgia,'Times New Roman','Bitstream Charter',Times,serif; font-size: 16px; font-style: normal; font-variant: normal; font-weight: 400; letter-spacing: normal; orphans: 2; text-align: left; text-decoration: none; text-indent: 0px; text-transform: none; -webkit-text-stroke-width: 0px; white-space: normal; word-spacing: 0px;\">Pasini San Giovanni wurde 1958 von Andrea Pasini gegr\u00fcndet und ist bis heute ein Familienbetrieb. Heute wird das Weingut in dritter Generation von Winzern gef\u00fchrt. Dank seiner 36 Hektar eigenen Weinberge in den Regionen Valt\u00e8nesi und Lugana am Ufer des Gardasees in Brescia bringt es den unverwechselbaren Charakter der Gardaseeregion in jeder Flasche zum Ausdruck. Dank einer Photovoltaikanlage seit 2009 und einem Projekt zur Bewertung des CO2-Fu\u00dfabdrucks n\u00e4hern sich das Weingut und die gesamte Unternehmensleitung zunehmend dem Ziel vollst\u00e4ndiger Nachhaltigkeit.<\/span><br \/>\n<span style=\"display: inline !important; float: none; background-color: transparent; color: #49616b; cursor: text; font-family: Georgia,'Times New Roman','Bitstream Charter',Times,serif; font-size: 16px; font-style: normal; font-variant: normal; font-weight: 400; letter-spacing: normal; orphans: 2; text-align: left; text-decoration: none; text-indent: 0px; text-transform: none; -webkit-text-stroke-width: 0px; white-space: normal; word-spacing: 0px;\">Das Unternehmen hat heute zwei Namen, einer davon ist offensichtlich mit der Familie Pasini verbunden, die das Unternehmen gegr\u00fcndet hat und seit jeher leitet, der andere mit dem lokalen Ortsnamen, in dem sich Cascina San Giovanni befindet, das als San Giovanni-Gebiet bezeichnet wird und mit der Kirche San Giovanni in Palude, einem Weiler von Puegnago unweit von Raffa, verbunden ist.<\/span><\/p>\n<p>&nbsp;<\/p>\n<div>\n<div>\n<p>Klicken <a href=\"https:\/\/tuttostore.com\/de\/vendor\/pasini-san-giovanni\/\">Hier<\/a> um alle Produkte von Pasini San Giovanni zu entdecken<\/p>\n<\/div>\n<\/div>\n<div>Klicken <a href=\"http:\/\/www.pasinisangiovanni.it\/\">Hier<\/a> um die Homepage von <span style=\"display: inline !important; float: none; background-color: transparent; color: #49616b; cursor: text; font-family: Georgia,'Times New Roman','Bitstream Charter',Times,serif; font-size: 16px; font-style: normal; font-variant: normal; font-weight: 400; letter-spacing: normal; orphans: 2; text-align: left; text-decoration: none; text-indent: 0px; text-transform: none; -webkit-text-stroke-width: 0px; white-space: normal; word-spacing: 0px;\">Pasini San Giovanni<\/span><\/div>\n<\/div>","protected":false},"excerpt":{"rendered":"<p><span style=\"color: #ff0000;\"><strong>Der Verkauf an Minderj\u00e4hrige unter 18 Jahren ist verboten.<\/strong><\/span><\/p>\n<p>0,75-Liter-Flasche. Der angegebene Preis gilt f\u00fcr eine einzelne Flasche.<\/p>\n<p><span style=\"color: #ff0000;\"><strong>MINDESTENS 6 FLASCHEN ODER EIN VIELFACHE DAVON zur Auswahl im PASINI Shop<\/strong><\/span><\/p>","protected":false},"featured_media":16160,"comment_status":"open","ping_status":"closed","template":"","meta":{"_acf_changed":false},"product_brand":[],"product_cat":[3887,3954],"product_tag":[994],"class_list":{"0":"post-14778","1":"product","2":"type-product","3":"status-publish","4":"has-post-thumbnail","6":"product_cat-alimentazione","7":"product_cat-bevande","8":"product_tag-lugana-brut-spumante-metodo-classico-lugana-doc","9":"product_shipping_class-pasini","10":"pa_vendors-pasini-san-giovanni","12":"first","13":"instock","14":"taxable","15":"shipping-taxable","16":"purchasable","17":"product-type-simple","swatches":"rey-swatches","show_selected":""},"acf":[],"_links":{"self":[{"href":"https:\/\/tuttostore.com\/de\/wp-json\/wp\/v2\/product\/14778","targetHints":{"allow":["GET"]}}],"collection":[{"href":"https:\/\/tuttostore.com\/de\/wp-json\/wp\/v2\/product"}],"about":[{"href":"https:\/\/tuttostore.com\/de\/wp-json\/wp\/v2\/types\/product"}],"replies":[{"embeddable":true,"href":"https:\/\/tuttostore.com\/de\/wp-json\/wp\/v2\/comments?post=14778"}],"wp:featuredmedia":[{"embeddable":true,"href":"https:\/\/tuttostore.com\/de\/wp-json\/wp\/v2\/media\/16160"}],"wp:attachment":[{"href":"https:\/\/tuttostore.com\/de\/wp-json\/wp\/v2\/media?parent=14778"}],"wp:term":[{"taxonomy":"product_brand","embeddable":true,"href":"https:\/\/tuttostore.com\/de\/wp-json\/wp\/v2\/product_brand?post=14778"},{"taxonomy":"product_cat","embeddable":true,"href":"https:\/\/tuttostore.com\/de\/wp-json\/wp\/v2\/product_cat?post=14778"},{"taxonomy":"product_tag","embeddable":true,"href":"https:\/\/tuttostore.com\/de\/wp-json\/wp\/v2\/product_tag?post=14778"}],"curies":[{"name":"wp","href":"https:\/\/api.w.org\/{rel}","templated":true}]}}