{"id":14784,"date":"2018-12-10T10:13:36","date_gmt":"2018-12-10T09:13:36","guid":{"rendered":"https:\/\/tuttostore.com\/prodotto\/san-gioan-i-carati-valtenesi-doc\/"},"modified":"2026-03-03T12:19:59","modified_gmt":"2026-03-03T11:19:59","slug":"san-gioan-i-carati-valtenesi-doc","status":"publish","type":"product","link":"https:\/\/tuttostore.com\/de\/produkt\/san-gioan-i-carati-valtenesi-doc\/","title":{"rendered":"SAN GIOAN I CARATI 2018 &#8211; VALT\u00c8NESI RISERVA DOC"},"content":{"rendered":"<h1>SAN GIOAN I CARATI 2018 &#8211; VALT\u00c8NESI DOC<\/h1>\n<p>SAN GIOAN I CARATI \u2013 VALT\u00c8NESI DOC<\/p>\n<div>\n<p>Ein dichter, tiefer und intensiver Rotwein aus Cab Sauvignon-Trauben aus Picedo und Groppello-Trauben aus San Giovanni, Raffa. Die sorgf\u00e4ltige Auswahl der Trauben w\u00e4hrend der Wachstums- und Vorlesephase ergibt einen Wein in limitierter Auflage, der 12 Monate in kleinen Eichenf\u00e4ssern (Carati genannt) reift und anschlie\u00dfend in gro\u00dfen elliptischen Holzf\u00e4ssern verfeinert wird.<\/p>\n<p>Die Menschen \u00e4ndern sich, und manchmal \u00e4ndern sich auch die Bezeichnungen und mit ihnen sogar die \u201egeheimen\u201c Kombinationen, die den intimen Charakter eines Weins ausmachen. Doch der Geist eines gro\u00dfartigen Weins geht nie verloren.<\/p>\n<p>San Gioan I Carati, der tiefgr\u00fcndigste und weichste Rotwein von Pasini San Giovanni, verk\u00f6rpert seit seinem Deb\u00fct im Jahr 1981 den Geist der \u201eRiserva\u201c.<\/p>\n<p>Schlie\u00dflich verdient die Ausgabe 2014 die Bezeichnung Riserva auf dem Etikett, das Ergebnis einer \u00e4u\u00dferst strengen Auswahl der \u00e4ltesten Rebst\u00f6cke von Groppello Gentile, Marzemino und Cabernet Sauvignon, die in den Gemeinden Puegnago und Polpenazze angebaut werden.<\/p>\n<p>Die Flaschen des Jahrgangs 2016 sind zahlenm\u00e4\u00dfig d\u00fcnner und weisen eine h\u00f6here Ausdrucksst\u00e4rke auf.<\/p>\n<p><a href=\"https:\/\/tuttostore.com\/de\/produkt\/san-gioan-i-carati-valtenesi-doc-annata-2014-confezione-da-6\/\">KAUFEN SIE DAS EXKLUSIVE 6-FLASCHEN-PACK!<\/a><\/p>\n<p><strong>Jahrgang:<\/strong> 2018<br \/>\n<strong>Inhalt:<\/strong> 750 ml<br \/>\n<strong>Dokument:<\/strong>\u00a0VALT\u00c8NESI DOC<\/p>\n<p>Es ist lange haltbar und sollte bei 18-20\u00b0C serviert werden.<\/p>\n<p><span style=\"color: #ff0000;\"><strong>MINDESTENS 6 FLASCHEN ODER EIN VIELFACHE DAVON zur Auswahl im PASINI Shop<\/strong><\/span><\/p>\n<\/div>\n<div>\n<p>UNSER UNTERNEHMEN<\/p>\n<p><span style=\"display: inline !important; float: none; background-color: transparent; color: #49616b; cursor: text; font-family: Georgia,'Times New Roman','Bitstream Charter',Times,serif; font-size: 16px; font-style: normal; font-variant: normal; font-weight: 400; letter-spacing: normal; orphans: 2; text-align: left; text-decoration: none; text-indent: 0px; text-transform: none; -webkit-text-stroke-width: 0px; white-space: normal; word-spacing: 0px;\">Pasini San Giovanni wurde 1958 von Andrea Pasini gegr\u00fcndet und ist bis heute ein Familienbetrieb. Heute wird das Weingut in dritter Generation von Winzern gef\u00fchrt. Dank seiner 36 Hektar eigenen Weinberge in den Regionen Valt\u00e8nesi und Lugana am Ufer des Gardasees in Brescia bringt es den unverwechselbaren Charakter der Gardaseeregion in jeder Flasche zum Ausdruck. Dank einer Photovoltaikanlage seit 2009 und einem Projekt zur Bewertung des CO2-Fu\u00dfabdrucks n\u00e4hern sich das Weingut und die gesamte Unternehmensleitung zunehmend dem Ziel vollst\u00e4ndiger Nachhaltigkeit.<\/span><br \/>\n<span style=\"display: inline !important; float: none; background-color: transparent; color: #49616b; cursor: text; font-family: Georgia,'Times New Roman','Bitstream Charter',Times,serif; font-size: 16px; font-style: normal; font-variant: normal; font-weight: 400; letter-spacing: normal; orphans: 2; text-align: left; text-decoration: none; text-indent: 0px; text-transform: none; -webkit-text-stroke-width: 0px; white-space: normal; word-spacing: 0px;\">Das Unternehmen hat heute zwei Namen, einer davon ist offensichtlich mit der Familie Pasini verbunden, die das Unternehmen gegr\u00fcndet hat und seit jeher leitet, der andere mit dem lokalen Ortsnamen, in dem sich Cascina San Giovanni befindet, das als San Giovanni-Gebiet bezeichnet wird und mit der Kirche San Giovanni in Palude, einem Weiler von Puegnago unweit von Raffa, verbunden ist.<\/span><\/p>\n<p>&nbsp;<\/p>\n<div>\n<div>\n<p>Klicken <a href=\"https:\/\/tuttostore.com\/de\/vendor\/pasini-san-giovanni\/\">Hier<\/a> um alle Produkte von Pasini San Giovanni zu entdecken<\/p>\n<\/div>\n<\/div>\n<div>Klicken <a href=\"http:\/\/www.pasinisangiovanni.it\/\">Hier<\/a> um die Homepage von <span style=\"display: inline !important; float: none; background-color: transparent; color: #49616b; cursor: text; font-family: Georgia,'Times New Roman','Bitstream Charter',Times,serif; font-size: 16px; font-style: normal; font-variant: normal; font-weight: 400; letter-spacing: normal; orphans: 2; text-align: left; text-decoration: none; text-indent: 0px; text-transform: none; -webkit-text-stroke-width: 0px; white-space: normal; word-spacing: 0px;\">Pasini San Giovanni<\/span><\/div>\n<\/div>","protected":false},"excerpt":{"rendered":"<p><span style=\"color: #ff0000;\"><strong>Der Verkauf an Minderj\u00e4hrige unter 18 Jahren ist verboten.<\/strong><\/span><\/p>\n<p>Der angegebene Preis gilt f\u00fcr eine einzelne Flasche.<\/p>\n<p><span style=\"color: #ff0000;\"><strong>MINDESTENS 6 FLASCHEN ODER EIN VIELFACHE DAVON zur Auswahl im PASINI Shop<\/strong><\/span><\/p>","protected":false},"featured_media":16332,"comment_status":"open","ping_status":"closed","template":"","meta":{"_acf_changed":false},"product_brand":[],"product_cat":[3887,3954],"product_tag":[1004],"class_list":{"0":"post-14784","1":"product","2":"type-product","3":"status-publish","4":"has-post-thumbnail","6":"product_cat-alimentazione","7":"product_cat-bevande","8":"product_tag-san-gioan-i-carati-valtenesi-doc","9":"product_shipping_class-pasini","10":"pa_vendors-pasini-san-giovanni","12":"first","13":"instock","14":"taxable","15":"shipping-taxable","16":"purchasable","17":"product-type-simple","swatches":"rey-swatches","show_selected":""},"acf":[],"_links":{"self":[{"href":"https:\/\/tuttostore.com\/de\/wp-json\/wp\/v2\/product\/14784","targetHints":{"allow":["GET"]}}],"collection":[{"href":"https:\/\/tuttostore.com\/de\/wp-json\/wp\/v2\/product"}],"about":[{"href":"https:\/\/tuttostore.com\/de\/wp-json\/wp\/v2\/types\/product"}],"replies":[{"embeddable":true,"href":"https:\/\/tuttostore.com\/de\/wp-json\/wp\/v2\/comments?post=14784"}],"wp:featuredmedia":[{"embeddable":true,"href":"https:\/\/tuttostore.com\/de\/wp-json\/wp\/v2\/media\/16332"}],"wp:attachment":[{"href":"https:\/\/tuttostore.com\/de\/wp-json\/wp\/v2\/media?parent=14784"}],"wp:term":[{"taxonomy":"product_brand","embeddable":true,"href":"https:\/\/tuttostore.com\/de\/wp-json\/wp\/v2\/product_brand?post=14784"},{"taxonomy":"product_cat","embeddable":true,"href":"https:\/\/tuttostore.com\/de\/wp-json\/wp\/v2\/product_cat?post=14784"},{"taxonomy":"product_tag","embeddable":true,"href":"https:\/\/tuttostore.com\/de\/wp-json\/wp\/v2\/product_tag?post=14784"}],"curies":[{"name":"wp","href":"https:\/\/api.w.org\/{rel}","templated":true}]}}